{"id":856,"date":"2018-03-21T03:10:04","date_gmt":"2018-03-21T02:10:04","guid":{"rendered":"http:\/\/rakosliget.hu\/wordpress\/?page_id=856"},"modified":"2026-02-07T20:32:03","modified_gmt":"2026-02-07T19:32:03","slug":"czobor-karoly","status":"publish","type":"page","link":"https:\/\/rakosliget.hu\/wordpress\/index.php\/czobor-karoly\/","title":{"rendered":"Czobor K\u00e1roly"},"content":{"rendered":"\n<div class=\"wp-block-buttons is-content-justification-center is-layout-flex wp-container-core-buttons-is-layout-16018d1d wp-block-buttons-is-layout-flex\">\n<div class=\"wp-block-button\"><a class=\"wp-block-button__link wp-element-button\" href=\"https:\/\/rakosliget.hu\/wordpress\/index.php\/muveszet\/\">VISSZA A M\u0170V\u00c9SZET LAPRA<\/a><\/div>\n<\/div>\n\n\n<\/p>\n<p><center><\/p>\n<h1 align=\"left\">Czobor K\u00e1roly (Pozsony, 1876. \u00e1prilis 9. &#8211; Budapest (R\u00e1kosliget), 1957. szeptember 14.)<\/h1>\n<h2 align=\"left\">Zeneszerz\u0151<\/h2>\n<p align=\"justify\">Zongor\u00e1zni \u00e9s orgon\u00e1lni tanult a Zeneakad\u00e9mi\u00e1n illetve zeneszerz\u00e9st Koesslern\u00e9l. Dalj\u00e1t\u00e9kai, operettjei n\u00e9pszer\u0171ek voltak. R\u00e1kosligeten lakott a 1920-as \u00e9vek v\u00e9g\u00e9ig, ahol zeneiskol\u00e1t m\u0171k\u00f6dtetett. M\u0171vei k\u00f6z\u00fcl eml\u00edt\u00e9st \u00e9rdemelnek:<\/p>\n<p align=\"justify\">Rab M\u00e1ty\u00e1s (1906),<br \/>Sz\u00e9p asszony kocsisa (1923),<\/p>\n<p align=\"justify\">1911-ben a R\u00e1kosvid\u00e9ki H\u00edrlapban hirdette zenetan\u00edt\u00e1si programj\u00e1t R\u00e1kosligeten. Iskol\u00e1ja a Szent Imre \u00faton (ma Liget sor) m\u0171k\u00f6d\u00f6tt.<\/p>\n<p align=\"left\">Forr\u00e1s: Dr. Domb\u00f3v\u00e1ri Antal &#8211; Dallos Zsuzsanna: T\u00f6rt\u00e9nelmi arck\u00e9pcsarnok. portr\u00e9k a XVII. ker\u00fclet t\u00f6rt\u00e9net\u00e9b\u0151l. IV. k\u00f6tet. 1997. 5. oldal<\/p>\n<hr \/>\n<p style=\"text-align: left;\">VAS\u00daT \u00c9S HAJ\u00d3Z\u00c1SI HETILAP 1929. j\u00falius 31. 7. oldal<\/p>\n<p style=\"text-align: left;\"><strong>Klubunk zeneiskol\u00e1ja.<\/strong> \u00c9rtes\u00edtj\u00fck tagt\u00e1rsainkat, hogy a h\u00e1bor\u00fa el\u0151tti \u00e9vekben fenntartott zeneiskol\u00e1nkat \u00fajb\u00f3l fel\u00e1ll\u00edtjuk. A mai kedvez\u0151tlen gazdas\u00e1gi viszonyok mellett legt\u00f6bb tagunk nem b\u00edrja a nyilv\u00e1nos \u00e9s mag\u00e1nzeneiskol\u00e1k magas tand\u00edj\u00e1t megfizetni, az\u00e9rt klubunk alkalmat akar adni tagjainak, hogy gyermekeik legminim\u00e1lisabb tand\u00edj\u00e9rt gondos zenei oktat\u00e1sban r\u00e9szes\u00fcljenek. M\u0171v\u00e9szi int\u00e9z\u0151 bizotts\u00e1gunk foly\u00f3 \u00e9vi j\u00falius 12-\u00e9n tartott \u00fcl\u00e9s\u00e9n let\u00e1rgyalta a zeneiskola szervezet\u00e9t. Ezek szerint a zeneiskola Czobor K\u00e1roly \u00e1llamilag k\u00e9pes\u00edtett okl. zenetan\u00e1r, zeneszerz\u0151, ny. m\u00e1v. titk\u00e1r igazgat\u00e1sa alatt foly\u00f3 \u00e9vi szeptember elej\u00e9n ny\u00edlik meg. A tanterv azonos lesz a magy. kir. zenei f\u0151iskola tanterv\u00e9vel. F\u0151tanszakok: zongora, heged\u0171, gordonka, mag\u00e1n\u00e9nek \u00e9s zeneszerz\u00e9s. \u2014 Mell\u00e9ktanszakok: zeneelm\u00e9let, zenet\u00f6rt\u00e9net, br\u00e1csa, kamarazene \u00e9s kar\u00e9nek. \u2014 Tand\u00edj: klubtagok \u00e9s csal\u00e1dtagjainak \u00e9vi 100 peng\u0151. Vasutasok, de nem klubtagoknak \u00e9vi 120 peng\u0151. Klubtagok \u00e1ltal aj\u00e1nlott nem vasutasoknak \u00e9vi 150 peng\u0151. \u2014 Beirat\u00e1si dij: klubtagoknak 2 peng\u0151, idegeneknek 5 peng\u0151.\u2014 Beiratkoz\u00e1s: a klub h\u00e1znagyi hivatal\u00e1ban 1929. szeptember 2\u20147-ig naponta 4\u20146 \u00f3ra k\u00f6z\u00f6tt, hol el\u0151jegyz\u00e9seket m\u00e1r most is elfogadunk. A tand\u00edj az egyenl\u0151 havi r\u00e9szletben fizethet\u0151. \u2014 M\u0171v\u00e9szi int\u00e9z\u0151 bizotts\u00e1gunk szerencs\u00e9sen v\u00e1lasztotta meg a zeneiskola igazgat\u00f3j\u00e1t, Czobor K\u00e1roly m\u00e1r k\u00f6zel 20 \u00e9ve m\u0171k\u00f6dik mint zenepedag\u00f3gus. Budapesten \u00e9s R\u00e1kosligeten zeneiskol\u00e1kat tart fenn, melyekb\u0151l m\u00e1r sok neves muzsikus ker\u00fclt ki. Czobor mint zeneszerz\u0151 is j\u00f3 h\u00edrn\u00e9vnek \u00f6rvend. M\u0171vei k\u00f6z\u00fcl a Hajd\u00fak hadnagya \u00e9s a Sz\u00e9passzony kocsisa c\u00edm\u0171 dalj\u00e1t\u00e9kok nagy sikerrel ker\u00fcltek el\u0151ad\u00e1sra. A tantest\u00fclet \u00e1llamilag k\u00e9pes\u00edtett zenetan\u00e1rokb\u00f3l fog \u00e1llani. Az iskola m\u0171k\u00f6d\u00e9s\u00e9t m\u0171v\u00e9szi bizotts\u00e1gunk \u00e1lland\u00f3an figyelemmel fogja k\u00eds\u00e9rni \u00e9s a sz\u00fcl\u0151k jogos k\u00edv\u00e1ns\u00e1gait a lehet\u0151s\u00e9g szerint mindenkor tekintetbe veszi.<\/p>\n<\/p>\n<p><\/center><\/p>\n\n<div class=\"wp-block-image\">\n<figure class=\"aligncenter size-large\"><a href=\"http:\/\/rakosliget.hu\/wordpress\/wp-content\/uploads\/2020\/11\/1916-junius-27-Czobor-zeneiskola-vizsga.jpg\"><img loading=\"lazy\" decoding=\"async\" width=\"584\" height=\"132\" src=\"http:\/\/rakosliget.hu\/wordpress\/wp-content\/uploads\/2020\/11\/1916-junius-27-Czobor-zeneiskola-vizsga.jpg\" alt=\"\" class=\"wp-image-6007\" srcset=\"https:\/\/rakosliget.hu\/wordpress\/wp-content\/uploads\/2020\/11\/1916-junius-27-Czobor-zeneiskola-vizsga.jpg 584w, https:\/\/rakosliget.hu\/wordpress\/wp-content\/uploads\/2020\/11\/1916-junius-27-Czobor-zeneiskola-vizsga-300x68.jpg 300w\" sizes=\"auto, (max-width: 584px) 100vw, 584px\" \/><\/a><figcaption class=\"wp-element-caption\">1916. j\u00fanius 27. Az Ujs\u00e1g<\/figcaption><\/figure>\n<\/div>\n\n<div class=\"wp-block-image\">\n<figure class=\"aligncenter size-large\"><a href=\"http:\/\/rakosliget.hu\/wordpress\/wp-content\/uploads\/2020\/11\/1922-julius-2-vizsgahangverseny-Czobor-zeneiskola.jpg\"><img loading=\"lazy\" decoding=\"async\" width=\"599\" height=\"395\" src=\"http:\/\/rakosliget.hu\/wordpress\/wp-content\/uploads\/2020\/11\/1922-julius-2-vizsgahangverseny-Czobor-zeneiskola.jpg\" alt=\"\" class=\"wp-image-6080\" srcset=\"https:\/\/rakosliget.hu\/wordpress\/wp-content\/uploads\/2020\/11\/1922-julius-2-vizsgahangverseny-Czobor-zeneiskola.jpg 599w, https:\/\/rakosliget.hu\/wordpress\/wp-content\/uploads\/2020\/11\/1922-julius-2-vizsgahangverseny-Czobor-zeneiskola-300x198.jpg 300w\" sizes=\"auto, (max-width: 599px) 100vw, 599px\" \/><\/a><figcaption class=\"wp-element-caption\">Vizsgahangverseny. 1922. j\u00falius 2.Az Ujs\u00e1g<\/figcaption><\/figure>\n<\/div>\n\n<div class=\"wp-block-image\">\n<figure class=\"aligncenter size-full\"><img loading=\"lazy\" decoding=\"async\" width=\"1663\" height=\"2367\" src=\"https:\/\/rakosliget.hu\/wordpress\/wp-content\/uploads\/2026\/02\/74.jpg\" alt=\"\" class=\"wp-image-22987\" srcset=\"https:\/\/rakosliget.hu\/wordpress\/wp-content\/uploads\/2026\/02\/74.jpg 1663w, https:\/\/rakosliget.hu\/wordpress\/wp-content\/uploads\/2026\/02\/74-211x300.jpg 211w, https:\/\/rakosliget.hu\/wordpress\/wp-content\/uploads\/2026\/02\/74-768x1093.jpg 768w, https:\/\/rakosliget.hu\/wordpress\/wp-content\/uploads\/2026\/02\/74-1079x1536.jpg 1079w, https:\/\/rakosliget.hu\/wordpress\/wp-content\/uploads\/2026\/02\/74-1439x2048.jpg 1439w\" sizes=\"auto, (max-width: 1663px) 100vw, 1663px\" \/><\/figure>\n<\/div>\n\n\n<div class=\"wp-block-buttons is-content-justification-center is-layout-flex wp-container-core-buttons-is-layout-16018d1d wp-block-buttons-is-layout-flex\">\n<div class=\"wp-block-button\"><a class=\"wp-block-button__link wp-element-button\" href=\"https:\/\/rakosliget.hu\/wordpress\/index.php\/muveszet\/\">VISSZA A M\u0170V\u00c9SZET LAPRA<\/a><\/div>\n<\/div>\n","protected":false},"excerpt":{"rendered":"<p>Czobor K\u00e1roly (Pozsony, 1876. \u00e1prilis 9. &#8211; Budapest (R\u00e1kosliget), 1957. szeptember 14.) Zeneszerz\u0151 Zongor\u00e1zni \u00e9s orgon\u00e1lni tanult a Zeneakad\u00e9mi\u00e1n illetve zeneszerz\u00e9st Koesslern\u00e9l. Dalj\u00e1t\u00e9kai, operettjei n\u00e9pszer\u0171ek voltak. R\u00e1kosligeten lakott a 1920-as \u00e9vek v\u00e9g\u00e9ig, ahol zeneiskol\u00e1t m\u0171k\u00f6dtetett. M\u0171vei k\u00f6z\u00fcl eml\u00edt\u00e9st \u00e9rdemelnek: Rab M\u00e1ty\u00e1s (1906),Sz\u00e9p asszony kocsisa (1923), 1911-ben a R\u00e1kosvid\u00e9ki H\u00edrlapban hirdette zenetan\u00edt\u00e1si programj\u00e1t R\u00e1kosligeten. Iskol\u00e1ja a &hellip; <a href=\"https:\/\/rakosliget.hu\/wordpress\/index.php\/czobor-karoly\/\" class=\"more-link\"><span class=\"screen-reader-text\">Czobor K\u00e1roly<\/span> r\u00e9szletei&#8230;<\/a><\/p>\n","protected":false},"author":1,"featured_media":0,"parent":0,"menu_order":0,"comment_status":"closed","ping_status":"closed","template":"","meta":{"footnotes":""},"class_list":["post-856","page","type-page","status-publish","hentry"],"_links":{"self":[{"href":"https:\/\/rakosliget.hu\/wordpress\/index.php\/wp-json\/wp\/v2\/pages\/856","targetHints":{"allow":["GET"]}}],"collection":[{"href":"https:\/\/rakosliget.hu\/wordpress\/index.php\/wp-json\/wp\/v2\/pages"}],"about":[{"href":"https:\/\/rakosliget.hu\/wordpress\/index.php\/wp-json\/wp\/v2\/types\/page"}],"author":[{"embeddable":true,"href":"https:\/\/rakosliget.hu\/wordpress\/index.php\/wp-json\/wp\/v2\/users\/1"}],"replies":[{"embeddable":true,"href":"https:\/\/rakosliget.hu\/wordpress\/index.php\/wp-json\/wp\/v2\/comments?post=856"}],"version-history":[{"count":7,"href":"https:\/\/rakosliget.hu\/wordpress\/index.php\/wp-json\/wp\/v2\/pages\/856\/revisions"}],"predecessor-version":[{"id":22988,"href":"https:\/\/rakosliget.hu\/wordpress\/index.php\/wp-json\/wp\/v2\/pages\/856\/revisions\/22988"}],"wp:attachment":[{"href":"https:\/\/rakosliget.hu\/wordpress\/index.php\/wp-json\/wp\/v2\/media?parent=856"}],"curies":[{"name":"wp","href":"https:\/\/api.w.org\/{rel}","templated":true}]}}