{"id":853,"date":"2018-03-21T03:08:32","date_gmt":"2018-03-21T02:08:32","guid":{"rendered":"http:\/\/rakosliget.hu\/wordpress\/?page_id=853"},"modified":"2018-03-21T03:08:32","modified_gmt":"2018-03-21T02:08:32","slug":"czerjak-janos","status":"publish","type":"page","link":"https:\/\/rakosliget.hu\/wordpress\/index.php\/czerjak-janos\/","title":{"rendered":"Czerj\u00e1k J\u00e1nos"},"content":{"rendered":"<h1 align=\"left\"><span data-canvas-width=\"115.0598023513442\">Czerj\u00e1k J\u00e1nos<\/span><span data-canvas-width=\"216.76143164759122\"> (Szarvas, 1882-?)<\/span><\/h1>\n<h2 align=\"left\">a r\u00e1kosligeti el\u00f6lj\u00e1r\u00f3s\u00e1g tagja<\/h2>\n<p align=\"left\">\n<p align=\"left\"><span data-canvas-width=\"262.8700221833911\">M\u00c1V alkalmazott. 1945-t\u0151l az MKP tagja. 1945 ut\u00e1n nyugalmazott M\u00c1V seg\u00e9dtiszt. 1945-ben a r\u00e1kosligeti el\u00f6lj\u00e1r\u00f3s\u00e1g tagja. <\/span><\/p>\n","protected":false},"excerpt":{"rendered":"<p>Czerj\u00e1k J\u00e1nos (Szarvas, 1882-?) a r\u00e1kosligeti el\u00f6lj\u00e1r\u00f3s\u00e1g tagja M\u00c1V alkalmazott. 1945-t\u0151l az MKP tagja. 1945 ut\u00e1n nyugalmazott M\u00c1V seg\u00e9dtiszt. 1945-ben a r\u00e1kosligeti el\u00f6lj\u00e1r\u00f3s\u00e1g tagja.<\/p>\n","protected":false},"author":1,"featured_media":0,"parent":0,"menu_order":0,"comment_status":"closed","ping_status":"closed","template":"","meta":{"footnotes":""},"class_list":["post-853","page","type-page","status-publish","hentry"],"_links":{"self":[{"href":"https:\/\/rakosliget.hu\/wordpress\/index.php\/wp-json\/wp\/v2\/pages\/853","targetHints":{"allow":["GET"]}}],"collection":[{"href":"https:\/\/rakosliget.hu\/wordpress\/index.php\/wp-json\/wp\/v2\/pages"}],"about":[{"href":"https:\/\/rakosliget.hu\/wordpress\/index.php\/wp-json\/wp\/v2\/types\/page"}],"author":[{"embeddable":true,"href":"https:\/\/rakosliget.hu\/wordpress\/index.php\/wp-json\/wp\/v2\/users\/1"}],"replies":[{"embeddable":true,"href":"https:\/\/rakosliget.hu\/wordpress\/index.php\/wp-json\/wp\/v2\/comments?post=853"}],"version-history":[{"count":1,"href":"https:\/\/rakosliget.hu\/wordpress\/index.php\/wp-json\/wp\/v2\/pages\/853\/revisions"}],"predecessor-version":[{"id":854,"href":"https:\/\/rakosliget.hu\/wordpress\/index.php\/wp-json\/wp\/v2\/pages\/853\/revisions\/854"}],"wp:attachment":[{"href":"https:\/\/rakosliget.hu\/wordpress\/index.php\/wp-json\/wp\/v2\/media?parent=853"}],"curies":[{"name":"wp","href":"https:\/\/api.w.org\/{rel}","templated":true}]}}