{"id":850,"date":"2018-03-21T03:07:26","date_gmt":"2018-03-21T02:07:26","guid":{"rendered":"http:\/\/rakosliget.hu\/wordpress\/?page_id=850"},"modified":"2018-03-21T03:07:26","modified_gmt":"2018-03-21T02:07:26","slug":"buday-lajos","status":"publish","type":"page","link":"https:\/\/rakosliget.hu\/wordpress\/index.php\/buday-lajos\/","title":{"rendered":"Buday Lajos"},"content":{"rendered":"<h1 align=\"left\"><span data-canvas-width=\"37.18884018713452\">Buday<\/span><span data-canvas-width=\"239.23846782456147\"> Lajos (Kapuv\u00e1r, 1876-1954)<\/span><\/h1>\n<h2 align=\"left\">a F\u00fcggetlen Kisgazda P\u00e1rt k\u00e9pvisel\u0151je a Nemzeti Bizotts\u00e1gban<\/h2>\n<p align=\"left\">\n<p align=\"left\"><span data-canvas-width=\"87.74693132107647\">Tan\u00e1r, <\/span>tan\u00edt\u00f3k\u00e9pz\u0151-int\u00e9zeti rajztan\u00e1r. Polg. isk.-i tanulm\u00e1nyait Kapuv\u00e1ron \u00e9s Kanizs\u00e1n kezdte, majd a Sz\u00e9kelyudvarhelyi \u00c1ll. F\u0151re\u00e1l-isk.-ban fejezte be. Tan\u00e1ri diplom\u00e1t a Bp.-i K\u00e9pz\u0151m\u0171v\u00e9szeti F\u0151iskol\u00e1n kapott. Nevel\u0151i p\u00e1ly\u00e1j\u00e1t Tur\u00f3cszentm\u00e1rtonban kezdte, majd Gyergy\u00f3szentmikl\u00f3son folytatta. Ezt k\u00f6vet\u0151en a tapolcai Polg. Fi\u00faisk.-ban kapott rajztan\u00e1ri \u00e1ll\u00e1st. 1917-t\u0151l a ny\u00edregyh\u00e1zi, majd n\u00e9h\u00e1ny \u00e9v m\u00falva a p\u00e1pai tan\u00edt\u00f3k\u00e9pz\u0151ben nyert hasonl\u00f3 beoszt\u00e1st. 1923-ban tan\u00edtv\u00e1nyai legjobb munk\u00e1ib\u00f3l ki\u00e1ll\u00edt\u00e1st rendezett. Elm\u00e9ly\u00fclten foglalkozott a rajzoktat\u00e1s m\u00f3dszertani k\u00e9rd\u00e9seivel. Err\u0151l k\u00e9t kultuszminiszteri elismer\u00e9s tan\u00faskodik. Elismer\u00e9sre m\u00e9lt\u00f3 k\u00f6z\u00e9leti tev\u00e9kenys\u00e9ge is. Sz\u00e1mos helyi \u00e9s orsz\u00e1gos t\u00e1rsas\u00e1gnak (J\u00f3kai K\u00f6r, Rajztan\u00e1rok Orsz\u00e1gos Egyes\u00fclete) volt tagja. Nyugd\u00edjaz\u00e1sa (1936) ut\u00e1n is hosszabb ideig tan\u00edtott, illetve helyettes\u00edtett. Nyaranta egykori di\u00e1kjaival intenz\u00edv kapcsolatot tartott fenn keszthelyi vill\u00e1j\u00e1ban. 1947-ben R\u00e1kosligeten \u00e9lt.<br \/>\nIROD.: Tan\u00edt\u00f3k\u00e9pz\u0151 \u00e9rt. 1936. 3-5.<br \/>\nForr\u00e1s: \u00c1ll. Tan\u00edt\u00f3k\u00e9pz\u0151 Int\u00e9zet iratt\u00e1ra 158\/1936, 521\/1940. sz.<\/p>\n<p align=\"left\"><span data-canvas-width=\"87.74693132107647\">1945 ut\u00e1n az F\u00fcggetlen Kisgazda P\u00e1rt tagja, 1945-1946-ban e p\u00e1rt k\u00e9pvisel\u0151je a R\u00e1kosligeti Nemzeti Bizotts\u00e1gban. <\/span><\/p>\n","protected":false},"excerpt":{"rendered":"<p>Buday Lajos (Kapuv\u00e1r, 1876-1954) a F\u00fcggetlen Kisgazda P\u00e1rt k\u00e9pvisel\u0151je a Nemzeti Bizotts\u00e1gban Tan\u00e1r, tan\u00edt\u00f3k\u00e9pz\u0151-int\u00e9zeti rajztan\u00e1r. Polg. isk.-i tanulm\u00e1nyait Kapuv\u00e1ron \u00e9s Kanizs\u00e1n kezdte, majd a Sz\u00e9kelyudvarhelyi \u00c1ll. F\u0151re\u00e1l-isk.-ban fejezte be. Tan\u00e1ri diplom\u00e1t a Bp.-i K\u00e9pz\u0151m\u0171v\u00e9szeti F\u0151iskol\u00e1n kapott. Nevel\u0151i p\u00e1ly\u00e1j\u00e1t Tur\u00f3cszentm\u00e1rtonban kezdte, majd Gyergy\u00f3szentmikl\u00f3son folytatta. Ezt k\u00f6vet\u0151en a tapolcai Polg. Fi\u00faisk.-ban kapott rajztan\u00e1ri \u00e1ll\u00e1st. 1917-t\u0151l a ny\u00edregyh\u00e1zi, &hellip; <a href=\"https:\/\/rakosliget.hu\/wordpress\/index.php\/buday-lajos\/\" class=\"more-link\"><span class=\"screen-reader-text\">Buday Lajos<\/span> r\u00e9szletei&#8230;<\/a><\/p>\n","protected":false},"author":1,"featured_media":0,"parent":0,"menu_order":0,"comment_status":"closed","ping_status":"closed","template":"","meta":{"footnotes":""},"class_list":["post-850","page","type-page","status-publish","hentry"],"_links":{"self":[{"href":"https:\/\/rakosliget.hu\/wordpress\/index.php\/wp-json\/wp\/v2\/pages\/850","targetHints":{"allow":["GET"]}}],"collection":[{"href":"https:\/\/rakosliget.hu\/wordpress\/index.php\/wp-json\/wp\/v2\/pages"}],"about":[{"href":"https:\/\/rakosliget.hu\/wordpress\/index.php\/wp-json\/wp\/v2\/types\/page"}],"author":[{"embeddable":true,"href":"https:\/\/rakosliget.hu\/wordpress\/index.php\/wp-json\/wp\/v2\/users\/1"}],"replies":[{"embeddable":true,"href":"https:\/\/rakosliget.hu\/wordpress\/index.php\/wp-json\/wp\/v2\/comments?post=850"}],"version-history":[{"count":1,"href":"https:\/\/rakosliget.hu\/wordpress\/index.php\/wp-json\/wp\/v2\/pages\/850\/revisions"}],"predecessor-version":[{"id":851,"href":"https:\/\/rakosliget.hu\/wordpress\/index.php\/wp-json\/wp\/v2\/pages\/850\/revisions\/851"}],"wp:attachment":[{"href":"https:\/\/rakosliget.hu\/wordpress\/index.php\/wp-json\/wp\/v2\/media?parent=850"}],"curies":[{"name":"wp","href":"https:\/\/api.w.org\/{rel}","templated":true}]}}