{"id":845,"date":"2018-03-21T03:05:49","date_gmt":"2018-03-21T02:05:49","guid":{"rendered":"http:\/\/rakosliget.hu\/wordpress\/?page_id=845"},"modified":"2026-02-02T20:17:58","modified_gmt":"2026-02-02T19:17:58","slug":"bodor-bela","status":"publish","type":"page","link":"https:\/\/rakosliget.hu\/wordpress\/index.php\/bodor-bela\/","title":{"rendered":"Irodalmi m\u0171vekben R\u00e1kosliget &#8211; Bodor B\u00e9la"},"content":{"rendered":"\n<div class=\"wp-block-buttons is-content-justification-center is-layout-flex wp-container-core-buttons-is-layout-16018d1d wp-block-buttons-is-layout-flex\">\n<div class=\"wp-block-button\"><a class=\"wp-block-button__link wp-element-button\" href=\"https:\/\/rakosliget.hu\/wordpress\/index.php\/muveszet\/\">VISSZA A M\u0170V\u00c9SZET LAPRA<\/a><\/div>\n<\/div>\n\n\n<h2 class=\"cim\">Bodor B\u00e9la (Budapest &#8211; R\u00e1kosliget, 1954. febru\u00e1r 24. \u2013 Budapest, 2010. augusztus 10.)<\/h2>\n<div id=\"tartalom_content\" class=\"style1\">\n<div>\n<p><span id=\"ctl05_lbBody\">A J\u00f3zsef Attila-d\u00edjas alkot\u00f3t \u00e9let\u00e9nek 57. \u00e9v\u00e9ben, hosszan tart\u00f3 betegs\u00e9g ut\u00e1n \u00e9rte a hal\u00e1l Budapesten. <\/span><\/p>\n<p><span id=\"ctl05_lbBody\"><br \/>Bodor B\u00e9la 1954. febru\u00e1r 24-\u00e9n sz\u00fcletett Budapesten. P\u00e1lyafut\u00e1s\u00e1t zen\u00e9szk\u00e9nt kezdte, 1975-ig t\u00f6bb rock- \u00e9s dzsesszegy\u00fcttesben j\u00e1tszott. Volt k\u00f6nyvesbolti elad\u00f3, a Zenem\u0171kiad\u00f3n\u00e1l grafikusk\u00e9nt is dolgozott. 1979-ben rendezte legnagyobb \u00f6n\u00e1ll\u00f3 ki\u00e1ll\u00edt\u00e1s\u00e1t festm\u00e9nyeib\u0151l, grafik\u00e1ib\u00f3l, mont\u00e1zsaib\u00f3l. <\/span><span id=\"ctl05_lbBody\"><br \/>A zen\u00e9l\u00e9s \u00e9s a k\u00e9pz\u0151m\u0171v\u00e9szet ut\u00e1n jutott el az \u00edr\u00e1shoz: 1991 \u00e9s 1996 k\u00f6z\u00f6tt az \u00c9let \u00e9s Irodalom kritikai rovat\u00e1nak munkat\u00e1rsa volt, az utols\u00f3 k\u00e9t \u00e9vben a rovat vezet\u0151je. <\/span><span id=\"ctl05_lbBody\"><br \/>Bodor B\u00e9l\u00e1nak 1985 \u00f3ta jelennek meg \u00edr\u00e1sai. 2000-ben D\u00e9ry Tibor-d\u00edjat, 2007-ben J\u00f3zsef Attila-d\u00edjat kapott. Saint Francis experience c\u00edm\u0171 egyfelvon\u00e1sosa 1988-ban elnyerte a dr\u00e1map\u00e1ly\u00e1zat, egy-egy essz\u00e9je 1994-ben a Mad\u00e1ch-p\u00e1ly\u00e1zat, 1995-ben az Ady T\u00e1rsas\u00e1g p\u00e1ly\u00e1zata els\u0151 d\u00edj\u00e1t. 1999-ben Soros-\u00f6szt\u00f6nd\u00edjas volt. 1991-ben a Holmi novellap\u00e1ly\u00e1zat\u00e1n, 1992-ben kritikap\u00e1ly\u00e1zat\u00e1n, 2002-ben pedig a Magyar R\u00e1di\u00f3 hangj\u00e1t\u00e9k-p\u00e1ly\u00e1zat\u00e1n nyert d\u00edjat.<\/span><span id=\"ctl05_lbBody\"><br \/>Bodor B\u00e9la a D\u00e9ry-d\u00edjat 2000-ben, a J\u00f3zsef Attila-d\u00edjat 2007-ben kapta meg.<\/span><span id=\"ctl05_lbBody\"><br \/>F\u0151bb m\u0171vei: Dallamos fekv\u00e9sv\u00e1lt\u00f3 gyakorlatok (versek, 1989), A nevek sz\u00fclet\u00e9se (versek, 1997), R\u00e9gi magyar reg\u00e9nyt\u00fck\u00f6r I\u2013II. (irodalomt\u00f6rt\u00e9net, 2000), Ragtime a V\u00e9rn\u0151sz\u0151 Barommal (versek, 2002), V\u00e1rosablak (reg\u00e9ny, 2003), Alakok (irodalmi tanulm\u00e1nyok, 2006).<\/span><\/p>\n<p><span id=\"ctl05_lbDateTime\">MTI 2010. augusztus 10., kedd 13:33<\/span><\/p>\n<h4 align=\"justify\">\u00a0<img loading=\"lazy\" decoding=\"async\" class=\"alignnone size-medium wp-image-846\" src=\"http:\/\/rakosliget.hu\/wordpress\/wp-content\/uploads\/2018\/03\/bodor_bela-199x300.jpg\" alt=\"\" width=\"199\" height=\"300\" \/><\/h4>\n<\/div>\n<div>\n<h5 align=\"justify\">Forr\u00e1s: Spanyoln\u00e1tha, M\u0171v\u00e9szeti foly\u00f3irat http:\/\/www.spanyolnatha.hu<\/h5>\n<\/div>\n<div>\n<h4 align=\"justify\">Bodor B\u00e9la \u00edr\u00e1sa R\u00e1kosligetr\u0151l<\/h4>\n<\/div>\n<div>\n<p align=\"justify\">Egy h\u00e1t van el\u0151ttem.<br \/>Sz\u00e9les, dombor\u00fa. Majdhogynem p\u00fapos. Fiatal, nagydarab f\u00e9rfi h\u00e1ta, kiss\u00e9 g\u00f6rnyedten \u00e9s ringat\u00f3zva j\u00e1r, mintha tenger\u00e9sz lenne, er\u0151sen kifel\u00e9 ford\u00edtott l\u00e1bfejekkel l\u00e9p, z\u00f6ld b\u0151rkab\u00e1tja h\u00e1t\u00e1n kicsap\u00f3dik a p\u00e1ra, minden utcasarokn\u00e1l megcsillan rajta a l\u00e1mpa f\u00e9nye. A fa villanyoszlopok oldal\u00e1ra szerelt\u00e9k a f\u00e9lk\u00f6r\u00edvesre hajl\u00edtott, ujjnyi vastag vascs\u00f6vet, azon l\u00f3gott a zom\u00e1ncos t\u00e1ny\u00e9r, fel\u00fcl s\u00f6t\u00e9tk\u00e9k, alul feh\u00e9r, benne porcel\u00e1nfoglalatban 150-es izz\u00f3. Minden sarokra egy jut bel\u0151le, \u00e9ppen arra el\u00e9g, hogy \u00e1tderengjen a k\u00f6d\u00f6n \u00e9s a s\u00f6t\u00e9ts\u00e9gen, k\u00fcl\u00f6nben az ember k\u00f6nnyen nekimehet a ker\u00edt\u00e9snek vagy az \u00fatsz\u00e9li g\u00f6mbak\u00e1cnak. Amikor fogas-sarl\u00f3s m\u00e1sz\u00f3vasakkal, derek\u00e1n sz\u00edjhurokkal felkapaszkodik \u00e9rte a villanyszerel\u0151 \u00e9s ledobja, alaposabban szem\u00fcgyre vehetem. Csillag alakban futnak sz\u00e9t a reped\u00e9sek a zom\u00e1ncon, ahol egy-egy nagyobb k\u0151vel telibe tal\u00e1lta valamelyik kamaszgyerek, ha v\u00e1llalkoz\u00f3 szellem\u0171 csaj (akkor: bige, esetleg b\u0151r vagy buksza) akadt, akit a l\u00e9cker\u00edt\u00e9snek d\u00f6ntve taperolhatott vagy lesm\u00e1rolhatott. Mi ilyesmit nem csin\u00e1lunk, \u0151k m\u00e1sok mint mi vagyunk, \u0151k prolik. K\u00e9s\u0151bb, nagyobb kamasz koromban majd \u00e9n is igyekszem prolitemp\u00f3kat felvenni. Most m\u00e9g csak furcsa vagyok.<br \/>Nem tudom pontosan, mi az, hogy proli, de felismerem. Biztosan nem munk\u00e1s (ezek nem munk\u00e1sok, ezek csak prolik), a mel\u00f3s kifejez\u00e9s m\u00e9g ismeretlen, vagy csak szalonk\u00e9ptelen (prolitemp\u00f3). Mi \u0151s-ligetiek vagyunk, ezeket a h\u00e1bor\u00fa ut\u00e1n telep\u00edtett\u00e9k k\u00f6z\u00e9nk ezek. Amiben, m\u00e1rmint az \u0151s\u00f6z\u00e9sben az a bizarr, hogy Liget hely\u00e9n 1890-ben m\u00e9g nem volt semmi. Akkoriban hat\u00e1roztatott el, hogy az orsz\u00e1g sz\u00e1mos vid\u00e9k\u00e9r\u0151l Budapestre \u00e1rad\u00f3 emberek sz\u00e1m\u00e1ra munk\u00e1stelepet alak\u00edtanak ki ezen a helyen, k\u00e9t szoba, konyha, el\u0151szob\u00e1s h\u00e1zakkal, (k\u00f6zt\u00fck n\u00e9h\u00e1ny nagyobb, vagy ikerh\u00e1zzal), 180 n\u00e9gysz\u00f6g\u00f6les telkekkel. Aki ezt akkor megvette (mik\u00f6zben \u00e9vente sz\u00e1zezren menek\u00fcltek a nyomor el\u0151l Amerik\u00e1ba), az t\u00e9nyleg nem lehetett proli. D\u00e9dap\u00e1m ap\u00f3ssal-any\u00f3ssal-nagyn\u00e9nivel 1910 k\u00f6r\u00fcl k\u00f6lt\u00f6zik az egyik legnagyobb h\u00e1zba, de kib\u0151v\u00edtteti: 25 n\u00e9gyzetm\u00e9teres t\u00e9likertet \u00e9p\u00edttet hozz\u00e1, hogy nyugalmazott gazdatiszt ap\u00f3sa elfoglalhassa mag\u00e1t valamivel tavaszig. Az \u00f6reg g\u0151zben hajl\u00edtott r\u00f3zsafa botj\u00e1val most (nem amikor a f\u00e9rfit k\u00f6vetem, hanem amikor ezeket \u00edrom) tanulok \u00fajra j\u00e1rni, kem\u00e9ny cs\u00edp\u0151\u00edz\u00fcleti gyullad\u00e1s ut\u00e1n. A kertben parkot alak\u00edt ki, hal\u00e1la ut\u00e1n kert\u00e9sz gondozza a sp\u00edrea-gruppot, sziklakertet, a nagyszer\u0171en megv\u00e1lasztott gy\u00fcm\u00f6lcsf\u00e1kat, amik az eg\u00e9sz csal\u00e1dot ell\u00e1tj\u00e1k friss gy\u00fcm\u00f6lccsel, lekv\u00e1rnak val\u00f3val, di\u00f3val. Ny\u00e1ron a kertben eb\u00e9del\u00fcnk, \u00e9n a di\u00f3f\u00e1ra m\u00e1szom olvasni. Hazafias (reakci\u00f3s, irredenta) t\u00e1rgy\u00fa ifj\u00fas\u00e1gi irodalmat, Coopert, Fekete Istv\u00e1nt, majd Verne Gyul\u00e1t \u00e9s Marx K\u00e1rolyt. May K\u00e1rolyt nem, mert nem lehet kapni. Marxt\u00f3l v\u00e9gre megtudom, hogy mi az a prolet\u00e1r (de a prolit nem, az valami m\u00e1s), amikor megyek lefel\u00e9 \u00e9jjel a k\u00f6dben, m\u00e1r tudom.<\/p>\n<p align=\"justify\">Egy h\u00e1t van el\u0151ttem, azt k\u00f6vetem lefel\u00e9 a F\u0151 \u00faton (amit Ferihegyi \u00fatnak h\u00edvnak, de err\u0151l senki sem vesz tudom\u00e1st) az \u00e1llom\u00e1s fel\u00e9, balk\u00e9z fel\u00e9 elhagyjuk a l\u00e1nyiskol\u00e1t, a post\u00e1t (akkor m\u00e9g: Posta), a Pitypalatty cukr\u00e1szd\u00e1t, azt\u00e1n jobbr\u00f3l a III. utcai K\u00f6z\u00e9rtet, a Gy\u00f3gyszert\u00e1rat. A sz\u00e9l, mint mindig, Kereszt\u00far fel\u0151l f\u00faj, orromba veri az \u00e1zott b\u0151rkab\u00e1t szag\u00e1t. A sz\u00edne valami nehezen le\u00edrhat\u00f3 k\u00e9kesz\u00f6ld, igencsak kopott a bal v\u00e1ll\u00e1n, \u00e9s felp\u00f6nd\u00f6r\u00f6d\u0151 sz\u00e9l\u0171 reped\u00e9sek szabdalj\u00e1k dermedt szurokszer\u0171 anyag\u00e1t. A Vas\u00fat-sorn\u00e1l a f\u00e9rfi megtorpan, majd jobbra fordul, az \u00e1tnedvesedett \u00e1v\u00f3skab\u00e1t csak nagymessze villan meg egy pillanatra a k\u00f6vetkez\u0151 l\u00e1mpa alatt. \u00c9n tov\u00e1bb megyek a leeresztett soromp\u00f3 fel\u00e9, jobbra bel\u00e9pek az egyetlen telefonf\u00fclk\u00e9be, felemelem a hallgat\u00f3t \u00e9s hallom, ahogy leesik a beragadt tantusz. Hall\u00f3, sz\u00f3l bele egy n\u0151i hang. Egy vonalat k\u00e9rek, mondom, \u00e9s v\u00e1rok, de nem t\u00f6rt\u00e9nik semmi. Serceg\u00e9s hallatszik, \u00e9s valahol t\u00e1vol kics\u00f6ng egy h\u00edv\u00e1s. Leteszem, \u00e9s \u00e1tmegyek a gyalogosh\u00eddon a s\u00ednek felett.<br \/>A t\u00faloldalon m\u00e1r nincs j\u00e1rda, csak a k\u00f6ves\u00fat visz Kereszt\u00farra, \u00e9s balra kanyarodik egy \u00f6sv\u00e9ny a t\u00f6lt\u00e9s ment\u00e9n R\u00e1koscsaba-\u00dajtelep fel\u00e9. A malom fal\u00e1n megl\u00e1tom az \u00e9jszakai aut\u00f3busz reflektorf\u00e9ny\u00e9t. Leereszkedem a r\u00e9tre, nem akarom, hogy megl\u00e1sson. A k\u00f6z\u00fati t\u00f6lt\u00e9s alatt keskeny csap\u00e1s vezet, \u00e9s r\u00f6videsen elv\u00e1lik t\u0151le egy salakkal felsz\u00f3rt gyalog\u00fat, be a mocs\u00e1rba, ahol egy kis kiemelked\u00e9sen a trafikosn\u00e9 h\u00e1za \u00e1ll mag\u00e1nyosan. P\u00e1r \u00e9ve el\u00f6nt\u00f6tte a patak az \u00e1rteret, de az \u00f6regasszony nem \u00e9bredt fel, csak amikor az \u00f6nk\u00e9ntes t\u0171zolt\u00f3k ladikja kik\u00f6t\u00f6tt az ablaka el\u0151tt, \u00e9s valaki benyomta az ablakot. A trafikosn\u00e9 (s\u00e1nta asszony, \u00e9s a keze is eltorzult azon az oldalon, k\u00e9t \u00f6sszen\u0151tt, r\u00f6vid ujja k\u00f6z\u00f6tt s\u00e1rga csontkarom g\u00f6rb\u00fclt) ijedt\u00e9ben \u00fagy v\u00e1gta fejbe a szerencs\u00e9tlen \u00e1rv\u00edzi haj\u00f3st az ortop\u00e9d cip\u0151j\u00e9vel, hogy k\u00f3rh\u00e1zba kellett sz\u00e1ll\u00edtani.<br \/>Odafent kip\u00f6rg\u0151 ker\u00e9kkel eld\u00f6c\u00f6g a busz. A kiv\u00e1g\u00f3d\u00f3 k\u00f6vek l\u00f6ved\u00e9kekk\u00e9nt csap\u00f3dnak a jegeny\u00e9khez. Azt\u00e1n csenget\u00e9s hallatszik, leeresztik a soromp\u00f3t. A busz kiv\u00e9telesen \u00e1tjutott.<br \/>Ahogy visszam\u00e1szom az \u00fatra, messze el\u0151l, a h\u00eddn\u00e1l, ahogy hozz\u00e1szokott a szemem a holdas-p\u00e1r\u00e1s s\u00f6t\u00e9thez, mintha ugyanazt a h\u00e1tat l\u00e1tn\u00e1m. \u00c1tmegy a r\u00e9gi h\u00eddon, azt\u00e1n a malom-\u00e1gn\u00e1l egy pillanatra be\u00e9r a legsz\u00e9ls\u0151 kereszt\u00fari l\u00e1mpa f\u00e9nyk\u00f6r\u00e9be.<\/p>\n<p align=\"justify\">Leereszkedem a h\u00eddr\u00f3l, \u00e9s elindulok a t\u00f6lt\u00e9sen \u00dajtelep fel\u00e9. A patak odalent van \u00e9s ragyog, mint a fekete szurok, nincs ebben semmi metafora. Innen a magasb\u00f3l \u00e1tl\u00e1tni a vas\u00fati t\u00f6lt\u00e9sen, m\u00f6g\u00f6tte a k\u00f6rny\u00e9k legf\u00e9nyesebb \u00fatja \u00e9s legel\u0151kel\u0151bb r\u00e9sze, a Liget-sor vill\u00e1i.<br \/>Mire el\u00e9rem a kid\u0151lt duzzaszt\u00f3 betonmaradv\u00e1nyait, m\u00e1r csak a hold vil\u00e1g\u00edt. H\u00f3feh\u00e9ren ragyognak az \u00fct\u00f6tt-kopott betonpill\u00e9rek. A lejt\u0151s, valamikori j\u00e1rd\u00e1n \u00fcres r\u00e1kp\u00e1nc\u00e9l sz\u00e1rad, a vedl\u0151 \u00e1llat nem messze fekszik, v\u00e1rja, hogy kocsony\u00e1s b\u0151re megkem\u00e9nyedj\u00e9k. Ha reggelig ilyen ny\u00e1lk\u00e1s marad, a nap kisz\u00e1r\u00edtja \u00e9s megrepeszti, de ha t\u00fal k\u00f6zel marad a v\u00edzhez, hogy egy-egy hull\u00e1m enyh\u00edt\u0151en megnedves\u00edtse, a lemos\u00f3d\u00f3 ny\u00e1lka idecsalja a kishalakat, \u00e9s elevenen megzab\u00e1lj\u00e1k. Minden hull\u00e1mmal \u00fajabb halacsk\u00e1k vetik magukat a sz\u00e1razra, ler\u00e1gnak egy darabot a r\u00e1kb\u00f3l, azt\u00e1n visszaverg\u0151dnek a v\u00edzbe.<br \/>Ez most messzebb m\u00e1szott, b\u00edzik az enyhe napban.<br \/>Meg\u00e9rintem az \u00fcres p\u00e1nc\u00e9lt. Az oldala m\u00e1ris ny\u00e1lk\u00e1san rohad, de a h\u00e1ta sz\u00e1raz, repedezett. Mint egy r\u00e9gi b\u0151rkab\u00e1t.<br \/>L\u00e9p\u00e9sek k\u00f6zelednek a t\u00f6lt\u00e9sen. Nem n\u00e9zek fel. Tal\u00e1n csak egy vaddiszn\u00f3. Lej\u00e1rnak olykor. A r\u00e1kp\u00e1nc\u00e9lt a v\u00edzbe p\u00f6ck\u00f6l\u00f6m, bukd\u00e1csolva sodr\u00f3dik, m\u00e9g sok\u00e1ig l\u00e1tom a gyenge f\u00e9nyben.<br \/>Nekid\u0151l\u00f6k a pill\u00e9rnek, eg\u00e9szen langyos m\u00e9g az eg\u00e9sznapos naps\u00fct\u00e9st\u0151l. V\u00e1rom a reggelt.<\/p>\n<\/div>\n<p align=\"justify\"><a href=\"https:\/\/rakosliget.hu\/wordpress\/wp-content\/uploads\/2025\/10\/Bodor-Bela-interju_reduce.pdf\">Bodor B\u00e9l\u00e1val interj\u00fa a Magyar Napl\u00f3ban 1991<\/a><\/p>\n<\/div>\n\n\n<div class=\"wp-block-buttons is-content-justification-center is-layout-flex wp-container-core-buttons-is-layout-16018d1d wp-block-buttons-is-layout-flex\">\n<div class=\"wp-block-button\"><a class=\"wp-block-button__link wp-element-button\" href=\"https:\/\/rakosliget.hu\/wordpress\/index.php\/muveszet\/\">VISSZA A M\u0170V\u00c9SZET LAPRA<\/a><\/div>\n<\/div>\n","protected":false},"excerpt":{"rendered":"<p>Bodor B\u00e9la (Budapest &#8211; R\u00e1kosliget, 1954. febru\u00e1r 24. \u2013 Budapest, 2010. augusztus 10.) A J\u00f3zsef Attila-d\u00edjas alkot\u00f3t \u00e9let\u00e9nek 57. \u00e9v\u00e9ben, hosszan tart\u00f3 betegs\u00e9g ut\u00e1n \u00e9rte a hal\u00e1l Budapesten. Bodor B\u00e9la 1954. febru\u00e1r 24-\u00e9n sz\u00fcletett Budapesten. P\u00e1lyafut\u00e1s\u00e1t zen\u00e9szk\u00e9nt kezdte, 1975-ig t\u00f6bb rock- \u00e9s dzsesszegy\u00fcttesben j\u00e1tszott. Volt k\u00f6nyvesbolti elad\u00f3, a Zenem\u0171kiad\u00f3n\u00e1l grafikusk\u00e9nt is dolgozott. 1979-ben rendezte legnagyobb &hellip; <a href=\"https:\/\/rakosliget.hu\/wordpress\/index.php\/bodor-bela\/\" class=\"more-link\"><span class=\"screen-reader-text\">Irodalmi m\u0171vekben R\u00e1kosliget &#8211; Bodor B\u00e9la<\/span> r\u00e9szletei&#8230;<\/a><\/p>\n","protected":false},"author":1,"featured_media":0,"parent":0,"menu_order":0,"comment_status":"closed","ping_status":"closed","template":"","meta":{"footnotes":""},"class_list":["post-845","page","type-page","status-publish","hentry"],"_links":{"self":[{"href":"https:\/\/rakosliget.hu\/wordpress\/index.php\/wp-json\/wp\/v2\/pages\/845","targetHints":{"allow":["GET"]}}],"collection":[{"href":"https:\/\/rakosliget.hu\/wordpress\/index.php\/wp-json\/wp\/v2\/pages"}],"about":[{"href":"https:\/\/rakosliget.hu\/wordpress\/index.php\/wp-json\/wp\/v2\/types\/page"}],"author":[{"embeddable":true,"href":"https:\/\/rakosliget.hu\/wordpress\/index.php\/wp-json\/wp\/v2\/users\/1"}],"replies":[{"embeddable":true,"href":"https:\/\/rakosliget.hu\/wordpress\/index.php\/wp-json\/wp\/v2\/comments?post=845"}],"version-history":[{"count":11,"href":"https:\/\/rakosliget.hu\/wordpress\/index.php\/wp-json\/wp\/v2\/pages\/845\/revisions"}],"predecessor-version":[{"id":22796,"href":"https:\/\/rakosliget.hu\/wordpress\/index.php\/wp-json\/wp\/v2\/pages\/845\/revisions\/22796"}],"wp:attachment":[{"href":"https:\/\/rakosliget.hu\/wordpress\/index.php\/wp-json\/wp\/v2\/media?parent=845"}],"curies":[{"name":"wp","href":"https:\/\/api.w.org\/{rel}","templated":true}]}}