{"id":8417,"date":"2020-11-28T18:13:59","date_gmt":"2020-11-28T17:13:59","guid":{"rendered":"http:\/\/rakosliget.hu\/wordpress\/?page_id=8417"},"modified":"2020-11-28T18:15:26","modified_gmt":"2020-11-28T17:15:26","slug":"kepes-ujsag","status":"publish","type":"page","link":"https:\/\/rakosliget.hu\/wordpress\/index.php\/kepes-ujsag\/","title":{"rendered":"K\u00c9PES \u00daJS\u00c1G"},"content":{"rendered":"\n<p><em>Az oldal indult: 2020. 11. 28.<\/em><\/p>\n\n\n\n<div class=\"wp-block-image\"><figure class=\"aligncenter size-large\"><a href=\"http:\/\/rakosliget.hu\/wordpress\/wp-content\/uploads\/2020\/11\/vizhiany.jpg\"><img loading=\"lazy\" decoding=\"async\" width=\"358\" height=\"541\" src=\"http:\/\/rakosliget.hu\/wordpress\/wp-content\/uploads\/2020\/11\/vizhiany.jpg\" alt=\"\" class=\"wp-image-8420\" srcset=\"https:\/\/rakosliget.hu\/wordpress\/wp-content\/uploads\/2020\/11\/vizhiany.jpg 358w, https:\/\/rakosliget.hu\/wordpress\/wp-content\/uploads\/2020\/11\/vizhiany-199x300.jpg 199w\" sizes=\"auto, (max-width: 358px) 100vw, 358px\" \/><\/a><figcaption>1971. V\u00edzhi\u00e1ny R\u00e1kosligeten, olvas\u00f3i lev\u00e9l.<\/figcaption><\/figure><\/div>\n","protected":false},"excerpt":{"rendered":"<p>Az oldal indult: 2020. 11. 28.<\/p>\n","protected":false},"author":1,"featured_media":0,"parent":0,"menu_order":0,"comment_status":"closed","ping_status":"closed","template":"","meta":{"footnotes":""},"class_list":["post-8417","page","type-page","status-publish","hentry"],"_links":{"self":[{"href":"https:\/\/rakosliget.hu\/wordpress\/index.php\/wp-json\/wp\/v2\/pages\/8417","targetHints":{"allow":["GET"]}}],"collection":[{"href":"https:\/\/rakosliget.hu\/wordpress\/index.php\/wp-json\/wp\/v2\/pages"}],"about":[{"href":"https:\/\/rakosliget.hu\/wordpress\/index.php\/wp-json\/wp\/v2\/types\/page"}],"author":[{"embeddable":true,"href":"https:\/\/rakosliget.hu\/wordpress\/index.php\/wp-json\/wp\/v2\/users\/1"}],"replies":[{"embeddable":true,"href":"https:\/\/rakosliget.hu\/wordpress\/index.php\/wp-json\/wp\/v2\/comments?post=8417"}],"version-history":[{"count":2,"href":"https:\/\/rakosliget.hu\/wordpress\/index.php\/wp-json\/wp\/v2\/pages\/8417\/revisions"}],"predecessor-version":[{"id":8421,"href":"https:\/\/rakosliget.hu\/wordpress\/index.php\/wp-json\/wp\/v2\/pages\/8417\/revisions\/8421"}],"wp:attachment":[{"href":"https:\/\/rakosliget.hu\/wordpress\/index.php\/wp-json\/wp\/v2\/media?parent=8417"}],"curies":[{"name":"wp","href":"https:\/\/api.w.org\/{rel}","templated":true}]}}