{"id":8404,"date":"2020-11-28T17:57:59","date_gmt":"2020-11-28T16:57:59","guid":{"rendered":"http:\/\/rakosliget.hu\/wordpress\/?page_id=8404"},"modified":"2025-03-07T13:12:27","modified_gmt":"2025-03-07T12:12:27","slug":"pesti-hirlap-kepes-melleklete","status":"publish","type":"page","link":"https:\/\/rakosliget.hu\/wordpress\/index.php\/pesti-hirlap-kepes-melleklete\/","title":{"rendered":"PESTI H\u00cdRLAP K\u00c9PES MELL\u00c9KLETE"},"content":{"rendered":"\n<p><a href=\"https:\/\/rakosliget.hu\/wordpress\/index.php\/rakosliget-a-korabeli-hirekben\/\">Vissza a SAJT\u00d3H\u00cdREK lapra<\/a><\/p>\n\n\n\n<p><em>Az oldal indult: 2020. 11. 28.<\/em><\/p>\n\n\n\n<div class=\"wp-block-media-text alignwide is-stacked-on-mobile\" style=\"grid-template-columns:81% auto\"><figure class=\"wp-block-media-text__media\"><img loading=\"lazy\" decoding=\"async\" width=\"344\" height=\"899\" src=\"http:\/\/rakosliget.hu\/wordpress\/wp-content\/uploads\/2020\/11\/orszagzaszlo-avato-1934.jpg\" alt=\"\" class=\"wp-image-8402 size-full\" srcset=\"https:\/\/rakosliget.hu\/wordpress\/wp-content\/uploads\/2020\/11\/orszagzaszlo-avato-1934.jpg 344w, https:\/\/rakosliget.hu\/wordpress\/wp-content\/uploads\/2020\/11\/orszagzaszlo-avato-1934-115x300.jpg 115w\" sizes=\"auto, (max-width: 344px) 100vw, 344px\" \/><\/figure><div class=\"wp-block-media-text__content\">\n<p>1934. Orsz\u00e1gz\u00e1szl\u00f3 avat\u00e1s. Endre L\u00e1szl\u00f3 besz\u00e9d.<\/p>\n<\/div><\/div>\n\n\n\n<div class=\"wp-block-media-text alignwide is-stacked-on-mobile\" style=\"grid-template-columns:82% auto\"><figure class=\"wp-block-media-text__media\"><a href=\"http:\/\/rakosliget.hu\/wordpress\/wp-content\/uploads\/2020\/11\/sakk-1931.jpg\"><img loading=\"lazy\" decoding=\"async\" width=\"788\" height=\"585\" src=\"http:\/\/rakosliget.hu\/wordpress\/wp-content\/uploads\/2020\/11\/sakk-1931.jpg\" alt=\"\" class=\"wp-image-8407 size-full\" srcset=\"https:\/\/rakosliget.hu\/wordpress\/wp-content\/uploads\/2020\/11\/sakk-1931.jpg 788w, https:\/\/rakosliget.hu\/wordpress\/wp-content\/uploads\/2020\/11\/sakk-1931-300x223.jpg 300w, https:\/\/rakosliget.hu\/wordpress\/wp-content\/uploads\/2020\/11\/sakk-1931-768x570.jpg 768w\" sizes=\"auto, (max-width: 788px) 100vw, 788px\" \/><\/a><\/figure><div class=\"wp-block-media-text__content\">\n<p>1931. Sakkverseny<\/p>\n<\/div><\/div>\n\n\n\n<p><a href=\"https:\/\/rakosliget.hu\/wordpress\/index.php\/rakosliget-a-korabeli-hirekben\/\">Vissza a SAJT\u00d3H\u00cdREK lapra<\/a><\/p>\n","protected":false},"excerpt":{"rendered":"<p>Vissza a SAJT\u00d3H\u00cdREK lapra Az oldal indult: 2020. 11. 28. 1934. Orsz\u00e1gz\u00e1szl\u00f3 avat\u00e1s. Endre L\u00e1szl\u00f3 besz\u00e9d. 1931. Sakkverseny Vissza a SAJT\u00d3H\u00cdREK lapra<\/p>\n","protected":false},"author":1,"featured_media":0,"parent":0,"menu_order":0,"comment_status":"closed","ping_status":"closed","template":"","meta":{"footnotes":""},"class_list":["post-8404","page","type-page","status-publish","hentry"],"_links":{"self":[{"href":"https:\/\/rakosliget.hu\/wordpress\/index.php\/wp-json\/wp\/v2\/pages\/8404","targetHints":{"allow":["GET"]}}],"collection":[{"href":"https:\/\/rakosliget.hu\/wordpress\/index.php\/wp-json\/wp\/v2\/pages"}],"about":[{"href":"https:\/\/rakosliget.hu\/wordpress\/index.php\/wp-json\/wp\/v2\/types\/page"}],"author":[{"embeddable":true,"href":"https:\/\/rakosliget.hu\/wordpress\/index.php\/wp-json\/wp\/v2\/users\/1"}],"replies":[{"embeddable":true,"href":"https:\/\/rakosliget.hu\/wordpress\/index.php\/wp-json\/wp\/v2\/comments?post=8404"}],"version-history":[{"count":6,"href":"https:\/\/rakosliget.hu\/wordpress\/index.php\/wp-json\/wp\/v2\/pages\/8404\/revisions"}],"predecessor-version":[{"id":16720,"href":"https:\/\/rakosliget.hu\/wordpress\/index.php\/wp-json\/wp\/v2\/pages\/8404\/revisions\/16720"}],"wp:attachment":[{"href":"https:\/\/rakosliget.hu\/wordpress\/index.php\/wp-json\/wp\/v2\/media?parent=8404"}],"curies":[{"name":"wp","href":"https:\/\/api.w.org\/{rel}","templated":true}]}}