{"id":8388,"date":"2020-11-28T12:01:27","date_gmt":"2020-11-28T11:01:27","guid":{"rendered":"http:\/\/rakosliget.hu\/wordpress\/?page_id=8388"},"modified":"2025-03-07T13:09:08","modified_gmt":"2025-03-07T12:09:08","slug":"munkaado-epitomesterek-lapja","status":"publish","type":"page","link":"https:\/\/rakosliget.hu\/wordpress\/index.php\/munkaado-epitomesterek-lapja\/","title":{"rendered":"MUNKAAD\u00d3 &#8211; \u00c9P\u00cdT\u0150MESTEREK LAPJA"},"content":{"rendered":"\n<p><a href=\"https:\/\/rakosliget.hu\/wordpress\/index.php\/rakosliget-a-korabeli-hirekben\/\">Vissza a SAJT\u00d3H\u00cdREK lapra<\/a><\/p>\n\n\n\n<p>K\u00f6zgazdas\u00e1gi, m\u0171szaki \u00e9s \u00e9p\u00edt\u0151ipari heti lap. A Magyar \u00c9p\u00edt\u0151iparosok Orsz\u00e1gos Sz\u00f6vets\u00e9ge, a Budapesti \u00c9p\u00edt\u0151mesterek, K\u0151m\u0171vesmesterek \u00e9s \u00c9p\u00edt\u00e9si V\u00e1llalkoz\u00f3k Sz\u00f6vets\u00e9ge \u00e9s a Magyar \u00c9p\u00edt\u0151mesterek Egyes\u00fclete hivatalos lapja.<\/p>\n\n\n\n<p><em>Az oldal indult: 2020. 11. 28.<\/em><\/p>\n\n\n\n<h4 class=\"wp-block-heading\">1930<\/h4>\n\n\n\n<div class=\"wp-block-media-text alignwide is-stacked-on-mobile\"><figure class=\"wp-block-media-text__media\"><a href=\"http:\/\/rakosliget.hu\/wordpress\/wp-content\/uploads\/2020\/11\/Juhasz-Jozsef-epitomester-1.jpg\"><img loading=\"lazy\" decoding=\"async\" width=\"596\" height=\"255\" src=\"http:\/\/rakosliget.hu\/wordpress\/wp-content\/uploads\/2020\/11\/Juhasz-Jozsef-epitomester-1.jpg\" alt=\"\" class=\"wp-image-8391\" srcset=\"https:\/\/rakosliget.hu\/wordpress\/wp-content\/uploads\/2020\/11\/Juhasz-Jozsef-epitomester-1.jpg 596w, https:\/\/rakosliget.hu\/wordpress\/wp-content\/uploads\/2020\/11\/Juhasz-Jozsef-epitomester-1-300x128.jpg 300w\" sizes=\"auto, (max-width: 596px) 100vw, 596px\" \/><\/a><\/figure><div class=\"wp-block-media-text__content\">\n\n<p><strong>1930. febru\u00e1r 5<\/strong>. Juh\u00e1sz J\u00f3zsef \u00e9p\u00edt\u0151mester<\/p>\n\n<\/div><\/div>\n\n\n\n<div class=\"wp-block-media-text alignwide is-stacked-on-mobile\"><figure class=\"wp-block-media-text__media\"><a href=\"http:\/\/rakosliget.hu\/wordpress\/wp-content\/uploads\/2020\/11\/Evangelikus-templom-epitese.jpg\"><img loading=\"lazy\" decoding=\"async\" width=\"419\" height=\"811\" src=\"http:\/\/rakosliget.hu\/wordpress\/wp-content\/uploads\/2020\/11\/Evangelikus-templom-epitese.jpg\" alt=\"\" class=\"wp-image-8395\" srcset=\"https:\/\/rakosliget.hu\/wordpress\/wp-content\/uploads\/2020\/11\/Evangelikus-templom-epitese.jpg 419w, https:\/\/rakosliget.hu\/wordpress\/wp-content\/uploads\/2020\/11\/Evangelikus-templom-epitese-155x300.jpg 155w\" sizes=\"auto, (max-width: 419px) 100vw, 419px\" \/><\/a><\/figure><div class=\"wp-block-media-text__content\">\n\n<p>1934. m\u00e1rcius 22. Az evang\u00e9likus templom \u00e9p\u00edt\u00e9s\u00e9hez kapcsol\u00f3d\u00f3 kont\u00e1rkod\u00e1s v\u00e1dja.<\/p>\n\n<\/div><\/div>\n\n\n<div class=\"wp-block-image\">\n<figure class=\"aligncenter size-large\"><a href=\"http:\/\/rakosliget.hu\/wordpress\/wp-content\/uploads\/2020\/11\/Juhasz-Jozsef-cime.jpg\"><img loading=\"lazy\" decoding=\"async\" width=\"344\" height=\"99\" src=\"http:\/\/rakosliget.hu\/wordpress\/wp-content\/uploads\/2020\/11\/Juhasz-Jozsef-cime.jpg\" alt=\"\" class=\"wp-image-8397\" srcset=\"https:\/\/rakosliget.hu\/wordpress\/wp-content\/uploads\/2020\/11\/Juhasz-Jozsef-cime.jpg 344w, https:\/\/rakosliget.hu\/wordpress\/wp-content\/uploads\/2020\/11\/Juhasz-Jozsef-cime-300x86.jpg 300w\" sizes=\"auto, (max-width: 344px) 100vw, 344px\" \/><\/a><figcaption class=\"wp-element-caption\">Juh\u00e1sz J\u00f3zsef c\u00edme a telefonk\u00f6nyvben.1943.<\/figcaption><\/figure>\n<\/div>\n\n\n<p><a href=\"https:\/\/rakosliget.hu\/wordpress\/index.php\/rakosliget-a-korabeli-hirekben\/\">Vissza a SAJT\u00d3H\u00cdREK lapra<\/a><\/p>\n","protected":false},"excerpt":{"rendered":"<p>Vissza a SAJT\u00d3H\u00cdREK lapra K\u00f6zgazdas\u00e1gi, m\u0171szaki \u00e9s \u00e9p\u00edt\u0151ipari heti lap. A Magyar \u00c9p\u00edt\u0151iparosok Orsz\u00e1gos Sz\u00f6vets\u00e9ge, a Budapesti \u00c9p\u00edt\u0151mesterek, K\u0151m\u0171vesmesterek \u00e9s \u00c9p\u00edt\u00e9si V\u00e1llalkoz\u00f3k Sz\u00f6vets\u00e9ge \u00e9s a Magyar \u00c9p\u00edt\u0151mesterek Egyes\u00fclete hivatalos lapja. Az oldal indult: 2020. 11. 28. 1930 1930. febru\u00e1r 5. Juh\u00e1sz J\u00f3zsef \u00e9p\u00edt\u0151mester 1934. m\u00e1rcius 22. Az evang\u00e9likus templom \u00e9p\u00edt\u00e9s\u00e9hez kapcsol\u00f3d\u00f3 kont\u00e1rkod\u00e1s v\u00e1dja. Vissza a &hellip; <a href=\"https:\/\/rakosliget.hu\/wordpress\/index.php\/munkaado-epitomesterek-lapja\/\" class=\"more-link\"><span class=\"screen-reader-text\">MUNKAAD\u00d3 &#8211; \u00c9P\u00cdT\u0150MESTEREK LAPJA<\/span> r\u00e9szletei&#8230;<\/a><\/p>\n","protected":false},"author":1,"featured_media":0,"parent":0,"menu_order":0,"comment_status":"closed","ping_status":"closed","template":"","meta":{"footnotes":""},"class_list":["post-8388","page","type-page","status-publish","hentry"],"_links":{"self":[{"href":"https:\/\/rakosliget.hu\/wordpress\/index.php\/wp-json\/wp\/v2\/pages\/8388","targetHints":{"allow":["GET"]}}],"collection":[{"href":"https:\/\/rakosliget.hu\/wordpress\/index.php\/wp-json\/wp\/v2\/pages"}],"about":[{"href":"https:\/\/rakosliget.hu\/wordpress\/index.php\/wp-json\/wp\/v2\/types\/page"}],"author":[{"embeddable":true,"href":"https:\/\/rakosliget.hu\/wordpress\/index.php\/wp-json\/wp\/v2\/users\/1"}],"replies":[{"embeddable":true,"href":"https:\/\/rakosliget.hu\/wordpress\/index.php\/wp-json\/wp\/v2\/comments?post=8388"}],"version-history":[{"count":5,"href":"https:\/\/rakosliget.hu\/wordpress\/index.php\/wp-json\/wp\/v2\/pages\/8388\/revisions"}],"predecessor-version":[{"id":16712,"href":"https:\/\/rakosliget.hu\/wordpress\/index.php\/wp-json\/wp\/v2\/pages\/8388\/revisions\/16712"}],"wp:attachment":[{"href":"https:\/\/rakosliget.hu\/wordpress\/index.php\/wp-json\/wp\/v2\/media?parent=8388"}],"curies":[{"name":"wp","href":"https:\/\/api.w.org\/{rel}","templated":true}]}}