{"id":834,"date":"2018-03-20T05:42:22","date_gmt":"2018-03-20T04:42:22","guid":{"rendered":"http:\/\/rakosliget.hu\/wordpress\/?page_id=834"},"modified":"2025-10-24T18:39:36","modified_gmt":"2025-10-24T17:39:36","slug":"834-2","status":"publish","type":"page","link":"https:\/\/rakosliget.hu\/wordpress\/index.php\/834-2\/","title":{"rendered":"Blum (Bakonyi) Lajos dr. orvos"},"content":{"rendered":"\n<h1 class=\"wp-block-heading\">&nbsp;<\/h1>\n\n\n\n<h1 class=\"wp-block-heading has-text-align-center\"><figure><a href=\"http:\/\/rakosliget.hu\/szemelyek\/blum.jpg\"><img loading=\"lazy\" decoding=\"async\" class=\"alignnone size-full wp-image-836\" src=\"http:\/\/rakosliget.hu\/wordpress\/wp-content\/uploads\/2018\/03\/blum.jpg\" alt=\"\" width=\"108\" height=\"145\"><\/a><\/figure><\/h1>\n\n\n\n<h1 class=\"wp-block-heading has-text-align-center\"><figure><img loading=\"lazy\" decoding=\"async\" class=\"alignnone wp-image-838 size-full\" src=\"http:\/\/rakosliget.hu\/wordpress\/wp-content\/uploads\/2018\/03\/blum-orvosi-oklevel.jpg\" alt=\"\" width=\"400\" height=\"233\" srcset=\"https:\/\/rakosliget.hu\/wordpress\/wp-content\/uploads\/2018\/03\/blum-orvosi-oklevel.jpg 400w, https:\/\/rakosliget.hu\/wordpress\/wp-content\/uploads\/2018\/03\/blum-orvosi-oklevel-300x175.jpg 300w\" sizes=\"auto, (max-width: 400px) 100vw, 400px\" \/><\/figure><\/h1>\n\n\n\n<p>M\u0171k\u00f6d\u00e9si enged\u00e9lye 1919-b\u0151l<\/p>\n\n\n\n<p>A DUN\u00c1NT\u00daLI REFORM\u00c1TUS EGYH\u00c1ZKER\u00dcLET P\u00c1PAI F\u0150ISKOL\u00c1J\u00c1NAK \u00c9RTES\u00cdT\u0150JE AZ 1925\u201426.<\/p>\n\n\n\n<p>Az 1926 j\u00fanius 20-\u00e1n tartott tizen\u00f6t \u00e9ves tal\u00e1lkoz\u00f3n az 1911. \u00e9v j\u00fanius hav\u00e1ban \u00e9retts\u00e9giz\u0151k k\u00f6z\u00fcl megjelentek: dr. Blum Lajos orvos (R\u00e1kosliget)<\/p>\n\n\n\n<p>A DUN\u00c1NT\u00daLI REFORM\u00c1TUS EGYH\u00c1ZKER\u00dcLET P\u00c1PAI F\u0150ISKOL\u00c1J\u00c1NAK \u00c9RTES\u00cdT\u0150JE AZ 1935\u201436. ISKOLAI \u00c9VR\u0150L.<\/p>\n\n\n\n<p>25 \u00e9ves tal\u00e1lkoz\u00f3k: dr. Blum Lajos orvos \u00e9s neje R\u00e1kosliget.<\/p>\n\n\n\n<p>A R\u00e1kosligeti Atl\u00e9tikai Club (RAC) eln\u00f6ke.<img loading=\"lazy\" decoding=\"async\" class=\"alignnone size-medium wp-image-16925\" src=\"https:\/\/rakosliget.hu\/wordpress\/wp-content\/uploads\/2025\/03\/Zuber-Ferenc-szerk.-Magyar-sport-almanach-1929-Budapest-1930-400.-oldal-2-300x157.jpg\" alt=\"\" width=\"300\" height=\"157\" srcset=\"https:\/\/rakosliget.hu\/wordpress\/wp-content\/uploads\/2025\/03\/Zuber-Ferenc-szerk.-Magyar-sport-almanach-1929-Budapest-1930-400.-oldal-2-300x157.jpg 300w, https:\/\/rakosliget.hu\/wordpress\/wp-content\/uploads\/2025\/03\/Zuber-Ferenc-szerk.-Magyar-sport-almanach-1929-Budapest-1930-400.-oldal-2.jpg 759w\" sizes=\"auto, (max-width: 300px) 100vw, 300px\" \/><\/p>\n\n\n\n<p>1929-ben m\u00e9g R\u00e1kosliget k\u00f6rzeti orvosa. (Forr\u00e1s: Magyarorsz\u00e1g tiszti c\u00edm- \u00e9s n\u00e9vt\u00e1ra &#8211; 40. \u00e9vfolyam, 1929)<\/p>\n\n\n\n<p>1939. augusztust\u00f3l K\u00e9pvisel\u0151-test\u00fcleti tag az \u00e9rv\u00e9nyben l\u00e9v\u0151 zsid\u00f3 t\u00f6rv\u00e9ny ellen\u00e9re.<\/p>\n\n\n\n<p>A r\u00e1kosligeti izraelita hitk\u00f6zs\u00e9g eln\u00f6ke 1935-t\u0151l.<\/p>\n\n\n\n<p>1944-ben deport\u00e1lt\u00e1k, soha t\u00f6bb\u00e9 nem t\u00e9rt haza.<\/p>\n\n\n\n<figure class=\"wp-block-image\"><img loading=\"lazy\" decoding=\"async\" width=\"620\" height=\"794\" src=\"http:\/\/rakosliget.hu\/wordpress\/wp-content\/uploads\/2018\/03\/Bakonyi-Lajos-yad-vashem.jpg\" alt=\"\" class=\"wp-image-839\" srcset=\"https:\/\/rakosliget.hu\/wordpress\/wp-content\/uploads\/2018\/03\/Bakonyi-Lajos-yad-vashem.jpg 620w, https:\/\/rakosliget.hu\/wordpress\/wp-content\/uploads\/2018\/03\/Bakonyi-Lajos-yad-vashem-234x300.jpg 234w\" sizes=\"auto, (max-width: 620px) 100vw, 620px\" \/><\/figure>\n\n\n\n<p><\/p>\n","protected":false},"excerpt":{"rendered":"<p>&nbsp; M\u0171k\u00f6d\u00e9si enged\u00e9lye 1919-b\u0151l A DUN\u00c1NT\u00daLI REFORM\u00c1TUS EGYH\u00c1ZKER\u00dcLET P\u00c1PAI F\u0150ISKOL\u00c1J\u00c1NAK \u00c9RTES\u00cdT\u0150JE AZ 1925\u201426. Az 1926 j\u00fanius 20-\u00e1n tartott tizen\u00f6t \u00e9ves tal\u00e1lkoz\u00f3n az 1911. \u00e9v j\u00fanius hav\u00e1ban \u00e9retts\u00e9giz\u0151k k\u00f6z\u00fcl megjelentek: dr. Blum Lajos orvos (R\u00e1kosliget) A DUN\u00c1NT\u00daLI REFORM\u00c1TUS EGYH\u00c1ZKER\u00dcLET P\u00c1PAI F\u0150ISKOL\u00c1J\u00c1NAK \u00c9RTES\u00cdT\u0150JE AZ 1935\u201436. ISKOLAI \u00c9VR\u0150L. 25 \u00e9ves tal\u00e1lkoz\u00f3k: dr. Blum Lajos orvos \u00e9s neje R\u00e1kosliget. &hellip; <a href=\"https:\/\/rakosliget.hu\/wordpress\/index.php\/834-2\/\" class=\"more-link\"><span class=\"screen-reader-text\">Blum (Bakonyi) Lajos dr. orvos<\/span> r\u00e9szletei&#8230;<\/a><\/p>\n","protected":false},"author":1,"featured_media":0,"parent":0,"menu_order":0,"comment_status":"closed","ping_status":"closed","template":"","meta":{"footnotes":""},"class_list":["post-834","page","type-page","status-publish","hentry"],"_links":{"self":[{"href":"https:\/\/rakosliget.hu\/wordpress\/index.php\/wp-json\/wp\/v2\/pages\/834","targetHints":{"allow":["GET"]}}],"collection":[{"href":"https:\/\/rakosliget.hu\/wordpress\/index.php\/wp-json\/wp\/v2\/pages"}],"about":[{"href":"https:\/\/rakosliget.hu\/wordpress\/index.php\/wp-json\/wp\/v2\/types\/page"}],"author":[{"embeddable":true,"href":"https:\/\/rakosliget.hu\/wordpress\/index.php\/wp-json\/wp\/v2\/users\/1"}],"replies":[{"embeddable":true,"href":"https:\/\/rakosliget.hu\/wordpress\/index.php\/wp-json\/wp\/v2\/comments?post=834"}],"version-history":[{"count":10,"href":"https:\/\/rakosliget.hu\/wordpress\/index.php\/wp-json\/wp\/v2\/pages\/834\/revisions"}],"predecessor-version":[{"id":18425,"href":"https:\/\/rakosliget.hu\/wordpress\/index.php\/wp-json\/wp\/v2\/pages\/834\/revisions\/18425"}],"wp:attachment":[{"href":"https:\/\/rakosliget.hu\/wordpress\/index.php\/wp-json\/wp\/v2\/media?parent=834"}],"curies":[{"name":"wp","href":"https:\/\/api.w.org\/{rel}","templated":true}]}}