{"id":831,"date":"2018-03-20T05:36:20","date_gmt":"2018-03-20T04:36:20","guid":{"rendered":"http:\/\/rakosliget.hu\/wordpress\/?page_id=831"},"modified":"2023-04-05T18:50:18","modified_gmt":"2023-04-05T17:50:18","slug":"bitay-gyula","status":"publish","type":"page","link":"https:\/\/rakosliget.hu\/wordpress\/index.php\/bitay-gyula\/","title":{"rendered":"Bitay Gyula"},"content":{"rendered":"<p><span style=\"color: revert; font-size: 35px; font-weight: bold;\">(Sepsiszentgy\u00f6rgy 1901. \u00e1prilis 12. &#8211; Littorla 1932. m\u00e1jus 21.)<\/span><\/p>\n<p><span style=\"color: revert; font-size: 29px; font-weight: bold;\">Rep\u00fcl\u0151tiszt<\/span><\/p>\n<center>\n<p align=\"left\">&#8222;1921-ben v\u00e9gezte el a Ludovika Akad\u00e9mi\u00e1t, hadnaggy\u00e1 avat\u00e1sa ut\u00e1n \u00e1thelyezt\u00e9k az 5. honv\u00e9g gyalogezred III. z\u00e1szl\u00f3alj\u00e1hoz. K\u0151szegen, majd Sopronban szolg\u00e1lt. 1928-ban \u00f6nk\u00e9nt jelentkezett rep\u00fcl\u0151 megfigyel\u0151 tiszti kik\u00e9pz\u00e9sre, amelyet Sz\u00e9kesfeh\u00e9rv\u00e1ron v\u00e9gzett el. 1929-ben \u00e1thelyezt\u00e9k Budapest- M\u00e1ty\u00e1sf\u00f6ldre, ahol a polg\u00e1ri l\u00e9gi forgalomban mint r\u00e1di\u00f3s ir\u00e1ny\u00edt\u00f3tiszt dolgozott. 1931-ben l\u00e9ptett\u00e9k el\u0151 sz\u00e1zadoss\u00e1. 1932. m\u00e1jus 21-\u00e9n az \u00f3ce\u00e1nrep\u00fcl\u0151k r\u00f3mai kongresszus\u00e1ra Endresz Gy\u00f6rgy k\u00eds\u00e9r\u0151jek\u00e9nt mint r\u00e1di\u00f3stisztet osztott\u00e1k be. K\u00f6zvetlen\u00fcl a lesz\u00e1ll\u00e1s el\u0151tt a g\u00e9p kigyulladt, mindketten meghaltak. A Bitay csal\u00e1d az 1930-as \u00e9vekben R\u00e1kosligeten lakott, a XI. utc\u00e1ban.&#8221;<\/p>\n<p align=\"left\"><em>Forr\u00e1s: Dr. Domb\u00f3v\u00e1ri Antal &#8211; Dallos Zsuzsanna: T\u00f6rt\u00e9nelmi arck\u00e9pcsarnok. portr\u00e9k a XVII. ker\u00fclet t\u00f6rt\u00e9net\u00e9b\u0151l. IV. k\u00f6tet. 1997. 2. oldal<\/em><\/p>\n<p>\u00a0<\/p>\n<p>\u00a0<\/p>\n<\/center>\n<p>\u00a0<\/p>\n\n\n<p>Endreszr\u0151l \u00e9s Bitayr\u00f3l nevezik el az \u00faj miskolci rep\u00fcl\u0151teret!<br>Miskolc v\u00e1ros legut\u00f3bbi k\u00f6zgy\u0171l\u00e9s\u00e9n elhat\u00e1rozt\u00e1k, hogy a most \u00e9p\u00fcl\u0151 \u00faj miskolci rep\u00fcl\u0151teret \u201e Endresz \u00e9s Bitay-rep\u00fcl\u0151t\u00e9r\u2018&#8217;-nek nevezik el \u00e9s eml\u00e9k\u00fcket az \u00e9p\u00fcl\u0151 hang\u00e1r fal\u00e1ban elhelyezend\u0151 t\u00e1bl\u00e1val \u00f6r\u00f6k\u00edtik meg. (<em>Forr\u00e1s: Magyar H\u00e9tf\u0151 1932. j\u00fanius 6.)<\/em><\/p>\n","protected":false},"excerpt":{"rendered":"<p>(Sepsiszentgy\u00f6rgy 1901. \u00e1prilis 12. &#8211; Littorla 1932. m\u00e1jus 21.) Rep\u00fcl\u0151tiszt &#8222;1921-ben v\u00e9gezte el a Ludovika Akad\u00e9mi\u00e1t, hadnaggy\u00e1 avat\u00e1sa ut\u00e1n \u00e1thelyezt\u00e9k az 5. honv\u00e9g gyalogezred III. z\u00e1szl\u00f3alj\u00e1hoz. K\u0151szegen, majd Sopronban szolg\u00e1lt. 1928-ban \u00f6nk\u00e9nt jelentkezett rep\u00fcl\u0151 megfigyel\u0151 tiszti kik\u00e9pz\u00e9sre, amelyet Sz\u00e9kesfeh\u00e9rv\u00e1ron v\u00e9gzett el. 1929-ben \u00e1thelyezt\u00e9k Budapest- M\u00e1ty\u00e1sf\u00f6ldre, ahol a polg\u00e1ri l\u00e9gi forgalomban mint r\u00e1di\u00f3s ir\u00e1ny\u00edt\u00f3tiszt dolgozott. 1931-ben &hellip; <a href=\"https:\/\/rakosliget.hu\/wordpress\/index.php\/bitay-gyula\/\" class=\"more-link\"><span class=\"screen-reader-text\">Bitay Gyula<\/span> r\u00e9szletei&#8230;<\/a><\/p>\n","protected":false},"author":1,"featured_media":0,"parent":0,"menu_order":0,"comment_status":"closed","ping_status":"closed","template":"","meta":{"footnotes":""},"class_list":["post-831","page","type-page","status-publish","hentry"],"_links":{"self":[{"href":"https:\/\/rakosliget.hu\/wordpress\/index.php\/wp-json\/wp\/v2\/pages\/831","targetHints":{"allow":["GET"]}}],"collection":[{"href":"https:\/\/rakosliget.hu\/wordpress\/index.php\/wp-json\/wp\/v2\/pages"}],"about":[{"href":"https:\/\/rakosliget.hu\/wordpress\/index.php\/wp-json\/wp\/v2\/types\/page"}],"author":[{"embeddable":true,"href":"https:\/\/rakosliget.hu\/wordpress\/index.php\/wp-json\/wp\/v2\/users\/1"}],"replies":[{"embeddable":true,"href":"https:\/\/rakosliget.hu\/wordpress\/index.php\/wp-json\/wp\/v2\/comments?post=831"}],"version-history":[{"count":5,"href":"https:\/\/rakosliget.hu\/wordpress\/index.php\/wp-json\/wp\/v2\/pages\/831\/revisions"}],"predecessor-version":[{"id":11536,"href":"https:\/\/rakosliget.hu\/wordpress\/index.php\/wp-json\/wp\/v2\/pages\/831\/revisions\/11536"}],"wp:attachment":[{"href":"https:\/\/rakosliget.hu\/wordpress\/index.php\/wp-json\/wp\/v2\/media?parent=831"}],"curies":[{"name":"wp","href":"https:\/\/api.w.org\/{rel}","templated":true}]}}