{"id":8256,"date":"2020-11-26T05:59:01","date_gmt":"2020-11-26T04:59:01","guid":{"rendered":"http:\/\/rakosliget.hu\/wordpress\/?page_id=8256"},"modified":"2020-12-18T18:11:05","modified_gmt":"2020-12-18T17:11:05","slug":"jacobi-agost","status":"publish","type":"page","link":"https:\/\/rakosliget.hu\/wordpress\/index.php\/jacobi-agost\/","title":{"rendered":"JACOBI \u00c1GOST"},"content":{"rendered":"\n<p><em>Az oldal indult: 2020. 11. 25.<\/em><\/p>\n\n\n\n<p>Jacobi \u00c1gost ny. \u00e1. ut\u00e1szezredes (R\u00e1kosliget). *1881 Segesv\u00e1r. <br>1900-ban v\u00e9gezte a hainburgi ut\u00e1sz hadapr\u00f3diskol\u00e1t \u00e9s mint z\u00e1szl\u00f3s a 4. pettaui ut\u00e1szz\u00e1szl\u00f3aljhoz nyert beoszt\u00e1st. 1902-ben k\u00e9tszeres \u00e9letment\u00e9s\u00e9rt a katonai \u00c9rdemkeresztet kapta. 1906\u201408-ig a torna- \u00e9s v\u00edv\u00f3tanfolyamot v\u00e9gezte B\u00e9cs\u00fajhelyi, ahonnan mint sporttan\u00e1r \u00e9s oktat\u00f3tiszt a m\u00f6dlingi akad\u00e9mi\u00e1ra ker\u00fclt. Itt 5 \u00e9vig m\u0171k\u00f6d\u00f6tt \u00e9s a Signum Laudis-sal lett kit\u00fcntetve. <br>1914-ben mint f\u0151hadnagy-sz\u00e1zadparancsnok a 2.\/5. pozsonyi sz\u00e1zaddal a szerb harct\u00e9rre ker\u00fclt (Sabac, Jarak, Kolubara, Lukavica \u00e9s Belgr\u00e1d). <br>1915-ben el\u0151k\u00e9sz\u00edt\u0151 munk\u00e1k a Duna-\u00e1tkel\u00e9sre (Kornfeld-\u00e1tt\u00f6r\u00e9s, stb.) \u00e9s az \u00e1tkel\u00e9s v\u00e9grehajt\u00e1sa (Pal\u00e1nk-R\u00e1m, B\u00e1zi\u00e1s \u00e9s Orsova). Folytat\u00f3lag a legk\u00fcl\u00f6nb\u00f6z\u0151bb m\u0171szaki munk\u00e1k Bulg\u00e1ri\u00e1ban (Lom-Palanka, Sistov, Rustsuk, stb.). <br>1916-ban d\u00e9l-tiroli offenz\u00edva Asiagon\u00e1l (Verle-er\u0151d \u2014Mte. Meata\u2014Roana). 1916 szeptember\u00e9ben s\u00falyosan oper\u00e1lva, ut\u00e1na janu\u00e1rt\u00f3l ol\u00e1h harct\u00e9r (a Szeret ment\u00e9n). <br>1917 12. Isonz\u00f3-csata, \u00e1tt\u00f6r\u00e9s Auzz\u00e1n\u00e1l \u00e9s el\u0151nyomul\u00e1s a Piav\u00e9ig. Itt a 29. hadoszt\u00e1ly szakasz\u00e1ban \u00e1ll\u00e1sharc 1917 december v\u00e9g\u00e9ig. 36 h\u00f3napi sz\u00e1zadparanoki m\u0171k\u00f6d\u00e9s ut\u00e1n 1918 m\u00e1jusig az 1. lovas hadoszt\u00e1lyn\u00e1l a Piave torkolatban mint m\u0171szaki parancsnok. <br>1918 m\u00e1jus\u00e1ban \u00e1thelyezve a XVI. hadtesthez mint a tervbe vett, er\u0151szakos Piave-\u00e1tkel\u00e9s m\u0171szaki vezet\u0151je a Papadopoli szigeten. A Piave-csata ut\u00e1n a m\u00f6dlingi Akad\u00e9mi\u00e1ba ker\u00fclt mint a m\u0171szaki sz\u00e1zad parancsnoka. <br>Kit\u00fcntet\u00e9sei: Lip\u00f3t rend lovagkereszt a kardokkal, III. o. VKR. a X, HL o. K\u00c9K. a X, K\u00c9K. h\u00e1bor\u00fa el\u0151tti, \u00a7 a X, \u00d6 a s&lt; , \u00edr?, tg&gt;, n\u00e9met Vaskereszt, t\u00f6r\u00f6k Vasf\u00e9lhold. Neje: hadh\u00e1zi Gy\u00f6rffy Margit.<br>Forr\u00e1s: MAGYAR M\u0170SZAKI PARANCSNOKS\u00c1GOK, CSAPATOK \u00c9S ALAKULATOK A VIL\u00c1GH\u00c1BOR\u00daBAN, Jacobi \u00c1gost szerk. Budapest, 1938 <\/p>\n\n\n\n<p><\/p>\n\n\n\n<p><\/p>\n","protected":false},"excerpt":{"rendered":"<p>Az oldal indult: 2020. 11. 25. Jacobi \u00c1gost ny. \u00e1. ut\u00e1szezredes (R\u00e1kosliget). *1881 Segesv\u00e1r. 1900-ban v\u00e9gezte a hainburgi ut\u00e1sz hadapr\u00f3diskol\u00e1t \u00e9s mint z\u00e1szl\u00f3s a 4. pettaui ut\u00e1szz\u00e1szl\u00f3aljhoz nyert beoszt\u00e1st. 1902-ben k\u00e9tszeres \u00e9letment\u00e9s\u00e9rt a katonai \u00c9rdemkeresztet kapta. 1906\u201408-ig a torna- \u00e9s v\u00edv\u00f3tanfolyamot v\u00e9gezte B\u00e9cs\u00fajhelyi, ahonnan mint sporttan\u00e1r \u00e9s oktat\u00f3tiszt a m\u00f6dlingi akad\u00e9mi\u00e1ra ker\u00fclt. Itt 5 \u00e9vig &hellip; <a href=\"https:\/\/rakosliget.hu\/wordpress\/index.php\/jacobi-agost\/\" class=\"more-link\"><span class=\"screen-reader-text\">JACOBI \u00c1GOST<\/span> r\u00e9szletei&#8230;<\/a><\/p>\n","protected":false},"author":1,"featured_media":8277,"parent":0,"menu_order":0,"comment_status":"closed","ping_status":"closed","template":"","meta":{"footnotes":""},"class_list":["post-8256","page","type-page","status-publish","has-post-thumbnail","hentry"],"_links":{"self":[{"href":"https:\/\/rakosliget.hu\/wordpress\/index.php\/wp-json\/wp\/v2\/pages\/8256","targetHints":{"allow":["GET"]}}],"collection":[{"href":"https:\/\/rakosliget.hu\/wordpress\/index.php\/wp-json\/wp\/v2\/pages"}],"about":[{"href":"https:\/\/rakosliget.hu\/wordpress\/index.php\/wp-json\/wp\/v2\/types\/page"}],"author":[{"embeddable":true,"href":"https:\/\/rakosliget.hu\/wordpress\/index.php\/wp-json\/wp\/v2\/users\/1"}],"replies":[{"embeddable":true,"href":"https:\/\/rakosliget.hu\/wordpress\/index.php\/wp-json\/wp\/v2\/comments?post=8256"}],"version-history":[{"count":4,"href":"https:\/\/rakosliget.hu\/wordpress\/index.php\/wp-json\/wp\/v2\/pages\/8256\/revisions"}],"predecessor-version":[{"id":8823,"href":"https:\/\/rakosliget.hu\/wordpress\/index.php\/wp-json\/wp\/v2\/pages\/8256\/revisions\/8823"}],"wp:featuredmedia":[{"embeddable":true,"href":"https:\/\/rakosliget.hu\/wordpress\/index.php\/wp-json\/wp\/v2\/media\/8277"}],"wp:attachment":[{"href":"https:\/\/rakosliget.hu\/wordpress\/index.php\/wp-json\/wp\/v2\/media?parent=8256"}],"curies":[{"name":"wp","href":"https:\/\/api.w.org\/{rel}","templated":true}]}}