{"id":8197,"date":"2020-11-25T13:33:04","date_gmt":"2020-11-25T12:33:04","guid":{"rendered":"http:\/\/rakosliget.hu\/wordpress\/?page_id=8197"},"modified":"2026-01-24T06:10:56","modified_gmt":"2026-01-24T05:10:56","slug":"nepmuveles","status":"publish","type":"page","link":"https:\/\/rakosliget.hu\/wordpress\/index.php\/nepmuveles\/","title":{"rendered":"N\u00c9PM\u0170VEL\u00c9S"},"content":{"rendered":"\n<p><em>Az oldal indult: 2020. 11. 25.<\/em><\/p>\n\n\n\n<h4 class=\"wp-block-heading\">1910 K\u00f6nyvt\u00e1rak fel\u00e1ll\u00edt\u00e1sa<\/h4>\n\n\n\n<div class=\"wp-block-media-text alignwide is-stacked-on-mobile\"><figure class=\"wp-block-media-text__media\"><a href=\"http:\/\/rakosliget.hu\/wordpress\/wp-content\/uploads\/2020\/11\/konyvtar-1910.jpg\"><img loading=\"lazy\" decoding=\"async\" width=\"958\" height=\"216\" src=\"http:\/\/rakosliget.hu\/wordpress\/wp-content\/uploads\/2020\/11\/konyvtar-1910.jpg\" alt=\"\" class=\"wp-image-8253\" srcset=\"https:\/\/rakosliget.hu\/wordpress\/wp-content\/uploads\/2020\/11\/konyvtar-1910.jpg 958w, https:\/\/rakosliget.hu\/wordpress\/wp-content\/uploads\/2020\/11\/konyvtar-1910-300x68.jpg 300w, https:\/\/rakosliget.hu\/wordpress\/wp-content\/uploads\/2020\/11\/konyvtar-1910-768x173.jpg 768w\" sizes=\"auto, (max-width: 958px) 100vw, 958px\" \/><\/a><\/figure><div class=\"wp-block-media-text__content\">\n\n<p>M\u00fazeumi K\u00f6nyvt\u00e1ri \u00c9rtes\u00edt\u0151_1910__pages 268-270<\/p>\n\n<\/div><\/div>\n\n\n\n<p><\/p>\n\n\n\n<figure class=\"wp-block-image size-large\"><a href=\"http:\/\/rakosliget.hu\/wordpress\/wp-content\/uploads\/2020\/11\/nepmuveles-1-scaled.jpg\"><img loading=\"lazy\" decoding=\"async\" width=\"1024\" height=\"171\" src=\"http:\/\/rakosliget.hu\/wordpress\/wp-content\/uploads\/2020\/11\/nepmuveles-1-1024x171.jpg\" alt=\"\" class=\"wp-image-8199\" srcset=\"https:\/\/rakosliget.hu\/wordpress\/wp-content\/uploads\/2020\/11\/nepmuveles-1-1024x171.jpg 1024w, https:\/\/rakosliget.hu\/wordpress\/wp-content\/uploads\/2020\/11\/nepmuveles-1-300x50.jpg 300w, https:\/\/rakosliget.hu\/wordpress\/wp-content\/uploads\/2020\/11\/nepmuveles-1-768x128.jpg 768w, https:\/\/rakosliget.hu\/wordpress\/wp-content\/uploads\/2020\/11\/nepmuveles-1-1536x256.jpg 1536w, https:\/\/rakosliget.hu\/wordpress\/wp-content\/uploads\/2020\/11\/nepmuveles-1-2048x341.jpg 2048w\" sizes=\"auto, (max-width: 1024px) 100vw, 1024px\" \/><\/a><\/figure>\n\n\n\n<figure class=\"wp-block-image size-large\"><a href=\"http:\/\/rakosliget.hu\/wordpress\/wp-content\/uploads\/2020\/11\/nepmuveles-2-scaled.jpg\"><img loading=\"lazy\" decoding=\"async\" width=\"1024\" height=\"183\" src=\"http:\/\/rakosliget.hu\/wordpress\/wp-content\/uploads\/2020\/11\/nepmuveles-2-1024x183.jpg\" alt=\"\" class=\"wp-image-8200\" srcset=\"https:\/\/rakosliget.hu\/wordpress\/wp-content\/uploads\/2020\/11\/nepmuveles-2-1024x183.jpg 1024w, https:\/\/rakosliget.hu\/wordpress\/wp-content\/uploads\/2020\/11\/nepmuveles-2-300x54.jpg 300w, https:\/\/rakosliget.hu\/wordpress\/wp-content\/uploads\/2020\/11\/nepmuveles-2-768x138.jpg 768w, https:\/\/rakosliget.hu\/wordpress\/wp-content\/uploads\/2020\/11\/nepmuveles-2-1536x275.jpg 1536w, https:\/\/rakosliget.hu\/wordpress\/wp-content\/uploads\/2020\/11\/nepmuveles-2-2048x367.jpg 2048w\" sizes=\"auto, (max-width: 1024px) 100vw, 1024px\" \/><\/a><figcaption class=\"wp-element-caption\">Iskol\u00e1n k\u00edv\u00fcli n\u00e9pm\u0171vel\u00e9s 1935<\/figcaption><\/figure>\n\n\n\n<p><a href=\"https:\/\/rakosliget.hu\/wordpress\/index.php\/nepszinmu-palyazat\/\">N\u00e9psz\u00ednm\u0171 p\u00e1ly\u00e1zat<\/a> 1923<\/p>\n","protected":false},"excerpt":{"rendered":"<p>Az oldal indult: 2020. 11. 25. 1910 K\u00f6nyvt\u00e1rak fel\u00e1ll\u00edt\u00e1sa M\u00fazeumi K\u00f6nyvt\u00e1ri \u00c9rtes\u00edt\u0151_1910__pages 268-270 N\u00e9psz\u00ednm\u0171 p\u00e1ly\u00e1zat 1923<\/p>\n","protected":false},"author":1,"featured_media":0,"parent":0,"menu_order":0,"comment_status":"closed","ping_status":"closed","template":"","meta":{"footnotes":""},"class_list":["post-8197","page","type-page","status-publish","hentry"],"_links":{"self":[{"href":"https:\/\/rakosliget.hu\/wordpress\/index.php\/wp-json\/wp\/v2\/pages\/8197","targetHints":{"allow":["GET"]}}],"collection":[{"href":"https:\/\/rakosliget.hu\/wordpress\/index.php\/wp-json\/wp\/v2\/pages"}],"about":[{"href":"https:\/\/rakosliget.hu\/wordpress\/index.php\/wp-json\/wp\/v2\/types\/page"}],"author":[{"embeddable":true,"href":"https:\/\/rakosliget.hu\/wordpress\/index.php\/wp-json\/wp\/v2\/users\/1"}],"replies":[{"embeddable":true,"href":"https:\/\/rakosliget.hu\/wordpress\/index.php\/wp-json\/wp\/v2\/comments?post=8197"}],"version-history":[{"count":6,"href":"https:\/\/rakosliget.hu\/wordpress\/index.php\/wp-json\/wp\/v2\/pages\/8197\/revisions"}],"predecessor-version":[{"id":22175,"href":"https:\/\/rakosliget.hu\/wordpress\/index.php\/wp-json\/wp\/v2\/pages\/8197\/revisions\/22175"}],"wp:attachment":[{"href":"https:\/\/rakosliget.hu\/wordpress\/index.php\/wp-json\/wp\/v2\/media?parent=8197"}],"curies":[{"name":"wp","href":"https:\/\/api.w.org\/{rel}","templated":true}]}}