{"id":819,"date":"2018-03-20T05:29:18","date_gmt":"2018-03-20T04:29:18","guid":{"rendered":"http:\/\/rakosliget.hu\/wordpress\/?page_id=819"},"modified":"2023-04-05T18:34:11","modified_gmt":"2023-04-05T17:34:11","slug":"benyi-mihaly","status":"publish","type":"page","link":"https:\/\/rakosliget.hu\/wordpress\/index.php\/benyi-mihaly\/","title":{"rendered":"B\u00e9nyi Mih\u00e1ly"},"content":{"rendered":"<h1 align=\"left\"><span data-canvas-width=\"224.0183064003195\">(Valk\u00f3, 1913)<\/span><\/h1>\n<h2 align=\"left\">R\u00e1kosliget <span data-canvas-width=\"309.54186539153585\">ve<\/span><span data-canvas-width=\"188.6387708006389\">zet\u0151jegyz\u0151<\/span>je<\/h2>\n<p align=\"left\">\n<p align=\"left\"><span data-canvas-width=\"224.0183064003195\"> 1945-<\/span><span data-canvas-width=\"314.31861144184205\">t\u0151l Valk\u00f3n seg\u00e9djegyz\u0151, 1946-1947-ben <\/span><span data-canvas-width=\"309.54186539153585\">R\u00e1kosligeten, 1947-1950-ben Valk\u00f3n ve<\/span><span data-canvas-width=\"188.6387708006389\">zet\u0151jegyz\u0151. Nyugd\u00edjas. <\/span><\/p>\n","protected":false},"excerpt":{"rendered":"<p>(Valk\u00f3, 1913) R\u00e1kosliget vezet\u0151jegyz\u0151je 1945-t\u0151l Valk\u00f3n seg\u00e9djegyz\u0151, 1946-1947-ben R\u00e1kosligeten, 1947-1950-ben Valk\u00f3n vezet\u0151jegyz\u0151. Nyugd\u00edjas.<\/p>\n","protected":false},"author":1,"featured_media":0,"parent":0,"menu_order":0,"comment_status":"closed","ping_status":"closed","template":"","meta":{"footnotes":""},"class_list":["post-819","page","type-page","status-publish","hentry"],"_links":{"self":[{"href":"https:\/\/rakosliget.hu\/wordpress\/index.php\/wp-json\/wp\/v2\/pages\/819","targetHints":{"allow":["GET"]}}],"collection":[{"href":"https:\/\/rakosliget.hu\/wordpress\/index.php\/wp-json\/wp\/v2\/pages"}],"about":[{"href":"https:\/\/rakosliget.hu\/wordpress\/index.php\/wp-json\/wp\/v2\/types\/page"}],"author":[{"embeddable":true,"href":"https:\/\/rakosliget.hu\/wordpress\/index.php\/wp-json\/wp\/v2\/users\/1"}],"replies":[{"embeddable":true,"href":"https:\/\/rakosliget.hu\/wordpress\/index.php\/wp-json\/wp\/v2\/comments?post=819"}],"version-history":[{"count":4,"href":"https:\/\/rakosliget.hu\/wordpress\/index.php\/wp-json\/wp\/v2\/pages\/819\/revisions"}],"predecessor-version":[{"id":11533,"href":"https:\/\/rakosliget.hu\/wordpress\/index.php\/wp-json\/wp\/v2\/pages\/819\/revisions\/11533"}],"wp:attachment":[{"href":"https:\/\/rakosliget.hu\/wordpress\/index.php\/wp-json\/wp\/v2\/media?parent=819"}],"curies":[{"name":"wp","href":"https:\/\/api.w.org\/{rel}","templated":true}]}}