{"id":8129,"date":"2020-11-24T15:02:06","date_gmt":"2020-11-24T14:02:06","guid":{"rendered":"http:\/\/rakosliget.hu\/wordpress\/?page_id=8129"},"modified":"2025-03-07T13:05:01","modified_gmt":"2025-03-07T12:05:01","slug":"ipartestuletek-lapja","status":"publish","type":"page","link":"https:\/\/rakosliget.hu\/wordpress\/index.php\/ipartestuletek-lapja\/","title":{"rendered":"IPARTEST\u00dcLETEK LAPJA"},"content":{"rendered":"\n<p><a href=\"https:\/\/rakosliget.hu\/wordpress\/index.php\/rakosliget-a-korabeli-hirekben\/\">Vissza a SAJT\u00d3H\u00cdREK lapra<\/a><\/p>\n\n\n\n<p><em>Az oldal indult: 2020.11.24.<\/em><\/p>\n\n\n\n<p>Ugr\u00e1s az \u00e9vk\u00f6rre:   <a href=\"#1933\">1933<\/a>   <a href=\"#1934\">1934 <\/a>  <a href=\"#1935\">1935<\/a>   <a href=\"#1936\">1936<\/a>   <a href=\"#1937\">1937<\/a>   <a href=\"#1938\">1938<\/a><\/p>\n\n\n\n<h2 class=\"wp-block-heading\" id=\"1933\">1933<\/h2>\n\n\n\n<div class=\"wp-block-media-text alignwide is-stacked-on-mobile\"><figure class=\"wp-block-media-text__media\"><a href=\"http:\/\/rakosliget.hu\/wordpress\/wp-content\/uploads\/2020\/11\/ipartestulet-1933.jpg\"><img loading=\"lazy\" decoding=\"async\" width=\"567\" height=\"1024\" src=\"http:\/\/rakosliget.hu\/wordpress\/wp-content\/uploads\/2020\/11\/ipartestulet-1933-567x1024.jpg\" alt=\"\" class=\"wp-image-8135 size-full\" srcset=\"https:\/\/rakosliget.hu\/wordpress\/wp-content\/uploads\/2020\/11\/ipartestulet-1933-567x1024.jpg 567w, https:\/\/rakosliget.hu\/wordpress\/wp-content\/uploads\/2020\/11\/ipartestulet-1933-166x300.jpg 166w, https:\/\/rakosliget.hu\/wordpress\/wp-content\/uploads\/2020\/11\/ipartestulet-1933-768x1387.jpg 768w, https:\/\/rakosliget.hu\/wordpress\/wp-content\/uploads\/2020\/11\/ipartestulet-1933-851x1536.jpg 851w, https:\/\/rakosliget.hu\/wordpress\/wp-content\/uploads\/2020\/11\/ipartestulet-1933-1134x2048.jpg 1134w, https:\/\/rakosliget.hu\/wordpress\/wp-content\/uploads\/2020\/11\/ipartestulet-1933.jpg 1278w\" sizes=\"auto, (max-width: 567px) 100vw, 567px\" \/><\/a><\/figure><div class=\"wp-block-media-text__content\">\n<p><strong>1933. m\u00e1rcius 19.<\/strong><br><\/p>\n<\/div><\/div>\n\n\n\n<div class=\"wp-block-media-text alignwide is-stacked-on-mobile\"><figure class=\"wp-block-media-text__media\"><a href=\"http:\/\/rakosliget.hu\/wordpress\/wp-content\/uploads\/2020\/11\/Bernath-Istvan-eloadasa.jpg\"><img loading=\"lazy\" decoding=\"async\" width=\"642\" height=\"524\" src=\"http:\/\/rakosliget.hu\/wordpress\/wp-content\/uploads\/2020\/11\/Bernath-Istvan-eloadasa.jpg\" alt=\"\" class=\"wp-image-8136 size-full\" srcset=\"https:\/\/rakosliget.hu\/wordpress\/wp-content\/uploads\/2020\/11\/Bernath-Istvan-eloadasa.jpg 642w, https:\/\/rakosliget.hu\/wordpress\/wp-content\/uploads\/2020\/11\/Bernath-Istvan-eloadasa-300x245.jpg 300w\" sizes=\"auto, (max-width: 642px) 100vw, 642px\" \/><\/a><\/figure><div class=\"wp-block-media-text__content\">\n<p><strong>1933. m\u00e1rcius 19.<\/strong><br>Bern\u00e1th Istv\u00e1n polg\u00e1ri iskolai tan\u00e1r el\u0151ad\u00e1sa.<\/p>\n<\/div><\/div>\n\n\n\n<div class=\"wp-block-media-text alignwide is-stacked-on-mobile\"><figure class=\"wp-block-media-text__media\"><a href=\"http:\/\/rakosliget.hu\/wordpress\/wp-content\/uploads\/2020\/11\/IPOSZ-vezetoseg.jpg\"><img loading=\"lazy\" decoding=\"async\" width=\"1024\" height=\"132\" src=\"http:\/\/rakosliget.hu\/wordpress\/wp-content\/uploads\/2020\/11\/IPOSZ-vezetoseg-1024x132.jpg\" alt=\"\" class=\"wp-image-8138 size-full\" srcset=\"https:\/\/rakosliget.hu\/wordpress\/wp-content\/uploads\/2020\/11\/IPOSZ-vezetoseg-1024x132.jpg 1024w, https:\/\/rakosliget.hu\/wordpress\/wp-content\/uploads\/2020\/11\/IPOSZ-vezetoseg-300x39.jpg 300w, https:\/\/rakosliget.hu\/wordpress\/wp-content\/uploads\/2020\/11\/IPOSZ-vezetoseg-768x99.jpg 768w, https:\/\/rakosliget.hu\/wordpress\/wp-content\/uploads\/2020\/11\/IPOSZ-vezetoseg.jpg 1245w\" sizes=\"auto, (max-width: 1024px) 100vw, 1024px\" \/><\/a><\/figure><div class=\"wp-block-media-text__content\">\n<p><strong>1933. december 10.<\/strong><br>IPOSZ vezet\u0151s\u00e9g.<\/p>\n<\/div><\/div>\n\n\n\n<h2 class=\"wp-block-heading\" id=\"1934\">1934<\/h2>\n\n\n\n<div class=\"wp-block-media-text alignwide is-stacked-on-mobile\"><figure class=\"wp-block-media-text__media\"><a href=\"http:\/\/rakosliget.hu\/wordpress\/wp-content\/uploads\/2020\/11\/Kellner-halala.jpg\"><img loading=\"lazy\" decoding=\"async\" width=\"631\" height=\"920\" src=\"http:\/\/rakosliget.hu\/wordpress\/wp-content\/uploads\/2020\/11\/Kellner-halala.jpg\" alt=\"\" class=\"wp-image-8140 size-full\" srcset=\"https:\/\/rakosliget.hu\/wordpress\/wp-content\/uploads\/2020\/11\/Kellner-halala.jpg 631w, https:\/\/rakosliget.hu\/wordpress\/wp-content\/uploads\/2020\/11\/Kellner-halala-206x300.jpg 206w\" sizes=\"auto, (max-width: 631px) 100vw, 631px\" \/><\/a><\/figure><div class=\"wp-block-media-text__content\">\n<p><strong>1934. augusztus 19.<\/strong><br>Kellner Andr\u00e1s hal\u00e1la.<\/p>\n<\/div><\/div>\n\n\n\n<h2 class=\"wp-block-heading\" id=\"1935\">1935<\/h2>\n\n\n\n<div class=\"wp-block-media-text alignwide is-stacked-on-mobile\"><figure class=\"wp-block-media-text__media\"><a href=\"http:\/\/rakosliget.hu\/wordpress\/wp-content\/uploads\/2020\/11\/francia.jpg\"><img loading=\"lazy\" decoding=\"async\" width=\"649\" height=\"579\" src=\"http:\/\/rakosliget.hu\/wordpress\/wp-content\/uploads\/2020\/11\/francia.jpg\" alt=\"\" class=\"wp-image-8143 size-full\" srcset=\"https:\/\/rakosliget.hu\/wordpress\/wp-content\/uploads\/2020\/11\/francia.jpg 649w, https:\/\/rakosliget.hu\/wordpress\/wp-content\/uploads\/2020\/11\/francia-300x268.jpg 300w\" sizes=\"auto, (max-width: 649px) 100vw, 649px\" \/><\/a><\/figure><div class=\"wp-block-media-text__content\">\n<p><strong>1935. augusztus 2.<\/strong><br>Ki\u00e1ll\u00edt\u00e1s.<\/p>\n<\/div><\/div>\n\n\n\n<div class=\"wp-block-media-text alignwide is-stacked-on-mobile\"><figure class=\"wp-block-media-text__media\"><a href=\"http:\/\/rakosliget.hu\/wordpress\/wp-content\/uploads\/2020\/11\/zaszloavatas.jpg\"><img loading=\"lazy\" decoding=\"async\" width=\"1024\" height=\"556\" src=\"http:\/\/rakosliget.hu\/wordpress\/wp-content\/uploads\/2020\/11\/zaszloavatas-1024x556.jpg\" alt=\"\" class=\"wp-image-8144 size-full\" srcset=\"https:\/\/rakosliget.hu\/wordpress\/wp-content\/uploads\/2020\/11\/zaszloavatas-1024x556.jpg 1024w, https:\/\/rakosliget.hu\/wordpress\/wp-content\/uploads\/2020\/11\/zaszloavatas-300x163.jpg 300w, https:\/\/rakosliget.hu\/wordpress\/wp-content\/uploads\/2020\/11\/zaszloavatas-768x417.jpg 768w, https:\/\/rakosliget.hu\/wordpress\/wp-content\/uploads\/2020\/11\/zaszloavatas.jpg 1222w\" sizes=\"auto, (max-width: 1024px) 100vw, 1024px\" \/><\/a><\/figure><div class=\"wp-block-media-text__content\">\n<p><strong>1935. november 9.<\/strong><br>Iparosz\u00e1szl\u00f3-avat\u00e1s.<br>Juh\u00e1sz J\u00f3zsefn\u00e9 a z\u00e1szl\u00f3anya.<\/p>\n<\/div><\/div>\n\n\n\n<h2 class=\"wp-block-heading\" id=\"1936\">1936<\/h2>\n\n\n\n<div class=\"wp-block-media-text alignwide is-stacked-on-mobile\"><figure class=\"wp-block-media-text__media\"><a href=\"http:\/\/rakosliget.hu\/wordpress\/wp-content\/uploads\/2020\/11\/kontarharc1.jpg\"><img loading=\"lazy\" decoding=\"async\" width=\"1024\" height=\"876\" src=\"http:\/\/rakosliget.hu\/wordpress\/wp-content\/uploads\/2020\/11\/kontarharc1-1024x876.jpg\" alt=\"\" class=\"wp-image-8146 size-full\" srcset=\"https:\/\/rakosliget.hu\/wordpress\/wp-content\/uploads\/2020\/11\/kontarharc1-1024x876.jpg 1024w, https:\/\/rakosliget.hu\/wordpress\/wp-content\/uploads\/2020\/11\/kontarharc1-300x257.jpg 300w, https:\/\/rakosliget.hu\/wordpress\/wp-content\/uploads\/2020\/11\/kontarharc1-768x657.jpg 768w, https:\/\/rakosliget.hu\/wordpress\/wp-content\/uploads\/2020\/11\/kontarharc1.jpg 1227w\" sizes=\"auto, (max-width: 1024px) 100vw, 1024px\" \/><\/a><\/figure><div class=\"wp-block-media-text__content\">\n<p><strong>1936. m\u00e1jus 2.<\/strong><br>Harc a kont\u00e1rok ellen.<\/p>\n<\/div><\/div>\n\n\n\n<h2 class=\"wp-block-heading\" id=\"1937\">1937<\/h2>\n\n\n\n<div class=\"wp-block-media-text alignwide is-stacked-on-mobile\"><figure class=\"wp-block-media-text__media\"><a href=\"http:\/\/rakosliget.hu\/wordpress\/wp-content\/uploads\/2020\/11\/aramdijak.jpg\"><img loading=\"lazy\" decoding=\"async\" width=\"638\" height=\"312\" src=\"http:\/\/rakosliget.hu\/wordpress\/wp-content\/uploads\/2020\/11\/aramdijak.jpg\" alt=\"\" class=\"wp-image-8148 size-full\" srcset=\"https:\/\/rakosliget.hu\/wordpress\/wp-content\/uploads\/2020\/11\/aramdijak.jpg 638w, https:\/\/rakosliget.hu\/wordpress\/wp-content\/uploads\/2020\/11\/aramdijak-300x147.jpg 300w\" sizes=\"auto, (max-width: 638px) 100vw, 638px\" \/><\/a><\/figure><div class=\"wp-block-media-text__content\">\n<p><strong>1937. m\u00e1rcius 27.<\/strong><br>\u00c1ramd\u00edjak.<\/p>\n<\/div><\/div>\n\n\n\n<div class=\"wp-block-media-text alignwide is-stacked-on-mobile\"><figure class=\"wp-block-media-text__media\"><a href=\"http:\/\/rakosliget.hu\/wordpress\/wp-content\/uploads\/2020\/11\/Ipartestulet-kozpont.jpg\"><img loading=\"lazy\" decoding=\"async\" width=\"626\" height=\"160\" src=\"http:\/\/rakosliget.hu\/wordpress\/wp-content\/uploads\/2020\/11\/Ipartestulet-kozpont.jpg\" alt=\"\" class=\"wp-image-8150 size-full\" srcset=\"https:\/\/rakosliget.hu\/wordpress\/wp-content\/uploads\/2020\/11\/Ipartestulet-kozpont.jpg 626w, https:\/\/rakosliget.hu\/wordpress\/wp-content\/uploads\/2020\/11\/Ipartestulet-kozpont-300x77.jpg 300w\" sizes=\"auto, (max-width: 626px) 100vw, 626px\" \/><\/a><\/figure><div class=\"wp-block-media-text__content\">\n<p><strong>1937. november 27.<\/strong><br><\/p>\n<\/div><\/div>\n\n\n\n<h2 class=\"wp-block-heading\" id=\"1938\">1938<\/h2>\n\n\n\n<div class=\"wp-block-media-text alignwide is-stacked-on-mobile\"><figure class=\"wp-block-media-text__media\"><a href=\"http:\/\/rakosliget.hu\/wordpress\/wp-content\/uploads\/2020\/11\/epitesugyi-torveny.jpg\"><img loading=\"lazy\" decoding=\"async\" width=\"900\" height=\"1024\" src=\"http:\/\/rakosliget.hu\/wordpress\/wp-content\/uploads\/2020\/11\/epitesugyi-torveny-900x1024.jpg\" alt=\"\" class=\"wp-image-8152 size-full\" srcset=\"https:\/\/rakosliget.hu\/wordpress\/wp-content\/uploads\/2020\/11\/epitesugyi-torveny-900x1024.jpg 900w, https:\/\/rakosliget.hu\/wordpress\/wp-content\/uploads\/2020\/11\/epitesugyi-torveny-264x300.jpg 264w, https:\/\/rakosliget.hu\/wordpress\/wp-content\/uploads\/2020\/11\/epitesugyi-torveny-768x873.jpg 768w, https:\/\/rakosliget.hu\/wordpress\/wp-content\/uploads\/2020\/11\/epitesugyi-torveny.jpg 1238w\" sizes=\"auto, (max-width: 900px) 100vw, 900px\" \/><\/a><\/figure><div class=\"wp-block-media-text__content\">\n<p><strong>1938. janu\u00e1r 29.<\/strong><br>\u00daj \u00e9p\u00edt\u00e9si t\u00f6rv\u00e9ny.<\/p>\n<\/div><\/div>\n\n\n\n<p><a href=\"https:\/\/rakosliget.hu\/wordpress\/index.php\/rakosliget-a-korabeli-hirekben\/\">Vissza a SAJT\u00d3H\u00cdREK lapra<\/a><\/p>\n","protected":false},"excerpt":{"rendered":"<p>Vissza a SAJT\u00d3H\u00cdREK lapra Az oldal indult: 2020.11.24. Ugr\u00e1s az \u00e9vk\u00f6rre: 1933 1934 1935 1936 1937 1938 1933 1933. m\u00e1rcius 19. 1933. m\u00e1rcius 19.Bern\u00e1th Istv\u00e1n polg\u00e1ri iskolai tan\u00e1r el\u0151ad\u00e1sa. 1933. december 10.IPOSZ vezet\u0151s\u00e9g. 1934 1934. augusztus 19.Kellner Andr\u00e1s hal\u00e1la. 1935 1935. augusztus 2.Ki\u00e1ll\u00edt\u00e1s. 1935. november 9.Iparosz\u00e1szl\u00f3-avat\u00e1s.Juh\u00e1sz J\u00f3zsefn\u00e9 a z\u00e1szl\u00f3anya. 1936 1936. m\u00e1jus 2.Harc a kont\u00e1rok &hellip; <a href=\"https:\/\/rakosliget.hu\/wordpress\/index.php\/ipartestuletek-lapja\/\" class=\"more-link\"><span class=\"screen-reader-text\">IPARTEST\u00dcLETEK LAPJA<\/span> r\u00e9szletei&#8230;<\/a><\/p>\n","protected":false},"author":1,"featured_media":8134,"parent":0,"menu_order":0,"comment_status":"closed","ping_status":"closed","template":"","meta":{"footnotes":""},"class_list":["post-8129","page","type-page","status-publish","has-post-thumbnail","hentry"],"_links":{"self":[{"href":"https:\/\/rakosliget.hu\/wordpress\/index.php\/wp-json\/wp\/v2\/pages\/8129","targetHints":{"allow":["GET"]}}],"collection":[{"href":"https:\/\/rakosliget.hu\/wordpress\/index.php\/wp-json\/wp\/v2\/pages"}],"about":[{"href":"https:\/\/rakosliget.hu\/wordpress\/index.php\/wp-json\/wp\/v2\/types\/page"}],"author":[{"embeddable":true,"href":"https:\/\/rakosliget.hu\/wordpress\/index.php\/wp-json\/wp\/v2\/users\/1"}],"replies":[{"embeddable":true,"href":"https:\/\/rakosliget.hu\/wordpress\/index.php\/wp-json\/wp\/v2\/comments?post=8129"}],"version-history":[{"count":14,"href":"https:\/\/rakosliget.hu\/wordpress\/index.php\/wp-json\/wp\/v2\/pages\/8129\/revisions"}],"predecessor-version":[{"id":16703,"href":"https:\/\/rakosliget.hu\/wordpress\/index.php\/wp-json\/wp\/v2\/pages\/8129\/revisions\/16703"}],"wp:featuredmedia":[{"embeddable":true,"href":"https:\/\/rakosliget.hu\/wordpress\/index.php\/wp-json\/wp\/v2\/media\/8134"}],"wp:attachment":[{"href":"https:\/\/rakosliget.hu\/wordpress\/index.php\/wp-json\/wp\/v2\/media?parent=8129"}],"curies":[{"name":"wp","href":"https:\/\/api.w.org\/{rel}","templated":true}]}}