{"id":811,"date":"2018-03-20T05:24:20","date_gmt":"2018-03-20T04:24:20","guid":{"rendered":"http:\/\/rakosliget.hu\/wordpress\/?page_id=811"},"modified":"2022-01-04T17:09:09","modified_gmt":"2022-01-04T16:09:09","slug":"belley-geza","status":"publish","type":"page","link":"https:\/\/rakosliget.hu\/wordpress\/index.php\/belley-geza\/","title":{"rendered":"B\u00e9lley G\u00e9za"},"content":{"rendered":"<p>\u00a0<\/p>\n<h1 align=\"left\">szentkir\u00e1lyszabadjai B\u00e9lley G\u00e9za (M\u00e1ny 1875. janu\u00e1r 6.- ? )<\/h1>\n<h2 align=\"left\">R\u00e1kosliget f\u0151jegyz\u0151je<\/h2>\n<p align=\"left\"><img loading=\"lazy\" decoding=\"async\" class=\"alignnone size-medium wp-image-813\" src=\"http:\/\/rakosliget.hu\/wordpress\/wp-content\/uploads\/2018\/03\/belley-229x300.jpg\" alt=\"\" width=\"229\" height=\"300\" srcset=\"https:\/\/rakosliget.hu\/wordpress\/wp-content\/uploads\/2018\/03\/belley-229x300.jpg 229w, https:\/\/rakosliget.hu\/wordpress\/wp-content\/uploads\/2018\/03\/belley.jpg 308w\" sizes=\"auto, (max-width: 229px) 100vw, 229px\" \/><\/p>\n<p align=\"left\">1875-ben sz\u00fcletett M\u00e1nyon. K\u00f6z\u00e9piskol\u00e1it Kecskem\u00e9ten, a k\u00f6zigazgat\u00e1si tanfolyamot Kaposv\u00e1rott v\u00e9gezte. 1894-ben, tanulm\u00e1nyainak befejez\u00e9se ut\u00e1n Somogy v\u00e1rmegye szolg\u00e1lat\u00e1ba l\u00e9pett, mint jegyz\u0151gyakornok, k\u00e9s\u0151bb mint seg\u00e9djegyz\u0151 Somogy v\u00e1rmegy\u00e9ben m\u0171k\u00f6d\u00f6tt. 1895-ben mint aljegyz\u0151 R\u00e1koscsab\u00e1ra ker\u00fclt, 1900-ban megv\u00e1lasztott\u00e1k k\u00f6zs\u00e9gi seg\u00e9djegyz\u0151nek.\u00a0 1907 \u00f3ta R\u00e1kosliget vezet\u0151 jegyz\u0151je. K\u00f6zs\u00e9g\u00e9ben sz\u00e1mos kult\u00farint\u00e9zm\u00e9nyt l\u00e9tes\u00edtett \u00e9s \u00e9rt\u00e9kes k\u00f6zeg\u00e9szs\u00e9g\u00fcgyi munk\u00e1ss\u00e1g\u00e1nak elismer\u00e9s\u00e9\u00fcl\u00a0 a V\u00f6r\u00f6skereszt Egylet elismer\u0151 oklevel\u00e9t kapta. Az I. vil\u00e1gh\u00e1bor\u00fa \u00e9veiben a katonai eg\u00e9szs\u00e9g\u00fcgy ter\u00e9n szerzett \u00e9rdemeket. A V\u00f6r\u00f6skereszt hadi-\u00e9k\u00edtm\u00e9nyes ez\u00fcst d\u00edsz\u00e9rm\u00e9vel t\u00fcntett\u00e9k ki.<br \/>A Magyar T\u00e1rsadalom Lexikonja 1930.<\/p>\n<blockquote>\n<p align=\"left\">&#8222;<em>Tanulm\u00e1nyai elv\u00e9gz\u00e9se ut\u00e1n t\u00f6bb helyen dolgozott seg\u00e9djegyz\u0151k\u00e9nt. Amikor 1907-ben R\u00e1kosliget \u00f6n\u00e1ll\u00f3 nagyk\u00f6zs\u00e9g lett, R\u00e1koscsab\u00e1r\u00f3l nevezt\u00e9k ki ide f\u0151jegyz\u0151nek. Hivatal\u00e1t 1933-ig l\u00e1tta el, ekkor ment nyugd\u00edjba. Nev\u00e9hez sok \u00e9rdem f\u0171z\u0151dik, egyebek mellett a polg\u00e1ri iskola alap\u00edt\u00e1sa, valamint a k\u00f6zs\u00e9gi utak \u00e9s j\u00e1rd\u00e1k \u00e9p\u00edt\u00e9se. Megalap\u00edtotta a helyi t\u0171zolt\u00f3test\u00fcletet, melynek parancsnoka lett. Apja egykor a szabads\u00e1gharcban hadnagyk\u00e9nt harcolt, majd 25 \u00e9vig M\u00e1ny k\u00f6zs\u00e9g jegyz\u0151je volt.<\/em>&#8222;<\/p>\n<\/blockquote>\n<p align=\"left\">Forr\u00e1s: Dr. Domb\u00f3v\u00e1ri Antal &#8211; Dallos Zsuzsanna: T\u00f6rt\u00e9nelmi arck\u00e9pcsarnok. portr\u00e9k a XVII. ker\u00fclet t\u00f6rt\u00e9net\u00e9b\u0151l. IV. k\u00f6tet. 1997. 2. oldal<\/p>\n<p align=\"left\"><strong><span class=\"selected\">szentkir\u00e1lyszabadjai <\/span><span class=\"selected\">B\u00e9lley <\/span><span class=\"selected\">G\u00e9za <\/span><span class=\"selected\">nyug. <\/span><\/strong><span class=\"selected\">k\u00f6zs\u00e9gi <\/span><span class=\"selected\">f\u0151jegyz\u0151, <\/span><span class=\"hit selected\">R\u00e1kosliget<\/span><span class=\"selected\">. <\/span><span class=\"selected\">1875-ben <\/span><span class=\"selected\">sz\u00fc\u00ad<\/span><span class=\"selected\">letett <\/span><span class=\"selected\">M\u00e1nyon <\/span><span class=\"selected\">r\u00e9gi <\/span><span class=\"selected\">nemesi <\/span><span class=\"selected\">csal\u00e1db\u00f3l. <\/span><span class=\"selected\">A <\/span><span class=\"selected\">k\u00f6z\u00e9piskola <\/span><span class=\"selected\">\u00e9s <\/span><span class=\"selected\">a <\/span><span class=\"selected\">jegyz\u0151i <\/span><span class=\"selected\">tanfolyam <\/span><span class=\"selected\">elv\u00e9g\u00ad<\/span><span class=\"selected\">z\u00e9se <\/span><span class=\"selected\">ut\u00e1n <\/span><span class=\"selected\">mint <\/span><span class=\"selected\">seg\u00e9djegyz\u0151 <\/span><span class=\"selected\">t\u00f6bb <\/span><span class=\"selected\">helyen <\/span><span class=\"selected\">m\u0171k\u00f6d\u00f6tt. <\/span><span class=\"selected\">1907-ben <\/span><span class=\"selected\">ker\u00fclt <\/span><span class=\"hit selected\">R\u00e1kosligetre<\/span> <span class=\"selected\">ve\u00ad<\/span><span class=\"selected\">zet\u0151 <\/span><span class=\"selected\">jegyz\u0151nek <\/span><span class=\"selected\">\u00e9s <\/span><span class=\"selected\">1933-ban <\/span><span class=\"selected\">vonult <\/span><span class=\"selected\">nyu\u00ad<\/span><span class=\"selected\">galomba. <\/span><span class=\"selected\">Az <\/span><span class=\"selected\">\u0151 <\/span><span class=\"selected\">\u00e9rdeme <\/span><span class=\"selected\">a <\/span><span class=\"selected\">polg\u00e1ri <\/span><span class=\"selected\">iskola <\/span><span class=\"selected\">fel\u00e1ll\u00edt\u00e1sa. <\/span><span class=\"selected\">A <\/span><span class=\"selected\">t\u00fczolt\u00f3test\u00fclet <\/span><span class=\"selected\">alapit\u00f3ja <\/span><span class=\"selected\">\u00e9s <\/span><span class=\"selected\">f\u0151parancsnoka <\/span><span class=\"selected\">volt, <\/span><span class=\"selected\">a <\/span><span class=\"selected\">Kulturh\u00e1z <\/span><span class=\"selected\">megte\u00ad<\/span><span class=\"selected\">remt\u0151je. <\/span><span class=\"selected\">Nev\u00e9hez <\/span><span class=\"selected\">f\u0171z\u0151dik <\/span><span class=\"selected\">a <\/span><span class=\"selected\">k\u00f6zs\u00e9gi <\/span><span class=\"selected\">utak <\/span><span class=\"selected\">\u00e9s <\/span><span class=\"selected\">j\u00e1rd\u00e1k <\/span><span class=\"selected\">\u00e9p\u00edt\u00e9se. <\/span><span class=\"selected\">N\u00e9hai <\/span><span class=\"selected\">atyja, <\/span><span class=\"selected\">B. <\/span><span class=\"selected\">D\u00e1niel <\/span><span class=\"selected\">hadnagyk\u00e9nt <\/span><span class=\"selected\">r\u00e9sztvett <\/span><span class=\"selected\">a <\/span><span class=\"selected\">szabads\u00e1gharcban, <\/span><span class=\"selected\">azut\u00e1n <\/span><span class=\"selected\">25 <\/span><span class=\"selected\">\u00e9vig <\/span><span class=\"selected\">M\u00e1ny <\/span><span class=\"selected\">k\u00f6zs\u00e9g <\/span><span class=\"selected\">jegyz\u0151je <\/span><span class=\"selected\">volt.<br \/><em>Forr\u00e1s: <\/em><\/span><em><strong>Zsemley Oszk\u00e1r (szerk.)<\/strong>: Magyar v\u00e1rosok \u00e9s v\u00e1rmegy\u00e9k monogr\u00e1fi\u00e1ja 24. R\u00e1kospalota \u00e9s R\u00e1kosvid\u00e9k (Budapest, 1938) 352. oldal<\/em><\/p>\n<p>\u00a0<\/p>\n\n\n<div class=\"wp-block-image\"><figure class=\"aligncenter size-large\"><img loading=\"lazy\" decoding=\"async\" width=\"677\" height=\"91\" src=\"http:\/\/rakosliget.hu\/wordpress\/wp-content\/uploads\/2020\/01\/b\u00e9lley-jegyz\u0151-1907.jpg\" alt=\"\" class=\"wp-image-4346\" srcset=\"https:\/\/rakosliget.hu\/wordpress\/wp-content\/uploads\/2020\/01\/b\u00e9lley-jegyz\u0151-1907.jpg 677w, https:\/\/rakosliget.hu\/wordpress\/wp-content\/uploads\/2020\/01\/b\u00e9lley-jegyz\u0151-1907-300x40.jpg 300w\" sizes=\"auto, (max-width: 677px) 100vw, 677px\" \/><figcaption>R\u00e1kos Vid\u00e9ke  19. sz\u00e1m 1907. m\u00e1jus 12.  <\/figcaption><\/figure><\/div>\n\n\n\n<div class=\"wp-block-image\"><figure class=\"aligncenter size-large\"><img loading=\"lazy\" decoding=\"async\" width=\"667\" height=\"376\" src=\"http:\/\/rakosliget.hu\/wordpress\/wp-content\/uploads\/2020\/01\/belley-jegyz\u00f6v\u00e9-valasztas-1907.jpg\" alt=\"\" class=\"wp-image-4353\" srcset=\"https:\/\/rakosliget.hu\/wordpress\/wp-content\/uploads\/2020\/01\/belley-jegyz\u00f6v\u00e9-valasztas-1907.jpg 667w, https:\/\/rakosliget.hu\/wordpress\/wp-content\/uploads\/2020\/01\/belley-jegyz\u00f6v\u00e9-valasztas-1907-300x169.jpg 300w\" sizes=\"auto, (max-width: 667px) 100vw, 667px\" \/><figcaption>R\u00e1kos Vid\u00e9ke  52. sz\u00e1m 1907. december 29.  <\/figcaption><\/figure><\/div>\n\n\n\n<p><a href=\"https:\/\/www.arcanum.hu\/hu\/online-kiadvanyok\/Kempelen-kempelen-bela-magyar-nemes-csaladok-1\/?list=eyJxdWVyeSI6ICJSXHUwMGUxa29zbGlnZXQifQ\">Kempelen B\u00e9la: Magyar nemes csal\u00e1dok<\/a><a href=\"https:\/\/www.arcanum.hu\/hu\/online-kiadvanyok\/Kempelen-kempelen-bela-magyar-nemes-csaladok-1\/fuggelek-181F6\/?list=eyJxdWVyeSI6ICJSXHUwMGUxa29zbGlnZXQifQ\">F\u00fcggel\u00e9k<\/a>B\u00e9lley (B\u00e9llyey). <\/p>\n\n\n\n<p><\/p>\n\n\n\n<p> B\u00e9lley (B\u00e9llyey).       (II. K. 52. l.) Veszpr\u00e9m megyei k\u00f6zbirtokos nemes csal\u00e1d, amely t\u00f6bb m\u00e1s  csal\u00e1ddal egy\u00fctt 1673. m\u00e1rc. 29-\u00e9n I. Lip\u00f3tt\u00f3l nyert  Szentkir\u00e1lyszabadj\u00e1ra birtokadom\u00e1nyt, amelyben VI. K\u00e1roly 1718-ban  er\u0151s\u00edtette meg az adom\u00e1nyban \u00e9rdekelt csal\u00e1dokat, k\u00f6zt\u00fck B. J\u00e1nost,  Gy\u00f6rgy\u00f6t \u00e9s P\u00e9tert. A csal\u00e1d egyes tagjai elsz\u00e1rmaztak m\u00e1s v\u00e1rmegy\u00e9kbe  is, \u00edgy 1726-ban Somogy megy\u00e9ben igazolta nemess\u00e9g\u00e9t Gy\u00f6rgy, az 1754\u201355.  \u00e9vi orsz\u00e1gos nemesi \u00f6ssze\u00edr\u00e1skor pedig J\u00e1nos v\u00e9tettek fel az igazolt  nemesek k\u00f6z\u00e9. J\u00e1nos \u00e9s fiai J\u00e1nos \u00e9s P\u00e9ter 1773. \u00e1pr. 3-\u00e1n  Veszpr\u00e9m megy\u00e9t\u0151l kaptak nemesi bizony\u00edtv\u00e1nyt, amelyet 1776. jan. 10-\u00e9n  Fej\u00e9rmegye hirdetett ki. A csal\u00e1db\u00f3l 1780-ban S\u00e1muel \u00e9s gyermekei:  S\u00e1muel \u00e9s Zsuzs\u00e1nna s J\u00e1nos \u00e9s gyermekei: Zsuzs\u00e1nna, S\u00e1ra, Anna \u00e9s \u00c9va  1820-ban S\u00e1muel, v\u00e9g\u00fcl 1824-ben S\u00e1ndor, mindannyian szentkir\u00e1lyszabadjai  lakosok igazolt\u00e1k nemess\u00e9g\u00fcket. Szentkir\u00e1lyszabadj\u00e1n \u00e9s Iv\u00e1ncs\u00e1n a  csal\u00e1dnak ma is t\u00f6bb tagja \u00e9l. \u2013 <em>C\u00edmer:<\/em>  k\u00e9k mez\u0151ben lebeg\u0151 k\u00f6ny\u00f6kl\u0151 p\u00e1nc\u00e9los kar kardot tart; sisakd\u00edsz: a kar;  takar\u00f3: k\u00e9k-arany, v\u00f6r\u00f6s-ez\u00fcst. \u2013 A csal\u00e1d Fej\u00e9rmegye-i \u00e1g\u00e1nak n\u00e9h\u00e1ny  \u00edzre terjed\u0151 lesz\u00e1rmaz\u00e1sa ez:       <\/p>\n\n\n\n<p>J\u00e1nos (?); P\u00e9ter (Doboz); D\u00e1niel  sz. 1828. k., \u2020 1909. Benedek Alojzia (\u2020 ); Istv\u00e1n sz. 1869. B\u00e9lley  Katalin; Dezs\u0151 sz. 1871. \u2020 1914. Str\u00f3bl Margit; G\u00e9za sz. 1875. k\u00f6zs\u00e9gi  f\u0151jegyz\u0151 (R\u00e1kosliget); D\u00e1niel sz. 1880.; Ilona; Istv\u00e1n; G\u00e9za sz. 1900.; Alojzia Kruich\u00f3 Istv\u00e1n; Margit Kom\u00e1r Lajos; Andr\u00e1s; S\u00e1ra; <\/p>\n\n\n\n<figure class=\"wp-block-image size-large\"><img loading=\"lazy\" decoding=\"async\" width=\"570\" height=\"239\" src=\"http:\/\/rakosliget.hu\/wordpress\/wp-content\/uploads\/2020\/03\/B\u00e9lley-csal\u00e1dfa.png\" alt=\"\" class=\"wp-image-4880\" srcset=\"https:\/\/rakosliget.hu\/wordpress\/wp-content\/uploads\/2020\/03\/B\u00e9lley-csal\u00e1dfa.png 570w, https:\/\/rakosliget.hu\/wordpress\/wp-content\/uploads\/2020\/03\/B\u00e9lley-csal\u00e1dfa-300x126.png 300w\" sizes=\"auto, (max-width: 570px) 100vw, 570px\" \/><figcaption>A B\u00e9lley csal\u00e1d lesz\u00e1rmaz\u00e1si f\u00e1ja.<\/figcaption><\/figure>\n","protected":false},"excerpt":{"rendered":"<p>\u00a0 szentkir\u00e1lyszabadjai B\u00e9lley G\u00e9za (M\u00e1ny 1875. janu\u00e1r 6.- ? ) R\u00e1kosliget f\u0151jegyz\u0151je 1875-ben sz\u00fcletett M\u00e1nyon. K\u00f6z\u00e9piskol\u00e1it Kecskem\u00e9ten, a k\u00f6zigazgat\u00e1si tanfolyamot Kaposv\u00e1rott v\u00e9gezte. 1894-ben, tanulm\u00e1nyainak befejez\u00e9se ut\u00e1n Somogy v\u00e1rmegye szolg\u00e1lat\u00e1ba l\u00e9pett, mint jegyz\u0151gyakornok, k\u00e9s\u0151bb mint seg\u00e9djegyz\u0151 Somogy v\u00e1rmegy\u00e9ben m\u0171k\u00f6d\u00f6tt. 1895-ben mint aljegyz\u0151 R\u00e1koscsab\u00e1ra ker\u00fclt, 1900-ban megv\u00e1lasztott\u00e1k k\u00f6zs\u00e9gi seg\u00e9djegyz\u0151nek.\u00a0 1907 \u00f3ta R\u00e1kosliget vezet\u0151 jegyz\u0151je. K\u00f6zs\u00e9g\u00e9ben sz\u00e1mos kult\u00farint\u00e9zm\u00e9nyt &hellip; <a href=\"https:\/\/rakosliget.hu\/wordpress\/index.php\/belley-geza\/\" class=\"more-link\"><span class=\"screen-reader-text\">B\u00e9lley G\u00e9za<\/span> r\u00e9szletei&#8230;<\/a><\/p>\n","protected":false},"author":1,"featured_media":0,"parent":0,"menu_order":0,"comment_status":"closed","ping_status":"closed","template":"","meta":{"footnotes":""},"class_list":["post-811","page","type-page","status-publish","hentry"],"_links":{"self":[{"href":"https:\/\/rakosliget.hu\/wordpress\/index.php\/wp-json\/wp\/v2\/pages\/811","targetHints":{"allow":["GET"]}}],"collection":[{"href":"https:\/\/rakosliget.hu\/wordpress\/index.php\/wp-json\/wp\/v2\/pages"}],"about":[{"href":"https:\/\/rakosliget.hu\/wordpress\/index.php\/wp-json\/wp\/v2\/types\/page"}],"author":[{"embeddable":true,"href":"https:\/\/rakosliget.hu\/wordpress\/index.php\/wp-json\/wp\/v2\/users\/1"}],"replies":[{"embeddable":true,"href":"https:\/\/rakosliget.hu\/wordpress\/index.php\/wp-json\/wp\/v2\/comments?post=811"}],"version-history":[{"count":9,"href":"https:\/\/rakosliget.hu\/wordpress\/index.php\/wp-json\/wp\/v2\/pages\/811\/revisions"}],"predecessor-version":[{"id":9821,"href":"https:\/\/rakosliget.hu\/wordpress\/index.php\/wp-json\/wp\/v2\/pages\/811\/revisions\/9821"}],"wp:attachment":[{"href":"https:\/\/rakosliget.hu\/wordpress\/index.php\/wp-json\/wp\/v2\/media?parent=811"}],"curies":[{"name":"wp","href":"https:\/\/api.w.org\/{rel}","templated":true}]}}