{"id":8032,"date":"2020-11-24T07:33:04","date_gmt":"2020-11-24T06:33:04","guid":{"rendered":"http:\/\/rakosliget.hu\/wordpress\/?page_id=8032"},"modified":"2026-01-02T19:18:13","modified_gmt":"2026-01-02T18:18:13","slug":"egyetertes","status":"publish","type":"page","link":"https:\/\/rakosliget.hu\/wordpress\/index.php\/egyetertes\/","title":{"rendered":"EGYET\u00c9RT\u00c9S"},"content":{"rendered":"\n<p><a href=\"https:\/\/rakosliget.hu\/wordpress\/index.php\/rakosliget-a-korabeli-hirekben\/\">Vissza a SAJT\u00d3H\u00cdREK lapra<\/a><\/p>\n\n\n\n<h2 class=\"wp-block-heading\">1910<\/h2>\n\n\n<div class=\"wp-block-image\">\n<figure class=\"aligncenter size-large\"><img loading=\"lazy\" decoding=\"async\" width=\"273\" height=\"1024\" src=\"https:\/\/rakosliget.hu\/wordpress\/wp-content\/uploads\/2025\/03\/Egyetertes-1910_03_04_7-oldal-TIFUSZ-jarvany-273x1024.jpg\" alt=\"\" class=\"wp-image-16749\" srcset=\"https:\/\/rakosliget.hu\/wordpress\/wp-content\/uploads\/2025\/03\/Egyetertes-1910_03_04_7-oldal-TIFUSZ-jarvany-273x1024.jpg 273w, https:\/\/rakosliget.hu\/wordpress\/wp-content\/uploads\/2025\/03\/Egyetertes-1910_03_04_7-oldal-TIFUSZ-jarvany-80x300.jpg 80w, https:\/\/rakosliget.hu\/wordpress\/wp-content\/uploads\/2025\/03\/Egyetertes-1910_03_04_7-oldal-TIFUSZ-jarvany-768x2877.jpg 768w, https:\/\/rakosliget.hu\/wordpress\/wp-content\/uploads\/2025\/03\/Egyetertes-1910_03_04_7-oldal-TIFUSZ-jarvany-410x1536.jpg 410w, https:\/\/rakosliget.hu\/wordpress\/wp-content\/uploads\/2025\/03\/Egyetertes-1910_03_04_7-oldal-TIFUSZ-jarvany-scaled.jpg 683w\" sizes=\"auto, (max-width: 273px) 100vw, 273px\" \/><figcaption class=\"wp-element-caption\">Egyet\u00e9rt\u00e9s 1910_03_04_7 oldal TIFUSZ j\u00e1rv\u00e1ny<\/figcaption><\/figure>\n<\/div>\n\n<div class=\"wp-block-image\">\n<figure class=\"aligncenter size-large\"><img loading=\"lazy\" decoding=\"async\" width=\"1807\" height=\"4078\" src=\"https:\/\/rakosliget.hu\/wordpress\/wp-content\/uploads\/2025\/11\/Kovacs-iskola-hamisitas-1807x4078.jpg\" alt=\"\" class=\"wp-image-18801\" srcset=\"https:\/\/rakosliget.hu\/wordpress\/wp-content\/uploads\/2025\/11\/Kovacs-iskola-hamisitas-1807x4078.jpg 1807w, https:\/\/rakosliget.hu\/wordpress\/wp-content\/uploads\/2025\/11\/Kovacs-iskola-hamisitas-133x300.jpg 133w, https:\/\/rakosliget.hu\/wordpress\/wp-content\/uploads\/2025\/11\/Kovacs-iskola-hamisitas-768x1733.jpg 768w, https:\/\/rakosliget.hu\/wordpress\/wp-content\/uploads\/2025\/11\/Kovacs-iskola-hamisitas-681x1536.jpg 681w, https:\/\/rakosliget.hu\/wordpress\/wp-content\/uploads\/2025\/11\/Kovacs-iskola-hamisitas-908x2048.jpg 908w, https:\/\/rakosliget.hu\/wordpress\/wp-content\/uploads\/2025\/11\/Kovacs-iskola-hamisitas-scaled.jpg 1134w\" sizes=\"auto, (max-width: 1807px) 100vw, 1807px\" \/><figcaption class=\"wp-element-caption\">Forr\u00e1s: Egyet\u00e9rt\u00e9s, 1910. m\u00e1rcius 06. Kov\u00e1cs iskolai bizony\u00edtv\u00e1ny hamis\u00edt\u00e1s.<\/figcaption><\/figure>\n<\/div>\n\n\n<h2 class=\"wp-block-heading\">1924<\/h2>\n\n\n<div class=\"wp-block-image\">\n<figure class=\"aligncenter size-large\"><a href=\"http:\/\/rakosliget.hu\/wordpress\/wp-content\/uploads\/2020\/11\/szabo-halala-egyetertes.jpg\"><img loading=\"lazy\" decoding=\"async\" width=\"404\" height=\"229\" src=\"http:\/\/rakosliget.hu\/wordpress\/wp-content\/uploads\/2020\/11\/szabo-halala-egyetertes.jpg\" alt=\"\" class=\"wp-image-8040\" srcset=\"https:\/\/rakosliget.hu\/wordpress\/wp-content\/uploads\/2020\/11\/szabo-halala-egyetertes.jpg 404w, https:\/\/rakosliget.hu\/wordpress\/wp-content\/uploads\/2020\/11\/szabo-halala-egyetertes-300x170.jpg 300w\" sizes=\"auto, (max-width: 404px) 100vw, 404px\" \/><\/a><figcaption class=\"wp-element-caption\">Szab\u00f3 Endre hal\u00e1la. 1924. febru\u00e1r 5.<\/figcaption><\/figure>\n<\/div>\n\n\n<figure class=\"wp-block-image size-large\"><a href=\"http:\/\/rakosliget.hu\/wordpress\/index.php\/egyetertes\/\"><img loading=\"lazy\" decoding=\"async\" width=\"825\" height=\"961\" src=\"http:\/\/rakosliget.hu\/wordpress\/wp-content\/uploads\/2020\/11\/szabone-nogall-halala-egyetertes.jpg\" alt=\"\" class=\"wp-image-8038\" srcset=\"https:\/\/rakosliget.hu\/wordpress\/wp-content\/uploads\/2020\/11\/szabone-nogall-halala-egyetertes.jpg 825w, https:\/\/rakosliget.hu\/wordpress\/wp-content\/uploads\/2020\/11\/szabone-nogall-halala-egyetertes-258x300.jpg 258w, https:\/\/rakosliget.hu\/wordpress\/wp-content\/uploads\/2020\/11\/szabone-nogall-halala-egyetertes-768x895.jpg 768w\" sizes=\"auto, (max-width: 825px) 100vw, 825px\" \/><\/a><figcaption class=\"wp-element-caption\">Szab\u00f3n\u00e9 Nog\u00e1ll Janka hal\u00e1la. 1924. november 8.<\/figcaption><\/figure>\n\n\n\n<h2 class=\"wp-block-heading\">1925<\/h2>\n\n\n\n<figure class=\"wp-block-image size-large\"><a href=\"http:\/\/rakosliget.hu\/wordpress\/wp-content\/uploads\/2020\/11\/1925-januar-4-vasuti-baleset.jpg\"><img loading=\"lazy\" decoding=\"async\" width=\"814\" height=\"982\" src=\"http:\/\/rakosliget.hu\/wordpress\/wp-content\/uploads\/2020\/11\/1925-januar-4-vasuti-baleset.jpg\" alt=\"\" class=\"wp-image-8035\" srcset=\"https:\/\/rakosliget.hu\/wordpress\/wp-content\/uploads\/2020\/11\/1925-januar-4-vasuti-baleset.jpg 814w, https:\/\/rakosliget.hu\/wordpress\/wp-content\/uploads\/2020\/11\/1925-januar-4-vasuti-baleset-249x300.jpg 249w, https:\/\/rakosliget.hu\/wordpress\/wp-content\/uploads\/2020\/11\/1925-januar-4-vasuti-baleset-768x927.jpg 768w\" sizes=\"auto, (max-width: 814px) 100vw, 814px\" \/><\/a><figcaption class=\"wp-element-caption\">Vas\u00fati baleset. 1925. \u00e1prilis 5.<\/figcaption><\/figure>\n\n\n\n<h2 class=\"wp-block-heading\">1936<\/h2>\n\n\n\n<figure class=\"wp-block-image size-full\"><img loading=\"lazy\" decoding=\"async\" width=\"753\" height=\"621\" src=\"https:\/\/rakosliget.hu\/wordpress\/wp-content\/uploads\/2026\/01\/1936_01_29_-1-oldal-SZAVAY-pere.jpg\" alt=\"\" class=\"wp-image-20846\" srcset=\"https:\/\/rakosliget.hu\/wordpress\/wp-content\/uploads\/2026\/01\/1936_01_29_-1-oldal-SZAVAY-pere.jpg 753w, https:\/\/rakosliget.hu\/wordpress\/wp-content\/uploads\/2026\/01\/1936_01_29_-1-oldal-SZAVAY-pere-300x247.jpg 300w\" sizes=\"auto, (max-width: 753px) 100vw, 753px\" \/><figcaption class=\"wp-element-caption\">1936_01_29_ 1 oldal SZ\u00c1VAY pere<\/figcaption><\/figure>\n\n\n\n<h2 class=\"wp-block-heading\">1940<\/h2>\n\n\n\n<figure class=\"wp-block-image size-large\"><img loading=\"lazy\" decoding=\"async\" width=\"1024\" height=\"599\" src=\"https:\/\/rakosliget.hu\/wordpress\/wp-content\/uploads\/2025\/03\/1940_01_27_-3-oldal-baltas-gyilkossag-1024x599.jpg\" alt=\"\" class=\"wp-image-16744\" srcset=\"https:\/\/rakosliget.hu\/wordpress\/wp-content\/uploads\/2025\/03\/1940_01_27_-3-oldal-baltas-gyilkossag-1024x599.jpg 1024w, https:\/\/rakosliget.hu\/wordpress\/wp-content\/uploads\/2025\/03\/1940_01_27_-3-oldal-baltas-gyilkossag-300x175.jpg 300w, https:\/\/rakosliget.hu\/wordpress\/wp-content\/uploads\/2025\/03\/1940_01_27_-3-oldal-baltas-gyilkossag-768x449.jpg 768w, https:\/\/rakosliget.hu\/wordpress\/wp-content\/uploads\/2025\/03\/1940_01_27_-3-oldal-baltas-gyilkossag.jpg 1473w\" sizes=\"auto, (max-width: 1024px) 100vw, 1024px\" \/><figcaption class=\"wp-element-caption\">1940_01_27_ 3 oldal balt\u00e1s gyilkoss\u00e1g<\/figcaption><\/figure>\n\n\n\n<figure class=\"wp-block-image size-large\"><img loading=\"lazy\" decoding=\"async\" width=\"1024\" height=\"667\" src=\"https:\/\/rakosliget.hu\/wordpress\/wp-content\/uploads\/2025\/03\/1940_-02_28_-4-oldal-demeczky-gyilkossag-1024x667.jpg\" alt=\"\" class=\"wp-image-16746\" srcset=\"https:\/\/rakosliget.hu\/wordpress\/wp-content\/uploads\/2025\/03\/1940_-02_28_-4-oldal-demeczky-gyilkossag-1024x667.jpg 1024w, https:\/\/rakosliget.hu\/wordpress\/wp-content\/uploads\/2025\/03\/1940_-02_28_-4-oldal-demeczky-gyilkossag-300x195.jpg 300w, https:\/\/rakosliget.hu\/wordpress\/wp-content\/uploads\/2025\/03\/1940_-02_28_-4-oldal-demeczky-gyilkossag-768x500.jpg 768w, https:\/\/rakosliget.hu\/wordpress\/wp-content\/uploads\/2025\/03\/1940_-02_28_-4-oldal-demeczky-gyilkossag.jpg 1434w\" sizes=\"auto, (max-width: 1024px) 100vw, 1024px\" \/><figcaption class=\"wp-element-caption\">1940_ 02_28_ 4 oldal demeczky gyilkoss\u00e1g<\/figcaption><\/figure>\n\n\n\n<p><a href=\"https:\/\/rakosliget.hu\/wordpress\/index.php\/rakosliget-a-korabeli-hirekben\/\">Vissza a SAJT\u00d3H\u00cdREK lapra<\/a><\/p>\n","protected":false},"excerpt":{"rendered":"<p>Vissza a SAJT\u00d3H\u00cdREK lapra 1910 1924 1925 1936 1940 Vissza a SAJT\u00d3H\u00cdREK lapra<\/p>\n","protected":false},"author":1,"featured_media":0,"parent":0,"menu_order":0,"comment_status":"closed","ping_status":"closed","template":"","meta":{"footnotes":""},"class_list":["post-8032","page","type-page","status-publish","hentry"],"_links":{"self":[{"href":"https:\/\/rakosliget.hu\/wordpress\/index.php\/wp-json\/wp\/v2\/pages\/8032","targetHints":{"allow":["GET"]}}],"collection":[{"href":"https:\/\/rakosliget.hu\/wordpress\/index.php\/wp-json\/wp\/v2\/pages"}],"about":[{"href":"https:\/\/rakosliget.hu\/wordpress\/index.php\/wp-json\/wp\/v2\/types\/page"}],"author":[{"embeddable":true,"href":"https:\/\/rakosliget.hu\/wordpress\/index.php\/wp-json\/wp\/v2\/users\/1"}],"replies":[{"embeddable":true,"href":"https:\/\/rakosliget.hu\/wordpress\/index.php\/wp-json\/wp\/v2\/comments?post=8032"}],"version-history":[{"count":9,"href":"https:\/\/rakosliget.hu\/wordpress\/index.php\/wp-json\/wp\/v2\/pages\/8032\/revisions"}],"predecessor-version":[{"id":20848,"href":"https:\/\/rakosliget.hu\/wordpress\/index.php\/wp-json\/wp\/v2\/pages\/8032\/revisions\/20848"}],"wp:attachment":[{"href":"https:\/\/rakosliget.hu\/wordpress\/index.php\/wp-json\/wp\/v2\/media?parent=8032"}],"curies":[{"name":"wp","href":"https:\/\/api.w.org\/{rel}","templated":true}]}}