{"id":800,"date":"2018-03-19T05:44:22","date_gmt":"2018-03-19T04:44:22","guid":{"rendered":"http:\/\/rakosliget.hu\/wordpress\/?page_id=800"},"modified":"2023-12-17T06:11:38","modified_gmt":"2023-12-17T05:11:38","slug":"bartok-albert","status":"publish","type":"page","link":"https:\/\/rakosliget.hu\/wordpress\/index.php\/bartok-albert\/","title":{"rendered":"Bart\u00f3k Albert"},"content":{"rendered":"<p>\u00a0<\/p>\n<h1 align=\"left\">Bart\u00f3k Albert (Budapest 1912. okt\u00f3ber 26. &#8211; Budapest- R\u00e1kosliget 1992. december 21.)<\/h1>\n<h2 align=\"left\">Jog\u00e1sz, helyt\u00f6rt\u00e9n\u00e9sz<\/h2>\n<p align=\"center\"><img loading=\"lazy\" decoding=\"async\" class=\"size-full wp-image-801 aligncenter\" src=\"http:\/\/rakosliget.hu\/wordpress\/wp-content\/uploads\/2018\/03\/bartoka.jpg\" alt=\"\" width=\"300\" height=\"300\" srcset=\"https:\/\/rakosliget.hu\/wordpress\/wp-content\/uploads\/2018\/03\/bartoka.jpg 300w, https:\/\/rakosliget.hu\/wordpress\/wp-content\/uploads\/2018\/03\/bartoka-150x150.jpg 150w\" sizes=\"auto, (max-width: 300px) 100vw, 300px\" \/><\/p>\n<p align=\"justify\">&#8222;Gimn\u00e1ziumi tanulm\u00e1nyait a r\u00e1kosligeti Nagy Lajos Gimn\u00e1ziumban kezdte. 1935-ben avatt\u00e1k jogi doktorr\u00e1 a P\u00e1zm\u00e1ny P\u00e9ter Tudom\u00e1nyegyetemen. A k\u00f6zigazgat\u00e1sban dolgozott t\u00f6bbek k\u00f6z\u00f6tt R\u00e1koskereszt\u00faron is. A h\u00e1bor\u00fas id\u0151szak elej\u00e9n Isaszegen volt aljegyz\u0151. Innen a Hangya Sz\u00f6vetkezet k\u00f6zpontj\u00e1ba ment dolgozni, majd a Magyar Orsz\u00e1gos Sz\u00f6vetkezeti K\u00f6zpont illetve a Sz\u00f6vetkezetek Orsz\u00e1gos Sz\u00f6vets\u00e9ge volt a munkahelye. 1952-ben feles\u00e9g\u00fcl vette St\u00e9p\u00e1n jol\u00e1nt, h\u00e1zass\u00e1ga r\u00e9v\u00e9n lett Gregor j\u00f3zsef opera\u00e9nekes nevel\u0151apja.<\/p>\n<p align=\"justify\">1970-ben nyugd\u00edjask\u00e9nt kezdett intenz\u00edven foglalkozni a helyt\u00f6rt\u00e9nettel. A sz\u0171kebb haza szeretet\u00e9t apj\u00e1t\u00f3l \u00f6r\u00f6k\u00f6lte, aki 40 \u00e9vig tan\u00edtott R\u00e1koskereszt\u00faron. Bart\u00f3k Albert adta ki apja gy\u0171jt\u00e9s\u00e9nek eredm\u00e9ny\u00e9t. R\u00e1koskereszt\u00far t\u00f6rt\u00e9net\u00e9t h\u00e1rom k\u00f6tetben. Bart\u00f3k Albert t\u00f6bb \u00e9vtizedes munk\u00e1j\u00e1nak eredm\u00e9nye a R\u00e1kosmenti Helyt\u00f6rt\u00e9neti Gy\u0171jtem\u00e9ny.<\/p>\n<p align=\"justify\">1992-ben vette \u00e1t az aranydiplom\u00e1t, s m\u00e9g ugyanebben az \u00e9vben Budapest\u00e9rt D\u00edjat kapott. A XVII. ker\u00fcleti \u00d6nkorm\u00e1nyzat 1996. okt\u00f3ber 23-\u00e1n posztumusz d\u00edszpolg\u00e1ri c\u00edmmel t\u00fcntette ki.&#8221;<\/p>\n<p align=\"left\"><em>Forr\u00e1s: Dr. Domb\u00f3v\u00e1ri Antal &#8211; Dallos Zsuzsanna: T\u00f6rt\u00e9nelmi arck\u00e9pcsarnok. portr\u00e9k a XVII. ker\u00fclet t\u00f6rt\u00e9net\u00e9b\u0151l. IV. k\u00f6tet. 1997. 2. oldal<\/em><\/p>\n<p align=\"left\">\u00a0<\/p>\n<p>\u00a0<\/p>\n\n<div class=\"wp-block-image\">\n<figure class=\"aligncenter size-large\"><a href=\"https:\/\/rakosliget.hu\/wordpress\/wp-content\/uploads\/2023\/12\/zutcanev-vedelem-scaled.jpg\"><img loading=\"lazy\" decoding=\"async\" width=\"364\" height=\"1024\" src=\"https:\/\/rakosliget.hu\/wordpress\/wp-content\/uploads\/2023\/12\/zutcanev-vedelem-364x1024.jpg\" alt=\"\" class=\"wp-image-12134\" srcset=\"https:\/\/rakosliget.hu\/wordpress\/wp-content\/uploads\/2023\/12\/zutcanev-vedelem-364x1024.jpg 364w, https:\/\/rakosliget.hu\/wordpress\/wp-content\/uploads\/2023\/12\/zutcanev-vedelem-107x300.jpg 107w, https:\/\/rakosliget.hu\/wordpress\/wp-content\/uploads\/2023\/12\/zutcanev-vedelem-768x2159.jpg 768w, https:\/\/rakosliget.hu\/wordpress\/wp-content\/uploads\/2023\/12\/zutcanev-vedelem-546x1536.jpg 546w, https:\/\/rakosliget.hu\/wordpress\/wp-content\/uploads\/2023\/12\/zutcanev-vedelem-728x2048.jpg 728w, https:\/\/rakosliget.hu\/wordpress\/wp-content\/uploads\/2023\/12\/zutcanev-vedelem-scaled.jpg 910w\" sizes=\"auto, (max-width: 364px) 100vw, 364px\" \/><\/a><\/figure>\n<\/div>","protected":false},"excerpt":{"rendered":"<p>\u00a0 Bart\u00f3k Albert (Budapest 1912. okt\u00f3ber 26. &#8211; Budapest- R\u00e1kosliget 1992. december 21.) Jog\u00e1sz, helyt\u00f6rt\u00e9n\u00e9sz &#8222;Gimn\u00e1ziumi tanulm\u00e1nyait a r\u00e1kosligeti Nagy Lajos Gimn\u00e1ziumban kezdte. 1935-ben avatt\u00e1k jogi doktorr\u00e1 a P\u00e1zm\u00e1ny P\u00e9ter Tudom\u00e1nyegyetemen. A k\u00f6zigazgat\u00e1sban dolgozott t\u00f6bbek k\u00f6z\u00f6tt R\u00e1koskereszt\u00faron is. A h\u00e1bor\u00fas id\u0151szak elej\u00e9n Isaszegen volt aljegyz\u0151. Innen a Hangya Sz\u00f6vetkezet k\u00f6zpontj\u00e1ba ment dolgozni, majd a Magyar &hellip; <a href=\"https:\/\/rakosliget.hu\/wordpress\/index.php\/bartok-albert\/\" class=\"more-link\"><span class=\"screen-reader-text\">Bart\u00f3k Albert<\/span> r\u00e9szletei&#8230;<\/a><\/p>\n","protected":false},"author":1,"featured_media":0,"parent":0,"menu_order":0,"comment_status":"closed","ping_status":"closed","template":"","meta":{"footnotes":""},"class_list":["post-800","page","type-page","status-publish","hentry"],"_links":{"self":[{"href":"https:\/\/rakosliget.hu\/wordpress\/index.php\/wp-json\/wp\/v2\/pages\/800","targetHints":{"allow":["GET"]}}],"collection":[{"href":"https:\/\/rakosliget.hu\/wordpress\/index.php\/wp-json\/wp\/v2\/pages"}],"about":[{"href":"https:\/\/rakosliget.hu\/wordpress\/index.php\/wp-json\/wp\/v2\/types\/page"}],"author":[{"embeddable":true,"href":"https:\/\/rakosliget.hu\/wordpress\/index.php\/wp-json\/wp\/v2\/users\/1"}],"replies":[{"embeddable":true,"href":"https:\/\/rakosliget.hu\/wordpress\/index.php\/wp-json\/wp\/v2\/comments?post=800"}],"version-history":[{"count":4,"href":"https:\/\/rakosliget.hu\/wordpress\/index.php\/wp-json\/wp\/v2\/pages\/800\/revisions"}],"predecessor-version":[{"id":12137,"href":"https:\/\/rakosliget.hu\/wordpress\/index.php\/wp-json\/wp\/v2\/pages\/800\/revisions\/12137"}],"wp:attachment":[{"href":"https:\/\/rakosliget.hu\/wordpress\/index.php\/wp-json\/wp\/v2\/media?parent=800"}],"curies":[{"name":"wp","href":"https:\/\/api.w.org\/{rel}","templated":true}]}}