{"id":7988,"date":"2020-11-24T06:11:17","date_gmt":"2020-11-24T05:11:17","guid":{"rendered":"http:\/\/rakosliget.hu\/wordpress\/?page_id=7988"},"modified":"2025-03-07T12:19:08","modified_gmt":"2025-03-07T11:19:08","slug":"botanikai-kozlemenyek-2","status":"publish","type":"page","link":"https:\/\/rakosliget.hu\/wordpress\/index.php\/botanikai-kozlemenyek-2\/","title":{"rendered":"BOTANIKAI K\u00d6ZLEM\u00c9NYEK"},"content":{"rendered":"\n<p><a href=\"https:\/\/rakosliget.hu\/wordpress\/index.php\/rakosliget-a-korabeli-hirekben\/\">Vissza a SAJT\u00d3H\u00cdREK lapra<\/a><\/p>\n\n\n\n<p>A Botanikai K\u00f6zlem\u00e9nyek t\u00f6bb mint 100 \u00e9ves m\u00faltra visszatekint\u0151 tudom\u00e1nyos lap. Az 1901-ben alap\u00edtott, 1902-ben N\u00f6v\u00e9nytani Lapok n\u00e9ven el\u0151sz\u00f6r megjelen\u0151 foly\u00f3irat az 1891-ben megalakult Term\u00e9szettudom\u00e1nyi T\u00e1rsulat (TTT) N\u00f6v\u00e9nytani Szakoszt\u00e1ly\u00e1nak el\u0151ad\u00e1sait, h\u00edreit k\u00f6z\u00f6lte. A lap nev\u00e9t 1909-ben v\u00e1ltoztatt\u00e1k Botanikai K\u00f6zlem\u00e9nyekre. A TTT megsz\u0171n\u00e9se ut\u00e1n 1952-t\u0151l a Magyar Biol\u00f3giai Egyes\u00fclet majd T\u00e1rsas\u00e1g Botanikai Szakoszt\u00e1ly\u00e1nak lapjak\u00e9nt jelenik meg.A Botanikai K\u00f6zlem\u00e9nyek z\u00f6m\u00e9ben magyar nyelven k\u00f6z\u00f6l a n\u00f6v\u00e9nytudom\u00e1nyok k\u00fcl\u00f6nb\u00f6z\u0151 szakter\u00fcleteit k\u00e9pvisel\u0151 sz\u00ednvonalas, eredeti k\u00f6zlem\u00e9nyeket: pl. a fl\u00f3rakutat\u00e1s, rendszertan, c\u00f6nol\u00f3gia, n\u00f6v\u00e9nyf\u00f6ldrajz, \u00f6kol\u00f3gia, paleobotanika, term\u00e9szetv\u00e9delem, n\u00f6v\u00e9ny\u00e9lettan, anat\u00f3mia, szervezettan, genetika, alkalmazott kert\u00e9szeti n\u00f6v\u00e9nytan, botanikat\u00f6rt\u00e9net t\u00e9mak\u00f6r\u00e9ben. Egy-egy tudom\u00e1nyter\u00fcletet \u00e1ttekint\u0151 cikkeket, konferencia besz\u00e1mol\u00f3kat k\u00f6z\u00f6l, \u00e9s t\u00e1j\u00e9koztat a Botanikai Szakoszt\u00e1ly el\u0151ad\u00f3\u00fcl\u00e9seinek programjair\u00f3l, az el\u0151ad\u00e1sok r\u00f6vid tartalm\u00e1r\u00f3l. A nemzetk\u00f6zi szakmai k\u00f6zv\u00e9lem\u00e9ny t\u00e1j\u00e9koztat\u00e1sa \u00e9rdek\u00e9ben a magyar nyelv\u0171 cikkek c\u00edm\u00e9t, kulcsszavait, \u00f6sszefoglal\u00f3j\u00e1t, az \u00e1br\u00e1k, t\u00e1bl\u00e1zatok c\u00edm\u00e9t, feliratait idegen (angol vagy n\u00e9met) nyelven is k\u00f6zli. <\/p>\n\n\n\n<h2 class=\"wp-block-heading\">1912<\/h2>\n\n\n\n<figure class=\"wp-block-image size-large\"><a href=\"http:\/\/rakosliget.hu\/wordpress\/wp-content\/uploads\/2020\/11\/1912-11-evfolyam-2-szam-103-oldal.jpg\"><img loading=\"lazy\" decoding=\"async\" width=\"498\" height=\"701\" src=\"http:\/\/rakosliget.hu\/wordpress\/wp-content\/uploads\/2020\/11\/1912-11-evfolyam-2-szam-103-oldal.jpg\" alt=\"\" class=\"wp-image-7991\" srcset=\"https:\/\/rakosliget.hu\/wordpress\/wp-content\/uploads\/2020\/11\/1912-11-evfolyam-2-szam-103-oldal.jpg 498w, https:\/\/rakosliget.hu\/wordpress\/wp-content\/uploads\/2020\/11\/1912-11-evfolyam-2-szam-103-oldal-213x300.jpg 213w\" sizes=\"auto, (max-width: 498px) 100vw, 498px\" \/><\/a><figcaption class=\"wp-element-caption\">Mahr K\u00e1roly felv\u00e9tele. 1912. 2. sz\u00e1m 103. oldal<\/figcaption><\/figure>\n\n\n\n<h2 class=\"wp-block-heading\">1913<\/h2>\n\n\n\n<figure class=\"wp-block-image size-large\"><a href=\"http:\/\/rakosliget.hu\/wordpress\/wp-content\/uploads\/2020\/11\/1913_-1-szam-38-oldal.jpg\"><img loading=\"lazy\" decoding=\"async\" width=\"476\" height=\"674\" src=\"http:\/\/rakosliget.hu\/wordpress\/wp-content\/uploads\/2020\/11\/1913_-1-szam-38-oldal.jpg\" alt=\"\" class=\"wp-image-7993\" srcset=\"https:\/\/rakosliget.hu\/wordpress\/wp-content\/uploads\/2020\/11\/1913_-1-szam-38-oldal.jpg 476w, https:\/\/rakosliget.hu\/wordpress\/wp-content\/uploads\/2020\/11\/1913_-1-szam-38-oldal-212x300.jpg 212w\" sizes=\"auto, (max-width: 476px) 100vw, 476px\" \/><\/a><figcaption class=\"wp-element-caption\">Trautsch Ede felv\u00e9tele 1913. 1. sz\u00e1m 38. oldal<\/figcaption><\/figure>\n\n\n\n<p><a href=\"https:\/\/rakosliget.hu\/wordpress\/index.php\/rakosliget-a-korabeli-hirekben\/\">Vissza a SAJT\u00d3H\u00cdREK lapra<\/a><\/p>\n","protected":false},"excerpt":{"rendered":"<p>Vissza a SAJT\u00d3H\u00cdREK lapra A Botanikai K\u00f6zlem\u00e9nyek t\u00f6bb mint 100 \u00e9ves m\u00faltra visszatekint\u0151 tudom\u00e1nyos lap. Az 1901-ben alap\u00edtott, 1902-ben N\u00f6v\u00e9nytani Lapok n\u00e9ven el\u0151sz\u00f6r megjelen\u0151 foly\u00f3irat az 1891-ben megalakult Term\u00e9szettudom\u00e1nyi T\u00e1rsulat (TTT) N\u00f6v\u00e9nytani Szakoszt\u00e1ly\u00e1nak el\u0151ad\u00e1sait, h\u00edreit k\u00f6z\u00f6lte. A lap nev\u00e9t 1909-ben v\u00e1ltoztatt\u00e1k Botanikai K\u00f6zlem\u00e9nyekre. A TTT megsz\u0171n\u00e9se ut\u00e1n 1952-t\u0151l a Magyar Biol\u00f3giai Egyes\u00fclet majd T\u00e1rsas\u00e1g Botanikai &hellip; <a href=\"https:\/\/rakosliget.hu\/wordpress\/index.php\/botanikai-kozlemenyek-2\/\" class=\"more-link\"><span class=\"screen-reader-text\">BOTANIKAI K\u00d6ZLEM\u00c9NYEK<\/span> r\u00e9szletei&#8230;<\/a><\/p>\n","protected":false},"author":1,"featured_media":0,"parent":0,"menu_order":0,"comment_status":"closed","ping_status":"closed","template":"","meta":{"footnotes":""},"class_list":["post-7988","page","type-page","status-publish","hentry"],"_links":{"self":[{"href":"https:\/\/rakosliget.hu\/wordpress\/index.php\/wp-json\/wp\/v2\/pages\/7988","targetHints":{"allow":["GET"]}}],"collection":[{"href":"https:\/\/rakosliget.hu\/wordpress\/index.php\/wp-json\/wp\/v2\/pages"}],"about":[{"href":"https:\/\/rakosliget.hu\/wordpress\/index.php\/wp-json\/wp\/v2\/types\/page"}],"author":[{"embeddable":true,"href":"https:\/\/rakosliget.hu\/wordpress\/index.php\/wp-json\/wp\/v2\/users\/1"}],"replies":[{"embeddable":true,"href":"https:\/\/rakosliget.hu\/wordpress\/index.php\/wp-json\/wp\/v2\/comments?post=7988"}],"version-history":[{"count":7,"href":"https:\/\/rakosliget.hu\/wordpress\/index.php\/wp-json\/wp\/v2\/pages\/7988\/revisions"}],"predecessor-version":[{"id":16689,"href":"https:\/\/rakosliget.hu\/wordpress\/index.php\/wp-json\/wp\/v2\/pages\/7988\/revisions\/16689"}],"wp:attachment":[{"href":"https:\/\/rakosliget.hu\/wordpress\/index.php\/wp-json\/wp\/v2\/media?parent=7988"}],"curies":[{"name":"wp","href":"https:\/\/api.w.org\/{rel}","templated":true}]}}