{"id":785,"date":"2018-03-19T05:37:38","date_gmt":"2018-03-19T04:37:38","guid":{"rendered":"http:\/\/rakosliget.hu\/wordpress\/?page_id=785"},"modified":"2018-03-19T05:37:38","modified_gmt":"2018-03-19T04:37:38","slug":"balogh-kalman","status":"publish","type":"page","link":"https:\/\/rakosliget.hu\/wordpress\/index.php\/balogh-kalman\/","title":{"rendered":"Balogh K\u00e1lm\u00e1n"},"content":{"rendered":"<h1 align=\"left\">Balogh K\u00e1lm\u00e1n (Nagyg\u00e9res 1906 &#8211; ?)<\/h1>\n<h2 align=\"left\">R\u00e1kosliget f\u0151jegyz\u0151je<\/h2>\n<p align=\"left\">\n<p align=\"left\"><span data-canvas-width=\"309.76353257226515\">1945-t\u0151l a V\u00e1rosi, V\u00e1rmegyei \u00e9s K\u00f6zs\u00e9gi Alkalmazottak Orsz\u00e1gos Sz\u00f6vets\u00e9ge , majd a vasas szak<\/span><span data-canvas-width=\"247.3060789856269\">szervezet tagja. 1947-1950-ben <\/span><span data-canvas-width=\"63.1460754021826\">R\u00e1kosli<\/span><span data-canvas-width=\"22.203056955017313\">get<\/span><span data-canvas-width=\"292.6515529976046\"> k\u00f6zs\u00e9g f\u0151jegyz\u0151je, hivatalb\u00f3l a NB <\/span><span data-canvas-width=\"144.3852801953687\">tagja. -Nyugd\u00edjas. <\/span><\/p>\n","protected":false},"excerpt":{"rendered":"<p>Balogh K\u00e1lm\u00e1n (Nagyg\u00e9res 1906 &#8211; ?) R\u00e1kosliget f\u0151jegyz\u0151je 1945-t\u0151l a V\u00e1rosi, V\u00e1rmegyei \u00e9s K\u00f6zs\u00e9gi Alkalmazottak Orsz\u00e1gos Sz\u00f6vets\u00e9ge , majd a vasas szakszervezet tagja. 1947-1950-ben R\u00e1kosliget k\u00f6zs\u00e9g f\u0151jegyz\u0151je, hivatalb\u00f3l a NB tagja. -Nyugd\u00edjas.<\/p>\n","protected":false},"author":1,"featured_media":0,"parent":0,"menu_order":0,"comment_status":"closed","ping_status":"closed","template":"","meta":{"footnotes":""},"class_list":["post-785","page","type-page","status-publish","hentry"],"_links":{"self":[{"href":"https:\/\/rakosliget.hu\/wordpress\/index.php\/wp-json\/wp\/v2\/pages\/785","targetHints":{"allow":["GET"]}}],"collection":[{"href":"https:\/\/rakosliget.hu\/wordpress\/index.php\/wp-json\/wp\/v2\/pages"}],"about":[{"href":"https:\/\/rakosliget.hu\/wordpress\/index.php\/wp-json\/wp\/v2\/types\/page"}],"author":[{"embeddable":true,"href":"https:\/\/rakosliget.hu\/wordpress\/index.php\/wp-json\/wp\/v2\/users\/1"}],"replies":[{"embeddable":true,"href":"https:\/\/rakosliget.hu\/wordpress\/index.php\/wp-json\/wp\/v2\/comments?post=785"}],"version-history":[{"count":1,"href":"https:\/\/rakosliget.hu\/wordpress\/index.php\/wp-json\/wp\/v2\/pages\/785\/revisions"}],"predecessor-version":[{"id":786,"href":"https:\/\/rakosliget.hu\/wordpress\/index.php\/wp-json\/wp\/v2\/pages\/785\/revisions\/786"}],"wp:attachment":[{"href":"https:\/\/rakosliget.hu\/wordpress\/index.php\/wp-json\/wp\/v2\/media?parent=785"}],"curies":[{"name":"wp","href":"https:\/\/api.w.org\/{rel}","templated":true}]}}