{"id":780,"date":"2018-03-19T05:34:04","date_gmt":"2018-03-19T04:34:04","guid":{"rendered":"http:\/\/rakosliget.hu\/wordpress\/?page_id=780"},"modified":"2018-03-19T05:34:04","modified_gmt":"2018-03-19T04:34:04","slug":"balazs-istvan","status":"publish","type":"page","link":"https:\/\/rakosliget.hu\/wordpress\/index.php\/balazs-istvan\/","title":{"rendered":"Bal\u00e1zs Istv\u00e1n"},"content":{"rendered":"<p><center><\/p>\n<h1 align=\"left\">Bal\u00e1zs Istv\u00e1n (Kar\u00e1csond 1888. &#8211; 1953)<\/h1>\n<h2 align=\"left\">R\u00e1kosliget b\u00edr\u00f3ja<\/h2>\n<p align=\"left\">\n<p align=\"left\">M\u00c1V alkalmazott. 1945 &#8211; 1948 k\u00f6z\u00f6tt az SZDP tagja. 1909 &#8211; 1943 M\u00c1V \u00fczemi altiszt.<\/p>\n<p><\/center><\/p>\n","protected":false},"excerpt":{"rendered":"<p>Bal\u00e1zs Istv\u00e1n (Kar\u00e1csond 1888. &#8211; 1953) R\u00e1kosliget b\u00edr\u00f3ja M\u00c1V alkalmazott. 1945 &#8211; 1948 k\u00f6z\u00f6tt az SZDP tagja. 1909 &#8211; 1943 M\u00c1V \u00fczemi altiszt.<\/p>\n","protected":false},"author":1,"featured_media":0,"parent":0,"menu_order":0,"comment_status":"closed","ping_status":"closed","template":"","meta":{"footnotes":""},"class_list":["post-780","page","type-page","status-publish","hentry"],"_links":{"self":[{"href":"https:\/\/rakosliget.hu\/wordpress\/index.php\/wp-json\/wp\/v2\/pages\/780","targetHints":{"allow":["GET"]}}],"collection":[{"href":"https:\/\/rakosliget.hu\/wordpress\/index.php\/wp-json\/wp\/v2\/pages"}],"about":[{"href":"https:\/\/rakosliget.hu\/wordpress\/index.php\/wp-json\/wp\/v2\/types\/page"}],"author":[{"embeddable":true,"href":"https:\/\/rakosliget.hu\/wordpress\/index.php\/wp-json\/wp\/v2\/users\/1"}],"replies":[{"embeddable":true,"href":"https:\/\/rakosliget.hu\/wordpress\/index.php\/wp-json\/wp\/v2\/comments?post=780"}],"version-history":[{"count":1,"href":"https:\/\/rakosliget.hu\/wordpress\/index.php\/wp-json\/wp\/v2\/pages\/780\/revisions"}],"predecessor-version":[{"id":781,"href":"https:\/\/rakosliget.hu\/wordpress\/index.php\/wp-json\/wp\/v2\/pages\/780\/revisions\/781"}],"wp:attachment":[{"href":"https:\/\/rakosliget.hu\/wordpress\/index.php\/wp-json\/wp\/v2\/media?parent=780"}],"curies":[{"name":"wp","href":"https:\/\/api.w.org\/{rel}","templated":true}]}}