{"id":778,"date":"2018-03-19T05:33:29","date_gmt":"2018-03-19T04:33:29","guid":{"rendered":"http:\/\/rakosliget.hu\/wordpress\/?page_id=778"},"modified":"2018-03-19T05:33:29","modified_gmt":"2018-03-19T04:33:29","slug":"bakos-jozsef","status":"publish","type":"page","link":"https:\/\/rakosliget.hu\/wordpress\/index.php\/bakos-jozsef\/","title":{"rendered":"Bakos J\u00f3zsef"},"content":{"rendered":"<p><center><\/p>\n<h1 align=\"left\">Bakos J\u00f3zsef (1863 &#8211; 1942) erd\u0151 f\u0151tan\u00e1csos<\/h1>\n<p align=\"left\">Az Orsz\u00e1gos Erd\u00e9szeti Egyes\u00fclet 1939. \u00e9vi j\u00fanius h\u00f3 21-\u00e9n, d\u00e9li 12 \u00f3rai kezdettel Debrecenben, a V\u00e1rosh\u00e1za k\u00f6zgy\u0171l\u00e9si term\u00e9ben tartott rendes k\u00f6zgy\u0171l\u00e9st, melyen az 50 \u00e9ves egyes\u00fcleti tags\u00e1g tisztelet\u00e9re kiadott d\u00edszoklevelek ker\u00fcltek \u00e1tny\u00fajt\u00e1sra. Bakos J\u00f3zsef nyugalmazott erd\u0151tan\u00e1csos, aki 1888 \u00f3ta volt a tagja az egyes\u00fcletnek d\u00edszoklevelet kapott.<\/p>\n<p align=\"left\">1942-ben R\u00e1kosligeten hunyt el. A telep\u00fcl\u00e9s temet\u0151j\u00e9ben temett\u00e9k el.<\/p>\n<p><\/center><\/p>\n","protected":false},"excerpt":{"rendered":"<p>Bakos J\u00f3zsef (1863 &#8211; 1942) erd\u0151 f\u0151tan\u00e1csos Az Orsz\u00e1gos Erd\u00e9szeti Egyes\u00fclet 1939. \u00e9vi j\u00fanius h\u00f3 21-\u00e9n, d\u00e9li 12 \u00f3rai kezdettel Debrecenben, a V\u00e1rosh\u00e1za k\u00f6zgy\u0171l\u00e9si term\u00e9ben tartott rendes k\u00f6zgy\u0171l\u00e9st, melyen az 50 \u00e9ves egyes\u00fcleti tags\u00e1g tisztelet\u00e9re kiadott d\u00edszoklevelek ker\u00fcltek \u00e1tny\u00fajt\u00e1sra. Bakos J\u00f3zsef nyugalmazott erd\u0151tan\u00e1csos, aki 1888 \u00f3ta volt a tagja az egyes\u00fcletnek d\u00edszoklevelet kapott. 1942-ben R\u00e1kosligeten &hellip; <a href=\"https:\/\/rakosliget.hu\/wordpress\/index.php\/bakos-jozsef\/\" class=\"more-link\"><span class=\"screen-reader-text\">Bakos J\u00f3zsef<\/span> r\u00e9szletei&#8230;<\/a><\/p>\n","protected":false},"author":1,"featured_media":0,"parent":0,"menu_order":0,"comment_status":"closed","ping_status":"closed","template":"","meta":{"footnotes":""},"class_list":["post-778","page","type-page","status-publish","hentry"],"_links":{"self":[{"href":"https:\/\/rakosliget.hu\/wordpress\/index.php\/wp-json\/wp\/v2\/pages\/778","targetHints":{"allow":["GET"]}}],"collection":[{"href":"https:\/\/rakosliget.hu\/wordpress\/index.php\/wp-json\/wp\/v2\/pages"}],"about":[{"href":"https:\/\/rakosliget.hu\/wordpress\/index.php\/wp-json\/wp\/v2\/types\/page"}],"author":[{"embeddable":true,"href":"https:\/\/rakosliget.hu\/wordpress\/index.php\/wp-json\/wp\/v2\/users\/1"}],"replies":[{"embeddable":true,"href":"https:\/\/rakosliget.hu\/wordpress\/index.php\/wp-json\/wp\/v2\/comments?post=778"}],"version-history":[{"count":1,"href":"https:\/\/rakosliget.hu\/wordpress\/index.php\/wp-json\/wp\/v2\/pages\/778\/revisions"}],"predecessor-version":[{"id":779,"href":"https:\/\/rakosliget.hu\/wordpress\/index.php\/wp-json\/wp\/v2\/pages\/778\/revisions\/779"}],"wp:attachment":[{"href":"https:\/\/rakosliget.hu\/wordpress\/index.php\/wp-json\/wp\/v2\/media?parent=778"}],"curies":[{"name":"wp","href":"https:\/\/api.w.org\/{rel}","templated":true}]}}