{"id":770,"date":"2018-03-19T05:30:49","date_gmt":"2018-03-19T04:30:49","guid":{"rendered":"http:\/\/rakosliget.hu\/wordpress\/?page_id=770"},"modified":"2023-04-05T17:21:15","modified_gmt":"2023-04-05T16:21:15","slug":"angyal-laszlo","status":"publish","type":"page","link":"https:\/\/rakosliget.hu\/wordpress\/index.php\/angyal-laszlo\/","title":{"rendered":"Angyal L\u00e1szl\u00f3"},"content":{"rendered":"<h2 align=\"left\">R\u00e1kosligeti iskolaigazgat\u00f3<\/h2>\n<p align=\"left\">\n<h3 align=\"justify\">Elfogt\u00e1k Angyal L\u00e1szl\u00f3 r\u00e1kosligeti iskolaigazgat\u00f3t<\/h3>\n<div id=\"articlePagedList_normal\">\n<div id=\"articlePage_normal0\">\n<p align=\"justify\">Elfogt\u00e1k Angyal L\u00e1szl\u00f3 r\u00e1kosligeti iskolaigazgat\u00f3t, Petschauer Attila \u00e9s 263 munkaszolg\u00e1latos h\u00f3h\u00e9rj\u00e1t<\/p>\n<p>A felszabadul\u00e1s ut\u00e1n igazolt\u00e1k \u00e9s igazgat\u00f3v\u00e1 nevezt\u00e9k ki.<\/p>\n<p>A katonapolitikai oszt\u00e1ly letart\u00f3ztatta Angyal L\u00e1szl\u00f3t (aki nem t\u00e9vesztend\u0151 \u00f6ssze a hasonl\u00f3 nev\u0171 n\u00e9pszer\u0171 zeneszerz\u0151vel), az ukrajnai 101\/4 munk\u00e1ssz\u00e1zad parancsnok\u00e1t, aki a kultuszkorm\u00e1ny igazol\u00e1sa ut\u00e1n a legut\u00f3bbi napokig mint igazgat\u00f3-tan\u00edt\u00f3 teljes\u00edtett szolg\u00e1latot a r\u00e1kosligeti elemi iskol\u00e1ban.<\/p>\n<p>M\u00e9g 1942 elej\u00e9n t\u00f6rt\u00e9nt, hogy a h\u00edrhedt Murai-Metzl Lip\u00f3t Ukrajn\u00e1ba k\u00fcldte a 101\/4 munk\u00e1ssz\u00e1zadot, Angyal L\u00e1szl\u00f3 vez\u00e9nylete alatt. A munk\u00e1ssz\u00e1zad parancsnoka m\u00e1r \u00fatk\u00f6zben \u00fct\u00f6tte-verte \u00e9s \u00e9heztette a munkaszolg\u00e1latosokat. A keretleg\u00e9nys\u00e9gnek kiadta a parancsot, hogy a munkaszolg\u00e1latosokkal a legkegyetlenebb\u00fcl b\u00e1njanak \u00e9s s\u00falyosan megb\u00fcntette azokat a katon\u00e1kat, akik nem voltak hajland\u00f3k napr\u00f3l-napra k\u00ednozni a szerencs\u00e9tlen fiatalembereket.<\/p>\n<p>Angyal sz\u00e1zad\u00e1ban szolg\u00e1lt Petschauer Attila, a magyar kardv\u00edv\u00e1s olimpiai bajnoka, a kiv\u00e1l\u00f3 \u00fajs\u00e1g\u00edr\u00f3 is. Ez a remek sportember katonai beh\u00edv\u00f3j\u00e1ra ny\u00e1ri ruh\u00e1ban \u00e9s ballonkab\u00e1tban ment el jelentkezni, mert joggal rem\u00e9lte, hogy sport\u00e9rdemeire \u00e9s magas korm\u00e1nyz\u00f3 kit\u00fcntet\u00e9s\u00e9re tekintettel leszerelik \u00e9s elt\u00e1vozhat. Murai \u00e9s Angyal azonban semmilyen kiv\u00e9telez\u00e9st el nem fogadtak s Petschauert 263 t\u00e1rs\u00e1val egy\u00fctt vagonba gy\u00f6m\u00f6sz\u00f6lt\u00e9k. Angyal sz\u00e1zadparancsnok azt\u00e1n mindent elk\u00f6vetett, hogy vil\u00e1gh\u00edr\u0171 munkaszolg\u00e1latos\u00e1nak \u00e9let\u00e9t min\u00e9l elviselhetetlenebb\u00e9 tegye. Ah\u00e1ny alkalommal csak el\u00e9je ker\u00fclt Petschauer Angyal megk\u00f6t\u00f6ztette \u00e9s s\u00falyosan b\u00e1ntalmazta. K\u00f6nny\u0171 ny\u00e1ri ruh\u00e1j\u00e1ban kellett v\u00e9gigszenvednie a 40 fokos orosz t\u00e9l minden borzalm\u00e1t.<\/p>\n<p>Kurkszban a sz\u00e1zadot katonai \u00e9p\u00edtkez\u00e9sre osztott\u00e1k be \u00e9s Angyal kegyetlens\u00e9ge itt mutatkozott meg igaz\u00e1n. Munkaszolg\u00e1latosait napokon kereszt\u00fcl \u00e9heztette, dolgoztatta, \u00fct\u00f6tte-verte, alantasaival verette, azut\u00e1n \u201efek\u00fcdj\u201d-\u00f6t vez\u00e9nyelt \u00e9s amikor a sz\u00e1zad tagjai hasonfekve a jeges pocsoly\u00e1ban fetrengetek, valamennyi\u00fcket szem\u00e9lyesen \u00f6sszerugdalta, egyiknek a fej\u00e9r\u0151l a m\u00e1sikra ugrott \u00e9s neh\u00e9z csizm\u00e1j\u00e1val taposta a f\u00e1jdalomt\u00f3l \u0151rj\u00f6ng\u0151 munkaszolg\u00e1latosokat. Sokakat kik\u00f6ttetett, meztelen\u00fcl ugr\u00e1ltatott a h\u00f3ban \u00e9s nem volt az embertelen k\u00ednz\u00e1snak olyan k\u00f6rm\u00f6nfont form\u00e1ja, amit ki ne pr\u00f3b\u00e1lt volna. Nem vit\u00e1s, hogy Angyal kezdte el a magyarorsz\u00e1gi munkaszolg\u00e1latosok k\u00ednoztat\u00e1s\u00e1t! A 101\/4 sz\u00e1m\u00fa \u201ehal\u00e1lsz\u00e1zad\u201d rendszer\u00e9nek csakhamar h\u00edre ment \u00e9s sokan akadtak az ukrajnai munkaszolg\u00e1latos parancsnokok k\u00f6z\u00f6tt, akik k\u00f6vett\u00e9k Angyal \u2013 \u00f6rd\u00f6gi p\u00e9ld\u00e1j\u00e1t.<\/p>\n<p>1942 m\u00e1jus 4-\u00e9n Angyal L\u00e1szl\u00f3 \u00fajb\u00f3l \u00f6sszek\u00f6ttette \u00e9s a felismerhetetlens\u00e9gig \u00f6sszeverte Petschauer Attil\u00e1t, ugyanezen a napon gyilkolta meg Havasi B\u00e9la orvostanhallgat\u00f3t \u00e9s m\u00e9g t\u00f6bb m\u00e1s munkaszolg\u00e1latost. A sz\u00f6rny\u0171 embertelens\u00e9g ut\u00e1n v\u00e9g\u00fcl is csak kilenc tagja maradt \u00e9letben a sz\u00e1zadnak, kilenc ember a 261 k\u00f6z\u00fcl!<\/p>\n<p>A felszabadul\u00e1s ut\u00e1n Angyal L\u00e1szl\u00f3 n\u00e9ptan\u00edt\u00f3 szolg\u00e1latt\u00e9telre jelentkezett.<br \/>\nA kultuszminiszt\u00e9rium szab\u00e1lyszer\u0171en leigazolta \u00e9s a r\u00e1kosligeti elemi iskol\u00e1hoz osztotta be. M\u00e1sf\u00e9l \u00e9v ut\u00e1n \u201ea demokratikus n\u00e9poktat\u00e1s ter\u00e9n kifejtett \u00e9rdemeinek elismer\u00e9s\u00e9\u00fcl\u201d igazgat\u00f3v\u00e1 l\u00e9ptett\u00e9k el\u0151.<\/p>\n<p>Nyugodtan \u00e9lte \u00e9let\u00e9t R\u00e1kosligeten, abban a hitben, hogy a 263 munkaszolg\u00e1latos k\u00f6z\u00fcl senkisem t\u00e9rt haza \u00e9lve \u00e9s \u00edgy v\u00e9res m\u00faltj\u00e1nak nincs m\u00e1r egy v\u00e1dl\u00f3 tan\u00faja sem. Azonban a megmenek\u00fclt kilenc munkaszolg\u00e1latos nem feledkezett meg arr\u00f3l, hogy Angyal L\u00e1szl\u00f3 t\u00f6bb mint sz\u00e1z bajt\u00e1rs\u00e1t, \u00e9rtelmis\u00e9git, orvost, \u00fcgyv\u00e9det, m\u0171v\u00e9szt, \u00fajs\u00e1g\u00edr\u00f3t \u00e9s fiatal tud\u00f3st k\u00fcld\u00f6tt a hal\u00e1lba. Feljelent\u00e9st tettek ellene \u00e9s a katonapolitikai oszt\u00e1ly hosszas nyomoz\u00e1s ut\u00e1n a r\u00e1kosligeti p\u00e1lyaudvaron elfogta az igazgat\u00f3-tan\u00edt\u00f3 urat.<br \/>\nMurai-Metzl Lip\u00f3t prib\u00e9kje a n\u00e9pb\u00edr\u00f3s\u00e1g el\u0151tt felel tettei\u00e9rt.<\/p>\n<\/div>\n<\/div>\n<p>Forr\u00e1s: <a href=\"http:\/\/www.huszadikszazad.hu\/1946-oktober\/bulvar\/elfogtak-angyal-laszlo-rakosligeti-iskolaigazgatot\">http:\/\/www.huszadikszazad.hu\/1946-oktober\/bulvar\/elfogtak-angyal-laszlo-rakosligeti-iskolaigazgatot<\/a><\/p>\n","protected":false},"excerpt":{"rendered":"<p>R\u00e1kosligeti iskolaigazgat\u00f3 Elfogt\u00e1k Angyal L\u00e1szl\u00f3 r\u00e1kosligeti iskolaigazgat\u00f3t Elfogt\u00e1k Angyal L\u00e1szl\u00f3 r\u00e1kosligeti iskolaigazgat\u00f3t, Petschauer Attila \u00e9s 263 munkaszolg\u00e1latos h\u00f3h\u00e9rj\u00e1t A felszabadul\u00e1s ut\u00e1n igazolt\u00e1k \u00e9s igazgat\u00f3v\u00e1 nevezt\u00e9k ki. A katonapolitikai oszt\u00e1ly letart\u00f3ztatta Angyal L\u00e1szl\u00f3t (aki nem t\u00e9vesztend\u0151 \u00f6ssze a hasonl\u00f3 nev\u0171 n\u00e9pszer\u0171 zeneszerz\u0151vel), az ukrajnai 101\/4 munk\u00e1ssz\u00e1zad parancsnok\u00e1t, aki a kultuszkorm\u00e1ny igazol\u00e1sa ut\u00e1n a legut\u00f3bbi napokig mint &hellip; <a href=\"https:\/\/rakosliget.hu\/wordpress\/index.php\/angyal-laszlo\/\" class=\"more-link\"><span class=\"screen-reader-text\">Angyal L\u00e1szl\u00f3<\/span> r\u00e9szletei&#8230;<\/a><\/p>\n","protected":false},"author":1,"featured_media":0,"parent":0,"menu_order":0,"comment_status":"closed","ping_status":"closed","template":"","meta":{"footnotes":""},"class_list":["post-770","page","type-page","status-publish","hentry"],"_links":{"self":[{"href":"https:\/\/rakosliget.hu\/wordpress\/index.php\/wp-json\/wp\/v2\/pages\/770","targetHints":{"allow":["GET"]}}],"collection":[{"href":"https:\/\/rakosliget.hu\/wordpress\/index.php\/wp-json\/wp\/v2\/pages"}],"about":[{"href":"https:\/\/rakosliget.hu\/wordpress\/index.php\/wp-json\/wp\/v2\/types\/page"}],"author":[{"embeddable":true,"href":"https:\/\/rakosliget.hu\/wordpress\/index.php\/wp-json\/wp\/v2\/users\/1"}],"replies":[{"embeddable":true,"href":"https:\/\/rakosliget.hu\/wordpress\/index.php\/wp-json\/wp\/v2\/comments?post=770"}],"version-history":[{"count":2,"href":"https:\/\/rakosliget.hu\/wordpress\/index.php\/wp-json\/wp\/v2\/pages\/770\/revisions"}],"predecessor-version":[{"id":11520,"href":"https:\/\/rakosliget.hu\/wordpress\/index.php\/wp-json\/wp\/v2\/pages\/770\/revisions\/11520"}],"wp:attachment":[{"href":"https:\/\/rakosliget.hu\/wordpress\/index.php\/wp-json\/wp\/v2\/media?parent=770"}],"curies":[{"name":"wp","href":"https:\/\/api.w.org\/{rel}","templated":true}]}}