{"id":766,"date":"2018-03-19T05:28:07","date_gmt":"2018-03-19T04:28:07","guid":{"rendered":"http:\/\/rakosliget.hu\/wordpress\/?page_id=766"},"modified":"2018-03-19T05:28:07","modified_gmt":"2018-03-19T04:28:07","slug":"alpar-bela","status":"publish","type":"page","link":"https:\/\/rakosliget.hu\/wordpress\/index.php\/alpar-bela\/","title":{"rendered":"Alp\u00e1r B\u00e9la"},"content":{"rendered":"<h1 align=\"left\"><span data-canvas-width=\"32.868497611510804\">Alp\u00e1r<\/span><span data-canvas-width=\"244.60863625073273\"> B\u00e9la (Budapest, 1909 &#8211; ?)<\/span><\/h1>\n<h2 align=\"left\">R\u00e1kosliget k\u00e9pvisel\u0151 test\u00fcleti tag<\/h2>\n<p align=\"left\">\n<p align=\"left\"><span data-canvas-width=\"164.5931193029577\">Villanyszerel\u0151, m\u0171szer\u00e9sz. 1945-t\u0151l az MKP (MDP) tagja. 1945-ben a R\u00e1kosligeti Nemzeti Bizotts\u00e1g \u00e9s k\u00e9pvisel\u0151test\u00fclet tagja, a Nemzeti Seg\u00e9ly vezet\u0151s\u00e9gi tagja. &#8211; Kisiparos, a KIOSZ budapesti v\u00e1lasztm\u00e1nyi tagja. A XI. utca 7. sz\u00e1m alatt.<\/span><\/p>\n","protected":false},"excerpt":{"rendered":"<p>Alp\u00e1r B\u00e9la (Budapest, 1909 &#8211; ?) R\u00e1kosliget k\u00e9pvisel\u0151 test\u00fcleti tag Villanyszerel\u0151, m\u0171szer\u00e9sz. 1945-t\u0151l az MKP (MDP) tagja. 1945-ben a R\u00e1kosligeti Nemzeti Bizotts\u00e1g \u00e9s k\u00e9pvisel\u0151test\u00fclet tagja, a Nemzeti Seg\u00e9ly vezet\u0151s\u00e9gi tagja. &#8211; Kisiparos, a KIOSZ budapesti v\u00e1lasztm\u00e1nyi tagja. A XI. utca 7. sz\u00e1m alatt.<\/p>\n","protected":false},"author":1,"featured_media":0,"parent":0,"menu_order":0,"comment_status":"closed","ping_status":"closed","template":"","meta":{"footnotes":""},"class_list":["post-766","page","type-page","status-publish","hentry"],"_links":{"self":[{"href":"https:\/\/rakosliget.hu\/wordpress\/index.php\/wp-json\/wp\/v2\/pages\/766","targetHints":{"allow":["GET"]}}],"collection":[{"href":"https:\/\/rakosliget.hu\/wordpress\/index.php\/wp-json\/wp\/v2\/pages"}],"about":[{"href":"https:\/\/rakosliget.hu\/wordpress\/index.php\/wp-json\/wp\/v2\/types\/page"}],"author":[{"embeddable":true,"href":"https:\/\/rakosliget.hu\/wordpress\/index.php\/wp-json\/wp\/v2\/users\/1"}],"replies":[{"embeddable":true,"href":"https:\/\/rakosliget.hu\/wordpress\/index.php\/wp-json\/wp\/v2\/comments?post=766"}],"version-history":[{"count":1,"href":"https:\/\/rakosliget.hu\/wordpress\/index.php\/wp-json\/wp\/v2\/pages\/766\/revisions"}],"predecessor-version":[{"id":767,"href":"https:\/\/rakosliget.hu\/wordpress\/index.php\/wp-json\/wp\/v2\/pages\/766\/revisions\/767"}],"wp:attachment":[{"href":"https:\/\/rakosliget.hu\/wordpress\/index.php\/wp-json\/wp\/v2\/media?parent=766"}],"curies":[{"name":"wp","href":"https:\/\/api.w.org\/{rel}","templated":true}]}}