{"id":7605,"date":"2020-11-21T12:50:18","date_gmt":"2020-11-21T11:50:18","guid":{"rendered":"http:\/\/rakosliget.hu\/wordpress\/?page_id=7605"},"modified":"2020-11-21T12:53:14","modified_gmt":"2020-11-21T11:53:14","slug":"keresztury-istvan-2","status":"publish","type":"page","link":"https:\/\/rakosliget.hu\/wordpress\/index.php\/keresztury-istvan-2\/","title":{"rendered":"KERESZT\u00daRY ISTV\u00c1N"},"content":{"rendered":"\n<p>1939<\/p>\n\n\n\n<p>K\u00f6rzeti iskolafel\u00fcgyel\u0151k.<\/p>\n\n\n\n<p><strong>Als\u00f3dabas<\/strong>. III. sz.: Kunfalvy Jen\u0151. K\u00f6zs. ig. Pusztavacs. ASZ\u00d3D. I. sz.: v. Keresztury Istv\u00e1n. \u00c1ll. ig. R\u00e1kosliget. <br><\/p>\n","protected":false},"excerpt":{"rendered":"<p>1939 K\u00f6rzeti iskolafel\u00fcgyel\u0151k. Als\u00f3dabas. III. sz.: Kunfalvy Jen\u0151. K\u00f6zs. ig. Pusztavacs. ASZ\u00d3D. I. sz.: v. Keresztury Istv\u00e1n. \u00c1ll. ig. R\u00e1kosliget.<\/p>\n","protected":false},"author":1,"featured_media":0,"parent":0,"menu_order":0,"comment_status":"closed","ping_status":"closed","template":"","meta":{"footnotes":""},"class_list":["post-7605","page","type-page","status-publish","hentry"],"_links":{"self":[{"href":"https:\/\/rakosliget.hu\/wordpress\/index.php\/wp-json\/wp\/v2\/pages\/7605","targetHints":{"allow":["GET"]}}],"collection":[{"href":"https:\/\/rakosliget.hu\/wordpress\/index.php\/wp-json\/wp\/v2\/pages"}],"about":[{"href":"https:\/\/rakosliget.hu\/wordpress\/index.php\/wp-json\/wp\/v2\/types\/page"}],"author":[{"embeddable":true,"href":"https:\/\/rakosliget.hu\/wordpress\/index.php\/wp-json\/wp\/v2\/users\/1"}],"replies":[{"embeddable":true,"href":"https:\/\/rakosliget.hu\/wordpress\/index.php\/wp-json\/wp\/v2\/comments?post=7605"}],"version-history":[{"count":2,"href":"https:\/\/rakosliget.hu\/wordpress\/index.php\/wp-json\/wp\/v2\/pages\/7605\/revisions"}],"predecessor-version":[{"id":7607,"href":"https:\/\/rakosliget.hu\/wordpress\/index.php\/wp-json\/wp\/v2\/pages\/7605\/revisions\/7607"}],"wp:attachment":[{"href":"https:\/\/rakosliget.hu\/wordpress\/index.php\/wp-json\/wp\/v2\/media?parent=7605"}],"curies":[{"name":"wp","href":"https:\/\/api.w.org\/{rel}","templated":true}]}}