{"id":760,"date":"2018-03-18T10:21:01","date_gmt":"2018-03-18T09:21:01","guid":{"rendered":"http:\/\/rakosliget.hu\/wordpress\/?page_id=760"},"modified":"2026-01-02T07:31:48","modified_gmt":"2026-01-02T06:31:48","slug":"ajtai-miklos","status":"publish","type":"page","link":"https:\/\/rakosliget.hu\/wordpress\/index.php\/ajtai-miklos\/","title":{"rendered":"Ajtai Mikl\u00f3s"},"content":{"rendered":"\n<h4 class=\"wp-block-heading\">Ajtai Mikl\u00f3s (R\u00e1kosliget, 1914. m\u00e1j. 19. \u2013 Bp., 1982. febr. 14.)<\/h4>\n\n\n\n<p class=\"has-text-align-left\">Politikus, J\u00f3bor\u00fa Magda (Orsz\u00e1gos Sz\u00e9chenyi K\u00f6nyvt\u00e1r nagyhatalm\u00fa vezet\u0151je) nevel\u00e9st\u00f6rt\u00e9n\u00e9sz f\u00e9rje.<br>A bp.-i tudom\u00e1nyegy.-en szerzett vegy\u00e9szdiplom\u00e1t (1938). Mint a Chinoin vegy\u00e9szm\u00e9rn\u00f6ke (1938\u201345) kapcsol\u00f3dott be a munk\u00e1smozgalomba. 1944-ben az MKP tagja lett, tev\u00e9kenyen r\u00e9szt vett az ellen\u00e1ll\u00e1si mozgalomban. 1945\u201346-ban a K\u00f6zell\u00e1t\u00e1si Korm\u00e1nybiztoss\u00e1gon dolgozott, 1946\u201347-ben oszt\u00e1lytan\u00e1csos a N\u00e9pj\u00f3l\u00e9ti Min.-bar. 1947\u201348-ban min.-i tan\u00e1csos a N\u00e9pj\u00f3l\u00e9ti, majd az Ipar\u00fcgyi Min.-ban, 1949\u201351-ben a K\u00f6nny\u0171ipari Min. politikai \u00e1llamtitk\u00e1ra, 1951\u201355-ben k\u00f6nny\u0171ipari min. h. 1955-ben a k\u00f6nny\u0171ipari min. els\u0151 h.-e, 1955\u201361-ben az Orsz. Tervhivatal eln\u00f6kh.-e, 1961\u201367-ben eln\u00f6ke. 1967. \u00e1pr. 14-t\u0151l 1974. m\u00e1rc. 21-ig \u2013 nyugalomba vonul\u00e1s\u00e1ig \u2013 a min. tan\u00e1cs eln\u00f6kh.-e, 1970\u201378 k\u00f6z\u00f6tt az Orsz. M\u0171szaki Fejleszt\u00e9si Bizotts\u00e1g eln\u00f6ke, 1965\u201374 k\u00f6z\u00f6tt az \u00c1llami \u00e9s Kossuth-d\u00edj Bizotts\u00e1g eln\u00f6ke 1974\u201378-ban eln\u00f6kh.-e, 1969\u201374-ben a Tudom\u00e1nypolitikai Bizotts\u00e1g eln\u00f6ke. 1974\u201380 k\u00f6z\u00f6tt a MTESZ eln\u00f6ke, 1980\u201381-ben aleln\u00f6ke, 1981\u201382-ben t\u00e1rseln\u00f6ke; 1982-ben a Magyar Ellen\u00e1ll\u00f3k, Antifasiszt\u00e1k Sz\u00f6vets\u00e9g\u00e9nek eln\u00f6ke volt. 1961-t\u0151l hal\u00e1l\u00e1ig az MSZMP KB tagja, 1962\u20131970 k\u00f6z\u00f6tt az MSZMP KB PB p\u00f3ttagja.<\/p>\n\n\n\n<p>Forr\u00e1s: http:\/\/www.mek.iif.hu\/porta\/szint\/egyeb\/lexikon\/eletrajz\/html\/<\/p>\n\n\n<div class=\"wp-block-image\">\n<figure class=\"aligncenter size-full\"><img loading=\"lazy\" decoding=\"async\" width=\"1182\" height=\"2262\" src=\"https:\/\/rakosliget.hu\/wordpress\/wp-content\/uploads\/2026\/01\/Ajtai.jpg\" alt=\"\" class=\"wp-image-20773\" srcset=\"https:\/\/rakosliget.hu\/wordpress\/wp-content\/uploads\/2026\/01\/Ajtai.jpg 1182w, https:\/\/rakosliget.hu\/wordpress\/wp-content\/uploads\/2026\/01\/Ajtai-157x300.jpg 157w, https:\/\/rakosliget.hu\/wordpress\/wp-content\/uploads\/2026\/01\/Ajtai-768x1470.jpg 768w, https:\/\/rakosliget.hu\/wordpress\/wp-content\/uploads\/2026\/01\/Ajtai-803x1536.jpg 803w, https:\/\/rakosliget.hu\/wordpress\/wp-content\/uploads\/2026\/01\/Ajtai-1070x2048.jpg 1070w\" sizes=\"auto, (max-width: 1182px) 100vw, 1182px\" \/><figcaption class=\"wp-element-caption\">SZOLNOK MEGYEI N\u00c9PLAP 1982. FEBRU\u00c1R 16. 2. oldal<\/figcaption><\/figure>\n<\/div>\n\n\n<p>&nbsp;<\/p>\n","protected":false},"excerpt":{"rendered":"<p>Ajtai Mikl\u00f3s (R\u00e1kosliget, 1914. m\u00e1j. 19. \u2013 Bp., 1982. febr. 14.) Politikus, J\u00f3bor\u00fa Magda (Orsz\u00e1gos Sz\u00e9chenyi K\u00f6nyvt\u00e1r nagyhatalm\u00fa vezet\u0151je) nevel\u00e9st\u00f6rt\u00e9n\u00e9sz f\u00e9rje.A bp.-i tudom\u00e1nyegy.-en szerzett vegy\u00e9szdiplom\u00e1t (1938). Mint a Chinoin vegy\u00e9szm\u00e9rn\u00f6ke (1938\u201345) kapcsol\u00f3dott be a munk\u00e1smozgalomba. 1944-ben az MKP tagja lett, tev\u00e9kenyen r\u00e9szt vett az ellen\u00e1ll\u00e1si mozgalomban. 1945\u201346-ban a K\u00f6zell\u00e1t\u00e1si Korm\u00e1nybiztoss\u00e1gon dolgozott, 1946\u201347-ben oszt\u00e1lytan\u00e1csos a N\u00e9pj\u00f3l\u00e9ti &hellip; <a href=\"https:\/\/rakosliget.hu\/wordpress\/index.php\/ajtai-miklos\/\" class=\"more-link\"><span class=\"screen-reader-text\">Ajtai Mikl\u00f3s<\/span> r\u00e9szletei&#8230;<\/a><\/p>\n","protected":false},"author":1,"featured_media":0,"parent":0,"menu_order":0,"comment_status":"closed","ping_status":"closed","template":"","meta":{"footnotes":""},"class_list":["post-760","page","type-page","status-publish","hentry"],"_links":{"self":[{"href":"https:\/\/rakosliget.hu\/wordpress\/index.php\/wp-json\/wp\/v2\/pages\/760","targetHints":{"allow":["GET"]}}],"collection":[{"href":"https:\/\/rakosliget.hu\/wordpress\/index.php\/wp-json\/wp\/v2\/pages"}],"about":[{"href":"https:\/\/rakosliget.hu\/wordpress\/index.php\/wp-json\/wp\/v2\/types\/page"}],"author":[{"embeddable":true,"href":"https:\/\/rakosliget.hu\/wordpress\/index.php\/wp-json\/wp\/v2\/users\/1"}],"replies":[{"embeddable":true,"href":"https:\/\/rakosliget.hu\/wordpress\/index.php\/wp-json\/wp\/v2\/comments?post=760"}],"version-history":[{"count":2,"href":"https:\/\/rakosliget.hu\/wordpress\/index.php\/wp-json\/wp\/v2\/pages\/760\/revisions"}],"predecessor-version":[{"id":20774,"href":"https:\/\/rakosliget.hu\/wordpress\/index.php\/wp-json\/wp\/v2\/pages\/760\/revisions\/20774"}],"wp:attachment":[{"href":"https:\/\/rakosliget.hu\/wordpress\/index.php\/wp-json\/wp\/v2\/media?parent=760"}],"curies":[{"name":"wp","href":"https:\/\/api.w.org\/{rel}","templated":true}]}}