{"id":7565,"date":"2020-11-21T06:32:59","date_gmt":"2020-11-21T05:32:59","guid":{"rendered":"http:\/\/rakosliget.hu\/wordpress\/?page_id=7565"},"modified":"2025-11-28T12:26:25","modified_gmt":"2025-11-28T11:26:25","slug":"pesti-hirlap","status":"publish","type":"page","link":"https:\/\/rakosliget.hu\/wordpress\/index.php\/pesti-hirlap\/","title":{"rendered":"PESTI H\u00cdRLAP"},"content":{"rendered":"\n<p id=\"Eleje\"><\/p>\n\n\n\n<p><a href=\"#1897\">1897<\/a> <a href=\"#1899\">1899<\/a> <a href=\"#1908\">1908<\/a> <a href=\"#1910\">1910<\/a> <a href=\"#1912\">1912<\/a> <a href=\"#1913\">1913<\/a>  <a href=\"#1925\">1925<\/a>  <a href=\"#1926\">1926<\/a>  <a href=\"#1927\">1927<\/a>  <a href=\"#1929\">1929<\/a>  <a href=\"#1930\">1930<\/a>  <a href=\"#1931\">1931<\/a>  <a href=\"#1932\">1932<\/a>  <a href=\"#1935\">1935<\/a>  <\/p>\n\n\n\n<p><a href=\"https:\/\/rakosliget.hu\/wordpress\/index.php\/rakosliget-a-korabeli-hirekben\/\">Vissza a SAJT\u00d3H\u00cdREK lapra<\/a><\/p>\n\n\n\n<h2 class=\"wp-block-heading\" id=\"1897\">1897<\/h2>\n\n\n\n<div class=\"wp-block-media-text alignwide is-stacked-on-mobile\"><figure class=\"wp-block-media-text__media\"><img loading=\"lazy\" decoding=\"async\" width=\"281\" height=\"1024\" src=\"http:\/\/rakosliget.hu\/wordpress\/wp-content\/uploads\/2020\/11\/1897_szeptember-19-281x1024.jpg\" alt=\"\" class=\"wp-image-7571 size-full\" srcset=\"https:\/\/rakosliget.hu\/wordpress\/wp-content\/uploads\/2020\/11\/1897_szeptember-19-281x1024.jpg 281w, https:\/\/rakosliget.hu\/wordpress\/wp-content\/uploads\/2020\/11\/1897_szeptember-19-82x300.jpg 82w, https:\/\/rakosliget.hu\/wordpress\/wp-content\/uploads\/2020\/11\/1897_szeptember-19-421x1536.jpg 421w, https:\/\/rakosliget.hu\/wordpress\/wp-content\/uploads\/2020\/11\/1897_szeptember-19.jpg 568w\" sizes=\"auto, (max-width: 281px) 100vw, 281px\" \/><\/figure><div class=\"wp-block-media-text__content\">\n<p><strong>1897. szeptember 19.<\/strong><\/p>\n<\/div><\/div>\n\n\n\n<p><a href=\"#Eleje\">VISSZA A LAP TETEJ\u00c9RE<\/a><\/p>\n\n\n\n<h2 class=\"wp-block-heading\" id=\"1899\">1899<\/h2>\n\n\n\n<hr class=\"wp-block-separator has-css-opacity\"\/>\n\n\n\n<div class=\"wp-block-media-text alignwide is-stacked-on-mobile\"><figure class=\"wp-block-media-text__media\"><a href=\"http:\/\/rakosliget.hu\/wordpress\/wp-content\/uploads\/2020\/11\/1899_januar-15.jpg\"><img loading=\"lazy\" decoding=\"async\" width=\"590\" height=\"659\" src=\"http:\/\/rakosliget.hu\/wordpress\/wp-content\/uploads\/2020\/11\/1899_januar-15.jpg\" alt=\"\" class=\"wp-image-7573\" srcset=\"https:\/\/rakosliget.hu\/wordpress\/wp-content\/uploads\/2020\/11\/1899_januar-15.jpg 590w, https:\/\/rakosliget.hu\/wordpress\/wp-content\/uploads\/2020\/11\/1899_januar-15-269x300.jpg 269w\" sizes=\"auto, (max-width: 590px) 100vw, 590px\" \/><\/a><\/figure><div class=\"wp-block-media-text__content\">\n\n<p><strong>1899. janu\u00e1r 15.<\/strong><\/p>\n\n<\/div><\/div>\n\n\n\n<p><a href=\"#Eleje\">VISSZA A LAP TETEJ\u00c9RE<\/a><\/p>\n\n\n\n<h2 class=\"wp-block-heading\" id=\"1908\">1908<\/h2>\n\n\n<div class=\"wp-block-image\">\n<figure class=\"aligncenter size-full\"><img loading=\"lazy\" decoding=\"async\" width=\"998\" height=\"1463\" src=\"https:\/\/rakosliget.hu\/wordpress\/wp-content\/uploads\/2025\/11\/Vasut-panasz.jpg\" alt=\"\" class=\"wp-image-19075\" srcset=\"https:\/\/rakosliget.hu\/wordpress\/wp-content\/uploads\/2025\/11\/Vasut-panasz.jpg 998w, https:\/\/rakosliget.hu\/wordpress\/wp-content\/uploads\/2025\/11\/Vasut-panasz-205x300.jpg 205w, https:\/\/rakosliget.hu\/wordpress\/wp-content\/uploads\/2025\/11\/Vasut-panasz-768x1126.jpg 768w\" sizes=\"auto, (max-width: 998px) 100vw, 998px\" \/><figcaption class=\"wp-element-caption\">1908. 11. 11. Panasz a vas\u00fatra<\/figcaption><\/figure>\n<\/div>\n\n<div class=\"wp-block-image\">\n<figure class=\"aligncenter size-full\"><img loading=\"lazy\" decoding=\"async\" width=\"991\" height=\"723\" src=\"https:\/\/rakosliget.hu\/wordpress\/wp-content\/uploads\/2025\/11\/Sikkaszto-postaszolga.jpg\" alt=\"\" class=\"wp-image-19078\" srcset=\"https:\/\/rakosliget.hu\/wordpress\/wp-content\/uploads\/2025\/11\/Sikkaszto-postaszolga.jpg 991w, https:\/\/rakosliget.hu\/wordpress\/wp-content\/uploads\/2025\/11\/Sikkaszto-postaszolga-300x219.jpg 300w, https:\/\/rakosliget.hu\/wordpress\/wp-content\/uploads\/2025\/11\/Sikkaszto-postaszolga-768x560.jpg 768w\" sizes=\"auto, (max-width: 991px) 100vw, 991px\" \/><figcaption class=\"wp-element-caption\">1908. 11. 20. Sikkaszt\u00f3 postaszolga.<\/figcaption><\/figure>\n<\/div>\n\n\n<p><a href=\"#Eleje\">VISSZA A LAP TETEJ\u00c9RE<\/a><\/p>\n\n\n\n<h2 class=\"wp-block-heading\" id=\"1910\">1910<\/h2>\n\n\n<div class=\"wp-block-image\">\n<figure class=\"aligncenter size-full\"><img loading=\"lazy\" decoding=\"async\" width=\"951\" height=\"1512\" src=\"https:\/\/rakosliget.hu\/wordpress\/wp-content\/uploads\/2025\/11\/Iskolaepites.jpg\" alt=\"\" class=\"wp-image-19082\" srcset=\"https:\/\/rakosliget.hu\/wordpress\/wp-content\/uploads\/2025\/11\/Iskolaepites.jpg 951w, https:\/\/rakosliget.hu\/wordpress\/wp-content\/uploads\/2025\/11\/Iskolaepites-189x300.jpg 189w, https:\/\/rakosliget.hu\/wordpress\/wp-content\/uploads\/2025\/11\/Iskolaepites-768x1221.jpg 768w\" sizes=\"auto, (max-width: 951px) 100vw, 951px\" \/><figcaption class=\"wp-element-caption\">1910. 10. 15. Iskola\u00e9p\u00edt\u00e9s<\/figcaption><\/figure>\n<\/div>\n\n\n<p><a href=\"#Eleje\">VISSZA A LAP TETEJ\u00c9RE<\/a><\/p>\n\n\n\n<h2 class=\"wp-block-heading\" id=\"1912\">1912<\/h2>\n\n\n<div class=\"wp-block-image\">\n<figure class=\"aligncenter size-full\"><img loading=\"lazy\" decoding=\"async\" width=\"970\" height=\"2439\" src=\"https:\/\/rakosliget.hu\/wordpress\/wp-content\/uploads\/2025\/11\/vasuti-dij.jpg\" alt=\"\" class=\"wp-image-19087\" srcset=\"https:\/\/rakosliget.hu\/wordpress\/wp-content\/uploads\/2025\/11\/vasuti-dij.jpg 970w, https:\/\/rakosliget.hu\/wordpress\/wp-content\/uploads\/2025\/11\/vasuti-dij-119x300.jpg 119w, https:\/\/rakosliget.hu\/wordpress\/wp-content\/uploads\/2025\/11\/vasuti-dij-768x1931.jpg 768w, https:\/\/rakosliget.hu\/wordpress\/wp-content\/uploads\/2025\/11\/vasuti-dij-611x1536.jpg 611w, https:\/\/rakosliget.hu\/wordpress\/wp-content\/uploads\/2025\/11\/vasuti-dij-814x2048.jpg 814w\" sizes=\"auto, (max-width: 970px) 100vw, 970px\" \/><figcaption class=\"wp-element-caption\">1912. 08. 01. Vas\u00fati menetd\u00edj<\/figcaption><\/figure>\n<\/div>\n\n\n<figure class=\"wp-block-image size-full\"><img loading=\"lazy\" decoding=\"async\" width=\"969\" height=\"148\" src=\"https:\/\/rakosliget.hu\/wordpress\/wp-content\/uploads\/2025\/11\/Revay-Bela-halala.jpg\" alt=\"\" class=\"wp-image-19089\" srcset=\"https:\/\/rakosliget.hu\/wordpress\/wp-content\/uploads\/2025\/11\/Revay-Bela-halala.jpg 969w, https:\/\/rakosliget.hu\/wordpress\/wp-content\/uploads\/2025\/11\/Revay-Bela-halala-300x46.jpg 300w, https:\/\/rakosliget.hu\/wordpress\/wp-content\/uploads\/2025\/11\/Revay-Bela-halala-768x117.jpg 768w\" sizes=\"auto, (max-width: 969px) 100vw, 969px\" \/><figcaption class=\"wp-element-caption\">1912. 08. 01. R\u00e9vay B\u00e9la hal\u00e1lh\u00edre<\/figcaption><\/figure>\n\n\n\n<p><a href=\"#Eleje\">VISSZA A LAP TETEJ\u00c9RE<\/a><\/p>\n\n\n\n<h2 class=\"wp-block-heading\" id=\"1913\">1913<\/h2>\n\n\n\n<figure class=\"wp-block-image size-full\"><img loading=\"lazy\" decoding=\"async\" width=\"975\" height=\"80\" src=\"https:\/\/rakosliget.hu\/wordpress\/wp-content\/uploads\/2025\/11\/foci-eredmeny.jpg\" alt=\"\" class=\"wp-image-19093\" srcset=\"https:\/\/rakosliget.hu\/wordpress\/wp-content\/uploads\/2025\/11\/foci-eredmeny.jpg 975w, https:\/\/rakosliget.hu\/wordpress\/wp-content\/uploads\/2025\/11\/foci-eredmeny-300x25.jpg 300w, https:\/\/rakosliget.hu\/wordpress\/wp-content\/uploads\/2025\/11\/foci-eredmeny-768x63.jpg 768w\" sizes=\"auto, (max-width: 975px) 100vw, 975px\" \/><figcaption class=\"wp-element-caption\">1913. 07. 22. Foci eredm\u00e9ny<\/figcaption><\/figure>\n\n\n\n<figure class=\"wp-block-image size-full\"><img loading=\"lazy\" decoding=\"async\" width=\"950\" height=\"101\" src=\"https:\/\/rakosliget.hu\/wordpress\/wp-content\/uploads\/2025\/11\/foci-eredmeny-1.jpg\" alt=\"\" class=\"wp-image-19094\" srcset=\"https:\/\/rakosliget.hu\/wordpress\/wp-content\/uploads\/2025\/11\/foci-eredmeny-1.jpg 950w, https:\/\/rakosliget.hu\/wordpress\/wp-content\/uploads\/2025\/11\/foci-eredmeny-1-300x32.jpg 300w, https:\/\/rakosliget.hu\/wordpress\/wp-content\/uploads\/2025\/11\/foci-eredmeny-1-768x82.jpg 768w\" sizes=\"auto, (max-width: 950px) 100vw, 950px\" \/><figcaption class=\"wp-element-caption\">1913. 07. 29. Foci eredm\u00e9ny<\/figcaption><\/figure>\n\n\n\n<figure class=\"wp-block-image size-full\"><img loading=\"lazy\" decoding=\"async\" width=\"959\" height=\"2192\" src=\"https:\/\/rakosliget.hu\/wordpress\/wp-content\/uploads\/2025\/11\/Uszoeredmeny-vizilabda.jpg\" alt=\"\" class=\"wp-image-19096\" srcset=\"https:\/\/rakosliget.hu\/wordpress\/wp-content\/uploads\/2025\/11\/Uszoeredmeny-vizilabda.jpg 959w, https:\/\/rakosliget.hu\/wordpress\/wp-content\/uploads\/2025\/11\/Uszoeredmeny-vizilabda-131x300.jpg 131w, https:\/\/rakosliget.hu\/wordpress\/wp-content\/uploads\/2025\/11\/Uszoeredmeny-vizilabda-768x1755.jpg 768w, https:\/\/rakosliget.hu\/wordpress\/wp-content\/uploads\/2025\/11\/Uszoeredmeny-vizilabda-672x1536.jpg 672w, https:\/\/rakosliget.hu\/wordpress\/wp-content\/uploads\/2025\/11\/Uszoeredmeny-vizilabda-896x2048.jpg 896w\" sizes=\"auto, (max-width: 959px) 100vw, 959px\" \/><figcaption class=\"wp-element-caption\">1913. 07. 31. \u00dasz\u00f3 \u00e9s vizilabda eredm\u00e9ny<\/figcaption><\/figure>\n\n\n\n<p><a href=\"#Eleje\">VISSZA A LAP TETEJ\u00c9RE<\/a><\/p>\n\n\n\n<h2 class=\"wp-block-heading\" id=\"1925\">1925<\/h2>\n\n\n\n<figure class=\"wp-block-image size-full\"><img loading=\"lazy\" decoding=\"async\" width=\"993\" height=\"1668\" src=\"https:\/\/rakosliget.hu\/wordpress\/wp-content\/uploads\/2025\/11\/Vasuti-baleset-1925.jpg\" alt=\"\" class=\"wp-image-19100\" srcset=\"https:\/\/rakosliget.hu\/wordpress\/wp-content\/uploads\/2025\/11\/Vasuti-baleset-1925.jpg 993w, https:\/\/rakosliget.hu\/wordpress\/wp-content\/uploads\/2025\/11\/Vasuti-baleset-1925-179x300.jpg 179w, https:\/\/rakosliget.hu\/wordpress\/wp-content\/uploads\/2025\/11\/Vasuti-baleset-1925-768x1290.jpg 768w, https:\/\/rakosliget.hu\/wordpress\/wp-content\/uploads\/2025\/11\/Vasuti-baleset-1925-914x1536.jpg 914w\" sizes=\"auto, (max-width: 993px) 100vw, 993px\" \/><figcaption class=\"wp-element-caption\">1925. 04. 05. Vas\u00fati baleset<\/figcaption><\/figure>\n\n\n\n<figure class=\"wp-block-image size-full\"><img loading=\"lazy\" decoding=\"async\" width=\"1005\" height=\"227\" src=\"https:\/\/rakosliget.hu\/wordpress\/wp-content\/uploads\/2025\/11\/I-vilaghaborus-emlek.jpg\" alt=\"\" class=\"wp-image-19102\" srcset=\"https:\/\/rakosliget.hu\/wordpress\/wp-content\/uploads\/2025\/11\/I-vilaghaborus-emlek.jpg 1005w, https:\/\/rakosliget.hu\/wordpress\/wp-content\/uploads\/2025\/11\/I-vilaghaborus-emlek-300x68.jpg 300w, https:\/\/rakosliget.hu\/wordpress\/wp-content\/uploads\/2025\/11\/I-vilaghaborus-emlek-768x173.jpg 768w\" sizes=\"auto, (max-width: 1005px) 100vw, 1005px\" \/><figcaption class=\"wp-element-caption\">1925. 05. 19. I vil\u00e1gh\u00e1bor\u00fas eml\u00e9km\u0171<\/figcaption><\/figure>\n\n\n\n<p><a href=\"#Eleje\">VISSZA A LAP TETEJ\u00c9RE<\/a><\/p>\n\n\n\n<h2 class=\"wp-block-heading\" id=\"1926\">1926<\/h2>\n\n\n\n<figure class=\"wp-block-image size-full\"><img loading=\"lazy\" decoding=\"async\" width=\"976\" height=\"678\" src=\"https:\/\/rakosliget.hu\/wordpress\/wp-content\/uploads\/2025\/11\/Rakosliget-bvasuti-baleset.jpg\" alt=\"\" class=\"wp-image-19108\" srcset=\"https:\/\/rakosliget.hu\/wordpress\/wp-content\/uploads\/2025\/11\/Rakosliget-bvasuti-baleset.jpg 976w, https:\/\/rakosliget.hu\/wordpress\/wp-content\/uploads\/2025\/11\/Rakosliget-bvasuti-baleset-300x208.jpg 300w, https:\/\/rakosliget.hu\/wordpress\/wp-content\/uploads\/2025\/11\/Rakosliget-bvasuti-baleset-768x534.jpg 768w\" sizes=\"auto, (max-width: 976px) 100vw, 976px\" \/><figcaption class=\"wp-element-caption\">1926. 03. 27. Vas\u00fati baleset<\/figcaption><\/figure>\n\n\n\n<p><a href=\"#Eleje\">VISSZA A LAP TETEJ\u00c9RE<\/a><\/p>\n\n\n\n<h2 class=\"wp-block-heading\" id=\"1927\">1927<\/h2>\n\n\n\n<figure class=\"wp-block-image size-full\"><img loading=\"lazy\" decoding=\"async\" width=\"1001\" height=\"185\" src=\"https:\/\/rakosliget.hu\/wordpress\/wp-content\/uploads\/2025\/11\/sakkverseny.jpg\" alt=\"\" class=\"wp-image-19113\" srcset=\"https:\/\/rakosliget.hu\/wordpress\/wp-content\/uploads\/2025\/11\/sakkverseny.jpg 1001w, https:\/\/rakosliget.hu\/wordpress\/wp-content\/uploads\/2025\/11\/sakkverseny-300x55.jpg 300w, https:\/\/rakosliget.hu\/wordpress\/wp-content\/uploads\/2025\/11\/sakkverseny-768x142.jpg 768w\" sizes=\"auto, (max-width: 1001px) 100vw, 1001px\" \/><figcaption class=\"wp-element-caption\">1927. 04. 06. Sakkverseny<\/figcaption><\/figure>\n\n\n\n<p><a href=\"#Eleje\">VISSZA A LAP TETEJ\u00c9RE<\/a><\/p>\n\n\n\n<h2 class=\"wp-block-heading\" id=\"1929\">1929<\/h2>\n\n\n\n<figure class=\"wp-block-image size-full\"><img loading=\"lazy\" decoding=\"async\" width=\"1007\" height=\"1026\" src=\"https:\/\/rakosliget.hu\/wordpress\/wp-content\/uploads\/2025\/11\/csalok.jpg\" alt=\"\" class=\"wp-image-19118\" srcset=\"https:\/\/rakosliget.hu\/wordpress\/wp-content\/uploads\/2025\/11\/csalok.jpg 1007w, https:\/\/rakosliget.hu\/wordpress\/wp-content\/uploads\/2025\/11\/csalok-294x300.jpg 294w, https:\/\/rakosliget.hu\/wordpress\/wp-content\/uploads\/2025\/11\/csalok-768x782.jpg 768w\" sizes=\"auto, (max-width: 1007px) 100vw, 1007px\" \/><figcaption class=\"wp-element-caption\">1929. 02. 19. Csal\u00f3k<\/figcaption><\/figure>\n\n\n\n<figure class=\"wp-block-image size-full\"><img loading=\"lazy\" decoding=\"async\" width=\"991\" height=\"247\" src=\"https:\/\/rakosliget.hu\/wordpress\/wp-content\/uploads\/2025\/11\/sakk.jpg\" alt=\"\" class=\"wp-image-19122\" srcset=\"https:\/\/rakosliget.hu\/wordpress\/wp-content\/uploads\/2025\/11\/sakk.jpg 991w, https:\/\/rakosliget.hu\/wordpress\/wp-content\/uploads\/2025\/11\/sakk-300x75.jpg 300w, https:\/\/rakosliget.hu\/wordpress\/wp-content\/uploads\/2025\/11\/sakk-768x191.jpg 768w\" sizes=\"auto, (max-width: 991px) 100vw, 991px\" \/><figcaption class=\"wp-element-caption\">1929. 03. 27.  Sakk<\/figcaption><\/figure>\n\n\n\n<p><a href=\"#Eleje\">VISSZA A LAP TETEJ\u00c9RE<\/a><\/p>\n\n\n\n<h2 class=\"wp-block-heading\" id=\"1930\">1930<\/h2>\n\n\n\n<figure class=\"wp-block-image size-full\"><img loading=\"lazy\" decoding=\"async\" width=\"1009\" height=\"891\" src=\"https:\/\/rakosliget.hu\/wordpress\/wp-content\/uploads\/2025\/11\/Ujtelep-rokkantaknak-telek.jpg\" alt=\"\" class=\"wp-image-19126\" srcset=\"https:\/\/rakosliget.hu\/wordpress\/wp-content\/uploads\/2025\/11\/Ujtelep-rokkantaknak-telek.jpg 1009w, https:\/\/rakosliget.hu\/wordpress\/wp-content\/uploads\/2025\/11\/Ujtelep-rokkantaknak-telek-300x265.jpg 300w, https:\/\/rakosliget.hu\/wordpress\/wp-content\/uploads\/2025\/11\/Ujtelep-rokkantaknak-telek-768x678.jpg 768w\" sizes=\"auto, (max-width: 1009px) 100vw, 1009px\" \/><figcaption class=\"wp-element-caption\">1930. 04. 15. Rokkant hadviseltek telep l\u00e9tes\u00edt\u00e9se<\/figcaption><\/figure>\n\n\n\n<p><a href=\"#Eleje\">VISSZA A LAP TETEJ\u00c9RE<\/a><\/p>\n\n\n\n<h2 class=\"wp-block-heading\" id=\"1931\">1931<\/h2>\n\n\n\n<figure class=\"wp-block-image size-full\"><img loading=\"lazy\" decoding=\"async\" width=\"1028\" height=\"505\" src=\"https:\/\/rakosliget.hu\/wordpress\/wp-content\/uploads\/2025\/11\/Pesti-Hirlap-1931.06.24.-Sakk.jpg\" alt=\"\" class=\"wp-image-19132\" srcset=\"https:\/\/rakosliget.hu\/wordpress\/wp-content\/uploads\/2025\/11\/Pesti-Hirlap-1931.06.24.-Sakk.jpg 1028w, https:\/\/rakosliget.hu\/wordpress\/wp-content\/uploads\/2025\/11\/Pesti-Hirlap-1931.06.24.-Sakk-300x147.jpg 300w, https:\/\/rakosliget.hu\/wordpress\/wp-content\/uploads\/2025\/11\/Pesti-Hirlap-1931.06.24.-Sakk-768x377.jpg 768w\" sizes=\"auto, (max-width: 1028px) 100vw, 1028px\" \/><figcaption class=\"wp-element-caption\">1931. 06. 24. Sakk<\/figcaption><\/figure>\n\n\n\n<p><a href=\"#Eleje\">VISSZA A LAP TETEJ\u00c9RE<\/a><\/p>\n\n\n\n<h2 class=\"wp-block-heading\" id=\"1932\">1932<\/h2>\n\n\n<div class=\"wp-block-image\">\n<figure class=\"aligncenter size-full\"><img loading=\"lazy\" decoding=\"async\" width=\"1022\" height=\"456\" src=\"https:\/\/rakosliget.hu\/wordpress\/wp-content\/uploads\/2025\/11\/vasuti-baleset.jpg\" alt=\"\" class=\"wp-image-19135\" srcset=\"https:\/\/rakosliget.hu\/wordpress\/wp-content\/uploads\/2025\/11\/vasuti-baleset.jpg 1022w, https:\/\/rakosliget.hu\/wordpress\/wp-content\/uploads\/2025\/11\/vasuti-baleset-300x134.jpg 300w, https:\/\/rakosliget.hu\/wordpress\/wp-content\/uploads\/2025\/11\/vasuti-baleset-768x343.jpg 768w\" sizes=\"auto, (max-width: 1022px) 100vw, 1022px\" \/><figcaption class=\"wp-element-caption\">1932. 02. 25. Vas\u00fati baleset<\/figcaption><\/figure>\n<\/div>\n\n\n<figure class=\"wp-block-image size-full\"><img loading=\"lazy\" decoding=\"async\" width=\"974\" height=\"91\" src=\"https:\/\/rakosliget.hu\/wordpress\/wp-content\/uploads\/2025\/11\/PestiHirlap_1932_01-15-PAJOR-AKOS-HALALA.jpg\" alt=\"\" class=\"wp-image-19138\" srcset=\"https:\/\/rakosliget.hu\/wordpress\/wp-content\/uploads\/2025\/11\/PestiHirlap_1932_01-15-PAJOR-AKOS-HALALA.jpg 974w, https:\/\/rakosliget.hu\/wordpress\/wp-content\/uploads\/2025\/11\/PestiHirlap_1932_01-15-PAJOR-AKOS-HALALA-300x28.jpg 300w, https:\/\/rakosliget.hu\/wordpress\/wp-content\/uploads\/2025\/11\/PestiHirlap_1932_01-15-PAJOR-AKOS-HALALA-768x72.jpg 768w\" sizes=\"auto, (max-width: 974px) 100vw, 974px\" \/><figcaption class=\"wp-element-caption\">1932. 01. 15. Pajor \u00c1kos hal\u00e1lh\u00edre<\/figcaption><\/figure>\n\n\n\n<figure class=\"wp-block-image size-full\"><img loading=\"lazy\" decoding=\"async\" width=\"1044\" height=\"228\" src=\"https:\/\/rakosliget.hu\/wordpress\/wp-content\/uploads\/2025\/11\/ev-templom-alapkoletetel.jpg\" alt=\"\" class=\"wp-image-19139\" srcset=\"https:\/\/rakosliget.hu\/wordpress\/wp-content\/uploads\/2025\/11\/ev-templom-alapkoletetel.jpg 1044w, https:\/\/rakosliget.hu\/wordpress\/wp-content\/uploads\/2025\/11\/ev-templom-alapkoletetel-300x66.jpg 300w, https:\/\/rakosliget.hu\/wordpress\/wp-content\/uploads\/2025\/11\/ev-templom-alapkoletetel-768x168.jpg 768w\" sizes=\"auto, (max-width: 1044px) 100vw, 1044px\" \/><figcaption class=\"wp-element-caption\">1932. 07. 03. Evang\u00e9likus templom alapk\u0151let\u00e9tel<\/figcaption><\/figure>\n\n\n\n<p><a href=\"#Eleje\">VISSZA A LAP TETEJ\u00c9RE<\/a><\/p>\n\n\n\n<h2 class=\"wp-block-heading\" id=\"1935\">1935<\/h2>\n\n\n\n<figure class=\"wp-block-image size-full\"><img loading=\"lazy\" decoding=\"async\" width=\"983\" height=\"535\" src=\"https:\/\/rakosliget.hu\/wordpress\/wp-content\/uploads\/2025\/11\/Move-bajnoksag.jpg\" alt=\"\" class=\"wp-image-19142\" srcset=\"https:\/\/rakosliget.hu\/wordpress\/wp-content\/uploads\/2025\/11\/Move-bajnoksag.jpg 983w, https:\/\/rakosliget.hu\/wordpress\/wp-content\/uploads\/2025\/11\/Move-bajnoksag-300x163.jpg 300w, https:\/\/rakosliget.hu\/wordpress\/wp-content\/uploads\/2025\/11\/Move-bajnoksag-768x418.jpg 768w\" sizes=\"auto, (max-width: 983px) 100vw, 983px\" \/><figcaption class=\"wp-element-caption\">1935. 08. 13. MOVE bajnoks\u00e1g<\/figcaption><\/figure>\n\n\n\n<p><a href=\"#Eleje\">VISSZA A LAP TETEJ\u00c9RE<\/a><\/p>\n\n\n\n<p><a href=\"https:\/\/rakosliget.hu\/wordpress\/index.php\/rakosliget-a-korabeli-hirekben\/\">Vissza a SAJT\u00d3H\u00cdREK lapra<\/a><\/p>\n\n\n\n<hr class=\"wp-block-separator has-css-opacity\"\/>\n\n\n\n<p><\/p>\n","protected":false},"excerpt":{"rendered":"<p>1897 1899 1908 1910 1912 1913 1925 1926 1927 1929 1930 1931 1932 1935 Vissza a SAJT\u00d3H\u00cdREK lapra 1897 1897. szeptember 19. VISSZA A LAP TETEJ\u00c9RE 1899 1899. janu\u00e1r 15. VISSZA A LAP TETEJ\u00c9RE 1908 VISSZA A LAP TETEJ\u00c9RE 1910 VISSZA A LAP TETEJ\u00c9RE 1912 VISSZA A LAP TETEJ\u00c9RE 1913 VISSZA A LAP TETEJ\u00c9RE 1925 &hellip; <a href=\"https:\/\/rakosliget.hu\/wordpress\/index.php\/pesti-hirlap\/\" class=\"more-link\"><span class=\"screen-reader-text\">PESTI H\u00cdRLAP<\/span> r\u00e9szletei&#8230;<\/a><\/p>\n","protected":false},"author":1,"featured_media":7567,"parent":0,"menu_order":0,"comment_status":"closed","ping_status":"closed","template":"","meta":{"footnotes":""},"class_list":["post-7565","page","type-page","status-publish","has-post-thumbnail","hentry"],"_links":{"self":[{"href":"https:\/\/rakosliget.hu\/wordpress\/index.php\/wp-json\/wp\/v2\/pages\/7565","targetHints":{"allow":["GET"]}}],"collection":[{"href":"https:\/\/rakosliget.hu\/wordpress\/index.php\/wp-json\/wp\/v2\/pages"}],"about":[{"href":"https:\/\/rakosliget.hu\/wordpress\/index.php\/wp-json\/wp\/v2\/types\/page"}],"author":[{"embeddable":true,"href":"https:\/\/rakosliget.hu\/wordpress\/index.php\/wp-json\/wp\/v2\/users\/1"}],"replies":[{"embeddable":true,"href":"https:\/\/rakosliget.hu\/wordpress\/index.php\/wp-json\/wp\/v2\/comments?post=7565"}],"version-history":[{"count":36,"href":"https:\/\/rakosliget.hu\/wordpress\/index.php\/wp-json\/wp\/v2\/pages\/7565\/revisions"}],"predecessor-version":[{"id":19143,"href":"https:\/\/rakosliget.hu\/wordpress\/index.php\/wp-json\/wp\/v2\/pages\/7565\/revisions\/19143"}],"wp:featuredmedia":[{"embeddable":true,"href":"https:\/\/rakosliget.hu\/wordpress\/index.php\/wp-json\/wp\/v2\/media\/7567"}],"wp:attachment":[{"href":"https:\/\/rakosliget.hu\/wordpress\/index.php\/wp-json\/wp\/v2\/media?parent=7565"}],"curies":[{"name":"wp","href":"https:\/\/api.w.org\/{rel}","templated":true}]}}