{"id":7463,"date":"2020-11-19T05:54:21","date_gmt":"2020-11-19T04:54:21","guid":{"rendered":"http:\/\/rakosliget.hu\/wordpress\/?page_id=7463"},"modified":"2025-03-07T13:10:39","modified_gmt":"2025-03-07T12:10:39","slug":"magyar-lakatosmesterek-lapja","status":"publish","type":"page","link":"https:\/\/rakosliget.hu\/wordpress\/index.php\/magyar-lakatosmesterek-lapja\/","title":{"rendered":"MAGYAR LAKATOSMESTEREK LAPJA"},"content":{"rendered":"\n<p><a href=\"https:\/\/rakosliget.hu\/wordpress\/index.php\/rakosliget-a-korabeli-hirekben\/\">Vissza a SAJT\u00d3H\u00cdREK lapra<\/a><\/p>\n\n\n\n<figure class=\"wp-block-image size-large\"><a href=\"http:\/\/rakosliget.hu\/wordpress\/wp-content\/uploads\/2020\/11\/versenytargyalas-30-haz.jpg\"><img loading=\"lazy\" decoding=\"async\" width=\"679\" height=\"144\" src=\"http:\/\/rakosliget.hu\/wordpress\/wp-content\/uploads\/2020\/11\/versenytargyalas-30-haz.jpg\" alt=\"\" class=\"wp-image-7466\" srcset=\"https:\/\/rakosliget.hu\/wordpress\/wp-content\/uploads\/2020\/11\/versenytargyalas-30-haz.jpg 679w, https:\/\/rakosliget.hu\/wordpress\/wp-content\/uploads\/2020\/11\/versenytargyalas-30-haz-300x64.jpg 300w\" sizes=\"auto, (max-width: 679px) 100vw, 679px\" \/><\/a><figcaption class=\"wp-element-caption\">Versenyt\u00e1rgyal\u00e1s 30 h\u00e1z \u00e9p\u00edt\u00e9s\u00e9re. 1910. m\u00e1rcius 20.<\/figcaption><\/figure>\n\n\n\n<p><a href=\"https:\/\/rakosliget.hu\/wordpress\/index.php\/rakosliget-a-korabeli-hirekben\/\">Vissza a SAJT\u00d3H\u00cdREK lapra<\/a><\/p>\n","protected":false},"excerpt":{"rendered":"<p>Vissza a SAJT\u00d3H\u00cdREK lapra Vissza a SAJT\u00d3H\u00cdREK lapra<\/p>\n","protected":false},"author":1,"featured_media":7527,"parent":0,"menu_order":0,"comment_status":"closed","ping_status":"closed","template":"","meta":{"footnotes":""},"class_list":["post-7463","page","type-page","status-publish","has-post-thumbnail","hentry"],"_links":{"self":[{"href":"https:\/\/rakosliget.hu\/wordpress\/index.php\/wp-json\/wp\/v2\/pages\/7463","targetHints":{"allow":["GET"]}}],"collection":[{"href":"https:\/\/rakosliget.hu\/wordpress\/index.php\/wp-json\/wp\/v2\/pages"}],"about":[{"href":"https:\/\/rakosliget.hu\/wordpress\/index.php\/wp-json\/wp\/v2\/types\/page"}],"author":[{"embeddable":true,"href":"https:\/\/rakosliget.hu\/wordpress\/index.php\/wp-json\/wp\/v2\/users\/1"}],"replies":[{"embeddable":true,"href":"https:\/\/rakosliget.hu\/wordpress\/index.php\/wp-json\/wp\/v2\/comments?post=7463"}],"version-history":[{"count":3,"href":"https:\/\/rakosliget.hu\/wordpress\/index.php\/wp-json\/wp\/v2\/pages\/7463\/revisions"}],"predecessor-version":[{"id":16716,"href":"https:\/\/rakosliget.hu\/wordpress\/index.php\/wp-json\/wp\/v2\/pages\/7463\/revisions\/16716"}],"wp:featuredmedia":[{"embeddable":true,"href":"https:\/\/rakosliget.hu\/wordpress\/index.php\/wp-json\/wp\/v2\/media\/7527"}],"wp:attachment":[{"href":"https:\/\/rakosliget.hu\/wordpress\/index.php\/wp-json\/wp\/v2\/media?parent=7463"}],"curies":[{"name":"wp","href":"https:\/\/api.w.org\/{rel}","templated":true}]}}