{"id":7457,"date":"2020-11-19T05:49:05","date_gmt":"2020-11-19T04:49:05","guid":{"rendered":"http:\/\/rakosliget.hu\/wordpress\/?page_id=7457"},"modified":"2025-03-07T13:06:52","modified_gmt":"2025-03-07T12:06:52","slug":"magyar-asztalosmesterek-lapja","status":"publish","type":"page","link":"https:\/\/rakosliget.hu\/wordpress\/index.php\/magyar-asztalosmesterek-lapja\/","title":{"rendered":"MAGYAR ASZTALOSMESTEREK LAPJA"},"content":{"rendered":"\n<p><a href=\"https:\/\/rakosliget.hu\/wordpress\/index.php\/rakosliget-a-korabeli-hirekben\/\">Vissza a SAJT\u00d3H\u00cdREK lapra<\/a><\/p>\n\n\n\n<div class=\"wp-block-media-text alignwide is-stacked-on-mobile\"><figure class=\"wp-block-media-text__media\"><a href=\"http:\/\/rakosliget.hu\/wordpress\/wp-content\/uploads\/2020\/12\/1909.jpg\"><img loading=\"lazy\" decoding=\"async\" width=\"684\" height=\"101\" src=\"http:\/\/rakosliget.hu\/wordpress\/wp-content\/uploads\/2020\/12\/1909.jpg\" alt=\"\" class=\"wp-image-8679 size-full\" srcset=\"https:\/\/rakosliget.hu\/wordpress\/wp-content\/uploads\/2020\/12\/1909.jpg 684w, https:\/\/rakosliget.hu\/wordpress\/wp-content\/uploads\/2020\/12\/1909-300x44.jpg 300w\" sizes=\"auto, (max-width: 684px) 100vw, 684px\" \/><\/a><\/figure><div class=\"wp-block-media-text__content\">\n<p>1909. december 25. <br>M\u00e1sf\u00e9l \u00e9ve, hogy lapunk megindult. E r\u00f6vid id\u0151 alatt nagy h\u00f3d\u00edt\u00e1st tett az orsz\u00e1g asztalosmesterei k\u00f6z\u00f6tt, ami azt bizony\u00edtja, hogy lapunkat olvas\u00f3i szeretik, mivel \u00e9rdekeiket teljes er\u0151nkkel szolg\u00e1ljuk. Szerte az orsz\u00e1gban mindenfel\u00e9 vannak el\u0151fizet\u0151i, akiknek sz\u00e1ma napr\u00f3l-napra gyarapszik. Ama v\u00e1rosokat, illetve helys\u00e9geket, ahol el\u0151fizet\u0151ink vannak, azok sz\u00e1m\u00e1nak felt\u00fcntet\u00e9s\u00e9vel, ime bemutatjuk olvas\u00f3inknak<\/p>\n<\/div><\/div>\n\n\n\n<figure class=\"wp-block-image size-large\"><a href=\"http:\/\/rakosliget.hu\/wordpress\/wp-content\/uploads\/2020\/11\/MAGYAR-ASZTALOSMESTEREK-30-HAZ.jpg\"><img loading=\"lazy\" decoding=\"async\" width=\"1024\" height=\"184\" src=\"http:\/\/rakosliget.hu\/wordpress\/wp-content\/uploads\/2020\/11\/MAGYAR-ASZTALOSMESTEREK-30-HAZ-1024x184.jpg\" alt=\"\" class=\"wp-image-7461\" srcset=\"https:\/\/rakosliget.hu\/wordpress\/wp-content\/uploads\/2020\/11\/MAGYAR-ASZTALOSMESTEREK-30-HAZ-1024x184.jpg 1024w, https:\/\/rakosliget.hu\/wordpress\/wp-content\/uploads\/2020\/11\/MAGYAR-ASZTALOSMESTEREK-30-HAZ-300x54.jpg 300w, https:\/\/rakosliget.hu\/wordpress\/wp-content\/uploads\/2020\/11\/MAGYAR-ASZTALOSMESTEREK-30-HAZ-768x138.jpg 768w, https:\/\/rakosliget.hu\/wordpress\/wp-content\/uploads\/2020\/11\/MAGYAR-ASZTALOSMESTEREK-30-HAZ.jpg 1336w\" sizes=\"auto, (max-width: 1024px) 100vw, 1024px\" \/><\/a><figcaption class=\"wp-element-caption\">Versenyfelh\u00edv\u00e1s 30 h\u00e1z \u00e9p\u00edt\u00e9s\u00e9re. 1910. m\u00e1rcius 20.<\/figcaption><\/figure>\n\n\n\n<div class=\"wp-block-media-text alignwide is-stacked-on-mobile\"><figure class=\"wp-block-media-text__media\"><a href=\"http:\/\/rakosliget.hu\/wordpress\/wp-content\/uploads\/2020\/12\/1912-julius-7-kozseghaza-epitese.jpg\"><img loading=\"lazy\" decoding=\"async\" width=\"682\" height=\"76\" src=\"http:\/\/rakosliget.hu\/wordpress\/wp-content\/uploads\/2020\/12\/1912-julius-7-kozseghaza-epitese.jpg\" alt=\"\" class=\"wp-image-8683 size-full\" srcset=\"https:\/\/rakosliget.hu\/wordpress\/wp-content\/uploads\/2020\/12\/1912-julius-7-kozseghaza-epitese.jpg 682w, https:\/\/rakosliget.hu\/wordpress\/wp-content\/uploads\/2020\/12\/1912-julius-7-kozseghaza-epitese-300x33.jpg 300w\" sizes=\"auto, (max-width: 682px) 100vw, 682px\" \/><\/a><\/figure><div class=\"wp-block-media-text__content\">\n<p><strong>1912. j\u00falius 7.<\/strong> Versenyfelh\u00edv\u00e1s k\u00f6zs\u00e9gh\u00e1za \u00e9p\u00edt\u00e9sre.<\/p>\n<\/div><\/div>\n\n\n\n<div class=\"wp-block-media-text alignwide is-stacked-on-mobile\"><figure class=\"wp-block-media-text__media\"><a href=\"http:\/\/rakosliget.hu\/wordpress\/wp-content\/uploads\/2020\/12\/1912-julius-14-hirdetes.jpg\"><img loading=\"lazy\" decoding=\"async\" width=\"470\" height=\"186\" src=\"http:\/\/rakosliget.hu\/wordpress\/wp-content\/uploads\/2020\/12\/1912-julius-14-hirdetes.jpg\" alt=\"\" class=\"wp-image-8681 size-full\" srcset=\"https:\/\/rakosliget.hu\/wordpress\/wp-content\/uploads\/2020\/12\/1912-julius-14-hirdetes.jpg 470w, https:\/\/rakosliget.hu\/wordpress\/wp-content\/uploads\/2020\/12\/1912-julius-14-hirdetes-300x119.jpg 300w\" sizes=\"auto, (max-width: 470px) 100vw, 470px\" \/><\/a><\/figure><div class=\"wp-block-media-text__content\">\n<p><strong>1912. j\u00falius 7. \u00e9s 14.<\/strong> Hirdet\u00e9s<\/p>\n<\/div><\/div>\n\n\n\n<p><a href=\"https:\/\/rakosliget.hu\/wordpress\/index.php\/rakosliget-a-korabeli-hirekben\/\">Vissza a SAJT\u00d3H\u00cdREK lapra<\/a><\/p>\n","protected":false},"excerpt":{"rendered":"<p>Vissza a SAJT\u00d3H\u00cdREK lapra 1909. december 25. M\u00e1sf\u00e9l \u00e9ve, hogy lapunk megindult. E r\u00f6vid id\u0151 alatt nagy h\u00f3d\u00edt\u00e1st tett az orsz\u00e1g asztalosmesterei k\u00f6z\u00f6tt, ami azt bizony\u00edtja, hogy lapunkat olvas\u00f3i szeretik, mivel \u00e9rdekeiket teljes er\u0151nkkel szolg\u00e1ljuk. Szerte az orsz\u00e1gban mindenfel\u00e9 vannak el\u0151fizet\u0151i, akiknek sz\u00e1ma napr\u00f3l-napra gyarapszik. Ama v\u00e1rosokat, illetve helys\u00e9geket, ahol el\u0151fizet\u0151ink vannak, azok sz\u00e1m\u00e1nak felt\u00fcntet\u00e9s\u00e9vel, &hellip; <a href=\"https:\/\/rakosliget.hu\/wordpress\/index.php\/magyar-asztalosmesterek-lapja\/\" class=\"more-link\"><span class=\"screen-reader-text\">MAGYAR ASZTALOSMESTEREK LAPJA<\/span> r\u00e9szletei&#8230;<\/a><\/p>\n","protected":false},"author":1,"featured_media":7524,"parent":0,"menu_order":0,"comment_status":"closed","ping_status":"closed","template":"","meta":{"footnotes":""},"class_list":["post-7457","page","type-page","status-publish","has-post-thumbnail","hentry"],"_links":{"self":[{"href":"https:\/\/rakosliget.hu\/wordpress\/index.php\/wp-json\/wp\/v2\/pages\/7457","targetHints":{"allow":["GET"]}}],"collection":[{"href":"https:\/\/rakosliget.hu\/wordpress\/index.php\/wp-json\/wp\/v2\/pages"}],"about":[{"href":"https:\/\/rakosliget.hu\/wordpress\/index.php\/wp-json\/wp\/v2\/types\/page"}],"author":[{"embeddable":true,"href":"https:\/\/rakosliget.hu\/wordpress\/index.php\/wp-json\/wp\/v2\/users\/1"}],"replies":[{"embeddable":true,"href":"https:\/\/rakosliget.hu\/wordpress\/index.php\/wp-json\/wp\/v2\/comments?post=7457"}],"version-history":[{"count":6,"href":"https:\/\/rakosliget.hu\/wordpress\/index.php\/wp-json\/wp\/v2\/pages\/7457\/revisions"}],"predecessor-version":[{"id":16707,"href":"https:\/\/rakosliget.hu\/wordpress\/index.php\/wp-json\/wp\/v2\/pages\/7457\/revisions\/16707"}],"wp:featuredmedia":[{"embeddable":true,"href":"https:\/\/rakosliget.hu\/wordpress\/index.php\/wp-json\/wp\/v2\/media\/7524"}],"wp:attachment":[{"href":"https:\/\/rakosliget.hu\/wordpress\/index.php\/wp-json\/wp\/v2\/media?parent=7457"}],"curies":[{"name":"wp","href":"https:\/\/api.w.org\/{rel}","templated":true}]}}