{"id":7449,"date":"2020-11-19T05:36:41","date_gmt":"2020-11-19T04:36:41","guid":{"rendered":"http:\/\/rakosliget.hu\/wordpress\/?page_id=7449"},"modified":"2025-03-07T12:22:49","modified_gmt":"2025-03-07T11:22:49","slug":"epito-ipar","status":"publish","type":"page","link":"https:\/\/rakosliget.hu\/wordpress\/index.php\/epito-ipar\/","title":{"rendered":"\u00c9P\u00cdT\u0150 IPAR"},"content":{"rendered":"\n<p><a href=\"https:\/\/rakosliget.hu\/wordpress\/index.php\/rakosliget-a-korabeli-hirekben\/\">Vissza a SAJT\u00d3H\u00cdREK lapra<\/a><\/p>\n\n\n\n<h2 class=\"wp-block-heading\">1910<\/h2>\n\n\n\n<figure class=\"wp-block-image size-large\"><a href=\"http:\/\/rakosliget.hu\/wordpress\/wp-content\/uploads\/2020\/11\/epito-ipar-verseny-30-hazjpg.jpg\"><img loading=\"lazy\" decoding=\"async\" width=\"1024\" height=\"349\" src=\"http:\/\/rakosliget.hu\/wordpress\/wp-content\/uploads\/2020\/11\/epito-ipar-verseny-30-hazjpg-1024x349.jpg\" alt=\"\" class=\"wp-image-7451\" srcset=\"https:\/\/rakosliget.hu\/wordpress\/wp-content\/uploads\/2020\/11\/epito-ipar-verseny-30-hazjpg-1024x349.jpg 1024w, https:\/\/rakosliget.hu\/wordpress\/wp-content\/uploads\/2020\/11\/epito-ipar-verseny-30-hazjpg-300x102.jpg 300w, https:\/\/rakosliget.hu\/wordpress\/wp-content\/uploads\/2020\/11\/epito-ipar-verseny-30-hazjpg-768x261.jpg 768w, https:\/\/rakosliget.hu\/wordpress\/wp-content\/uploads\/2020\/11\/epito-ipar-verseny-30-hazjpg.jpg 1216w\" sizes=\"auto, (max-width: 1024px) 100vw, 1024px\" \/><\/a><figcaption class=\"wp-element-caption\">Versenyt\u00e1rgyal\u00e1s 30 h\u00e1z fel\u00e9p\u00edt\u00e9s\u00e9re. \u00c9p\u00edt\u0151 Ipar 1910. \u00e1prilis 3. 150. oldal<\/figcaption><\/figure>\n\n\n\n<p><a href=\"https:\/\/rakosliget.hu\/wordpress\/index.php\/rakosliget-a-korabeli-hirekben\/\">Vissza a SAJT\u00d3H\u00cdREK lapra<\/a><\/p>\n","protected":false},"excerpt":{"rendered":"<p>Vissza a SAJT\u00d3H\u00cdREK lapra 1910 Vissza a SAJT\u00d3H\u00cdREK lapra<\/p>\n","protected":false},"author":1,"featured_media":0,"parent":0,"menu_order":0,"comment_status":"closed","ping_status":"closed","template":"","meta":{"footnotes":""},"class_list":["post-7449","page","type-page","status-publish","hentry"],"_links":{"self":[{"href":"https:\/\/rakosliget.hu\/wordpress\/index.php\/wp-json\/wp\/v2\/pages\/7449","targetHints":{"allow":["GET"]}}],"collection":[{"href":"https:\/\/rakosliget.hu\/wordpress\/index.php\/wp-json\/wp\/v2\/pages"}],"about":[{"href":"https:\/\/rakosliget.hu\/wordpress\/index.php\/wp-json\/wp\/v2\/types\/page"}],"author":[{"embeddable":true,"href":"https:\/\/rakosliget.hu\/wordpress\/index.php\/wp-json\/wp\/v2\/users\/1"}],"replies":[{"embeddable":true,"href":"https:\/\/rakosliget.hu\/wordpress\/index.php\/wp-json\/wp\/v2\/comments?post=7449"}],"version-history":[{"count":3,"href":"https:\/\/rakosliget.hu\/wordpress\/index.php\/wp-json\/wp\/v2\/pages\/7449\/revisions"}],"predecessor-version":[{"id":16696,"href":"https:\/\/rakosliget.hu\/wordpress\/index.php\/wp-json\/wp\/v2\/pages\/7449\/revisions\/16696"}],"wp:attachment":[{"href":"https:\/\/rakosliget.hu\/wordpress\/index.php\/wp-json\/wp\/v2\/media?parent=7449"}],"curies":[{"name":"wp","href":"https:\/\/api.w.org\/{rel}","templated":true}]}}