{"id":7429,"date":"2020-11-19T04:26:13","date_gmt":"2020-11-19T03:26:13","guid":{"rendered":"http:\/\/rakosliget.hu\/wordpress\/?page_id=7429"},"modified":"2026-03-22T20:05:54","modified_gmt":"2026-03-22T19:05:54","slug":"kunery-kalman","status":"publish","type":"page","link":"https:\/\/rakosliget.hu\/wordpress\/index.php\/kunery-kalman\/","title":{"rendered":"KUN\u00c9RY K\u00c1LM\u00c1N"},"content":{"rendered":"\n<div class=\"wp-block-buttons is-content-justification-center is-layout-flex wp-container-core-buttons-is-layout-16018d1d wp-block-buttons-is-layout-flex\">\n<div class=\"wp-block-button\"><a class=\"wp-block-button__link wp-element-button\" href=\"https:\/\/rakosliget.hu\/wordpress\/index.php\/muveszet\/\">VISSZA A M\u0170V\u00c9SZET LAPRA<\/a><\/div>\n<\/div>\n\n\n\n<p>Elemi iskolai tan\u00edt\u00f3. 1919-ben a Magyar Tan\u00edt\u00f3k Szakszervezet\u00e9nek v\u00e9grehajt\u00f3 bizotts\u00e1gi tagja, majd m\u00e1sodtitk\u00e1ra.<br>Dalszerz\u0151.<\/p>\n\n\n\n<figure class=\"wp-block-gallery has-nested-images columns-default is-cropped wp-block-gallery-1 is-layout-flex wp-block-gallery-is-layout-flex\">\n<figure class=\"wp-block-image size-large\"><img loading=\"lazy\" decoding=\"async\" width=\"372\" height=\"375\" data-id=\"7431\" src=\"https:\/\/rakosliget.hu\/wordpress\/wp-content\/uploads\/2020\/11\/54_1.jpg\" alt=\"\" class=\"wp-image-7431\" srcset=\"https:\/\/rakosliget.hu\/wordpress\/wp-content\/uploads\/2020\/11\/54_1.jpg 372w, https:\/\/rakosliget.hu\/wordpress\/wp-content\/uploads\/2020\/11\/54_1-298x300.jpg 298w, https:\/\/rakosliget.hu\/wordpress\/wp-content\/uploads\/2020\/11\/54_1-150x150.jpg 150w\" sizes=\"auto, (max-width: 372px) 100vw, 372px\" \/><figcaption class=\"wp-element-caption\">Kun\u00e9ry K\u00e1lm\u00e1n Forr\u00e1s: Erd\u0151s Ren\u00e9e H\u00e1z digit\u00e1lis arch\u00edvum<\/figcaption><\/figure>\n\n\n\n<figure class=\"wp-block-image size-large\"><img loading=\"lazy\" decoding=\"async\" width=\"1024\" height=\"738\" data-id=\"7432\" src=\"https:\/\/rakosliget.hu\/wordpress\/wp-content\/uploads\/2020\/11\/54_2-1024x738.jpg\" alt=\"\" class=\"wp-image-7432\" srcset=\"https:\/\/rakosliget.hu\/wordpress\/wp-content\/uploads\/2020\/11\/54_2-1024x738.jpg 1024w, https:\/\/rakosliget.hu\/wordpress\/wp-content\/uploads\/2020\/11\/54_2-300x216.jpg 300w, https:\/\/rakosliget.hu\/wordpress\/wp-content\/uploads\/2020\/11\/54_2-768x553.jpg 768w, https:\/\/rakosliget.hu\/wordpress\/wp-content\/uploads\/2020\/11\/54_2-1536x1107.jpg 1536w, https:\/\/rakosliget.hu\/wordpress\/wp-content\/uploads\/2020\/11\/54_2.jpg 1724w\" sizes=\"auto, (max-width: 1024px) 100vw, 1024px\" \/><figcaption class=\"wp-element-caption\">Kun\u00e9ry dalszerz\u0151. Forr\u00e1s: Erd\u0151s Ren\u00e9e H\u00e1z digit\u00e1lis arch\u00edvum<\/figcaption><\/figure>\n<\/figure>\n\n\n\n<p>1919. augusztus &#8211; november.<\/p>\n\n\n\n<p>Abban az \u00e1ll\u00e1sveszt\u00e9si &#8222;sodr\u00e1sban&#8221; kipr\u00f3b\u00e1lt ellenforradalm\u00e1r is az \u00e1ll\u00e1svesztettek k\u00f6z\u00e9 ker\u00fclhetett. Kun\u00e9ry K\u00e1lm\u00e1n r\u00e1kosligeti tanit\u00f3 ellenforradalm\u00e1r volt\u00e1t nem &#8222;ak\u00e1rkik&#8221; igazolt\u00e1k :<\/p>\n\n\n\n<p> &#8222;Igazolv\u00e1ny. Alul\u00edrottak, mint a komm\u00fcn alatti egyes\u00fclt p\u00e1rtok k\u00f6zponti vezet\u0151s\u00e9ge (Feh\u00e9r h\u00e1z) igazoljuk, hogy Kun\u00e9ry K\u00e1lm\u00e1n volt r\u00e1kosligeti tanit\u00f3 \u00far, az \u00fagynevezett tan\u00e1csk\u00f6zt\u00e1rsas\u00e1g megbuktat\u00e1s\u00e1t c\u00e9lz\u00f3 szervezked\u00e9sben a &#8222;Berent\u00e9s&#8221; f\u00e9le csoportban r\u00e9szt vett, fegyverek megszerz\u00e9s\u00e9ben \u00e9s elhelyez\u00e9s\u00e9ben seg\u00e9dkezett : a Peidl korm\u00e1ny megbuktat\u00e1s\u00e1ban szem\u00e9lyesen k\u00f6zrem\u0171k\u00f6d\u00f6tt. Budapest, 1922. \u00e9vi janu\u00e1r h\u00f3 10-\u00e9n. Berent\u00e9s L\u00e1szl\u00f3 sk. Dr Csill\u00e9ry Andr\u00e1s sk. volt miniszter.<br>Geher Gyula sk. sz\u00e1zados.<br>Friedrich Istv\u00e1n sk. volt minisztereln\u00f6k, Damjanovich L\u00e1szl\u00f3 sk. a kereszt\u00e9ny nemzeti p\u00e1rt f\u0151p\u00e9nzt\u00e1rosa, Dr Farkas Tivadar sk. a ker. nemzeti p\u00e1rt titk\u00e1ra, Taszler B\u00e9la sk. nemzetgy\u0171l\u00e9si k\u00e9pvisel\u0151, Szoker Istv\u00e1n sk., Dinich Vidor nemzetgy\u0171l\u00e9si k\u00e9pvisel\u0151, Iv\u00e1nyos Gyula sk. m. kir. \u00e1llamrend\u0151rs\u00e9gi f\u0151tan\u00e1csos,<br>Kriv\u00e1ssy Gyula sk., Ilovszky J\u00e1nos sz\u00e9kesf\u0151v. biztag., a &#8222;feh\u00e9r h\u00e1z&#8221;  akkori tagjai.<\/p>\n\n\n\n<p>Forr\u00e1s: <strong>P\u00e1sztor Mih\u00e1ly<\/strong>: A feh\u00e9rterror n\u00e9h\u00e1ny jelens\u00e9ge. Pest megye 1919-1920 &#8211; Pest Megyei Lev\u00e9lt\u00e1ri F\u00fczetek 8. (Budapest, 1985) \/ II. A feh\u00e9rterror els\u0151 szakasza. (1919. augusztus h\u00f3 elej\u00e9t\u0151l 1919. november h\u00f3 v\u00e9g\u00e9ig.)<\/p>\n\n\n\n<p><\/p>\n\n\n\n<div class=\"wp-block-buttons is-content-justification-center is-layout-flex wp-container-core-buttons-is-layout-16018d1d wp-block-buttons-is-layout-flex\">\n<div class=\"wp-block-button\"><a class=\"wp-block-button__link wp-element-button\" href=\"https:\/\/rakosliget.hu\/wordpress\/index.php\/muveszet\/\">VISSZA A M\u0170V\u00c9SZET LAPRA<\/a><\/div>\n<\/div>\n","protected":false},"excerpt":{"rendered":"<p>Elemi iskolai tan\u00edt\u00f3. 1919-ben a Magyar Tan\u00edt\u00f3k Szakszervezet\u00e9nek v\u00e9grehajt\u00f3 bizotts\u00e1gi tagja, majd m\u00e1sodtitk\u00e1ra.Dalszerz\u0151. 1919. augusztus &#8211; november. Abban az \u00e1ll\u00e1sveszt\u00e9si &#8222;sodr\u00e1sban&#8221; kipr\u00f3b\u00e1lt ellenforradalm\u00e1r is az \u00e1ll\u00e1svesztettek k\u00f6z\u00e9 ker\u00fclhetett. Kun\u00e9ry K\u00e1lm\u00e1n r\u00e1kosligeti tanit\u00f3 ellenforradalm\u00e1r volt\u00e1t nem &#8222;ak\u00e1rkik&#8221; igazolt\u00e1k : &#8222;Igazolv\u00e1ny. Alul\u00edrottak, mint a komm\u00fcn alatti egyes\u00fclt p\u00e1rtok k\u00f6zponti vezet\u0151s\u00e9ge (Feh\u00e9r h\u00e1z) igazoljuk, hogy Kun\u00e9ry K\u00e1lm\u00e1n volt &hellip; <a href=\"https:\/\/rakosliget.hu\/wordpress\/index.php\/kunery-kalman\/\" class=\"more-link\"><span class=\"screen-reader-text\">KUN\u00c9RY K\u00c1LM\u00c1N<\/span> r\u00e9szletei&#8230;<\/a><\/p>\n","protected":false},"author":1,"featured_media":0,"parent":0,"menu_order":0,"comment_status":"closed","ping_status":"closed","template":"","meta":{"footnotes":""},"class_list":["post-7429","page","type-page","status-publish","hentry"],"_links":{"self":[{"href":"https:\/\/rakosliget.hu\/wordpress\/index.php\/wp-json\/wp\/v2\/pages\/7429","targetHints":{"allow":["GET"]}}],"collection":[{"href":"https:\/\/rakosliget.hu\/wordpress\/index.php\/wp-json\/wp\/v2\/pages"}],"about":[{"href":"https:\/\/rakosliget.hu\/wordpress\/index.php\/wp-json\/wp\/v2\/types\/page"}],"author":[{"embeddable":true,"href":"https:\/\/rakosliget.hu\/wordpress\/index.php\/wp-json\/wp\/v2\/users\/1"}],"replies":[{"embeddable":true,"href":"https:\/\/rakosliget.hu\/wordpress\/index.php\/wp-json\/wp\/v2\/comments?post=7429"}],"version-history":[{"count":4,"href":"https:\/\/rakosliget.hu\/wordpress\/index.php\/wp-json\/wp\/v2\/pages\/7429\/revisions"}],"predecessor-version":[{"id":23910,"href":"https:\/\/rakosliget.hu\/wordpress\/index.php\/wp-json\/wp\/v2\/pages\/7429\/revisions\/23910"}],"wp:attachment":[{"href":"https:\/\/rakosliget.hu\/wordpress\/index.php\/wp-json\/wp\/v2\/media?parent=7429"}],"curies":[{"name":"wp","href":"https:\/\/api.w.org\/{rel}","templated":true}]}}