{"id":7405,"date":"2020-11-18T18:39:22","date_gmt":"2020-11-18T17:39:22","guid":{"rendered":"http:\/\/rakosliget.hu\/wordpress\/?page_id=7405"},"modified":"2020-11-18T18:57:54","modified_gmt":"2020-11-18T17:57:54","slug":"no-ipariskola-terve","status":"publish","type":"page","link":"https:\/\/rakosliget.hu\/wordpress\/index.php\/no-ipariskola-terve\/","title":{"rendered":"N\u0150I IPARISKOLA TERVE"},"content":{"rendered":"\n<p>A \u201eMunk\u00e1s Otthon\u201c Sz\u00f6vetkezet 1899-ben k\u00e9rv\u00e9nyezte, hogy a sz\u00e9kes-f\u0151v\u00e1ros k\u00f6zel\u00e9ben, R\u00e1koskereszt\u00far \u00e9s R\u00e1koscsaba \u00e1llom\u00e1sok k\u00f6z\u00f6tt 1000 munk\u00e1s csal\u00e1d r\u00e9sz\u00e9re l\u00e9tes\u00edtett telep\u00e9n ipariskol\u00e1t szervezhessen. A kereskedelmi miniszter a legmegfelel\u0151bbnek n\u0151i ipariskola szervez\u00e9s\u00e9t l\u00e1tta, amit t\u00e1mogatott is. <br>A tervbe vett n\u0151ipariskola mint k\u00f6zm\u0171vel\u0151d\u00e9si \u00e9s a n\u00e9pess\u00e9g n\u0151tagjainak munk\u00e1ra val\u00f3 nevel\u00e9s\u00e9t \u00e9s keresetk\u00e9pess\u00e9 t\u00e9tel\u00e9t c\u00e9lz\u00f3 int\u00e9zm\u00e9ny hat\u00e1s\u00e1ban tartotta fontosnak. A tervbe vett n\u0151ipariskol\u00e1nak R\u00e1kosligeten oly munka-nemek meghonos\u00edt\u00e1s\u00e1ra kell t\u00f6rekedni, melyeket a n\u0151 otthon\u00e1ban is elk\u00e9sz\u00edthet \u00e9s a melyek a f\u0151v\u00e1rosban gyors \u00e9rt\u00e9kes\u00edt\u00e9sre sz\u00e1m\u00edthatnak.<br>Az iskola ben\u00e9pes\u00edt\u00e9s\u00e9n\u00e9l egyszer\u0171 munk\u00e1s-csal\u00e1dok elemi n\u00e9piskol\u00e1t v\u00e9gzett 12\u201413 \u00e9ves gyermekeire kell itt els\u0151 sorban sz\u00e1m\u00edtani.<br>Egy tov\u00e1bbi feladatnak tekintend\u0151 az, hogy az iskol\u00e1n, amint az megszil\u00e1rdult \u00e9s a helyi viszonyokba beilleszkedett, alkalmas id\u0151szakokban r\u00f6videbb \u2014- hosszabb tartam\u00fa rendk\u00edv\u00fcli tanfolyamokat szervezzenek az iskola rendes m\u0171k\u00f6d\u00e9si k\u00f6r\u00e9be esetleg fel nem vehet\u0151, de a gyakorlati \u00e9let \u00e1ltal indokolt \u00e9s \u00e9rt\u00e9kes\u00edthet\u0151 n\u0151i k\u00e9zi munk\u00e1k tan\u00edt\u00e1s\u00e1ra.<br>Az iskola a legel\u0151ny\u00f6sebben \u00fagy kell megszervezni, hogy az,  a budapesti m. kir. \u00e1llami n\u0151ipariskol\u00e1k kirendelts\u00e9ge legyen.<br>Az iskol\u00e1ban kezdetben feh\u00e9r varr\u00f3, ruha-varr\u00f3 \u00e9s vegyes n\u0151i k\u00e9zimunk\u00e1kra kellene egy-egy tan\u00edt\u00f3n\u0151t alkalmazni; az iskola l\u00e9tsz\u00e1ma szerint azut\u00e1n mindegyik mell\u00e9 t\u00f6bb seg\u00e9dtaner\u0151 is sz\u00fcks\u00e9ges lehet.<\/p>\n\n\n\n<p>Az \u00e9p\u00edtend\u0151 iskol\u00e1r\u00f3l: <\/p>\n\n\n\n<p>K\u00e9t nagyobb \u00e9s k\u00e9t kisebb munkatermet, egy-egy tan- \u00e9s rajztermet, egy tan\u00edt\u00f3n\u0151i<br>lak\u00e1st, 2\u20143 tan\u00edt\u00f3n\u0151i szob\u00e1t, mintagy\u0171jtem\u00e9nyt\u00e1rat, a k\u00e9sz munk\u00e1k \u00e9s anyagok sz\u00e1m\u00e1ra egy-egy szob\u00e1t, hivatali irod\u00e1t \u00e9s tan\u00e1cskoz\u00f3 szob\u00e1t \u00e9s egy szolga lak\u00e1st kellene mag\u00e1ban foglalnia, legc\u00e9lszer\u0171bben egy emeletes kertben szabadon \u00e1ll\u00f3 \u00e9p\u00fcletet kell \u00e9p\u00edteni. Megk\u00f6zel\u00edt\u0151 sz\u00e1m\u00edt\u00e1s szerint az \u00e1lland\u00f3an 80\u2014100 n\u00f6vend\u00e9kre sz\u00e1m\u00edtand\u00f3 \u00e9p\u00fclet mintegy 90000\u2014100 000 koron\u00e1ba ker\u00fclne.<br><\/p>\n\n\n\n<p>Az int\u00e9zet \u00e9vi fenntart\u00e1sa, 100 tanul\u00f3t v\u00e9ve alapul mintegy 20.000 koron\u00e1ba ker\u00fclne, \u00fagy, hogy egy tanul\u00f3 kik\u00e9pz\u00e9s\u00e9nek k\u00f6lts\u00e9gei \u00e9venk\u00e9nt 100 koron\u00e1t tenn\u00e9nek ki, ami tekintettel arra, hogy a budapesti \u00e1llami n\u0151ipariskol\u00e1kon egy tanul\u00f3nak \u00e9venk\u00e9nti kik\u00e9peztet\u00e9se mintegy 200 koron\u00e1ba ker\u00fcl, m\u00e9rs\u00e9keltnek mondhat\u00f3.<\/p>\n\n\n\n<p><a href=\"http:\/\/rakosliget.hu\/wordpress\/wp-content\/uploads\/2020\/11\/BME_MagyarIparoktatas_1899-1900-1580932781__pages843-850_reduce.pdf\">Az err\u0151l sz\u00f3l\u00f3 korabeli szakv\u00e9lem\u00e9ny itt olvashat\u00f3<\/a>.<\/p>\n\n\n\n<p>Sajnos a megval\u00f3s\u00edt\u00e1s anyagi okok miatt meghi\u00fasult.<\/p>\n","protected":false},"excerpt":{"rendered":"<p>A \u201eMunk\u00e1s Otthon\u201c Sz\u00f6vetkezet 1899-ben k\u00e9rv\u00e9nyezte, hogy a sz\u00e9kes-f\u0151v\u00e1ros k\u00f6zel\u00e9ben, R\u00e1koskereszt\u00far \u00e9s R\u00e1koscsaba \u00e1llom\u00e1sok k\u00f6z\u00f6tt 1000 munk\u00e1s csal\u00e1d r\u00e9sz\u00e9re l\u00e9tes\u00edtett telep\u00e9n ipariskol\u00e1t szervezhessen. A kereskedelmi miniszter a legmegfelel\u0151bbnek n\u0151i ipariskola szervez\u00e9s\u00e9t l\u00e1tta, amit t\u00e1mogatott is. A tervbe vett n\u0151ipariskola mint k\u00f6zm\u0171vel\u0151d\u00e9si \u00e9s a n\u00e9pess\u00e9g n\u0151tagjainak munk\u00e1ra val\u00f3 nevel\u00e9s\u00e9t \u00e9s keresetk\u00e9pess\u00e9 t\u00e9tel\u00e9t c\u00e9lz\u00f3 int\u00e9zm\u00e9ny hat\u00e1s\u00e1ban tartotta &hellip; <a href=\"https:\/\/rakosliget.hu\/wordpress\/index.php\/no-ipariskola-terve\/\" class=\"more-link\"><span class=\"screen-reader-text\">N\u0150I IPARISKOLA TERVE<\/span> r\u00e9szletei&#8230;<\/a><\/p>\n","protected":false},"author":1,"featured_media":0,"parent":0,"menu_order":0,"comment_status":"closed","ping_status":"closed","template":"","meta":{"footnotes":""},"class_list":["post-7405","page","type-page","status-publish","hentry"],"_links":{"self":[{"href":"https:\/\/rakosliget.hu\/wordpress\/index.php\/wp-json\/wp\/v2\/pages\/7405","targetHints":{"allow":["GET"]}}],"collection":[{"href":"https:\/\/rakosliget.hu\/wordpress\/index.php\/wp-json\/wp\/v2\/pages"}],"about":[{"href":"https:\/\/rakosliget.hu\/wordpress\/index.php\/wp-json\/wp\/v2\/types\/page"}],"author":[{"embeddable":true,"href":"https:\/\/rakosliget.hu\/wordpress\/index.php\/wp-json\/wp\/v2\/users\/1"}],"replies":[{"embeddable":true,"href":"https:\/\/rakosliget.hu\/wordpress\/index.php\/wp-json\/wp\/v2\/comments?post=7405"}],"version-history":[{"count":3,"href":"https:\/\/rakosliget.hu\/wordpress\/index.php\/wp-json\/wp\/v2\/pages\/7405\/revisions"}],"predecessor-version":[{"id":7411,"href":"https:\/\/rakosliget.hu\/wordpress\/index.php\/wp-json\/wp\/v2\/pages\/7405\/revisions\/7411"}],"wp:attachment":[{"href":"https:\/\/rakosliget.hu\/wordpress\/index.php\/wp-json\/wp\/v2\/media?parent=7405"}],"curies":[{"name":"wp","href":"https:\/\/api.w.org\/{rel}","templated":true}]}}