{"id":7393,"date":"2020-11-18T18:13:01","date_gmt":"2020-11-18T17:13:01","guid":{"rendered":"http:\/\/rakosliget.hu\/wordpress\/?page_id=7393"},"modified":"2025-03-07T13:10:19","modified_gmt":"2025-03-07T12:10:19","slug":"magyar-ipar","status":"publish","type":"page","link":"https:\/\/rakosliget.hu\/wordpress\/index.php\/magyar-ipar\/","title":{"rendered":"MAGYAR IPAR"},"content":{"rendered":"\n<p><a href=\"https:\/\/rakosliget.hu\/wordpress\/index.php\/rakosliget-a-korabeli-hirekben\/\">Vissza a SAJT\u00d3H\u00cdREK lapra<\/a><\/p>\n\n\n\n<div class=\"wp-block-media-text alignwide is-stacked-on-mobile\"><figure class=\"wp-block-media-text__media\"><a href=\"http:\/\/rakosliget.hu\/wordpress\/wp-content\/uploads\/2020\/11\/munkasotthon-szov.jpg\"><img loading=\"lazy\" decoding=\"async\" width=\"830\" height=\"1024\" src=\"http:\/\/rakosliget.hu\/wordpress\/wp-content\/uploads\/2020\/11\/munkasotthon-szov-830x1024.jpg\" alt=\"\" class=\"wp-image-7389\" srcset=\"https:\/\/rakosliget.hu\/wordpress\/wp-content\/uploads\/2020\/11\/munkasotthon-szov-830x1024.jpg 830w, https:\/\/rakosliget.hu\/wordpress\/wp-content\/uploads\/2020\/11\/munkasotthon-szov-243x300.jpg 243w, https:\/\/rakosliget.hu\/wordpress\/wp-content\/uploads\/2020\/11\/munkasotthon-szov-768x947.jpg 768w, https:\/\/rakosliget.hu\/wordpress\/wp-content\/uploads\/2020\/11\/munkasotthon-szov-1246x1536.jpg 1246w, https:\/\/rakosliget.hu\/wordpress\/wp-content\/uploads\/2020\/11\/munkasotthon-szov.jpg 1270w\" sizes=\"auto, (max-width: 830px) 100vw, 830px\" \/><\/a><\/figure><div class=\"wp-block-media-text__content\">\n\n<p><strong>1897. szeptember 26. <\/strong>Magyar Ipar 26. sz\u00e1m<\/p>\n\n<\/div><\/div>\n\n\n\n<div class=\"wp-block-media-text alignwide is-stacked-on-mobile\"><figure class=\"wp-block-media-text__media\"><a href=\"http:\/\/rakosliget.hu\/wordpress\/wp-content\/uploads\/2020\/11\/munkasotthon_1.jpg\"><img loading=\"lazy\" decoding=\"async\" width=\"771\" height=\"1024\" src=\"http:\/\/rakosliget.hu\/wordpress\/wp-content\/uploads\/2020\/11\/munkasotthon_1-771x1024.jpg\" alt=\"\" class=\"wp-image-7399\" srcset=\"https:\/\/rakosliget.hu\/wordpress\/wp-content\/uploads\/2020\/11\/munkasotthon_1-771x1024.jpg 771w, https:\/\/rakosliget.hu\/wordpress\/wp-content\/uploads\/2020\/11\/munkasotthon_1-226x300.jpg 226w, https:\/\/rakosliget.hu\/wordpress\/wp-content\/uploads\/2020\/11\/munkasotthon_1-768x1019.jpg 768w, https:\/\/rakosliget.hu\/wordpress\/wp-content\/uploads\/2020\/11\/munkasotthon_1-1157x1536.jpg 1157w, https:\/\/rakosliget.hu\/wordpress\/wp-content\/uploads\/2020\/11\/munkasotthon_1-1543x2048.jpg 1543w, https:\/\/rakosliget.hu\/wordpress\/wp-content\/uploads\/2020\/11\/munkasotthon_1.jpg 1821w\" sizes=\"auto, (max-width: 771px) 100vw, 771px\" \/><\/a><\/figure><div class=\"wp-block-media-text__content\">\n\n<p><strong>1897. okt\u00f3ber 3.<\/strong> Magyar Ipar 27. sz\u00e1m <\/p>\n\n<\/div><\/div>\n\n\n\n<div class=\"wp-block-media-text alignwide is-stacked-on-mobile\"><figure class=\"wp-block-media-text__media\"><a href=\"http:\/\/rakosliget.hu\/wordpress\/wp-content\/uploads\/2020\/11\/munkasotthon_2.jpg\"><img loading=\"lazy\" decoding=\"async\" width=\"754\" height=\"1024\" src=\"http:\/\/rakosliget.hu\/wordpress\/wp-content\/uploads\/2020\/11\/munkasotthon_2-754x1024.jpg\" alt=\"\" class=\"wp-image-7401\" srcset=\"https:\/\/rakosliget.hu\/wordpress\/wp-content\/uploads\/2020\/11\/munkasotthon_2-754x1024.jpg 754w, https:\/\/rakosliget.hu\/wordpress\/wp-content\/uploads\/2020\/11\/munkasotthon_2-221x300.jpg 221w, https:\/\/rakosliget.hu\/wordpress\/wp-content\/uploads\/2020\/11\/munkasotthon_2-768x1043.jpg 768w, https:\/\/rakosliget.hu\/wordpress\/wp-content\/uploads\/2020\/11\/munkasotthon_2-1131x1536.jpg 1131w, https:\/\/rakosliget.hu\/wordpress\/wp-content\/uploads\/2020\/11\/munkasotthon_2-1508x2048.jpg 1508w, https:\/\/rakosliget.hu\/wordpress\/wp-content\/uploads\/2020\/11\/munkasotthon_2.jpg 1819w\" sizes=\"auto, (max-width: 754px) 100vw, 754px\" \/><\/a><\/figure><div class=\"wp-block-media-text__content\">\n\n<p><strong>1897. okt\u00f3ber 3.<\/strong> Magyar Ipar 27. sz\u00e1m<\/p>\n\n<\/div><\/div>\n\n\n\n<p><a href=\"https:\/\/rakosliget.hu\/wordpress\/index.php\/rakosliget-a-korabeli-hirekben\/\">Vissza a SAJT\u00d3H\u00cdREK lapra<\/a><\/p>\n","protected":false},"excerpt":{"rendered":"<p>Vissza a SAJT\u00d3H\u00cdREK lapra 1897. szeptember 26. Magyar Ipar 26. sz\u00e1m 1897. okt\u00f3ber 3. Magyar Ipar 27. sz\u00e1m 1897. okt\u00f3ber 3. Magyar Ipar 27. sz\u00e1m Vissza a SAJT\u00d3H\u00cdREK lapra<\/p>\n","protected":false},"author":1,"featured_media":7526,"parent":0,"menu_order":0,"comment_status":"closed","ping_status":"closed","template":"","meta":{"footnotes":""},"class_list":["post-7393","page","type-page","status-publish","has-post-thumbnail","hentry"],"_links":{"self":[{"href":"https:\/\/rakosliget.hu\/wordpress\/index.php\/wp-json\/wp\/v2\/pages\/7393","targetHints":{"allow":["GET"]}}],"collection":[{"href":"https:\/\/rakosliget.hu\/wordpress\/index.php\/wp-json\/wp\/v2\/pages"}],"about":[{"href":"https:\/\/rakosliget.hu\/wordpress\/index.php\/wp-json\/wp\/v2\/types\/page"}],"author":[{"embeddable":true,"href":"https:\/\/rakosliget.hu\/wordpress\/index.php\/wp-json\/wp\/v2\/users\/1"}],"replies":[{"embeddable":true,"href":"https:\/\/rakosliget.hu\/wordpress\/index.php\/wp-json\/wp\/v2\/comments?post=7393"}],"version-history":[{"count":6,"href":"https:\/\/rakosliget.hu\/wordpress\/index.php\/wp-json\/wp\/v2\/pages\/7393\/revisions"}],"predecessor-version":[{"id":16715,"href":"https:\/\/rakosliget.hu\/wordpress\/index.php\/wp-json\/wp\/v2\/pages\/7393\/revisions\/16715"}],"wp:featuredmedia":[{"embeddable":true,"href":"https:\/\/rakosliget.hu\/wordpress\/index.php\/wp-json\/wp\/v2\/media\/7526"}],"wp:attachment":[{"href":"https:\/\/rakosliget.hu\/wordpress\/index.php\/wp-json\/wp\/v2\/media?parent=7393"}],"curies":[{"name":"wp","href":"https:\/\/api.w.org\/{rel}","templated":true}]}}