{"id":7360,"date":"2020-11-18T06:07:31","date_gmt":"2020-11-18T05:07:31","guid":{"rendered":"http:\/\/rakosliget.hu\/wordpress\/?page_id=7360"},"modified":"2026-04-02T19:06:02","modified_gmt":"2026-04-02T18:06:02","slug":"epiteszeti-szemle","status":"publish","type":"page","link":"https:\/\/rakosliget.hu\/wordpress\/index.php\/epiteszeti-szemle\/","title":{"rendered":"\u00c9P\u00cdT\u00c9SZETI SZEMLE"},"content":{"rendered":"\n<div class=\"wp-block-buttons is-content-justification-center is-layout-flex wp-container-core-buttons-is-layout-16018d1d wp-block-buttons-is-layout-flex\">\n<div class=\"wp-block-button\"><a class=\"wp-block-button__link wp-element-button\" href=\"https:\/\/rakosliget.hu\/wordpress\/index.php\/rakosliget-a-korabeli-hirekben\/\">Vissza a SAJT\u00d3H\u00cdREK lapra<\/a><\/div>\n<\/div>\n\n\n\n<p><em>Az oldal indult: 2020. 11. 18.<\/em> <\/p>\n\n\n\n<figure class=\"wp-block-image size-large\"><img loading=\"lazy\" decoding=\"async\" width=\"1024\" height=\"357\" src=\"http:\/\/rakosliget.hu\/wordpress\/wp-content\/uploads\/2020\/11\/epiteszeti-szemle-cimlap-1024x357.jpg\" alt=\"\" class=\"wp-image-7364\" srcset=\"https:\/\/rakosliget.hu\/wordpress\/wp-content\/uploads\/2020\/11\/epiteszeti-szemle-cimlap-1024x357.jpg 1024w, https:\/\/rakosliget.hu\/wordpress\/wp-content\/uploads\/2020\/11\/epiteszeti-szemle-cimlap-300x105.jpg 300w, https:\/\/rakosliget.hu\/wordpress\/wp-content\/uploads\/2020\/11\/epiteszeti-szemle-cimlap-768x268.jpg 768w, https:\/\/rakosliget.hu\/wordpress\/wp-content\/uploads\/2020\/11\/epiteszeti-szemle-cimlap.jpg 1522w\" sizes=\"auto, (max-width: 1024px) 100vw, 1024px\" \/><\/figure>\n\n\n\n<div class=\"wp-block-media-text alignwide is-stacked-on-mobile\"><figure class=\"wp-block-media-text__media\"><a href=\"http:\/\/rakosliget.hu\/wordpress\/wp-content\/uploads\/2020\/11\/1900-munkas-otthon-Fiath-220-old.jpg\"><img loading=\"lazy\" decoding=\"async\" width=\"737\" height=\"631\" src=\"http:\/\/rakosliget.hu\/wordpress\/wp-content\/uploads\/2020\/11\/1900-munkas-otthon-Fiath-220-old.jpg\" alt=\"\" class=\"wp-image-6901 size-full\" srcset=\"https:\/\/rakosliget.hu\/wordpress\/wp-content\/uploads\/2020\/11\/1900-munkas-otthon-Fiath-220-old.jpg 737w, https:\/\/rakosliget.hu\/wordpress\/wp-content\/uploads\/2020\/11\/1900-munkas-otthon-Fiath-220-old-300x257.jpg 300w\" sizes=\"auto, (max-width: 737px) 100vw, 737px\" \/><\/a><\/figure><div class=\"wp-block-media-text__content\">\n<p class=\"has-large-font-size\"><\/p>\n<\/div><\/div>\n\n\n\n<div class=\"wp-block-file\"><a href=\"http:\/\/rakosliget.hu\/wordpress\/wp-content\/uploads\/2020\/11\/BME_EpitesziSzemle_1901__pages117-119_reduce.pdf\"><em>BUDAPESTI \u00c9P\u00cdT\u00c9SZETI SZEMLE 1901. X. \u00e9vf. X. f\u00fczet<\/em>BME_EpitesziSzemle_1901__pages117-119_reduce<\/a><a href=\"http:\/\/rakosliget.hu\/wordpress\/wp-content\/uploads\/2020\/11\/BME_EpitesziSzemle_1901__pages117-119_reduce.pdf\" class=\"wp-block-file__button wp-element-button\" download>Let\u00f6lt\u00e9s<\/a><\/div>\n\n\n\n<div class=\"wp-block-buttons is-content-justification-center is-layout-flex wp-container-core-buttons-is-layout-16018d1d wp-block-buttons-is-layout-flex\">\n<div class=\"wp-block-button\"><a class=\"wp-block-button__link wp-element-button\" href=\"https:\/\/rakosliget.hu\/wordpress\/index.php\/rakosliget-a-korabeli-hirekben\/\">Vissza a SAJT\u00d3H\u00cdREK lapra<\/a><\/div>\n<\/div>\n","protected":false},"excerpt":{"rendered":"<p>Az oldal indult: 2020. 11. 18.<\/p>\n","protected":false},"author":1,"featured_media":0,"parent":0,"menu_order":0,"comment_status":"closed","ping_status":"closed","template":"","meta":{"footnotes":""},"class_list":["post-7360","page","type-page","status-publish","hentry"],"_links":{"self":[{"href":"https:\/\/rakosliget.hu\/wordpress\/index.php\/wp-json\/wp\/v2\/pages\/7360","targetHints":{"allow":["GET"]}}],"collection":[{"href":"https:\/\/rakosliget.hu\/wordpress\/index.php\/wp-json\/wp\/v2\/pages"}],"about":[{"href":"https:\/\/rakosliget.hu\/wordpress\/index.php\/wp-json\/wp\/v2\/types\/page"}],"author":[{"embeddable":true,"href":"https:\/\/rakosliget.hu\/wordpress\/index.php\/wp-json\/wp\/v2\/users\/1"}],"replies":[{"embeddable":true,"href":"https:\/\/rakosliget.hu\/wordpress\/index.php\/wp-json\/wp\/v2\/comments?post=7360"}],"version-history":[{"count":9,"href":"https:\/\/rakosliget.hu\/wordpress\/index.php\/wp-json\/wp\/v2\/pages\/7360\/revisions"}],"predecessor-version":[{"id":24032,"href":"https:\/\/rakosliget.hu\/wordpress\/index.php\/wp-json\/wp\/v2\/pages\/7360\/revisions\/24032"}],"wp:attachment":[{"href":"https:\/\/rakosliget.hu\/wordpress\/index.php\/wp-json\/wp\/v2\/media?parent=7360"}],"curies":[{"name":"wp","href":"https:\/\/api.w.org\/{rel}","templated":true}]}}