{"id":7173,"date":"2020-11-16T20:16:41","date_gmt":"2020-11-16T19:16:41","guid":{"rendered":"http:\/\/rakosliget.hu\/wordpress\/?page_id=7173"},"modified":"2026-01-17T16:45:56","modified_gmt":"2026-01-17T15:45:56","slug":"hangya-szovetkezet","status":"publish","type":"page","link":"https:\/\/rakosliget.hu\/wordpress\/index.php\/hangya-szovetkezet\/","title":{"rendered":"HANGYA SZ\u00d6VETKEZET (1891 &#8211; 1950)"},"content":{"rendered":"\n<p><em>Az oldal friss\u00edtve: 2023. 01. 28.<\/em><\/p>\n\n\n\n<h3 class=\"wp-block-heading\"><a href=\"https:\/\/rakosliget.hu\/wordpress\/index.php\/gazdasag-vallalkozasok\/\">VISSZA A GAZDAS\u00c1G, V\u00c1LLALKOZ\u00c1SOK, SZ\u00d6VETKEZETEK LAPRA<\/a><\/h3>\n\n\n\n<div class=\"wp-block-media-text alignwide is-stacked-on-mobile\"><figure class=\"wp-block-media-text__media\"><a href=\"http:\/\/rakosliget.hu\/wordpress\/wp-content\/uploads\/2020\/11\/munkaso-fogyasztasi-1899.jpg\"><img loading=\"lazy\" decoding=\"async\" width=\"572\" height=\"992\" src=\"http:\/\/rakosliget.hu\/wordpress\/wp-content\/uploads\/2020\/11\/munkaso-fogyasztasi-1899.jpg\" alt=\"\" class=\"wp-image-7383 size-full\" srcset=\"https:\/\/rakosliget.hu\/wordpress\/wp-content\/uploads\/2020\/11\/munkaso-fogyasztasi-1899.jpg 572w, https:\/\/rakosliget.hu\/wordpress\/wp-content\/uploads\/2020\/11\/munkaso-fogyasztasi-1899-173x300.jpg 173w\" sizes=\"auto, (max-width: 572px) 100vw, 572px\" \/><\/a><\/figure><div class=\"wp-block-media-text__content\">\n<p><strong>1899. okt\u00f3ber 7. <\/strong>Haz\u00e1nk<br>K\u00fcl\u00f6n sz\u00f6vetkezet fogja a sz\u00fcks\u00e9ges fogyaszt\u00e1si \u00e9s h\u00e1ztart\u00e1si cikkeket ell\u00e1tni. A versenyt kiz\u00e1rt\u00e1k. A fogyaszt\u00e1si sz\u00f6vetkezet szeptember 30-\u00e1n alakult meg a \u201eHangya\u201c k\u00f6tel\u00e9k\u00e9ben.<\/p>\n<\/div><\/div>\n\n\n<div class=\"wp-block-image\">\n<figure class=\"aligncenter size-large\"><a href=\"http:\/\/rakosliget.hu\/wordpress\/wp-content\/uploads\/2020\/11\/Hangya_.jpg\"><img loading=\"lazy\" decoding=\"async\" width=\"1024\" height=\"946\" src=\"http:\/\/rakosliget.hu\/wordpress\/wp-content\/uploads\/2020\/11\/Hangya_-1024x946.jpg\" alt=\"\" class=\"wp-image-7427\" srcset=\"https:\/\/rakosliget.hu\/wordpress\/wp-content\/uploads\/2020\/11\/Hangya_-1024x946.jpg 1024w, https:\/\/rakosliget.hu\/wordpress\/wp-content\/uploads\/2020\/11\/Hangya_-300x277.jpg 300w, https:\/\/rakosliget.hu\/wordpress\/wp-content\/uploads\/2020\/11\/Hangya_-768x710.jpg 768w, https:\/\/rakosliget.hu\/wordpress\/wp-content\/uploads\/2020\/11\/Hangya_-1536x1419.jpg 1536w, https:\/\/rakosliget.hu\/wordpress\/wp-content\/uploads\/2020\/11\/Hangya_.jpg 1540w\" sizes=\"auto, (max-width: 1024px) 100vw, 1024px\" \/><\/a><figcaption class=\"wp-element-caption\">A Hangya Sz\u00f6vetkezet boltja a IX. utc\u00e1ban. Ma orvosi rendel\u0151.<\/figcaption><\/figure>\n<\/div>\n\n\n<div class=\"wp-block-media-text alignwide is-stacked-on-mobile\"><figure class=\"wp-block-media-text__media\"><a href=\"http:\/\/rakosliget.hu\/wordpress\/wp-content\/uploads\/2020\/11\/munkasotthon-fogyasztasi.jpg\"><img loading=\"lazy\" decoding=\"async\" width=\"1024\" height=\"183\" src=\"http:\/\/rakosliget.hu\/wordpress\/wp-content\/uploads\/2020\/11\/munkasotthon-fogyasztasi-1024x183.jpg\" alt=\"\" class=\"wp-image-7267 size-full\" srcset=\"https:\/\/rakosliget.hu\/wordpress\/wp-content\/uploads\/2020\/11\/munkasotthon-fogyasztasi-1024x183.jpg 1024w, https:\/\/rakosliget.hu\/wordpress\/wp-content\/uploads\/2020\/11\/munkasotthon-fogyasztasi-300x54.jpg 300w, https:\/\/rakosliget.hu\/wordpress\/wp-content\/uploads\/2020\/11\/munkasotthon-fogyasztasi-768x137.jpg 768w, https:\/\/rakosliget.hu\/wordpress\/wp-content\/uploads\/2020\/11\/munkasotthon-fogyasztasi-1536x275.jpg 1536w, https:\/\/rakosliget.hu\/wordpress\/wp-content\/uploads\/2020\/11\/munkasotthon-fogyasztasi-2048x366.jpg 2048w\" sizes=\"auto, (max-width: 1024px) 100vw, 1024px\" \/><\/a><\/figure><div class=\"wp-block-media-text__content\">\n<p><strong>1903. augusztus 25.<\/strong> <em>Fogyaszt\u00e1si sz\u00f6vetkezet<\/em>. R\u00e1koskereszt\u00far<\/p>\n<\/div><\/div>\n\n\n\n<div class=\"wp-block-media-text alignwide is-stacked-on-mobile\"><figure class=\"wp-block-media-text__media\"><a href=\"http:\/\/rakosliget.hu\/wordpress\/wp-content\/uploads\/2020\/11\/munkasotthon-1905_0.jpg\"><img loading=\"lazy\" decoding=\"async\" width=\"1024\" height=\"182\" src=\"http:\/\/rakosliget.hu\/wordpress\/wp-content\/uploads\/2020\/11\/munkasotthon-1905_0-1024x182.jpg\" alt=\"\" class=\"wp-image-7270 size-full\" srcset=\"https:\/\/rakosliget.hu\/wordpress\/wp-content\/uploads\/2020\/11\/munkasotthon-1905_0-1024x182.jpg 1024w, https:\/\/rakosliget.hu\/wordpress\/wp-content\/uploads\/2020\/11\/munkasotthon-1905_0-300x53.jpg 300w, https:\/\/rakosliget.hu\/wordpress\/wp-content\/uploads\/2020\/11\/munkasotthon-1905_0-768x137.jpg 768w, https:\/\/rakosliget.hu\/wordpress\/wp-content\/uploads\/2020\/11\/munkasotthon-1905_0-1536x273.jpg 1536w, https:\/\/rakosliget.hu\/wordpress\/wp-content\/uploads\/2020\/11\/munkasotthon-1905_0-2048x364.jpg 2048w\" sizes=\"auto, (max-width: 1024px) 100vw, 1024px\" \/><\/a><\/figure><div class=\"wp-block-media-text__content\">\n<p><strong>1905. okt\u00f3ber 27.<\/strong> <em>Fogyaszt\u00e1si sz\u00f6vetkezet<\/em>. R\u00e1kosliget.<\/p>\n<\/div><\/div>\n\n\n\n<div class=\"wp-block-media-text alignwide is-stacked-on-mobile\"><figure class=\"wp-block-media-text__media\"><a href=\"http:\/\/rakosliget.hu\/wordpress\/wp-content\/uploads\/2020\/11\/munkasotthon-1905.jpg\"><img loading=\"lazy\" decoding=\"async\" width=\"1024\" height=\"144\" src=\"http:\/\/rakosliget.hu\/wordpress\/wp-content\/uploads\/2020\/11\/munkasotthon-1905-1024x144.jpg\" alt=\"\" class=\"wp-image-7277 size-full\" srcset=\"https:\/\/rakosliget.hu\/wordpress\/wp-content\/uploads\/2020\/11\/munkasotthon-1905-1024x144.jpg 1024w, https:\/\/rakosliget.hu\/wordpress\/wp-content\/uploads\/2020\/11\/munkasotthon-1905-300x42.jpg 300w, https:\/\/rakosliget.hu\/wordpress\/wp-content\/uploads\/2020\/11\/munkasotthon-1905-768x108.jpg 768w, https:\/\/rakosliget.hu\/wordpress\/wp-content\/uploads\/2020\/11\/munkasotthon-1905-1536x216.jpg 1536w, https:\/\/rakosliget.hu\/wordpress\/wp-content\/uploads\/2020\/11\/munkasotthon-1905-2048x288.jpg 2048w\" sizes=\"auto, (max-width: 1024px) 100vw, 1024px\" \/><\/a><\/figure><div class=\"wp-block-media-text__content\">\n<p><strong>1905. december 1.<\/strong> <em>Fogyaszt\u00e1si sz\u00f6vetkezet.<\/em> Igazgat\u00f3s\u00e1gi tagok bejegyz\u00e9se.<\/p>\n<\/div><\/div>\n\n\n\n<hr class=\"wp-block-separator has-css-opacity\"\/>\n\n\n\n<p><\/p>\n\n\n\n<figure class=\"wp-block-image size-large\"><a href=\"http:\/\/rakosliget.hu\/wordpress\/wp-content\/uploads\/2020\/11\/Grof-Karolyi-Sandor-Segelyalap-tulajdona-III.-u-1-.jpg\"><img loading=\"lazy\" decoding=\"async\" width=\"1024\" height=\"218\" src=\"http:\/\/rakosliget.hu\/wordpress\/wp-content\/uploads\/2020\/11\/Grof-Karolyi-Sandor-Segelyalap-tulajdona-III.-u-1--1024x218.jpg\" alt=\"\" class=\"wp-image-7185\" srcset=\"https:\/\/rakosliget.hu\/wordpress\/wp-content\/uploads\/2020\/11\/Grof-Karolyi-Sandor-Segelyalap-tulajdona-III.-u-1--1024x218.jpg 1024w, https:\/\/rakosliget.hu\/wordpress\/wp-content\/uploads\/2020\/11\/Grof-Karolyi-Sandor-Segelyalap-tulajdona-III.-u-1--300x64.jpg 300w, https:\/\/rakosliget.hu\/wordpress\/wp-content\/uploads\/2020\/11\/Grof-Karolyi-Sandor-Segelyalap-tulajdona-III.-u-1--768x163.jpg 768w, https:\/\/rakosliget.hu\/wordpress\/wp-content\/uploads\/2020\/11\/Grof-Karolyi-Sandor-Segelyalap-tulajdona-III.-u-1--1536x327.jpg 1536w, https:\/\/rakosliget.hu\/wordpress\/wp-content\/uploads\/2020\/11\/Grof-Karolyi-Sandor-Segelyalap-tulajdona-III.-u-1--2048x436.jpg 2048w\" sizes=\"auto, (max-width: 1024px) 100vw, 1024px\" \/><\/a><figcaption class=\"wp-element-caption\">F\u00e9nyk\u00e9palbum &#8211; Besz\u00e1mol\u00f3 1939. (Gr\u00f3f K\u00e1rolyi S\u00e1ndor Sz\u00f6vetkezeti Seg\u00e9lyalap)<\/figcaption><\/figure>\n\n\n<div class=\"wp-block-image\">\n<figure class=\"aligncenter size-large\"><a href=\"http:\/\/rakosliget.hu\/wordpress\/wp-content\/uploads\/2020\/11\/Hangya-Szovetkezet_1939.jpg\"><img loading=\"lazy\" decoding=\"async\" width=\"1024\" height=\"652\" src=\"http:\/\/rakosliget.hu\/wordpress\/wp-content\/uploads\/2020\/11\/Hangya-Szovetkezet_1939-1024x652.jpg\" alt=\"\" class=\"wp-image-7175\" srcset=\"https:\/\/rakosliget.hu\/wordpress\/wp-content\/uploads\/2020\/11\/Hangya-Szovetkezet_1939-1024x652.jpg 1024w, https:\/\/rakosliget.hu\/wordpress\/wp-content\/uploads\/2020\/11\/Hangya-Szovetkezet_1939-300x191.jpg 300w, https:\/\/rakosliget.hu\/wordpress\/wp-content\/uploads\/2020\/11\/Hangya-Szovetkezet_1939-768x489.jpg 768w, https:\/\/rakosliget.hu\/wordpress\/wp-content\/uploads\/2020\/11\/Hangya-Szovetkezet_1939-1536x977.jpg 1536w, https:\/\/rakosliget.hu\/wordpress\/wp-content\/uploads\/2020\/11\/Hangya-Szovetkezet_1939.jpg 1952w\" sizes=\"auto, (max-width: 1024px) 100vw, 1024px\" \/><\/a><figcaption class=\"wp-element-caption\">1939. Ma a III. utcai (Coop) CBA \u00e9lelmiszer \u00fczlet, kor\u00e1bban K\u00d6Z\u00c9RT.<\/figcaption><\/figure>\n<\/div>\n\n\n<figure class=\"wp-block-image size-large\"><a href=\"http:\/\/rakosliget.hu\/wordpress\/wp-content\/uploads\/2020\/11\/Grof-Karolyi-Sandor-Segelyalap-tulajdona-III.-u-1-_.jpg\"><img loading=\"lazy\" decoding=\"async\" width=\"1024\" height=\"545\" src=\"http:\/\/rakosliget.hu\/wordpress\/wp-content\/uploads\/2020\/11\/Grof-Karolyi-Sandor-Segelyalap-tulajdona-III.-u-1-_-1024x545.jpg\" alt=\"\" class=\"wp-image-7187\" srcset=\"https:\/\/rakosliget.hu\/wordpress\/wp-content\/uploads\/2020\/11\/Grof-Karolyi-Sandor-Segelyalap-tulajdona-III.-u-1-_-1024x545.jpg 1024w, https:\/\/rakosliget.hu\/wordpress\/wp-content\/uploads\/2020\/11\/Grof-Karolyi-Sandor-Segelyalap-tulajdona-III.-u-1-_-300x160.jpg 300w, https:\/\/rakosliget.hu\/wordpress\/wp-content\/uploads\/2020\/11\/Grof-Karolyi-Sandor-Segelyalap-tulajdona-III.-u-1-_-768x409.jpg 768w, https:\/\/rakosliget.hu\/wordpress\/wp-content\/uploads\/2020\/11\/Grof-Karolyi-Sandor-Segelyalap-tulajdona-III.-u-1-_-1536x817.jpg 1536w, https:\/\/rakosliget.hu\/wordpress\/wp-content\/uploads\/2020\/11\/Grof-Karolyi-Sandor-Segelyalap-tulajdona-III.-u-1-_-2048x1090.jpg 2048w\" sizes=\"auto, (max-width: 1024px) 100vw, 1024px\" \/><\/a><figcaption class=\"wp-element-caption\">F\u00e9nyk\u00e9palbum &#8211; Besz\u00e1mol\u00f3 1939. (Gr\u00f3f K\u00e1rolyi S\u00e1ndor Sz\u00f6vetkezeti Seg\u00e9lyalap)<\/figcaption><\/figure>\n\n\n\n<figure class=\"wp-block-image size-large\"><a href=\"http:\/\/rakosliget.hu\/wordpress\/wp-content\/uploads\/2020\/11\/Hangya-szovetkezet.jpg\"><img loading=\"lazy\" decoding=\"async\" width=\"1024\" height=\"657\" src=\"http:\/\/rakosliget.hu\/wordpress\/wp-content\/uploads\/2020\/11\/Hangya-szovetkezet-1024x657.jpg\" alt=\"\" class=\"wp-image-7177\" srcset=\"https:\/\/rakosliget.hu\/wordpress\/wp-content\/uploads\/2020\/11\/Hangya-szovetkezet-1024x657.jpg 1024w, https:\/\/rakosliget.hu\/wordpress\/wp-content\/uploads\/2020\/11\/Hangya-szovetkezet-300x192.jpg 300w, https:\/\/rakosliget.hu\/wordpress\/wp-content\/uploads\/2020\/11\/Hangya-szovetkezet-768x492.jpg 768w, https:\/\/rakosliget.hu\/wordpress\/wp-content\/uploads\/2020\/11\/Hangya-szovetkezet-1536x985.jpg 1536w, https:\/\/rakosliget.hu\/wordpress\/wp-content\/uploads\/2020\/11\/Hangya-szovetkezet.jpg 1725w\" sizes=\"auto, (max-width: 1024px) 100vw, 1024px\" \/><\/a><figcaption class=\"wp-element-caption\">A vezet\u0151s\u00e9g 1939-ben.<\/figcaption><\/figure>\n\n\n\n<figure class=\"wp-block-image size-large\"><a href=\"http:\/\/rakosliget.hu\/wordpress\/wp-content\/uploads\/2020\/11\/Grof-Karolyi-Sandor-Segelyalap-tulajdona-III.-u-1-_1.jpg\"><img loading=\"lazy\" decoding=\"async\" width=\"1024\" height=\"401\" src=\"http:\/\/rakosliget.hu\/wordpress\/wp-content\/uploads\/2020\/11\/Grof-Karolyi-Sandor-Segelyalap-tulajdona-III.-u-1-_1-1024x401.jpg\" alt=\"\" class=\"wp-image-7188\" srcset=\"https:\/\/rakosliget.hu\/wordpress\/wp-content\/uploads\/2020\/11\/Grof-Karolyi-Sandor-Segelyalap-tulajdona-III.-u-1-_1-1024x401.jpg 1024w, https:\/\/rakosliget.hu\/wordpress\/wp-content\/uploads\/2020\/11\/Grof-Karolyi-Sandor-Segelyalap-tulajdona-III.-u-1-_1-300x117.jpg 300w, https:\/\/rakosliget.hu\/wordpress\/wp-content\/uploads\/2020\/11\/Grof-Karolyi-Sandor-Segelyalap-tulajdona-III.-u-1-_1-768x301.jpg 768w, https:\/\/rakosliget.hu\/wordpress\/wp-content\/uploads\/2020\/11\/Grof-Karolyi-Sandor-Segelyalap-tulajdona-III.-u-1-_1-1536x602.jpg 1536w, https:\/\/rakosliget.hu\/wordpress\/wp-content\/uploads\/2020\/11\/Grof-Karolyi-Sandor-Segelyalap-tulajdona-III.-u-1-_1-2048x802.jpg 2048w\" sizes=\"auto, (max-width: 1024px) 100vw, 1024px\" \/><\/a><figcaption class=\"wp-element-caption\">F\u00e9nyk\u00e9palbum &#8211; Besz\u00e1mol\u00f3 1939. (Gr\u00f3f K\u00e1rolyi S\u00e1ndor Sz\u00f6vetkezeti Seg\u00e9lyalap)<\/figcaption><\/figure>\n\n\n\n<p><\/p>\n\n\n\n<figure class=\"wp-block-image size-large\"><img loading=\"lazy\" decoding=\"async\" width=\"1024\" height=\"172\" src=\"https:\/\/rakosliget.hu\/wordpress\/wp-content\/uploads\/2023\/01\/Hangya-1948-1024x172.jpg\" alt=\"\" class=\"wp-image-10877\" srcset=\"https:\/\/rakosliget.hu\/wordpress\/wp-content\/uploads\/2023\/01\/Hangya-1948-1024x172.jpg 1024w, https:\/\/rakosliget.hu\/wordpress\/wp-content\/uploads\/2023\/01\/Hangya-1948-300x50.jpg 300w, https:\/\/rakosliget.hu\/wordpress\/wp-content\/uploads\/2023\/01\/Hangya-1948-768x129.jpg 768w, https:\/\/rakosliget.hu\/wordpress\/wp-content\/uploads\/2023\/01\/Hangya-1948.jpg 1396w\" sizes=\"auto, (max-width: 1024px) 100vw, 1024px\" \/><figcaption class=\"wp-element-caption\">Sz\u00f6vetkezeti kompasz az 1948-49. \u00e9vre (1948, Budapest)  1948.<\/figcaption><\/figure>\n\n\n\n<p><a href=\"https:\/\/rakosliget.hu\/wordpress\/index.php\/gazdasag-vallalkozasok\/\">VISSZA A GAZDAS\u00c1G, V\u00c1LLALKOZ\u00c1SOK, SZ\u00d6VETKEZETEK LAPRA<\/a><\/p>\n\n\n\n<p><\/p>\n","protected":false},"excerpt":{"rendered":"<p>Az oldal friss\u00edtve: 2023. 01. 28. VISSZA A GAZDAS\u00c1G, V\u00c1LLALKOZ\u00c1SOK, SZ\u00d6VETKEZETEK LAPRA 1899. okt\u00f3ber 7. Haz\u00e1nkK\u00fcl\u00f6n sz\u00f6vetkezet fogja a sz\u00fcks\u00e9ges fogyaszt\u00e1si \u00e9s h\u00e1ztart\u00e1si cikkeket ell\u00e1tni. A versenyt kiz\u00e1rt\u00e1k. A fogyaszt\u00e1si sz\u00f6vetkezet szeptember 30-\u00e1n alakult meg a \u201eHangya\u201c k\u00f6tel\u00e9k\u00e9ben. 1903. augusztus 25. Fogyaszt\u00e1si sz\u00f6vetkezet. R\u00e1koskereszt\u00far 1905. okt\u00f3ber 27. Fogyaszt\u00e1si sz\u00f6vetkezet. R\u00e1kosliget. 1905. december 1. Fogyaszt\u00e1si sz\u00f6vetkezet. &hellip; <a href=\"https:\/\/rakosliget.hu\/wordpress\/index.php\/hangya-szovetkezet\/\" class=\"more-link\"><span class=\"screen-reader-text\">HANGYA SZ\u00d6VETKEZET (1891 &#8211; 1950)<\/span> r\u00e9szletei&#8230;<\/a><\/p>\n","protected":false},"author":1,"featured_media":7175,"parent":0,"menu_order":0,"comment_status":"closed","ping_status":"closed","template":"","meta":{"footnotes":""},"class_list":["post-7173","page","type-page","status-publish","has-post-thumbnail","hentry"],"_links":{"self":[{"href":"https:\/\/rakosliget.hu\/wordpress\/index.php\/wp-json\/wp\/v2\/pages\/7173","targetHints":{"allow":["GET"]}}],"collection":[{"href":"https:\/\/rakosliget.hu\/wordpress\/index.php\/wp-json\/wp\/v2\/pages"}],"about":[{"href":"https:\/\/rakosliget.hu\/wordpress\/index.php\/wp-json\/wp\/v2\/types\/page"}],"author":[{"embeddable":true,"href":"https:\/\/rakosliget.hu\/wordpress\/index.php\/wp-json\/wp\/v2\/users\/1"}],"replies":[{"embeddable":true,"href":"https:\/\/rakosliget.hu\/wordpress\/index.php\/wp-json\/wp\/v2\/comments?post=7173"}],"version-history":[{"count":12,"href":"https:\/\/rakosliget.hu\/wordpress\/index.php\/wp-json\/wp\/v2\/pages\/7173\/revisions"}],"predecessor-version":[{"id":21783,"href":"https:\/\/rakosliget.hu\/wordpress\/index.php\/wp-json\/wp\/v2\/pages\/7173\/revisions\/21783"}],"wp:featuredmedia":[{"embeddable":true,"href":"https:\/\/rakosliget.hu\/wordpress\/index.php\/wp-json\/wp\/v2\/media\/7175"}],"wp:attachment":[{"href":"https:\/\/rakosliget.hu\/wordpress\/index.php\/wp-json\/wp\/v2\/media?parent=7173"}],"curies":[{"name":"wp","href":"https:\/\/api.w.org\/{rel}","templated":true}]}}