{"id":7162,"date":"2020-11-16T19:06:40","date_gmt":"2020-11-16T18:06:40","guid":{"rendered":"http:\/\/rakosliget.hu\/wordpress\/?page_id=7162"},"modified":"2020-11-16T20:13:58","modified_gmt":"2020-11-16T19:13:58","slug":"fovarosi-naplo-2","status":"publish","type":"page","link":"https:\/\/rakosliget.hu\/wordpress\/index.php\/fovarosi-naplo-2\/","title":{"rendered":"F\u0150V\u00c1ROSI NAPL\u00d3"},"content":{"rendered":"\n<div class=\"wp-block-columns is-layout-flex wp-container-core-columns-is-layout-9d6595d7 wp-block-columns-is-layout-flex\">\n<div class=\"wp-block-column is-layout-flow wp-block-column-is-layout-flow\">\n<figure class=\"wp-block-image size-large\"><a href=\"http:\/\/rakosliget.hu\/wordpress\/wp-content\/uploads\/2020\/11\/1950-februar-5-seta-a-keruletben.jpg\"><img loading=\"lazy\" decoding=\"async\" width=\"725\" height=\"1024\" src=\"http:\/\/rakosliget.hu\/wordpress\/wp-content\/uploads\/2020\/11\/1950-februar-5-seta-a-keruletben-725x1024.jpg\" alt=\"\" class=\"wp-image-7164\" srcset=\"https:\/\/rakosliget.hu\/wordpress\/wp-content\/uploads\/2020\/11\/1950-februar-5-seta-a-keruletben-725x1024.jpg 725w, https:\/\/rakosliget.hu\/wordpress\/wp-content\/uploads\/2020\/11\/1950-februar-5-seta-a-keruletben-212x300.jpg 212w, https:\/\/rakosliget.hu\/wordpress\/wp-content\/uploads\/2020\/11\/1950-februar-5-seta-a-keruletben-768x1084.jpg 768w, https:\/\/rakosliget.hu\/wordpress\/wp-content\/uploads\/2020\/11\/1950-februar-5-seta-a-keruletben-1088x1536.jpg 1088w, https:\/\/rakosliget.hu\/wordpress\/wp-content\/uploads\/2020\/11\/1950-februar-5-seta-a-keruletben.jpg 1199w\" sizes=\"auto, (max-width: 725px) 100vw, 725px\" \/><\/a><\/figure>\n<\/div>\n\n\n\n<div class=\"wp-block-column is-layout-flow wp-block-column-is-layout-flow\">\n<h2 class=\"wp-block-heading\">1950<\/h2>\n\n\n\n<p>febru\u00e1r 2.<\/p>\n<\/div>\n<\/div>\n\n\n\n<div class=\"wp-block-columns is-layout-flex wp-container-core-columns-is-layout-9d6595d7 wp-block-columns-is-layout-flex\">\n<div class=\"wp-block-column is-layout-flow wp-block-column-is-layout-flow\">\n<figure class=\"wp-block-image size-large\"><a href=\"http:\/\/rakosliget.hu\/wordpress\/wp-content\/uploads\/2020\/11\/1950-junius-1-konyvarusitas-az-allomason.jpg\"><img loading=\"lazy\" decoding=\"async\" width=\"433\" height=\"332\" src=\"http:\/\/rakosliget.hu\/wordpress\/wp-content\/uploads\/2020\/11\/1950-junius-1-konyvarusitas-az-allomason.jpg\" alt=\"\" class=\"wp-image-7171\" srcset=\"https:\/\/rakosliget.hu\/wordpress\/wp-content\/uploads\/2020\/11\/1950-junius-1-konyvarusitas-az-allomason.jpg 433w, https:\/\/rakosliget.hu\/wordpress\/wp-content\/uploads\/2020\/11\/1950-junius-1-konyvarusitas-az-allomason-300x230.jpg 300w\" sizes=\"auto, (max-width: 433px) 100vw, 433px\" \/><\/a><\/figure>\n<\/div>\n\n\n\n<div class=\"wp-block-column is-layout-flow wp-block-column-is-layout-flow\">\n<p>1950. j\u00fanius 1.<\/p>\n<\/div>\n<\/div>\n","protected":false},"excerpt":{"rendered":"<p>1950 febru\u00e1r 2. 1950. j\u00fanius 1.<\/p>\n","protected":false},"author":1,"featured_media":0,"parent":0,"menu_order":0,"comment_status":"closed","ping_status":"closed","template":"","meta":{"footnotes":""},"class_list":["post-7162","page","type-page","status-publish","hentry"],"_links":{"self":[{"href":"https:\/\/rakosliget.hu\/wordpress\/index.php\/wp-json\/wp\/v2\/pages\/7162","targetHints":{"allow":["GET"]}}],"collection":[{"href":"https:\/\/rakosliget.hu\/wordpress\/index.php\/wp-json\/wp\/v2\/pages"}],"about":[{"href":"https:\/\/rakosliget.hu\/wordpress\/index.php\/wp-json\/wp\/v2\/types\/page"}],"author":[{"embeddable":true,"href":"https:\/\/rakosliget.hu\/wordpress\/index.php\/wp-json\/wp\/v2\/users\/1"}],"replies":[{"embeddable":true,"href":"https:\/\/rakosliget.hu\/wordpress\/index.php\/wp-json\/wp\/v2\/comments?post=7162"}],"version-history":[{"count":3,"href":"https:\/\/rakosliget.hu\/wordpress\/index.php\/wp-json\/wp\/v2\/pages\/7162\/revisions"}],"predecessor-version":[{"id":7172,"href":"https:\/\/rakosliget.hu\/wordpress\/index.php\/wp-json\/wp\/v2\/pages\/7162\/revisions\/7172"}],"wp:attachment":[{"href":"https:\/\/rakosliget.hu\/wordpress\/index.php\/wp-json\/wp\/v2\/media?parent=7162"}],"curies":[{"name":"wp","href":"https:\/\/api.w.org\/{rel}","templated":true}]}}