{"id":703,"date":"2018-03-13T06:23:02","date_gmt":"2018-03-13T05:23:02","guid":{"rendered":"http:\/\/rakosliget.hu\/wordpress\/?page_id=703"},"modified":"2026-01-31T19:55:04","modified_gmt":"2026-01-31T18:55:04","slug":"rakosmente-kitekinto","status":"publish","type":"page","link":"https:\/\/rakosliget.hu\/wordpress\/index.php\/rakosmente-kitekinto\/","title":{"rendered":"R\u00c1KOSMENTE KITEKINT\u0150"},"content":{"rendered":"<p align=\"justify\">A szolg\u00e1ltat\u00f3 j\u00f3volt\u00e1b\u00f3l megn\u00f6vekedett t\u00e1rter\u00fclet lehet\u0151v\u00e9 tette, hogy ne csak R\u00e1kosligettel kapcsolatos anyagok ker\u00fcljenek fel a t\u00e1rhelyre. Els\u0151 l\u00e9p\u00e9sk\u00e9nt R\u00e1kosmente eml\u00e9kt\u00e1bl\u00e1i ker\u00fcltek feldolgoz\u00e1sra. M\u00e9g kor\u00e1nt sem teljes a k\u00e9p, n\u00e9h\u00e1ny t\u00e1bla hi\u00e1nyzik.<\/p>\n<p align=\"justify\">Tov\u00e1bb\u00e1 szeretn\u00e9m megosztani az \u00e9rdekl\u0151d\u0151kkel a Budapest hat\u00e1rk\u00f6veir\u0151l k\u00e9sz\u00fclt f\u00e9nyk\u00e9peket.<\/p>\n<p align=\"justify\"><a href=\"http:\/\/pestihatar.uw.hu\/terkep.html\" target=\"_new\" rel=\"noopener noreferrer\">Budapest hat\u00e1rk\u00f6veir\u0151l Masek J\u00e1nos k\u00e9sz\u00edtett honlapot.<\/a><\/p>\n<p align=\"justify\"><a href=\"http:\/\/rakosliget.hu\/wordpress\/wp-content\/uploads\/2020\/12\/17.ker-vedett-muemlekek.pdf\">R\u00e1kosmente helyi v\u00e9detts\u00e9g list\u00e1ja 1995-b\u0151l.<\/a><\/p>\n<p align=\"justify\"><a href=\"http:\/\/www.rakosliget.hu\/pdf\/Rakos_Ujszasz%20vasutvonal_2016_11_13_1_vizjeles.pdf\">R\u00e1kos-\u00dajsz\u00e1sz vas\u00fatvonal R\u00e1kosmente szakasza (tanulm\u00e1ny pdf) <\/a><\/p>\n","protected":false},"excerpt":{"rendered":"<p>A szolg\u00e1ltat\u00f3 j\u00f3volt\u00e1b\u00f3l megn\u00f6vekedett t\u00e1rter\u00fclet lehet\u0151v\u00e9 tette, hogy ne csak R\u00e1kosligettel kapcsolatos anyagok ker\u00fcljenek fel a t\u00e1rhelyre. Els\u0151 l\u00e9p\u00e9sk\u00e9nt R\u00e1kosmente eml\u00e9kt\u00e1bl\u00e1i ker\u00fcltek feldolgoz\u00e1sra. M\u00e9g kor\u00e1nt sem teljes a k\u00e9p, n\u00e9h\u00e1ny t\u00e1bla hi\u00e1nyzik. Tov\u00e1bb\u00e1 szeretn\u00e9m megosztani az \u00e9rdekl\u0151d\u0151kkel a Budapest hat\u00e1rk\u00f6veir\u0151l k\u00e9sz\u00fclt f\u00e9nyk\u00e9peket. Budapest hat\u00e1rk\u00f6veir\u0151l Masek J\u00e1nos k\u00e9sz\u00edtett honlapot. R\u00e1kosmente helyi v\u00e9detts\u00e9g list\u00e1ja 1995-b\u0151l. R\u00e1kos-\u00dajsz\u00e1sz vas\u00fatvonal &hellip; <a href=\"https:\/\/rakosliget.hu\/wordpress\/index.php\/rakosmente-kitekinto\/\" class=\"more-link\"><span class=\"screen-reader-text\">R\u00c1KOSMENTE KITEKINT\u0150<\/span> r\u00e9szletei&#8230;<\/a><\/p>\n","protected":false},"author":1,"featured_media":22684,"parent":0,"menu_order":0,"comment_status":"closed","ping_status":"closed","template":"","meta":{"footnotes":""},"class_list":["post-703","page","type-page","status-publish","has-post-thumbnail","hentry"],"_links":{"self":[{"href":"https:\/\/rakosliget.hu\/wordpress\/index.php\/wp-json\/wp\/v2\/pages\/703","targetHints":{"allow":["GET"]}}],"collection":[{"href":"https:\/\/rakosliget.hu\/wordpress\/index.php\/wp-json\/wp\/v2\/pages"}],"about":[{"href":"https:\/\/rakosliget.hu\/wordpress\/index.php\/wp-json\/wp\/v2\/types\/page"}],"author":[{"embeddable":true,"href":"https:\/\/rakosliget.hu\/wordpress\/index.php\/wp-json\/wp\/v2\/users\/1"}],"replies":[{"embeddable":true,"href":"https:\/\/rakosliget.hu\/wordpress\/index.php\/wp-json\/wp\/v2\/comments?post=703"}],"version-history":[{"count":8,"href":"https:\/\/rakosliget.hu\/wordpress\/index.php\/wp-json\/wp\/v2\/pages\/703\/revisions"}],"predecessor-version":[{"id":9115,"href":"https:\/\/rakosliget.hu\/wordpress\/index.php\/wp-json\/wp\/v2\/pages\/703\/revisions\/9115"}],"wp:featuredmedia":[{"embeddable":true,"href":"https:\/\/rakosliget.hu\/wordpress\/index.php\/wp-json\/wp\/v2\/media\/22684"}],"wp:attachment":[{"href":"https:\/\/rakosliget.hu\/wordpress\/index.php\/wp-json\/wp\/v2\/media?parent=703"}],"curies":[{"name":"wp","href":"https:\/\/api.w.org\/{rel}","templated":true}]}}