{"id":700,"date":"2018-03-13T06:22:01","date_gmt":"2018-03-13T05:22:01","guid":{"rendered":"http:\/\/rakosliget.hu\/wordpress\/?page_id=700"},"modified":"2020-11-16T08:05:18","modified_gmt":"2020-11-16T07:05:18","slug":"rakosliget-ma","status":"publish","type":"page","link":"https:\/\/rakosliget.hu\/wordpress\/index.php\/rakosliget-ma\/","title":{"rendered":"K\u00c9PVISEL\u0150K 1989 &#8211;"},"content":{"rendered":"<h1 align=\"center\">R\u00e1kosliget \u00f6nkorm\u00e1nyzati k\u00e9pvisel\u0151i 1989 &#8211;<\/h1>\n<p align=\"left\">1990 &#8211; 2008 <a href=\"http:\/\/www.dombovaricsaba.hu\/index.php?pg=menu&amp;id=1\" target=\"_new\" rel=\"noopener noreferrer\">dr. Domb\u00f3v\u00e1ri Csaba<\/a><\/p>\n<p align=\"left\"><img loading=\"lazy\" decoding=\"async\" src=\"http:\/\/rakosliget.hu\/kepviselok kepei\/dombovari.png\" alt=\"dr. Domb\u00f3v\u00e1ri Csaba\" width=\"153\" height=\"221\"><\/p>\n<p align=\"left\"><img loading=\"lazy\" decoding=\"async\" src=\"http:\/\/rakosliget.hu\/kepviselok kepei\/dcs1.png\" width=\"295\" height=\"409\"> <a href=\"http:\/\/rakosliget3.uw.hu\/fidesz1990.pdf\"><img loading=\"lazy\" decoding=\"async\" src=\"http:\/\/rakosliget.hu\/kepviselok kepei\/rakosligetert dij.JPG\" alt=\"R\u00e1kosliget\u00e9rt-d\u00edj\" width=\"500\" height=\"500\"><img loading=\"lazy\" decoding=\"async\" src=\"http:\/\/rakosliget.hu\/kepviselok kepei\/dcs2.png\" width=\"472\" height=\"691\"><\/a><\/p>\n<p align=\"left\"><a href=\"http:\/\/rakosliget3.uw.hu\/fidesz1990.pdf\" target=\"_new\" rel=\"noopener noreferrer\">A FIDESZ 1990-es programja<\/a><\/p>\n<p align=\"left\">2008 &#8211; R\u00f3zsahegyi P\u00e9ter<\/p>\n<p align=\"left\"><a href=\"https:\/\/www.facebook.com\/rozsahegyip\"><img loading=\"lazy\" decoding=\"async\" src=\"http:\/\/rakosliget.hu\/kepviselok kepei\/ozsahegyi.png\" alt=\"R\u00f3zsahegyi P\u00e9ter\" width=\"180\" height=\"223\"><\/a><\/p>\n<p align=\"left\"><a href=\"https:\/\/www.facebook.com\/rozsahegyip\">Facebook oldal<\/a><\/p>\n<h3><\/h3>\n","protected":false},"excerpt":{"rendered":"<p>R\u00e1kosliget \u00f6nkorm\u00e1nyzati k\u00e9pvisel\u0151i 1989 &#8211; 1990 &#8211; 2008 dr. Domb\u00f3v\u00e1ri Csaba A FIDESZ 1990-es programja 2008 &#8211; R\u00f3zsahegyi P\u00e9ter Facebook oldal<\/p>\n","protected":false},"author":1,"featured_media":0,"parent":0,"menu_order":0,"comment_status":"closed","ping_status":"closed","template":"","meta":{"footnotes":""},"class_list":["post-700","page","type-page","status-publish","hentry"],"_links":{"self":[{"href":"https:\/\/rakosliget.hu\/wordpress\/index.php\/wp-json\/wp\/v2\/pages\/700","targetHints":{"allow":["GET"]}}],"collection":[{"href":"https:\/\/rakosliget.hu\/wordpress\/index.php\/wp-json\/wp\/v2\/pages"}],"about":[{"href":"https:\/\/rakosliget.hu\/wordpress\/index.php\/wp-json\/wp\/v2\/types\/page"}],"author":[{"embeddable":true,"href":"https:\/\/rakosliget.hu\/wordpress\/index.php\/wp-json\/wp\/v2\/users\/1"}],"replies":[{"embeddable":true,"href":"https:\/\/rakosliget.hu\/wordpress\/index.php\/wp-json\/wp\/v2\/comments?post=700"}],"version-history":[{"count":9,"href":"https:\/\/rakosliget.hu\/wordpress\/index.php\/wp-json\/wp\/v2\/pages\/700\/revisions"}],"predecessor-version":[{"id":7147,"href":"https:\/\/rakosliget.hu\/wordpress\/index.php\/wp-json\/wp\/v2\/pages\/700\/revisions\/7147"}],"wp:attachment":[{"href":"https:\/\/rakosliget.hu\/wordpress\/index.php\/wp-json\/wp\/v2\/media?parent=700"}],"curies":[{"name":"wp","href":"https:\/\/api.w.org\/{rel}","templated":true}]}}