{"id":6929,"date":"2020-11-15T07:45:37","date_gmt":"2020-11-15T06:45:37","guid":{"rendered":"http:\/\/rakosliget.hu\/wordpress\/?page_id=6929"},"modified":"2025-03-07T13:01:25","modified_gmt":"2025-03-07T12:01:25","slug":"erdekes-ujsag","status":"publish","type":"page","link":"https:\/\/rakosliget.hu\/wordpress\/index.php\/erdekes-ujsag\/","title":{"rendered":"\u00c9RDEKES \u00daJS\u00c1G"},"content":{"rendered":"\n<p><a href=\"https:\/\/rakosliget.hu\/wordpress\/index.php\/rakosliget-a-korabeli-hirekben\/\">Vissza a SAJT\u00d3H\u00cdREK lapra<\/a><\/p>\n\n\n\n<h2 class=\"wp-block-heading\">1914<\/h2>\n\n\n<div class=\"wp-block-image\">\n<figure class=\"aligncenter size-large\"><a href=\"http:\/\/rakosliget.hu\/wordpress\/wp-content\/uploads\/2020\/11\/AzErdekesUjsag_1914-2-1590436829__pages744-744.pdf\"><img loading=\"lazy\" decoding=\"async\" width=\"773\" height=\"1024\" src=\"http:\/\/rakosliget.hu\/wordpress\/wp-content\/uploads\/2020\/11\/AzErdekesUjsag_1914-2-1590436829__pages744-744-pdf-773x1024.jpg\" alt=\"\" class=\"wp-image-6936\"\/><\/a><figcaption class=\"wp-element-caption\">1914. okt\u00f3ber 11.<\/figcaption><\/figure>\n<\/div>\n\n\n<h2 class=\"wp-block-heading\">1917<\/h2>\n\n\n\n<figure class=\"wp-block-image size-large\"><img loading=\"lazy\" decoding=\"async\" width=\"750\" height=\"1024\" src=\"http:\/\/rakosliget.hu\/wordpress\/wp-content\/uploads\/2020\/11\/AzErdekesUjsag_1917-1590436829__pages119-119-pdf-750x1024.jpg\" alt=\"\" class=\"wp-image-6933\"\/><figcaption class=\"wp-element-caption\">1917. febru\u00e1r 4.<\/figcaption><\/figure>\n\n\n\n<p><a href=\"https:\/\/rakosliget.hu\/wordpress\/index.php\/rakosliget-a-korabeli-hirekben\/\">Vissza a SAJT\u00d3H\u00cdREK lapra<\/a><\/p>\n","protected":false},"excerpt":{"rendered":"<p>Vissza a SAJT\u00d3H\u00cdREK lapra 1914 1917 Vissza a SAJT\u00d3H\u00cdREK lapra<\/p>\n","protected":false},"author":1,"featured_media":8045,"parent":0,"menu_order":0,"comment_status":"closed","ping_status":"closed","template":"","meta":{"footnotes":""},"class_list":["post-6929","page","type-page","status-publish","has-post-thumbnail","hentry"],"_links":{"self":[{"href":"https:\/\/rakosliget.hu\/wordpress\/index.php\/wp-json\/wp\/v2\/pages\/6929","targetHints":{"allow":["GET"]}}],"collection":[{"href":"https:\/\/rakosliget.hu\/wordpress\/index.php\/wp-json\/wp\/v2\/pages"}],"about":[{"href":"https:\/\/rakosliget.hu\/wordpress\/index.php\/wp-json\/wp\/v2\/types\/page"}],"author":[{"embeddable":true,"href":"https:\/\/rakosliget.hu\/wordpress\/index.php\/wp-json\/wp\/v2\/users\/1"}],"replies":[{"embeddable":true,"href":"https:\/\/rakosliget.hu\/wordpress\/index.php\/wp-json\/wp\/v2\/comments?post=6929"}],"version-history":[{"count":6,"href":"https:\/\/rakosliget.hu\/wordpress\/index.php\/wp-json\/wp\/v2\/pages\/6929\/revisions"}],"predecessor-version":[{"id":16699,"href":"https:\/\/rakosliget.hu\/wordpress\/index.php\/wp-json\/wp\/v2\/pages\/6929\/revisions\/16699"}],"wp:featuredmedia":[{"embeddable":true,"href":"https:\/\/rakosliget.hu\/wordpress\/index.php\/wp-json\/wp\/v2\/media\/8045"}],"wp:attachment":[{"href":"https:\/\/rakosliget.hu\/wordpress\/index.php\/wp-json\/wp\/v2\/media?parent=6929"}],"curies":[{"name":"wp","href":"https:\/\/api.w.org\/{rel}","templated":true}]}}