{"id":6877,"date":"2020-11-15T05:44:38","date_gmt":"2020-11-15T04:44:38","guid":{"rendered":"http:\/\/rakosliget.hu\/wordpress\/?page_id=6877"},"modified":"2025-03-07T12:22:32","modified_gmt":"2025-03-07T11:22:32","slug":"elore","status":"publish","type":"page","link":"https:\/\/rakosliget.hu\/wordpress\/index.php\/elore\/","title":{"rendered":"EL\u0150RE"},"content":{"rendered":"\n<p><a href=\"https:\/\/rakosliget.hu\/wordpress\/index.php\/rakosliget-a-korabeli-hirekben\/\">Vissza a SAJT\u00d3H\u00cdREK lapra<\/a><\/p>\n\n\n\n<p><em>Az oldal indult: 2020. 11. 15.<\/em><br>Ugr\u00e1s \u00e9vk\u00f6rre:  <a href=\"#1919\">1919<\/a>  <a href=\"#1920\">1920<\/a>  <a href=\"#1921\">1921<\/a><\/p>\n\n\n\n<h2 class=\"wp-block-heading\" id=\"1919\">1919 <\/h2>\n\n\n<div class=\"wp-block-image\">\n<figure class=\"aligncenter size-large\"><a href=\"http:\/\/rakosliget.hu\/wordpress\/wp-content\/uploads\/2020\/11\/1919-februar-26-Stetri-Mor-halala.jpg\"><img loading=\"lazy\" decoding=\"async\" width=\"397\" height=\"519\" src=\"http:\/\/rakosliget.hu\/wordpress\/wp-content\/uploads\/2020\/11\/1919-februar-26-Stetri-Mor-halala.jpg\" alt=\"\" class=\"wp-image-6874\" srcset=\"https:\/\/rakosliget.hu\/wordpress\/wp-content\/uploads\/2020\/11\/1919-februar-26-Stetri-Mor-halala.jpg 397w, https:\/\/rakosliget.hu\/wordpress\/wp-content\/uploads\/2020\/11\/1919-februar-26-Stetri-Mor-halala-229x300.jpg 229w\" sizes=\"auto, (max-width: 397px) 100vw, 397px\" \/><\/a><figcaption class=\"wp-element-caption\">Stetri M\u00f3r hal\u00e1lh\u00edre. 1919. febru\u00e1r 26.<\/figcaption><\/figure>\n<\/div>\n\n<div class=\"wp-block-image\">\n<figure class=\"aligncenter size-large\"><a href=\"http:\/\/rakosliget.hu\/wordpress\/wp-content\/uploads\/2020\/11\/1921-juniuis-22-penz--scaled.jpg\"><img loading=\"lazy\" decoding=\"async\" width=\"219\" height=\"1024\" src=\"http:\/\/rakosliget.hu\/wordpress\/wp-content\/uploads\/2020\/11\/1921-juniuis-22-penz--219x1024.jpg\" alt=\"\" class=\"wp-image-6883\" srcset=\"https:\/\/rakosliget.hu\/wordpress\/wp-content\/uploads\/2020\/11\/1921-juniuis-22-penz--219x1024.jpg 219w, https:\/\/rakosliget.hu\/wordpress\/wp-content\/uploads\/2020\/11\/1921-juniuis-22-penz--64x300.jpg 64w\" sizes=\"auto, (max-width: 219px) 100vw, 219px\" \/><\/a><figcaption class=\"wp-element-caption\">P\u00e9nz\u00fcgyi v\u00e1ls\u00e1g. Korona el\u00e9rt\u00e9ktelened\u00e9se. 1919. j\u00fanius 22.<\/figcaption><\/figure>\n<\/div>\n\n<div class=\"wp-block-image\">\n<figure class=\"aligncenter size-large\"><a href=\"http:\/\/rakosliget.hu\/wordpress\/wp-content\/uploads\/2020\/11\/1919-julius-6-Nagy-Budapest.jpg\"><img loading=\"lazy\" decoding=\"async\" width=\"459\" height=\"424\" src=\"http:\/\/rakosliget.hu\/wordpress\/wp-content\/uploads\/2020\/11\/1919-julius-6-Nagy-Budapest.jpg\" alt=\"\" class=\"wp-image-6885\" srcset=\"https:\/\/rakosliget.hu\/wordpress\/wp-content\/uploads\/2020\/11\/1919-julius-6-Nagy-Budapest.jpg 459w, https:\/\/rakosliget.hu\/wordpress\/wp-content\/uploads\/2020\/11\/1919-julius-6-Nagy-Budapest-300x277.jpg 300w\" sizes=\"auto, (max-width: 459px) 100vw, 459px\" \/><\/a><figcaption class=\"wp-element-caption\">Nagy- Budapest. 1919. j\u00falius 6. <\/figcaption><\/figure>\n<\/div>\n\n\n<h2 class=\"wp-block-heading\" id=\"1920\">1920<\/h2>\n\n\n<div class=\"wp-block-image\">\n<figure class=\"aligncenter size-large\"><a href=\"http:\/\/rakosliget.hu\/wordpress\/wp-content\/uploads\/2020\/11\/1920-november-6-Kurschner-Jakab.jpg\"><img loading=\"lazy\" decoding=\"async\" width=\"773\" height=\"531\" src=\"http:\/\/rakosliget.hu\/wordpress\/wp-content\/uploads\/2020\/11\/1920-november-6-Kurschner-Jakab.jpg\" alt=\"\" class=\"wp-image-6888\" srcset=\"https:\/\/rakosliget.hu\/wordpress\/wp-content\/uploads\/2020\/11\/1920-november-6-Kurschner-Jakab.jpg 773w, https:\/\/rakosliget.hu\/wordpress\/wp-content\/uploads\/2020\/11\/1920-november-6-Kurschner-Jakab-300x206.jpg 300w, https:\/\/rakosliget.hu\/wordpress\/wp-content\/uploads\/2020\/11\/1920-november-6-Kurschner-Jakab-768x528.jpg 768w\" sizes=\"auto, (max-width: 773px) 100vw, 773px\" \/><\/a><figcaption class=\"wp-element-caption\">K\u00fcrschner Jakab b\u00f6rt\u00f6nb\u00fcntet\u00e9se. 1920. november 6.<\/figcaption><\/figure>\n<\/div>\n\n\n<h2 class=\"wp-block-heading\" id=\"1921\">1921<\/h2>\n\n\n<div class=\"wp-block-image\">\n<figure class=\"aligncenter size-large\"><a href=\"http:\/\/rakosliget.hu\/wordpress\/wp-content\/uploads\/2020\/11\/1921-december-27-kerestetes.jpg\"><img loading=\"lazy\" decoding=\"async\" width=\"377\" height=\"286\" src=\"http:\/\/rakosliget.hu\/wordpress\/wp-content\/uploads\/2020\/11\/1921-december-27-kerestetes.jpg\" alt=\"\" class=\"wp-image-6890\" srcset=\"https:\/\/rakosliget.hu\/wordpress\/wp-content\/uploads\/2020\/11\/1921-december-27-kerestetes.jpg 377w, https:\/\/rakosliget.hu\/wordpress\/wp-content\/uploads\/2020\/11\/1921-december-27-kerestetes-300x228.jpg 300w\" sizes=\"auto, (max-width: 377px) 100vw, 377px\" \/><\/a><figcaption class=\"wp-element-caption\">N\u00e9meth Gy\u00f6rgy R\u00e1kosliget VI. utca 18. keres\u00e9se. 1921. december 27.<\/figcaption><\/figure>\n<\/div>\n\n\n<p><a href=\"https:\/\/rakosliget.hu\/wordpress\/index.php\/rakosliget-a-korabeli-hirekben\/\">Vissza a SAJT\u00d3H\u00cdREK lapra<\/a><\/p>\n","protected":false},"excerpt":{"rendered":"<p>Vissza a SAJT\u00d3H\u00cdREK lapra Az oldal indult: 2020. 11. 15.Ugr\u00e1s \u00e9vk\u00f6rre: 1919 1920 1921 1919 1920 1921 Vissza a SAJT\u00d3H\u00cdREK lapra<\/p>\n","protected":false},"author":1,"featured_media":0,"parent":0,"menu_order":0,"comment_status":"closed","ping_status":"closed","template":"","meta":{"footnotes":""},"class_list":["post-6877","page","type-page","status-publish","hentry"],"_links":{"self":[{"href":"https:\/\/rakosliget.hu\/wordpress\/index.php\/wp-json\/wp\/v2\/pages\/6877","targetHints":{"allow":["GET"]}}],"collection":[{"href":"https:\/\/rakosliget.hu\/wordpress\/index.php\/wp-json\/wp\/v2\/pages"}],"about":[{"href":"https:\/\/rakosliget.hu\/wordpress\/index.php\/wp-json\/wp\/v2\/types\/page"}],"author":[{"embeddable":true,"href":"https:\/\/rakosliget.hu\/wordpress\/index.php\/wp-json\/wp\/v2\/users\/1"}],"replies":[{"embeddable":true,"href":"https:\/\/rakosliget.hu\/wordpress\/index.php\/wp-json\/wp\/v2\/comments?post=6877"}],"version-history":[{"count":9,"href":"https:\/\/rakosliget.hu\/wordpress\/index.php\/wp-json\/wp\/v2\/pages\/6877\/revisions"}],"predecessor-version":[{"id":16695,"href":"https:\/\/rakosliget.hu\/wordpress\/index.php\/wp-json\/wp\/v2\/pages\/6877\/revisions\/16695"}],"wp:attachment":[{"href":"https:\/\/rakosliget.hu\/wordpress\/index.php\/wp-json\/wp\/v2\/media?parent=6877"}],"curies":[{"name":"wp","href":"https:\/\/api.w.org\/{rel}","templated":true}]}}