{"id":682,"date":"2018-03-11T18:48:56","date_gmt":"2018-03-11T17:48:56","guid":{"rendered":"http:\/\/rakosliget.hu\/wordpress\/?page_id=682"},"modified":"2025-01-09T18:54:38","modified_gmt":"2025-01-09T17:54:38","slug":"tanulmanyok-rakosligetrol","status":"publish","type":"page","link":"https:\/\/rakosliget.hu\/wordpress\/index.php\/tanulmanyok-rakosligetrol\/","title":{"rendered":"TANULM\u00c1NYOK R\u00e1kosligetr\u0151l"},"content":{"rendered":"\n<p><em>Az oldal friss\u00edtve: 2022. 10. 31.<\/em><\/p>\n\n\n<h2>Tanulm\u00e1nyok R\u00e1kosligetr\u0151l<\/h2>\n<ol>\n<li><a href=\"http:\/\/rakosliget.hu\/pdf\/Budapest_1983__pages142-143.pdf\">Bart\u00f3k Albert: R\u00e1kosligeti \u00fajs\u00e1g\u00edr\u00e1s<\/a><\/li>\n<li><a class=\"navText\" href=\"http:\/\/epa.oszk.hu\/02200\/02251\/00006\/pdf\/EPA02251_Ter_es_tarsadalom1645.pdf\" target=\"_new\" rel=\"noopener noreferrer\">Busk\u00f3 Tibor L\u00e1szl\u00f3: A centrum-perif\u00e9ria rel\u00e1ci\u00f3k Budapest \u00e9s R\u00e1kos-vid\u00e9k k\u00f6z\u00f6tt (1872-1990) avagy egy integr\u00e1ci\u00f3s folyamat tanuls\u00e1gai <\/a><\/li>\n<li><a class=\"navText\" href=\"http:\/\/rakosliget.hu\/pdf\/ev templom rovidtort.pdf\">Debn\u00e1r L\u00e1szl\u00f3: R\u00e1kosligeti evang\u00e9likus templom \u00e9p\u00edt\u00e9st\u00f6rt\u00e9nete<\/a><\/li>\n<li>Debn\u00e1r L\u00e1szl\u00f3: <a class=\"navText\" href=\"http:\/\/rakosliget.hu\/pdf\/Templomepites 80 eves.pdf\" target=\"_new\" rel=\"noopener noreferrer\">80 \u00e9ves a r\u00e1kosligeti evang\u00e9likus templom. Visszan\u00e9z\u00e9s a jegyz\u0151k\u00f6nyvekben. <\/a><\/li>\n<li>Debn\u00e1r L\u00e1szl\u00f3: <a class=\"navText\" href=\"http:\/\/rakosliget.hu\/pdf\/epitomesterek.pdf\" target=\"_new\" rel=\"noopener noreferrer\">R\u00e1kosliget \u00e9p\u00edt\u0151mesterei<\/a><\/li>\n<li><a href=\"http:\/\/rakosliget.hu\/pdf\/MTI hirek.pdf\">Debn\u00e1r L\u00e1szl\u00f3 szerk.: R\u00e1kosliget az MTI h\u00edreiben<\/a><\/li>\n<li><a href=\"http:\/\/rakosliget.hu\/pdf\/RME-16-2-3-sz\u00e1m-vvff-honlapra.pdf\">Debn\u00e1r L\u00e1szl\u00f3: <strong>Adal\u00e9kok a magyar \u00c9szaki Vas\u00fat, k\u00e9s\u0151bb M\u00c1V vas\u00fati p\u00e1lya r\u00e1kosmenti szakasz\u00e1hoz<\/strong><\/a><\/li>\n<li><a href=\"http:\/\/rakosliget.hu\/pdf\/R\u00e1kosliget temet\u0151i_.pdf\" data-wplink-url-error=\"true\">Debn\u00e1r L\u00e1szl\u00f3: R\u00e1kosliget temet\u0151i<\/a><\/li>\n<li><a class=\"navText\" href=\"http:\/\/rakosliget.hu\/pdf\/hitelet.pdf\" target=\"_new\" rel=\"noopener noreferrer\">Dr. Domb\u00f3v\u00e1ri Antal: Hit\u00e9let<\/a><a class=\"navText\" href=\"http:\/\/rakosliget.hu\/pdf\/hitelet.pdf\" target=\"_new\" rel=\"noopener noreferrer\"> R\u00e1kos<\/a><a class=\"navText\" href=\"http:\/\/rakosliget.hu\/pdf\/hitelet.pdf\" target=\"_new\" rel=\"noopener noreferrer\">ligeten <\/a><\/li>\n<li><a class=\"navText\" href=\"http:\/\/epa.oszk.hu\/02100\/02120\/00030\/pdf\/ORSZ_BPTM_TBM_30_233.pdf\" target=\"_new\" rel=\"noopener noreferrer\">Dr. Domb\u00f3v\u00e1ri Antal: R\u00e1kosliget kr\u00f3nik\u00e1ja 1899 &#8211; 1949<\/a><\/li>\n<li><strong><a href=\"http:\/\/rakosliget.hu\/Huzlicska\/Huzlicska.pdf\">Huzlicska K\u00e1roly: Eml\u00e9keim- Helyt\u00f6rt\u00e9neti monogr\u00e1fia &#8211; K\u00e9zirat<\/a><\/strong><\/li>\n<li><a class=\"navText\" href=\"http:\/\/rakosliget.hu\/pdf\/zart kor.pdf\" target=\"_new\" rel=\"noopener noreferrer\">Kelemen S\u00e1ndor: Z\u00e1rt k\u00f6r. A M\u0171v\u00e9szetbar\u00e1tok K\u00f6r\u00e9nek m\u0171k\u00f6d\u00e9se R\u00e1kosligeten (1962-1969)\u00a0<\/a><a class=\"navText\" href=\"http:\/\/rakosliget.hu\/pdf\/zart kor.pdf\" target=\"_new\" rel=\"noopener noreferrer\">Copyright 2010. A szerz\u0151 enged\u00e9ly\u00e9vel.<\/a><\/li>\n<li><a class=\"navText\" href=\"http:\/\/rakosliget.hu\/pdf\/kiadashoz.pdf\" target=\"_new\" rel=\"noopener noreferrer\">Kov\u00e1csovics J\u00e1nos<\/a><a href=\"http:\/\/rakosliget.hu\/pdf\/kiadashoz.pdf\">:<\/a><a class=\"navText\" href=\"http:\/\/rakosliget.hu\/pdf\/kiadashoz.pdf\" target=\"_new\" rel=\"noopener noreferrer\">A r\u00e1kosligeti \u00e1gostai hitvall\u00e1s\u00fa gy\u00fclekezet <\/a> <a class=\"navText\" href=\"http:\/\/rakosliget.hu\/pdf\/kiadashoz.pdf\" target=\"_new\" rel=\"noopener noreferrer\">t\u00f6rt\u00e9nete 1903.<\/a><\/li>\n<li style=\"text-align: left;\"><a class=\"navText\" href=\"http:\/\/rakosliget.hu\/pdf\/szanyi szakdolgozat.pdf\" target=\"_new\" rel=\"noopener noreferrer\">Szanyi Dezs\u0151: R\u00e1kosliget els\u0151 negyedsz\u00e1zada 1899 &#8211; 1924. <\/a><\/li>\n<\/ol>\n<hr \/>\n<p style=\"text-align: left;\" align=\"center\">Debn\u00e1r L\u00e1szl\u00f3:\u00a0<a class=\"navText\" href=\"http:\/\/rakosliget.hu\/pdf\/Vonatkozlekedes_2014_12_16.pdf\" target=\"_new\" rel=\"noopener noreferrer\">R\u00e1kosliget k\u00f6zleked\u00e9se. Vas\u00fat (V\u00e1zlat)<\/a><\/p>\n<p style=\"text-align: left;\" align=\"center\">Debn\u00e1r L\u00e1szl\u00f3: <a class=\"navText\" href=\"http:\/\/rakosliget.hu\/pdf\/Az autobusz kozlekedes_01_17.pdf\" target=\"_new\" rel=\"noopener noreferrer\">R\u00e1kosliget k\u00f6zleked\u00e9se. Aut\u00f3busz (V\u00e1zlat)<\/a><\/p>\n<p style=\"text-align: left;\" align=\"center\"><a href=\"http:\/\/rakosliget.hu\/wordpress\/wp-content\/uploads\/2020\/06\/Szabo-Endre-Rakosliget-meltatlanul-feledesbe-merult-biraja_szamozott_9-vizjeles.pdf\">Debn\u00e1r L\u00e1szl\u00f3: Szab\u00f3 Endre k\u00f6lt\u0151,m\u0171ford\u00edt\u00f3, R\u00e1kosliget els\u0151 k\u00f6zs\u00e9gi b\u00edr\u00f3ja\u00a0<\/a><\/p>\n<p style=\"text-align: left;\" align=\"center\"><a href=\"http:\/\/rakosliget.hu\/wordpress\/wp-content\/uploads\/2022\/10\/Szabo-cikk2_utolso-jo-2.pdf\">Debn\u00e1r L\u00e1szl\u00f3: R\u00e1kosliget polg\u00e1rmesterei &#8211; Szab\u00f3 Endre<\/a><\/p>\n\n\n<p>Debn\u00e1r L\u00e1szl\u00f3: <a href=\"http:\/\/rakosliget.hu\/wordpress\/wp-content\/uploads\/2020\/11\/Munkas-otthon-szovetkezet_vizjeles_reduce.pdf\">A R\u00e1kosligeti Munk\u00e1s-otthon Sz\u00f6vetkezet<\/a><\/p>\n\n\n\n<p><a href=\"http:\/\/rakosliget.hu\/pdf\/Munk\u00e1s otthon sz\u00f6vetkezet Copy.pdf\">Debn\u00e1r L\u00e1szl\u00f3: Munk\u00e1s-otthon Sz\u00f6vetkezet r\u00f6vid verzi\u00f3<\/a><\/p>\n\n\n\n<p>Debn\u00e1r L\u00e1szl\u00f3: <a rel=\"noreferrer noopener\" href=\"http:\/\/rakosliget.hu\/wordpress\/wp-content\/uploads\/2021\/04\/Regiakademiatelep-rovid-tortenete_.pdf\" target=\"_blank\">R\u00e9giakad\u00e9miatelep t\u00f6rt\u00e9nete. pdf<\/a><\/p>\n\n\n\n<p><a href=\"http:\/\/rakosliget.hu\/pdf\/A sport klub t\u00f6rt\u00e9nete.pdf\">Debn\u00e1r L\u00e1szl\u00f3: A XV. utca 23. Sport Club \u00e9p\u00fclet\u00e9nek r\u00f6vid t\u00f6rt\u00e9nete<\/a><\/p>\n\n\n\n<p><a href=\"http:\/\/rakosliget.hu\/wordpress\/wp-content\/uploads\/2022\/10\/A-magyar-urkutatas-hoskora_cikk-verzio.pdf\">Debn\u00e1r L\u00e1szl\u00f3: Egy r\u00e1di\u00f3amat\u0151r \u00e9s profi csapata az \u0171rkutat\u00e1sban Horv\u00e1th Tibor eml\u00e9k\u00e9re<\/a><\/p>\n\n\n\n<p><\/p>\n\n\n\n<p><\/p>\n","protected":false},"excerpt":{"rendered":"<p>Az oldal friss\u00edtve: 2022. 10. 31. Tanulm\u00e1nyok R\u00e1kosligetr\u0151l Bart\u00f3k Albert: R\u00e1kosligeti \u00fajs\u00e1g\u00edr\u00e1s Busk\u00f3 Tibor L\u00e1szl\u00f3: A centrum-perif\u00e9ria rel\u00e1ci\u00f3k Budapest \u00e9s R\u00e1kos-vid\u00e9k k\u00f6z\u00f6tt (1872-1990) avagy egy integr\u00e1ci\u00f3s folyamat tanuls\u00e1gai Debn\u00e1r L\u00e1szl\u00f3: R\u00e1kosligeti evang\u00e9likus templom \u00e9p\u00edt\u00e9st\u00f6rt\u00e9nete Debn\u00e1r L\u00e1szl\u00f3: 80 \u00e9ves a r\u00e1kosligeti evang\u00e9likus templom. Visszan\u00e9z\u00e9s a jegyz\u0151k\u00f6nyvekben. Debn\u00e1r L\u00e1szl\u00f3: R\u00e1kosliget \u00e9p\u00edt\u0151mesterei Debn\u00e1r L\u00e1szl\u00f3 szerk.: R\u00e1kosliget az MTI &hellip; <a href=\"https:\/\/rakosliget.hu\/wordpress\/index.php\/tanulmanyok-rakosligetrol\/\" class=\"more-link\"><span class=\"screen-reader-text\">TANULM\u00c1NYOK R\u00e1kosligetr\u0151l<\/span> r\u00e9szletei&#8230;<\/a><\/p>\n","protected":false},"author":1,"featured_media":0,"parent":0,"menu_order":0,"comment_status":"closed","ping_status":"closed","template":"","meta":{"footnotes":""},"class_list":["post-682","page","type-page","status-publish","hentry"],"_links":{"self":[{"href":"https:\/\/rakosliget.hu\/wordpress\/index.php\/wp-json\/wp\/v2\/pages\/682","targetHints":{"allow":["GET"]}}],"collection":[{"href":"https:\/\/rakosliget.hu\/wordpress\/index.php\/wp-json\/wp\/v2\/pages"}],"about":[{"href":"https:\/\/rakosliget.hu\/wordpress\/index.php\/wp-json\/wp\/v2\/types\/page"}],"author":[{"embeddable":true,"href":"https:\/\/rakosliget.hu\/wordpress\/index.php\/wp-json\/wp\/v2\/users\/1"}],"replies":[{"embeddable":true,"href":"https:\/\/rakosliget.hu\/wordpress\/index.php\/wp-json\/wp\/v2\/comments?post=682"}],"version-history":[{"count":30,"href":"https:\/\/rakosliget.hu\/wordpress\/index.php\/wp-json\/wp\/v2\/pages\/682\/revisions"}],"predecessor-version":[{"id":14852,"href":"https:\/\/rakosliget.hu\/wordpress\/index.php\/wp-json\/wp\/v2\/pages\/682\/revisions\/14852"}],"wp:attachment":[{"href":"https:\/\/rakosliget.hu\/wordpress\/index.php\/wp-json\/wp\/v2\/media?parent=682"}],"curies":[{"name":"wp","href":"https:\/\/api.w.org\/{rel}","templated":true}]}}