{"id":676,"date":"2018-03-11T18:33:43","date_gmt":"2018-03-11T17:33:43","guid":{"rendered":"http:\/\/rakosliget.hu\/wordpress\/?page_id=676"},"modified":"2023-01-04T15:47:10","modified_gmt":"2023-01-04T14:47:10","slug":"magyar-epitomuveszet-1934-evangelikus-templom","status":"publish","type":"page","link":"https:\/\/rakosliget.hu\/wordpress\/index.php\/magyar-epitomuveszet-1934-evangelikus-templom\/","title":{"rendered":"Magyar \u00c9p\u00edt\u0151m\u0171v\u00e9szet 1934. Evang\u00e9likus templom"},"content":{"rendered":"<p><a href=\"http:\/\/rakosliget.hu\/epitomuveszet\/epitomuveszet 1934_red.pdf\" data-wplink-url-error=\"true\">Magyar \u00c9p\u00edt\u0151m\u0171v\u00e9szet 1934. A r\u00e1kosligeti evang\u00e9likus templomr\u00f3l megjelent tanulm\u00e1ny<\/a><\/p>\n","protected":false},"excerpt":{"rendered":"<p>Magyar \u00c9p\u00edt\u0151m\u0171v\u00e9szet 1934. A r\u00e1kosligeti evang\u00e9likus templomr\u00f3l megjelent tanulm\u00e1ny<\/p>\n","protected":false},"author":1,"featured_media":0,"parent":0,"menu_order":0,"comment_status":"closed","ping_status":"closed","template":"","meta":{"footnotes":""},"class_list":["post-676","page","type-page","status-publish","hentry"],"_links":{"self":[{"href":"https:\/\/rakosliget.hu\/wordpress\/index.php\/wp-json\/wp\/v2\/pages\/676","targetHints":{"allow":["GET"]}}],"collection":[{"href":"https:\/\/rakosliget.hu\/wordpress\/index.php\/wp-json\/wp\/v2\/pages"}],"about":[{"href":"https:\/\/rakosliget.hu\/wordpress\/index.php\/wp-json\/wp\/v2\/types\/page"}],"author":[{"embeddable":true,"href":"https:\/\/rakosliget.hu\/wordpress\/index.php\/wp-json\/wp\/v2\/users\/1"}],"replies":[{"embeddable":true,"href":"https:\/\/rakosliget.hu\/wordpress\/index.php\/wp-json\/wp\/v2\/comments?post=676"}],"version-history":[{"count":4,"href":"https:\/\/rakosliget.hu\/wordpress\/index.php\/wp-json\/wp\/v2\/pages\/676\/revisions"}],"predecessor-version":[{"id":10387,"href":"https:\/\/rakosliget.hu\/wordpress\/index.php\/wp-json\/wp\/v2\/pages\/676\/revisions\/10387"}],"wp:attachment":[{"href":"https:\/\/rakosliget.hu\/wordpress\/index.php\/wp-json\/wp\/v2\/media?parent=676"}],"curies":[{"name":"wp","href":"https:\/\/api.w.org\/{rel}","templated":true}]}}