{"id":6757,"date":"2020-11-14T07:02:57","date_gmt":"2020-11-14T06:02:57","guid":{"rendered":"http:\/\/rakosliget.hu\/wordpress\/?page_id=6757"},"modified":"2026-03-15T05:05:25","modified_gmt":"2026-03-15T04:05:25","slug":"hackenberger-laszlo-2","status":"publish","type":"page","link":"https:\/\/rakosliget.hu\/wordpress\/index.php\/hackenberger-laszlo-2\/","title":{"rendered":"HACKENBERGER L\u00c1SZL\u00d3"},"content":{"rendered":"\n<h2 class=\"wp-block-heading\">&nbsp;[1859 \u2013 1941 (R\u00e1kosliget)]<\/h2>\n\n\n\n<p><em>Az oldal friss\u00edtve: 2020. 11. 25.<\/em><\/p>\n\n\n\n<p><a href=\"#GY\">Gy\u00f3gyszer\u00e9sz<\/a>     <a href=\"#B\">A b\u00edr\u00f3i megb\u00edz\u00e1s ut\u00e1n<\/a>     <a href=\"#CS\">Csontv\u00e1ry \u00e9s Hackenberger<\/a>       <a href=\"#E\">Egyes\u00fcleti tags\u00e1gai<\/a>       <a href=\"#I\">\u00cdr\u00e1sai<\/a><\/p>\n\n\n\n<h4 class=\"wp-block-heading\" id=\"GY\">Gy\u00f3gyszer\u00e9sz.<\/h4>\n\n\n\n<p>1879. november 22-ben a 8. gyalogezred gy\u00f3gyszer\u00e9sz j\u00e1rulnok* tartal\u00e9ka<a href=\"http:\/\/rakosliget.hu\/wordpress\/wp-content\/uploads\/2020\/11\/MagyarNevkonyvek_1891__pages255-255.pdf\">. (<em>Magyar N\u00e9vk\u00f6nyvek 1891)<\/em><\/a>.<\/p>\n\n\n\n<pre class=\"wp-block-preformatted\">*Als\u00f3bb rend\u00fc tisztvisel\u0151 a korm\u00e1ny- vagy t\u00f6rv\u00e9nyhat\u00f3s\u00e1gokn\u00e1l, ki a gyakorlati \u00e9vek ut\u00e1n a rendes hivatalnokok seg\u00e9de szokott lenni.<\/pre>\n\n\n\n<p>\u00c9letrajz\u00e1b\u00f3l az al\u00e1bbi t\u00f6red\u00e9keket ismerj\u00fck:<\/p>\n\n\n\n<p>A magyardi\u00f3szegi (Di\u00f3szeg) patika 1900-ban alakult (<em>a <a href=\"http:\/\/lexikon.katolikus.hu\/G\/gy%C3%B3gyszert%C3%A1r.html\">Katolikus Lexikon<\/a> adata 1901<\/em>) Pozsony v\u00e1rmegy\u00e9ben \u00e9s a Szenth\u00e1roms\u00e1g nevet viselte. A gy\u00f3gyszert\u00e1rat 1912-t\u0151l a r\u00e1kosligeti sz\u00fclet\u00e9s\u0171 <em>[ez t\u00e9ved\u00e9s lehet, mivel R\u00e1kosliget megalakul\u00e1s\u00e1nak \u00e9ve 1903, illetve Hackenberger \u00e9letkora nem ezt er\u0151s\u00edti (szerk.<\/em>)] Hackenberger L\u00e1szl\u00f3, majd fia, Ben\u0151 \u00fczemeltette. 1929-t\u0151l m\u00e1r F\u00f6ldes Ern\u0151 kez\u00e9ben van eg\u00e9szen 1945-ig. (<em><a href=\"http:\/\/www.niton.sk\/documents\/2-129-3720-lokreg4_309-334.pdf\">Forr\u00e1s: Bukovszky L\u00e1szl\u00f3 A k\u00f6zeg\u00e9szs\u00e9g\u00fcgy alakul\u00e1sa \u00e9s j\u00f3t\u00e9konys\u00e1gi int\u00e9zm\u00e9nyek a M\u00e1tyusf\u00f6ld\u00f6n<\/a>) <\/em><\/p>\n\n\n\n<p>1891 elej\u00e9n mind a Gy\u00f3gyszer\u00e9szi Hetilap, mind a Gy\u00f3gyszer\u00e9szi K\u00f6zl\u00f6ny arr\u00f3l \u00e9rtes\u00edti olvas\u00f3it, hogy Kosztka Tivadar g\u00e1csi gy\u00f3gyszer\u00e9sz febru\u00e1r 15-\u00e9vel patik\u00e1j\u00e1t b\u00e9rbe adta Hackenberger L\u00e1szl\u00f3nak. Pontosan egy h\u00e9ttel k\u00e9s\u0151bb a Losonc \u00e9s Vid\u00e9k\u00e9ben hirdetm\u00e9ny jelenik meg, amelynek \u00e9rtelm\u00e9ben a j\u00e1r\u00e1s-b\u00edr\u00f3s\u00e1g a gy\u00f3gyszert\u00e1r eg\u00e9sz berendez\u00e9s\u00e9t \u00e1rver\u00e9sre bocs\u00e1tja. Az elj\u00e1r\u00e1st Kosztka ellen egy losonci gy\u00f3gyszer\u00e9sz ind\u00edttatta meg, akit\u0151l 1888 november\u00e9ben 4500 Ft k\u00f6lcs\u00f6nt vett fel. Az \u00e1rver\u00e9s kimenetel\u00e9r\u0151l ugyancsak nincs tudom\u00e1sunk. A gy\u00f3gyszert\u00e1r mindenk\u00e9ppen az \u0151 kez\u00e9ben maradt, az 1895-\u00f6s Gy\u00f3gyszer\u00e9szi Almanach, amely a hazai gy\u00f3gyszert\u00e1rak els\u0151 teljes n\u00e9vjegyz\u00e9k\u00e9t adja, \u0151t t\u00fcnteti fel tulajdonosnak. Hackenberger L\u00e1szl\u00f3t pedig a g\u00e1csi patika els\u0151 b\u00e9rl\u0151j\u00e9nek tekinthetj\u00fck. Ezek ut\u00e1n Kosztka Tivadarnak semmi keresni val\u00f3ja nem volt G\u00e1cson, s amint a Losonc \u00e9s Vid\u00e9ke egyik h\u00edrad\u00e1s\u00e1b\u00f3l \u00e9rtes\u00fcl\u00fcnk, t\u00e1vozik is \u2013 k\u00e9tes kimenetel\u0171 k\u00fczdelmei sz\u00ednter\u00e9r\u0151l.<\/p>\n\n\n<div class=\"wp-block-image\">\n<figure class=\"aligncenter\"><a href=\"http:\/\/rakosliget.hu\/wordpress\/wp-content\/uploads\/2020\/11\/gacsi-patika-epulete_.jpg\"><img loading=\"lazy\" decoding=\"async\" width=\"253\" height=\"300\" src=\"http:\/\/rakosliget.hu\/wordpress\/wp-content\/uploads\/2020\/11\/gacsi-patika-epulete_-253x300.jpg\" alt=\"\" class=\"wp-image-8163\" srcset=\"https:\/\/rakosliget.hu\/wordpress\/wp-content\/uploads\/2020\/11\/gacsi-patika-epulete_-253x300.jpg 253w, https:\/\/rakosliget.hu\/wordpress\/wp-content\/uploads\/2020\/11\/gacsi-patika-epulete_-768x911.jpg 768w, https:\/\/rakosliget.hu\/wordpress\/wp-content\/uploads\/2020\/11\/gacsi-patika-epulete_.jpg 790w\" sizes=\"auto, (max-width: 253px) 100vw, 253px\" \/><\/a><\/figure>\n<\/div>\n\n\n<p class=\"has-text-align-center\"><em>K\u00e9p forr\u00e1sa: Magyar Ifj\u00fas\u00e1g 1984. 07.06 27. sz\u00e1m 19. oldal<\/em><\/p>\n\n\n\n<p>1906 &#8211; 1907 -ben m\u00e9g a VII. ker\u00fclet Ar\u00e9na \u00fat 72-ben lakik.<em> (<a href=\"http:\/\/rakosliget.hu\/wordpress\/wp-content\/uploads\/2020\/11\/hackenberger-lakcim.jpg\">Forr\u00e1s: Budapesti Czim- \u00e9s Lak\u00e1sjegyz\u00e9k 1906 &#8211; 1907 (18. \u00e9vf.) 9. r\u00e9sz)<\/a><\/em><\/p>\n\n\n\n<p>R\u00e1kosligetre k\u00f6lt\u00f6z\u00e9se ut\u00e1n felhagyott a gy\u00f3gyszer\u00e9sz szakm\u00e1val.<\/p>\n\n\n\n<p id=\"B\"><a href=\"http:\/\/rakosliget.hu\/wordpress\/index.php\/rakosliget-tisztsegviseloi__trashed\/rakosliget-biroi\/\">R\u00e1kosliget b\u00edr\u00f3ja 1913. november 9. &#8211; 1914. j\u00falius 22.<\/a><\/p>\n\n\n\n<h4 class=\"wp-block-heading\">A b\u00edr\u00f3i megb\u00edzat\u00e1s ut\u00e1n<\/h4>\n\n\n\n<p>Horti Ede<a name=\"_ftnref1\" href=\"#_ftn1\">[1]<\/a> Jakob Lorberrel<a name=\"_ftnref2\" href=\"#_ftn2\">[2]<\/a> \u2014 miut\u00e1n kor\u00e1bbi n\u00e9metorsz\u00e1gi tart\u00f3zkod\u00e1sa sor\u00e1n vall\u00e1sos szekt\u00e1kkal m\u00e1r kapcsolata volt \u2014 1919-ben kezdett foglalkozni, n\u00e9h\u00e1ny \u00e9vvel k\u00e9s\u0151bb \u201esalemista \u201e vall\u00e1sos szekt\u00e1t szervezett R\u00e1kosligeten. 1929-ben Az Ige c\u00edmmel lapot ind\u00edtott, Lorber m\u0171veit leford\u00edtotta \u00e9s&nbsp; \u2014 r\u00e9szben egy r\u00e1kosligeti nyomda k\u00f6zrem\u0171k\u00f6d\u00e9s\u00e9vel (Boros-nyomda) kiadta. Horti r\u00e1kosligeti lakosk\u00e9nt ker\u00fclt kapcsolatba a szint\u00e9n itt \u00e9l\u0151 Hackenberger-rel, aki szekt\u00e1j\u00e1nak tagja lehetett, vagy nagyon szoros kapcsolatban \u00e1llhatott ezzel a k\u00f6z\u00f6ss\u00e9ggel.<\/p>\n\n\n\n<p>1923-ban Az iskola vall\u00e1sa, misztikus vil\u00e1gszeml\u00e9let c\u00edmen teoz\u00f3fikus f\u00fczetet adott ki.<\/p>\n\n\n\n<p>Hackenberger \u00e9letkor\u00e1n\u00e1l fogva Horti nesztora lehetett, 81 \u00e9ves kor\u00e1ban halt meg R\u00e1kosligeten, egy h\u00e9ttel kor\u00e1bban Horti Ed\u00e9n\u00e9l.<a href=\"#_ftn3\" name=\"_ftnref3\">[3]<\/a><\/p>\n\n\n\n<p>Hackenberger teoz\u00f3fikus f\u00fczete az al\u00e1bbi fejezetekre oszlik: A vall\u00e1s, mint kozmikus sz\u00fcks\u00e9g. A vall\u00e1s kozmol\u00f3gikus eredete. Krisztol\u00f3gia. Az ember kozmikus viszonya. Az iskolavall\u00e1s (ti. a szekta vall\u00e1sa) mint a vil\u00e1g\u00e1llam-vall\u00e1s alapja.<\/p>\n\n\n\n<p><a href=\"#_ftnref1\" name=\"_ftn1\">[1]<\/a> N\u00e9met\u2014cseh sz\u00e1rmaz\u00e1s\u00fa Horti Ede (1885-1941) a k\u00e9t vil\u00e1gh\u00e1bor\u00fa k\u00f6zti magyar okkult szekt\u00e1k minden bizonnyal egyik k\u00f6zponti figur\u00e1ja. Eredetileg fest\u0151nek k\u00e9sz\u00fclt, hosszabb ideig Hikisch Rezs\u0151 mellett dolgozott \u00e9p\u00edt\u00e9szeti rajzol\u00f3k\u00e9nt, festm\u00e9nyeit a t\u00edzes \u00e9vekben ki is \u00e1ll\u00edtotta a f\u0151v\u00e1rosban. (1939.). Lorber Jakab (1800-1864) a salemita szekta alap\u00edt\u00f3ja, pr\u00f3f\u00e9t\u00e1ja.<\/p>\n\n\n\n<p><a href=\"#_ftnref2\" name=\"_ftn2\">[2]<\/a> Az Evangelische Zentralstelle f\u00fcr Weltanschauungsfragen (EZW) hivatalos nyilatkozata szkeptikusabb, felt\u00e9telezve, hogy Lorber kinyilatkoztat\u00e1sainak pszichol\u00f3giai magyar\u00e1zata van. Az EZW Antoinette Stettler-Sch\u00e4r 1966-os berni disszert\u00e1ci\u00f3ja alapj\u00e1n Lorbertn\u00e9l paranoid skizofr\u00e9ni\u00e1t diagnosztiz\u00e1lt. Ezt a diagn\u00f3zist Bernhard Grom elutas\u00edtotta, aki az \u00f6ninduk\u00e1lt hallucin\u00e1ci\u00f3t diagnosztiz\u00e1lta. <em>(Forr\u00e1s: <a href=\"https:\/\/en.wikipedia.org\/wiki\/Jakob_Lorber\">Wikipedia)<\/a><\/em><\/p>\n\n\n\n<p id=\"CS\"><a name=\"_ftn3\" href=\"#_ftnref3\">[3]<\/a> Mezei Ott\u00f3: CSONTV\u00c1RY A \u201ePANASZFAL JERUZS\u00c1LEMBEN&#8221; C. FESTM\u00c9NY\u00c9NEK ESZMET\u00d6RT\u00c9NETI H\u00c1TTERE \u00c9S A BELS\u0150 K\u00c9P PROBL\u00c9M\u00c1JA. In: Ars Hungarica 1986\/2 183-199. oldal<\/p>\n\n\n\n<h4 class=\"wp-block-heading\">Csontv\u00e1ry \u00e9s Hackenberger<\/h4>\n\n\n\n<p>CSONTV\u00c1RY ALTERNAT\u00cdV VALL\u00c1SOSS\u00c1GA (el\u0151ad\u00e1s, 1992) <\/p>\n\n\n\n<p>Mennyiben ismert az eset, nem tudom, mindenk\u00e9ppen \u2013 \u00fajfent \u2013 v\u00e1zolom, mert elgondolkodtat\u00f3 kiindul\u00e1sk\u00e9nt szorosan a t\u00e9m\u00e1hoz tartozik. T\u00f6rt\u00e9nt, hogy 1891 m\u00e1rcius\u00e1nak egyik els\u0151 napj\u00e1ra nyilv\u00e1nos \u00e1rver\u00e9s \u00edratott ki a g\u00e1csi Kosztka patika teljes berendez\u00e9s\u00e9re, s mire az \u00e1rver\u00e9si hirdetm\u00e9ny megjelent a losonci sajt\u00f3ban, a patik\u00e1t \u2013 amint ugyancsak sajt\u00f3k\u00f6zlem\u00e9nyekb\u0151l \u00e9rtes\u00fclhet\u00fcnk \u2013 m\u00e1r b\u00e9rbe vette egy aradi gy\u00f3gyszer\u00e9sz, aki azt\u00e1n h\u00e1rom \u00e9vig b\u00e9rl\u0151je is marad. Az eg\u00e9sz \u00fcgyben, ami egy \u00f6t \u00e9ves, a megyei \u00e9s a f\u0151v\u00e1rosi szaksajt\u00f3b\u00f3l nyomon k\u00f6vethet\u0151 proced\u00fara z\u00e1r\u00f3akkordja volt, sz\u00e1munkra most mind\u00f6ssze az a t\u00e9ny \u00e9rdemel figyelmet, hogy a b\u00e9rbevev\u0151 Hackenberger L\u00e1szl\u00f3, aki Kosztka Tivadarral egy id\u0151ben v\u00e9gezte a gy\u00f3gyszer\u00e9szetet, a k\u00e9t vil\u00e1gh\u00e1bor\u00fa k\u00f6z\u00f6tti \u00e9vekben bukkan fel szem\u00fcnk el\u0151tt egy \u00fan. \u00faj s\u00e1lemista k\u00f6z\u00f6ss\u00e9g tagjak\u00e9nt, minden bizonnyal nesztorak\u00e9nt. Vall\u00e1silag a t\u00f6rt\u00e9neti egyh\u00e1zakkal szemben \u00e1ll\u00f3, a \u201enagy F\u00e9nyember\u201d kialakul\u00e1s\u00e1t hirdet\u0151 \u00e9s azon munk\u00e1lkod\u00f3 k\u00f6z\u00f6ss\u00e9g vezet\u0151je a fest\u0151nek indult Horti Ede volt, aki R\u00e1kosligeten \u00e9lve az osztr\u00e1k szektaalap\u00edt\u00f3 Jakob Lorbeer sz\u00e1mos k\u00f6tet\u00e9t leford\u00edtotta \u00e9s kiadta (k\u00f6zt\u00fck a J\u00e1nos nagy evang\u00e9liuma c\u00edm\u0171t, nyolc testes f\u00fczetben), lapot szerkesztett, m\u0171k\u00f6dtetett Az Ige c\u00edmmel, s kiadta \u2013 visszakanyarodva a t\u00e9m\u00e1hoz \u2013 Hackenberger teoz\u00f3fikus, gnosztikus, s egyben ut\u00f3pisztikus programf\u00fczet\u00e9t&nbsp; <strong>Az iskola vall\u00e1sa, misztikus vil\u00e1gszeml\u00e9let<\/strong>&nbsp; c\u00edmmel, 1923-ban.<br>A J\u00e1nos nagy evang\u00e9liuma (alc\u00edme: A bibliai J\u00e1nos evang\u00e9lium kinyilatkoztat\u00e1s \u00fatj\u00e1n adott magyar\u00e1zata) egyik k\u00f6tete ezt a c\u00edmet viseli:&nbsp; A h\u00e1romnapi jelenet a jeruzs\u00e1lemi templomban a 12 \u00e9ves J\u00e9zus \u00e9s a zsid\u00f3-r\u00f3mai vizsgabizotts\u00e1g k\u00f6z\u00f6tt, a hosszan taglalt esem\u00e9nysorozat \u00e9rdekess\u00e9ge, hogy egyfel\u0151l t\u00e9m\u00e1j\u00e1n\u00e1l fogva \u2013 a 12 \u00e9ves J\u00e9zus a templomban \u2013, m\u00e1sfel\u0151l naiv, groteszk, vizion\u00e1riushoz ill\u0151 szeml\u00e9letm\u00f3dja miatt kapcsolatba hozhat\u00f3 Csontv\u00e1ry Panaszfal\u00e1val, az \u00fajsz\u00f6vets\u00e9gi t\u00f6rt\u00e9net rokon hangv\u00e9tel\u0171 \u2013 b\u00e1r irodalmi \u2013 tolm\u00e1csol\u00e1s\u00e1val. Az eszmefuttat\u00e1st \u00e9rdemes lez\u00e1rni azzal a megjegyz\u00e9ssel, hogy a J\u00e1nos evang\u00e9lium \u2013 t\u00f6bbek k\u00f6zt kezd\u0151sorai miatt \u2013 a bels\u0151 f\u00e9nynek, megvil\u00e1gosod\u00e1snak k\u00fcl\u00f6nleges szerepet tulajdon\u00edt\u00f3, az<br>emberi \u00e9letet Tao-szer\u0171 \u00fatk\u00e9nt \u00e9rtelmez\u0151 tanokban, tan\u00edt\u00e1sokban \u00e1ltal\u00e1nos n\u00e9pszer\u0171s\u00e9gnek \u00f6rvend, elemz\u00e9sek t\u00e1rgy\u00e1t k\u00e9pez\u0151, majdhogy p\u00e9lda\u00e9rt\u00e9k\u0171.<\/p>\n\n\n\n<p>A JANUS-ARC\u00da KOSZTKA TIVADAR (Pal\u00f3cf\u00f6ld, 1988) 8. oldal<\/p>\n\n\n\n<p>1891 elej\u00e9n mind a Gy\u00f3gyszer\u00e9szi Hetilap, mind a Gy\u00f3gyszer\u00e9szi K\u00f6zl\u00f6ny arr\u00f3l \u00e9rtes\u00edti olvas\u00f3it, hogy Kosztka Tivadar g\u00e1csi gy\u00f3gyszer\u00e9sz febru\u00e1r 15-vel patik\u00e1j\u00e1t b\u00e9rbe adta Hackenberger L\u00e1szl\u00f3nak. Pontosan egy h\u00e9ttel k\u00e9s\u0151bb a Losonc \u00e9s Vid\u00e9k\u00e9ben hirdetm\u00e9ny jelenik meg, amelynek \u00e9rtelm\u00e9ben a j\u00e1r\u00e1s-b\u00edr\u00f3s\u00e1g a gy\u00f3gyszert\u00e1r eg\u00e9sz berendez\u00e9s\u00e9t \u00e1rver\u00e9sre bocs\u00e1tja. Az elj\u00e1r\u00e1st Kosztka ellen egy losonci gy\u00f3gyszer\u00e9sz ind\u00edttatta meg, akit\u0151l 1888 november\u00e9ben 4500 ft k\u00f6lcs\u00f6nt vett fel. Az \u00e1rver\u00e9s kimenetel\u00e9r\u0151l ugyancsak nincs tudom\u00e1sunk. A gy\u00f3gyszert\u00e1r mindenk\u00e9ppen az \u0151 kez\u00e9ben marad:az 1895-\u00f6s&nbsp; Gy\u00f3gyszer\u00e9szi Almanach, amely a hazai gy\u00f3gyszert\u00e1rak els\u0151 teljes n\u00e9vjegyz\u00e9k\u00e9t adja, \u0151t t\u00fcnteti fel tulajdonosnak. Hackenberger L\u00e1szl\u00f3t pedig a g\u00e1csi patika els\u0151 b\u00e9rl\u0151j\u00e9nek tekinthetj\u00fck. Ezek ut\u00e1n Kosztka Tivadarnak semmi keresni val\u00f3ja nem volt G\u00e1cson, s amint a Losonc \u00e9s Vid\u00e9ke egyik h\u00edrad\u00e1s\u00e1b\u00f3l \u00e9rtes\u00fcl\u00fcnk, t\u00e1vozik is \u2013 k\u00e9tes kimenetel\u0171 k\u00fczdelmei sz\u00ednter\u00e9r\u0151l.<\/p>\n\n\n\n<p id=\"E\">Hackenberger L\u00e1szl\u00f3 neve tal\u00e1n csak a kor ezoterikus mozgalmait feldolgoz\u00f3 sz\u00e1m\u00e1ra mondana valamit. A g\u00e1csi patika b\u00e9rlet\u00e9nek felmond\u00e1sa ut\u00e1n elt\u0171nik a szem\u00fcnk el\u0151l, az els\u0151 vil\u00e1gh\u00e1bor\u00fa alatt ism\u00e9t a Felvid\u00e9ken, Pozsony megy\u00e9ben gy\u00f3gyszer\u00e9szkedik, a h\u00e1bor\u00fa ut\u00e1n a f\u0151v\u00e1rosban \u00e9s R\u00e1kosligeten \u00e9l. R\u00e1kosligeten a bibliai J\u00e1nos Jelen\u00e9sek k\u00f6nyv\u00e9ben szerepl\u0151 \u201e\u00faj Jeruzs\u00e1lem\u201d megteremt\u00e9s\u00e9n lelkileg munk\u00e1lkod\u00f3 k\u00f6z\u00f6ss\u00e9g, a romlatlan krisztusi tanokat \u00e9s egyszer\u0171 \u00e9letm\u00f3dot k\u00f6vet\u0151 \u201e\u00faj s\u00e1lemist\u00e1k\u201d vezet\u0151 egy\u00e9nis\u00e9ge \u00e9s Az Ige c\u00edm\u0171 lap szerkeszt\u0151je. Horti Ede 1928-ban kiadja Hackenberger teoz\u00f3fikus be\u00e1ll\u00edtotts\u00e1g\u00fa bros\u00far\u00e1j\u00e1t, amelynek az istens\u00e9ggel val\u00f3 egyes\u00fcl\u00e9st, \u201ekozmikus szeml\u00e9letet\u201d vall\u00f3 szerz\u0151 &nbsp;\u201eAz iskola vall\u00e1sa \u2013 misztikus vil\u00e1gszeml\u00e9let\u201d c\u00edmet adta. Arr\u00f3l is van tudom\u00e1sunk, hogy ugyanez a Hackenberger \u00e9lete utols\u00f3 \u00e9veiben (meghalt 1941-ben, 81 \u00e9vesen R\u00e1kosligeten) gyakran megfordult az indol\u00f3gus Zajti Ferenc Ar\u00e9na \u00fati m\u0171term\u00e9ben, aki a tizes \u00e9vekben egy gy\u0151ri rajztan\u00e1r-fest\u0151vel, B\u00e9k\u00e9ssy Le\u00f3val egy\u00fctt Csontv\u00e1ry tan\u00edtv\u00e1nya volt. (Az Ar\u00e9na \u2013 ma D\u00f3zsa Gy\u00f6rgy \u2013 \u00fati h\u00e1z el\u0151csarnok\u00e1ban a Magas T\u00e1tra nagy m\u00e9ret\u0171 sz\u00ednes ker\u00e1mia k\u00e9pe ma is l\u00e1that\u00f3.)<\/p>\n\n\n\n<h4 class=\"wp-block-heading\">EGYES\u00dcLETI TAGS\u00c1GAI:<\/h4>\n\n\n\n<ul class=\"wp-block-list\">\n<li>A TERM\u00c9SZETTUDOM\u00c1NYI K\u00d6NYVKIAD\u00d3 V\u00c1LLALAT HATODIK, 1887\u20141889. \u00c9VI CIKLUS\u00c1NAK P\u00c1RTOL\u00d3 TAGJAI.<\/li>\n<\/ul>\n\n\n\n<figure class=\"wp-block-image\"><img decoding=\"async\" src=\"http:\/\/rakosliget.hu\/doku\/term\u00e9szettudomanyi elofiz.jpg\" alt=\"\"\/><\/figure>\n\n\n\n<figure class=\"wp-block-image\"><img decoding=\"async\" src=\"http:\/\/rakosliget.hu\/doku\/partolotagsag.jpg\" alt=\"\"\/><\/figure>\n\n\n\n<p><\/p>\n\n\n\n<ul class=\"wp-block-list\">\n<li>2. A MAGYAR T\u00c1RSADALOMTUDOM\u00c1NYI EGYES\u00dcLET TAGJA (1912)<\/li>\n<\/ul>\n\n\n<div class=\"wp-block-image\">\n<figure class=\"aligncenter\"><a href=\"http:\/\/rakosliget.hu\/wordpress\/wp-content\/uploads\/2020\/11\/tarsadalomtudomanyi-egyesulet.jpg\"><img loading=\"lazy\" decoding=\"async\" width=\"300\" height=\"231\" src=\"http:\/\/rakosliget.hu\/wordpress\/wp-content\/uploads\/2020\/11\/tarsadalomtudomanyi-egyesulet-300x231.jpg\" alt=\"\" class=\"wp-image-8167\" srcset=\"https:\/\/rakosliget.hu\/wordpress\/wp-content\/uploads\/2020\/11\/tarsadalomtudomanyi-egyesulet-300x231.jpg 300w, https:\/\/rakosliget.hu\/wordpress\/wp-content\/uploads\/2020\/11\/tarsadalomtudomanyi-egyesulet-768x592.jpg 768w, https:\/\/rakosliget.hu\/wordpress\/wp-content\/uploads\/2020\/11\/tarsadalomtudomanyi-egyesulet.jpg 1016w\" sizes=\"auto, (max-width: 300px) 100vw, 300px\" \/><\/a><\/figure>\n<\/div>\n\n\n<ul class=\"wp-block-list\">\n<li>3. AZ UR\u00c1NIA EGYLET (1901)<\/li>\n<\/ul>\n\n\n<div class=\"wp-block-image\">\n<figure class=\"aligncenter\"><a href=\"http:\/\/rakosliget.hu\/wordpress\/wp-content\/uploads\/2020\/11\/urania-egylet.jpg\"><img loading=\"lazy\" decoding=\"async\" width=\"300\" height=\"220\" src=\"http:\/\/rakosliget.hu\/wordpress\/wp-content\/uploads\/2020\/11\/urania-egylet-300x220.jpg\" alt=\"\" class=\"wp-image-8170\" srcset=\"https:\/\/rakosliget.hu\/wordpress\/wp-content\/uploads\/2020\/11\/urania-egylet-300x220.jpg 300w, https:\/\/rakosliget.hu\/wordpress\/wp-content\/uploads\/2020\/11\/urania-egylet-768x563.jpg 768w, https:\/\/rakosliget.hu\/wordpress\/wp-content\/uploads\/2020\/11\/urania-egylet.jpg 893w\" sizes=\"auto, (max-width: 300px) 100vw, 300px\" \/><\/a><\/figure>\n<\/div>\n\n\n<p class=\"has-text-align-center\" id=\"I\">Forr\u00e1s: <em>Ur\u00e1nia &#8211; N\u00e9pszer\u0171 tudom\u00e1nyos foly\u00f3irat. 1901. 7. sz\u00e1m. Szerkesztett k\u00e9p<\/em><\/p>\n\n\n\n<h4 class=\"wp-block-heading\">Hackenberger \u00edr\u00e1sai:<\/h4>\n\n\n\n<p><a href=\"http:\/\/rakosliget.hu\/wordpress\/wp-content\/uploads\/2020\/11\/EvangelikusokLapja_1922__pages20-21.pdf\">Evang\u00e9likusok Lapja_1922__pages 20-21<\/a><\/p>\n\n\n\n<p><a href=\"http:\/\/rakosliget.hu\/wordpress\/wp-content\/uploads\/2020\/11\/EvangelikusokLapja_1922__pages42-45.pdf\">Evang\u00e9likusok Lapja_1922__pages 42-45<\/a><\/p>\n\n\n\n<p><a href=\"http:\/\/rakosliget.hu\/wordpress\/wp-content\/uploads\/2020\/11\/EvangelikusokLapja_1922__pages107-108.pdf\">Evang\u00e9likusok Lapja_1922__pages 107-108<\/a><\/p>\n\n\n\n<p><a href=\"http:\/\/rakosliget.hu\/wordpress\/wp-content\/uploads\/2020\/11\/EvangelikusokLapja_1922__pages173-175.pdf\">Evang\u00e9likusok Lapja_1922__pages 173-175<\/a><\/p>\n\n\n\n<p><a href=\"http:\/\/rakosliget.hu\/wordpress\/wp-content\/uploads\/2020\/11\/EvangelikusokLapja_1922__pages215-215.pdf\">Evang\u00e9likusok Lapja_1922__pages215-215<\/a><\/p>\n\n\n\n<p><a href=\"http:\/\/rakosliget.hu\/wordpress\/wp-content\/uploads\/2020\/11\/Hegyen_r.pdf\">Hegyen \u00c9p\u00edtett V\u00e1ros 1928. V. \u00e9vf. 1.sz\u00e1m<\/a><\/p>\n\n\n\n<p><a href=\"http:\/\/rakosliget.hu\/wordpress\/wp-content\/uploads\/2020\/11\/EvangelikusHegyenEpitettVaros_1928__pages101-102_.pdf\">Hegyen \u00c9p\u00edtett V\u00e1ros 1928_ pages101-102<\/a><\/p>\n\n\n\n<p>Egy h\u00edv\u0151 (Hackenberger L\u00e1szl\u00f3) : \u00daj vil\u00e1grend a vil\u00e1gh\u00e1bor\u00fab\u00f3l, Arad, 1916<\/p>\n\n\n<div class=\"wp-block-image\">\n<figure class=\"aligncenter\"><a href=\"http:\/\/rakosliget.hu\/wordpress\/wp-content\/uploads\/2020\/08\/Hackenberger-konyv.jpg\"><img loading=\"lazy\" decoding=\"async\" width=\"195\" height=\"300\" src=\"http:\/\/rakosliget.hu\/wordpress\/wp-content\/uploads\/2020\/08\/Hackenberger-konyv-195x300.jpg\" alt=\"\" class=\"wp-image-5234\" srcset=\"https:\/\/rakosliget.hu\/wordpress\/wp-content\/uploads\/2020\/08\/Hackenberger-konyv-195x300.jpg 195w, https:\/\/rakosliget.hu\/wordpress\/wp-content\/uploads\/2020\/08\/Hackenberger-konyv.jpg 325w\" sizes=\"auto, (max-width: 195px) 100vw, 195px\" \/><\/a><\/figure>\n<\/div>\n\n\n<p class=\"has-text-align-center\">Mell\u00e9klet a \u201eTerm\u00e9szettudom\u00e1nyi K\u00f6zl\u00f6ny&#8221; 213-dik f\u00fczet\u00e9hez<\/p>\n\n\n\n<ul class=\"wp-block-list\">\n<li>Egy h\u00edv\u0151 (Hackenberger L\u00e1szl\u00f3) : \u00daj vil\u00e1grend a vil\u00e1gh\u00e1bor\u00fab\u00f3l, Arad, 1916<\/li>\n\n\n\n<li>Hackenberger L\u00e1szl\u00f3: Az iskola vall\u00e1sa, misztikus vil\u00e1gszeml\u00e9let R\u00e1kosliget 1923.<\/li>\n<\/ul>\n\n\n<div class=\"wp-block-image\">\n<figure class=\"aligncenter size-full\"><img loading=\"lazy\" decoding=\"async\" width=\"1515\" height=\"1089\" src=\"https:\/\/rakosliget.hu\/wordpress\/wp-content\/uploads\/2026\/03\/Hackenberger-Laszlo-gyaszjelentes.jpg\" alt=\"\" class=\"wp-image-23775\" srcset=\"https:\/\/rakosliget.hu\/wordpress\/wp-content\/uploads\/2026\/03\/Hackenberger-Laszlo-gyaszjelentes.jpg 1515w, https:\/\/rakosliget.hu\/wordpress\/wp-content\/uploads\/2026\/03\/Hackenberger-Laszlo-gyaszjelentes-300x216.jpg 300w, https:\/\/rakosliget.hu\/wordpress\/wp-content\/uploads\/2026\/03\/Hackenberger-Laszlo-gyaszjelentes-768x552.jpg 768w\" sizes=\"auto, (max-width: 1515px) 100vw, 1515px\" \/><figcaption class=\"wp-element-caption\">Hackenberger L\u00e1szl\u00f3 gy\u00e1szjelent\u00e9se.<\/figcaption><\/figure>\n<\/div>","protected":false},"excerpt":{"rendered":"<p>&nbsp;[1859 \u2013 1941 (R\u00e1kosliget)] Az oldal friss\u00edtve: 2020. 11. 25. Gy\u00f3gyszer\u00e9sz A b\u00edr\u00f3i megb\u00edz\u00e1s ut\u00e1n Csontv\u00e1ry \u00e9s Hackenberger Egyes\u00fcleti tags\u00e1gai \u00cdr\u00e1sai Gy\u00f3gyszer\u00e9sz. 1879. november 22-ben a 8. gyalogezred gy\u00f3gyszer\u00e9sz j\u00e1rulnok* tartal\u00e9ka. (Magyar N\u00e9vk\u00f6nyvek 1891). *Als\u00f3bb rend\u00fc tisztvisel\u0151 a korm\u00e1ny- vagy t\u00f6rv\u00e9nyhat\u00f3s\u00e1gokn\u00e1l, ki a gyakorlati \u00e9vek ut\u00e1n a rendes hivatalnokok seg\u00e9de szokott lenni. \u00c9letrajz\u00e1b\u00f3l az al\u00e1bbi &hellip; <a href=\"https:\/\/rakosliget.hu\/wordpress\/index.php\/hackenberger-laszlo-2\/\" class=\"more-link\"><span class=\"screen-reader-text\">HACKENBERGER L\u00c1SZL\u00d3<\/span> r\u00e9szletei&#8230;<\/a><\/p>\n","protected":false},"author":1,"featured_media":0,"parent":0,"menu_order":0,"comment_status":"closed","ping_status":"closed","template":"","meta":{"footnotes":""},"class_list":["post-6757","page","type-page","status-publish","hentry"],"_links":{"self":[{"href":"https:\/\/rakosliget.hu\/wordpress\/index.php\/wp-json\/wp\/v2\/pages\/6757","targetHints":{"allow":["GET"]}}],"collection":[{"href":"https:\/\/rakosliget.hu\/wordpress\/index.php\/wp-json\/wp\/v2\/pages"}],"about":[{"href":"https:\/\/rakosliget.hu\/wordpress\/index.php\/wp-json\/wp\/v2\/types\/page"}],"author":[{"embeddable":true,"href":"https:\/\/rakosliget.hu\/wordpress\/index.php\/wp-json\/wp\/v2\/users\/1"}],"replies":[{"embeddable":true,"href":"https:\/\/rakosliget.hu\/wordpress\/index.php\/wp-json\/wp\/v2\/comments?post=6757"}],"version-history":[{"count":33,"href":"https:\/\/rakosliget.hu\/wordpress\/index.php\/wp-json\/wp\/v2\/pages\/6757\/revisions"}],"predecessor-version":[{"id":23776,"href":"https:\/\/rakosliget.hu\/wordpress\/index.php\/wp-json\/wp\/v2\/pages\/6757\/revisions\/23776"}],"wp:attachment":[{"href":"https:\/\/rakosliget.hu\/wordpress\/index.php\/wp-json\/wp\/v2\/media?parent=6757"}],"curies":[{"name":"wp","href":"https:\/\/api.w.org\/{rel}","templated":true}]}}