{"id":672,"date":"2018-03-11T18:30:16","date_gmt":"2018-03-11T17:30:16","guid":{"rendered":"http:\/\/rakosliget.hu\/wordpress\/?page_id=672"},"modified":"2026-03-22T19:49:01","modified_gmt":"2026-03-22T18:49:01","slug":"672-2","status":"publish","type":"page","link":"https:\/\/rakosliget.hu\/wordpress\/index.php\/672-2\/","title":{"rendered":"R\u00e1kosliget, k\u00f6z\u00e9p\u00fcletek"},"content":{"rendered":"\n<h1 class=\"wp-block-heading\">R\u00e1kosliget, k\u00f6z\u00e9p\u00fcletek<\/h1>\n\n\n\n<hr class=\"wp-block-separator has-alpha-channel-opacity\"\/>\n\n\n\n<h2 class=\"wp-block-heading\"><strong><a id=\"IX2\" name=\"IX2\"><\/a>IX. utca 2<\/strong>. K\u00f6zs\u00e9gh\u00e1za, Mozi<\/h2>\n\n\n\n<figure class=\"wp-block-image\"><img decoding=\"async\" src=\"http:\/\/rakosliget.hu\/epitett%20kornyezet\/epuletek\/maros_.jpg\" alt=\"\"\/><\/figure>\n\n\n\n<p><\/p>\n\n\n\n<figure class=\"wp-block-image\"><img decoding=\"async\" src=\"http:\/\/rakosliget.hu\/epitett%20kornyezet\/epuletek\/liget008.jpg\" alt=\"\"\/><\/figure>\n\n\n\n<p><\/p>\n\n\n\n<hr class=\"wp-block-separator has-alpha-channel-opacity\"\/>\n\n\n\n<h2 class=\"wp-block-heading\"><a id=\"hosok1\" name=\"hosok1\"><\/a>H\u0151s\u00f6k tere 1. Iskola \u00e9p\u00fclete<\/h2>\n\n\n\n<p><a href=\"http:\/\/rakosliget0.uw.hu\/repold.html\" target=\"_new\">Repold K\u00e1roly<\/a> budapesti m\u0171\u00e9p\u00edt\u00e9sz tervei alapj\u00e1n k\u00e9sz\u00fclt. M\u0171k\u00f6d\u00f6tt benne \u00f3voda, \u00e1ltal\u00e1nos iskola, gimn\u00e1zium. Az I \u00e9s II. vil\u00e1gh\u00e1bor\u00fa alatt hadikorh\u00e1zk\u00e9nt funkcion\u00e1lt.<\/p>\n\n\n\n<p>A gy\u0151ri tan\u00edt\u00f3k\u00e9pz\u0151 halottja:<\/p>\n\n\n\n<p><br>A k\u00e9pz\u0151 1915\/16. tan\u00e9v\u00e9r\u0151l sz\u00f3l\u00f3 iskolai \u00e9rtes\u00edt\u0151je m\u00e1r az els\u0151 h\u0151si halottr\u00f3l is sz\u00e1mot adott. Az 1896. j\u00fanius 29-\u00e9n Budapesten sz\u00fcletett egykori di\u00e1kj\u00e1r\u00f3l \u00edgy eml\u00e9kezett meg az igazgat\u00f3: \u201eSzomor\u00fa sz\u00edvvel kell feljegyezn\u00fcnk, hogy egyik bevonult tan\u00edtv\u00e1nyunk, szentkir\u00e1lyszabadjai Rosos Oszk\u00e1r, IV. \u00e9ves, az I. honv\u00e9dgyalogezred e. \u00e9. \u00f6nk\u00e9ntese a szolg\u00e1lat k\u00f6zben szerzett s\u00falyos betegs\u00e9g k\u00f6vetkezt\u00e9ben \u00e9let\u00e9nek 20. \u00e9v\u00e9ben, 1915. j\u00fanius 9-\u00e9n R\u00e1kosligeten elhunyt. A haza szolg\u00e1lat\u00e1ban oly fiatalon elk\u00f6lt\u00f6z\u00f6tt tan\u00edtv\u00e1nyunk igen kedves, m\u0171velt lelk\u0171 ifj\u00fa volt, kit szorgalm\u00e1\u00e9rt, modor\u00e1\u00e9rt szerettek tan\u00e1rai \u00e9s tanul\u00f3t\u00e1rsai. Holttest\u00e9t Szentkir\u00e1lyszabadj\u00e1ra, Veszpr\u00e9m megy\u00e9be sz\u00e1ll\u00edtott\u00e1k, s a csal\u00e1di s\u00edrboltban helyezt\u00e9k \u00f6r\u00f6k nyugalomra.\u201d Mint az igazgat\u00f3 \u00far k\u00e9s\u0151bb azt is feljegyezte \u201eh\u0151si katon\u00e1ink k\u00f6z\u00f6tt \u0151 volt a legszerencs\u00e9sebb, mert \u00e9desanyja karjai \u00e9s cs\u00f3kjai k\u00f6z\u00f6tt halhatott meg&#8221;<\/p>\n\n\n\n<p>Forr\u00e1s: <strong>Varga J\u00f3zsef<\/strong>: A gy\u0151ri tan\u00edt\u0151k\u00e9pz\u00e9s az els\u0151 vil\u00e1gh\u00e1bor\u00fa \u00e1rny\u00e9k\u00e1ban &#8211; Gy\u0151ri Tanulm\u00e1nyok F\u00fczetek. Tudom\u00e1nyos K\u00f6zlem\u00e9nyek 17\/2015 (Gy\u0151r, 2015) \/ A \u201eNagy H\u00e1bor\u00fa\u201d a katolikus tan\u00edt\u00f3k\u00e9pz\u0151 \u00e9let\u00e9ben<br><a href=\"http:\/\/rakosliget0.uw.hu\/kepgaleriak\/indexkeplap.html\" target=\"_new\">F\u00e9nyk\u00e9pek<\/a><\/p>\n\n\n\n<figure class=\"wp-block-image\"><img decoding=\"async\" src=\"http:\/\/rakosliget.hu\/epitett%20kornyezet\/epuletek\/iskolaterv.jpg\" alt=\"\"\/><\/figure>\n\n\n\n<p><\/p>\n\n\n\n<figure class=\"wp-block-image\"><img decoding=\"async\" src=\"http:\/\/rakosliget.hu\/epitett%20kornyezet\/epuletek\/iskola_1.jpg\" alt=\"\"\/><\/figure>\n\n\n\n<p><\/p>\n\n\n\n<hr class=\"wp-block-separator has-alpha-channel-opacity\"\/>\n\n\n\n<h2 class=\"wp-block-heading\"><a id=\"hosok9\" name=\"hosok9\"><\/a>H\u0151s\u00f6k tere 9. Csekovszky \u00c1rp\u00e1d M\u0171vel\u0151d\u00e9si H\u00e1z<\/h2>\n\n\n\n<figure class=\"wp-block-image\"><img decoding=\"async\" src=\"http:\/\/rakosliget.hu\/epitett%20kornyezet\/epuletek\/cseko_.jpg\" alt=\"\"\/><\/figure>\n\n\n\n<p><\/p>\n\n\n\n<p>&nbsp;<\/p>\n\n\n\n<hr class=\"wp-block-separator has-alpha-channel-opacity\"\/>\n\n\n\n<h2 class=\"wp-block-heading\"><a id=\"kattemplom\" name=\"kattemplom\"><\/a>H\u0151s\u00f6k tere R\u00f3mai katolikus templom<\/h2>\n\n\n\n<p>Sztanek P\u00e1l tervei alapj\u00e1n \u00e9s kivitelez\u00e9s\u00e9ben k\u00e9sz\u00fclt 1914-15-ben neog\u00f3t st\u00edlusban. Alapter\u00fclete: 360m<tt>2<\/tt>.<\/p>\n\n\n\n<p>Az eredeti olt\u00e1rt Strizs Istv\u00e1n isaszegi olt\u00e1rk\u00e9sz\u00edt\u0151 k\u00e9sz\u00edtette.<\/p>\n\n\n\n<p>Felszentelt\u00e9k 1915. augusztus 15.<\/p>\n\n\n\n<p><a href=\"http:\/\/www.budapestcity.org\/05-templomok\/17\/templom-Hosok-tere\/index-hu.htm\" target=\"_new\">T\u00f6bb inform\u00e1ci\u00f3.<\/a><\/p>\n\n\n\n<figure class=\"wp-block-image\"><img decoding=\"async\" src=\"http:\/\/rakosliget.hu\/epitett%20kornyezet\/epuletek\/rk templom 1962_.jpg\" alt=\"\"\/><\/figure>\n\n\n\n<p><\/p>\n\n\n\n<p>&nbsp;<\/p>\n\n\n\n<hr class=\"wp-block-separator has-alpha-channel-opacity\"\/>\n\n\n\n<h2 class=\"wp-block-heading\"><a id=\"reftemplom\" name=\"reftemplom\"><\/a>Ferihegyi \u00fat 21. Reform\u00e1tus templom<\/h2>\n\n\n\n<figure class=\"wp-block-image\"><img decoding=\"async\" src=\"http:\/\/rakosliget.hu\/epitett%20kornyezet\/epuletek\/reftemplom.jpg\" alt=\"\"\/><\/figure>\n\n\n\n<p><\/p>\n\n\n\n<figure class=\"wp-block-image\"><img decoding=\"async\" src=\"http:\/\/rakosliget.hu\/epitett%20kornyezet\/epuletek\/reftemplom 1962.jpg\" alt=\"\"\/><\/figure>\n\n\n\n<figure class=\"wp-block-image\"><img decoding=\"async\" src=\"http:\/\/rakosliget.hu\/epitett%20kornyezet\/epuletek\/reftemplom 1981.jpg\" alt=\"\"\/><\/figure>\n\n\n\n<p>&nbsp;<\/p>\n\n\n\n<p>Tervez\u0151, kivitelez\u0151: Sztanek P\u00e1l. 1910.<\/p>\n\n\n\n<p>&nbsp;<\/p>\n\n\n\n<hr class=\"wp-block-separator has-alpha-channel-opacity\"\/>\n\n\n\n<h2 class=\"wp-block-heading\"><a id=\"sportklub\" name=\"sportklub\"><\/a>XV. utca 23. Sportklub<\/h2>\n\n\n\n<figure class=\"wp-block-image\"><img decoding=\"async\" src=\"http:\/\/rakosliget.hu\/epitett%20kornyezet\/epuletek\/sportclub_.jpg\" alt=\"\"\/><\/figure>\n\n\n\n<p><\/p>\n\n\n\n<p>&nbsp;<\/p>\n\n\n\n<hr class=\"wp-block-separator has-alpha-channel-opacity\"\/>\n\n\n\n<h2 class=\"wp-block-heading\"><a id=\"XIX17\" name=\"XIX17\"><\/a>XIX. utca 17. (r\u00e9gi sz\u00e1m: XIX. utca 16.) Evang\u00e9likus templom<\/h2>\n\n\n\n<p>S\u00e1ndy Gyula tervei alapj\u00e1n Juh\u00e1sz J\u00f3zsef kivitelez\u00e9se. 1934.<\/p>\n\n\n\n<p><a href=\"http:\/\/church.lutheran.hu\/rakoskeresztur\/RAKOSLIGET%20DIGITAL\/index.htm\" target=\"_new\">T\u00f6bb inform\u00e1ci\u00f3.<\/a><\/p>\n\n\n\n<figure class=\"wp-block-image\"><img decoding=\"async\" src=\"http:\/\/rakosliget.hu\/epitett%20kornyezet\/epuletek\/rajz8_1024x768.jpg\" alt=\"\"\/><\/figure>\n\n\n\n<p><\/p>\n\n\n\n<figure class=\"wp-block-image\"><img decoding=\"async\" src=\"http:\/\/rakosliget.hu\/epitett%20kornyezet\/epuletek\/rakosliget sandy kep1024.jpg\" alt=\"\"\/><\/figure>\n\n\n\n<p><\/p>\n\n\n\n<hr class=\"wp-block-separator has-alpha-channel-opacity\"\/>\n\n\n\n<h2 class=\"wp-block-heading\"><a id=\"vizmuvek\" name=\"vizmuvek\"><\/a>Liget sor 53. A volt v\u00edzm\u0171vek \u00e9p\u00fclete<\/h2>\n\n\n\n<figure class=\"wp-block-image\"><img decoding=\"async\" src=\"http:\/\/rakosliget.hu\/epitett%20kornyezet\/epuletek\/vizmuvek 2011_2.jpg\" alt=\"\"\/><\/figure>\n\n\n\n<p><\/p>\n\n\n\n<figure class=\"wp-block-image\"><img decoding=\"async\" src=\"http:\/\/rakosliget.hu\/epitett%20kornyezet\/epuletek\/vizmuvek_600.jpg\" alt=\"\"\/><\/figure>\n\n\n\n<p><\/p>\n\n\n\n<p>&nbsp;<\/p>\n\n\n\n<hr class=\"wp-block-separator has-alpha-channel-opacity\"\/>\n\n\n\n<h2 class=\"wp-block-heading\"><a id=\"XXI\" name=\"XXI\"><\/a>XXI. utca Evang\u00e9likus seg\u00e9dlelk\u00e9sz lak, gy\u00fclekezeti terem<\/h2>\n\n\n\n<figure class=\"wp-block-image\"><img decoding=\"async\" src=\"http:\/\/rakosliget.hu\/epitett%20kornyezet\/epuletek\/ev lelkeszlak 2007.jpg\" alt=\"\"\/><\/figure>\n\n\n\n<p><\/p>\n\n\n\n<p>A R\u00e1kosligetei Evang\u00e9likus Fi\u00f3kegyh\u00e1z 1939. szeptember 24-\u00e9n a f\u0151jegyz\u0151 \u00e1ltal a f\u0151szolgab\u00edr\u00f3 el\u00e9 terjesztette az \u00e9p\u00edt\u00e9si k\u00e9relmet, melyben r\u00f6gz\u00edt\u00e9sre ker\u00fclt, hogy az \u00e9p\u00edtkez\u00e9s a k\u00f6zs\u00e9g belter\u00fclet\u00e9n terveztetik, az \u00e9p\u00edtkez\u00e9s szab\u00e1lyoz\u00e1si tervet nem \u00e9rint, az \u00e9p\u00edtkez\u00e9s nem f\u0151\u00fatvonal mellett terveztetik.<br>1939. szeptember 27-\u00e9n megadta a helyettes f\u0151szolgab\u00edr\u00f3 az \u00e9p\u00edt\u00e9si enged\u00e9lyt.<br>Az \u00e9p\u00edtkez\u00e9st <strong>ifj.<\/strong> <strong>Pelech J\u00f3zsef<\/strong> vezette.(K\u00e9s\u0151bb: Pell\u00e9rdi [Pelech] J\u00f3zsef)<\/p>\n\n\n\n<figure class=\"wp-block-image\"><img decoding=\"async\" src=\"http:\/\/rakosliget.hu\/epitett%20kornyezet\/epuletek\/ev 1939_09_24_foszolgabiro_1.jpg\" alt=\"\"\/><\/figure>\n\n\n\n<figure class=\"wp-block-image\"><img decoding=\"async\" src=\"http:\/\/rakosliget.hu\/epitett%20kornyezet\/epuletek\/ev lelkengedely_0.jpg\" alt=\"\"\/><\/figure>\n\n\n\n<p><\/p>\n\n\n\n<figure class=\"wp-block-image\"><img decoding=\"async\" src=\"http:\/\/rakosliget.hu\/epitett%20kornyezet\/epuletek\/ev lelklakengedely_1.jpg\" alt=\"\"\/><\/figure>\n\n\n\n<p><\/p>\n\n\n\n<p>1941. j\u00falius 10. A presbit\u00e9rium meg\u00e1llap\u00edtotta, hogy Pellech J\u00f3zsef \u00e9p\u00edt\u0151 k\u00f6telezetts\u00e9g\u00e9nek nem tett eleget, ez\u00e9rt megb\u00edzz\u00e1k <strong>Juh\u00e1sz J\u00f3zsefet<\/strong> a kivitelez\u00e9s befejez\u00e9s\u00e9vel. (A mell\u00e9k\u00e9p\u00fcletet kellett befejezni.)<\/p>\n\n\n\n<figure class=\"wp-block-image\"><img decoding=\"async\" src=\"http:\/\/rakosliget.hu\/epitett%20kornyezet\/epuletek\/ev jegyzokonyv_1939_11_02.jpg\" alt=\"\"\/><\/figure>\n\n\n\n<p><\/p>\n\n\n\n<figure class=\"wp-block-image\"><img decoding=\"async\" src=\"http:\/\/rakosliget.hu\/epitett%20kornyezet\/epuletek\/ev tervrajzvegleges.jpg\" alt=\"\"\/><\/figure>\n\n\n\n<p><\/p>\n\n\n\n<p>&nbsp;<\/p>\n\n\n\n<hr class=\"wp-block-separator has-alpha-channel-opacity\"\/>\n\n\n\n<h2 class=\"wp-block-heading\"><a id=\"XXI2\" name=\"zsido\"><\/a>XVII. utca 3. Zsid\u00f3 imah\u00e1z<\/h2>\n\n\n\n<p>&nbsp;<\/p>\n\n\n\n<p>A r\u00e1kosligeti izr. templom tervp\u00e1ly\u00e1zat\u00e1n k\u00e9t 80 koron\u00e1s d\u00edjat K\u00e1roly Lajos \u00e9s Weinstein Simon, tov\u00e1bb\u00e1 Boros Arthur m\u0171v\u00e9nek \u00edt\u00e9lt\u00e9k oda. Forr\u00e1s: M\u0171v\u00e9szet 1908. Hetedik \u00e9vfolyam 1 sz\u00e1m. 60-72. oldal. <a href=\"http:\/\/www.mke.hu\/lyka\/07\/060-072-kronika.htm\">http:\/\/www.mke.hu\/lyka\/07\/060-072-kronika.htm <\/a><br>Az \u00e9p\u00fclet tervez\u0151j\u00e9r\u0151l nincs adatom.<\/p>\n\n\n\n<p>A kivitelez\u0151 Sztanek P\u00e1l helyi \u00e9p\u00edt\u0151mester volt.<br>Forr\u00e1s: R\u00e1kosligeti evang\u00e9likus fi\u00f3kegyh\u00e1z jegyz\u0151k\u00f6nyvei.<\/p>\n\n\n\n<p>1912. m\u00e1jus 19. A zsid\u00f3 imah\u00e1z alapk\u0151let\u00e9tele.<\/p>\n\n\n\n<p>1914. augusztus 15-\u00e9n avatt\u00e1k fel az \u00e9p\u00fcletet.<\/p>\n\n\n\n<p>Eisenberger G\u00e9za (1892-1944) g\u00f6d\u00f6ll\u0151i ker\u00fcleti anyak\u00f6nyvvezet\u0151 rabbi l\u00e1tja el hit\u00e9let vezet\u00e9s\u00e9t a kongresszusi gy\u00fclekezetben eg\u00e9szen a II. vil\u00e1gh\u00e1bor\u00faig.<\/p>\n\n\n\n<p>A r\u00e1kosligeti zsid\u00f3temet\u0151ben fellelhet\u0151 s\u00edrk\u00f6vek jegyz\u00e9ke:<\/p>\n\n\n\n<p>IZRAELITA TEMET\u0150. 1909- t\u0151l temettek a 400 n\u00e9gysz\u00f6geles ter\u00fcletre. A mai napig olvashat\u00f3 sirk\u00f6vek a k\u00f6vetkez\u0151k:<br>Schick Simonn\u00e9 sz. Reich Emilia 1910., Weisz Ignatzn\u00e9 sz. Holender Leon\u00f3ra 1912., Kenyeres M\u00e1rtonn\u00e9 1912., Heksch Salamonn\u00e9 sz. Frisch Zs\u00f3fia 1938., Wieler Salamon 1869-1934, Wieler Salamonn\u00e9 sz. Spitzer R\u00f3zsa 1871-1940, Neumann R\u00f3za 1910., Stein Katalin 1841-1920, Hoff Salamon 1913., Somosi Ign\u00e1tz 1914., Schwartz Lajosn\u00e9 1868-1917, Schwartz Lajos, Danczinger Ign\u00e1tzn\u00e9 sz. Rausnitz M\u00e1ria 1851-1925, Danczinger Ign\u00e1tz 1851-1923, Deutsch Ibolyka 1927., Schlesinger Jakabn\u00e9 sz. Hoff Lina 1864-1919, Havas Arnoldn\u00e9 1893-1940, Poll\u00e1k M\u00f3zes 1854-1938, Garai Miks\u00e1n\u00e91867-1932, Schongut Farkas 1866-1931, Bergl Vilmos 1849-1931, Bergl Vilmosn\u00e9 sz. Schwartz Anna 1853-1930, Havas Tivadarn\u00e9 sz. Ro\u00f3z Nelli 1930., Weisz Samun\u00e9, Wandelbaum S\u00e1mueln\u00e9 sz. Benedikt Fanny 1851-1934, Wolf Ad\u00e9ln\u00e9 sz. Weisz Szid\u00f3nia 1877-1937, Husz\u00e1r J\u00e1nosn\u00e9 sz. Herbs Aranka 1898-1933, Schongut Andor, Reichenfeld Jen\u0151n\u00e9 1890-1942, Fekete Vilmos, Rosenberg J\u00f3zsefn\u00e9 1835-1930, Rosenberg J\u00f3zsef 1834-1928, Rosner Henrik 1862-1934, Rosner Henrikn\u00e9 1864-1940, Kem\u00e9ny S\u00e1ndorn\u00e9 1884-1938, Steinz Albert \u00e9s neje eml\u00e9kk\u00f6ve 1944.<\/p>\n\n\n\n<p>Forr\u00e1s: H\u00f3dos M\u00e1ria<\/p>\n\n\n\n<h3 class=\"wp-block-heading style1\">AZ \u00c9P\u00dcLET MINT B\u00cdR\u00d3S\u00c1G<\/h3>\n\n\n\n<p>DR T\u00d3TH \u00d6D\u00d6N<br>F\u0151v\u00e1rosi B\u00edr\u00f3s\u00e1gi tan\u00e1cseln\u00f6k, megyei b\u00edr\u00f3s\u00e1gi tan\u00e1csos<\/p>\n\n\n\n<p>&nbsp;<\/p>\n\n\n\n<ul class=\"wp-block-list\">\n<li>1955. \u00e1prilis 26-\u00e1nn nevezt\u00e9k ki b\u00edr\u00f3nak a XVII. Ker\u00fcleti B\u00edr\u00f3s\u00e1gra<\/li>\n\n\n\n<li>1958-64-ig a Pesti K\u00f6zponti Ker\u00fcleti B\u00edr\u00f3s\u00e1gon az els\u0151 h\u00e1rom \u00e9vben b\u00fcntet\u0151, majd polg\u00e1ri \u00fcgyszakos b\u00edr\u00f3<\/li>\n\n\n\n<li>1964-1979-ig ism\u00e9t a XVII. Ker\u00fcleti B\u00edr\u00f3s\u00e1g b\u00edr\u00e1ja, 1968-1979-ig a b\u00edr\u00f3s\u00e1g eln\u00f6ke<\/li>\n<\/ul>\n\n\n\n<p>1955. \u00e1prilis 26-\u00e1n nevezt\u00e9k ki b\u00edr\u00f3nak a XVII. Ker\u00fcleti B\u00edr\u00f3s\u00e1gra, R\u00e1kosligetre, ahol egyszerre volt b\u00fcntet\u0151 \u00e9s polg\u00e1ri b\u00edr\u00f3. Megtehette, mert akkor m\u00e9g nagyon kev\u00e9s \u00fcgy volt, \u00e9s mert azt gondolta, nem \u00e1rt tudni mindkett\u0151t.<br>A Pesti K\u00f6zponti Ker\u00fcleti B\u00edr\u00f3s\u00e1gon 1958-t\u00f3l \u00e9let \u00e9s testi \u00e9ps\u00e9g elleni \u00fcgyeket, gyermekgyilkoss\u00e1gokat, magzatelhajt\u00e1sokat, szexu\u00e1lis b\u0171ncselekm\u00e9nyeket \u00e9s ezek min\u0151s\u00edtett eseteit (akkor m\u00e9g a homoszexu\u00e1lisokat is b\u00fcntett\u00e9k) t\u00e1rgyalta.<br>A sok hal\u00e1llal v\u00e9gz\u0151d\u00f6tt b\u00fcntet\u0151\u00fcgy egyre t\u00f6bb lelki terhet jelentett az akkor 28 \u00e9ves T\u00f3th \u00d6d\u00f6nnek, ez\u00e9rt k\u00e9rte, hogy m\u00e1sf\u00e9le \u00fcgyeket t\u00e1rgyalhasson. Hi\u00e1ba. Ekkor azt k\u00e9rte, helyezz\u00e9k \u00e1t a polg\u00e1ri koll\u00e9giumba. Ott \u00f6r\u00f6kl\u00e9si perek mellett M\u00c1V k\u00e1rt\u00e9r\u00edt\u00e9si \u00fcgyeket kapott, ezek azonban rendszerint megint csak hal\u00e1lesetekhez \u00e9s halottakhoz k\u00f6t\u0151dtek.<br>A PKKB-n t\u00falzott volt a szakos\u00edt\u00e1s is, amit megint csak nehezen viselt, \u00edgy azt\u00e1n az els\u0151 adand\u00f3 alkalommal visszat\u00e9rt R\u00e1kosligetre &#8211; ahov\u00e1 egy\u00e9bk\u00e9nt is mindig visszav\u00e1gyott.<br>1968-ig beosztott b\u00edr\u00f3 volt, ekkor lett a XVII. Ker\u00fcleti B\u00edr\u00f3s\u00e1g eln\u00f6ke. Eg\u00e9szen 1979-ig volt eln\u00f6k, amikor a ker\u00fcleti p\u00e1rttitk\u00e1rral val\u00f3 n\u00e9zetk\u00fcl\u00f6nbs\u00e9ge miatt lev\u00e1ltott\u00e1k. &#8222;B\u0171nei&#8221; k\u00f6zt szerepelt p\u00e9ld\u00e1ul az is, hogy nem vett r\u00e9szt a p\u00e1rt v\u00e9grehajt\u00f3 bizotts\u00e1g\u00e1nak \u00fcl\u00e9s\u00e9n, mert t\u00e1rgyalt.<\/p>\n\n\n\n<p>Forr\u00e1s: F\u0151v\u00e1rosi B\u00edr\u00f3s\u00e1g<\/p>\n\n\n\n<h3 class=\"wp-block-heading\">A JELEN \u00c1LLAPOT<\/h3>\n\n\n\n<p>Az \u00e9p\u00fclet 2009-ben v\u00e9glegesen elbont\u00e1sra ker\u00fclt.<\/p>\n\n\n\n<p>&nbsp;<\/p>\n","protected":false},"excerpt":{"rendered":"<p>R\u00e1kosliget, k\u00f6z\u00e9p\u00fcletek IX. utca 2. K\u00f6zs\u00e9gh\u00e1za, Mozi H\u0151s\u00f6k tere 1. Iskola \u00e9p\u00fclete Repold K\u00e1roly budapesti m\u0171\u00e9p\u00edt\u00e9sz tervei alapj\u00e1n k\u00e9sz\u00fclt. M\u0171k\u00f6d\u00f6tt benne \u00f3voda, \u00e1ltal\u00e1nos iskola, gimn\u00e1zium. Az I \u00e9s II. vil\u00e1gh\u00e1bor\u00fa alatt hadikorh\u00e1zk\u00e9nt funkcion\u00e1lt. A gy\u0151ri tan\u00edt\u00f3k\u00e9pz\u0151 halottja: A k\u00e9pz\u0151 1915\/16. tan\u00e9v\u00e9r\u0151l sz\u00f3l\u00f3 iskolai \u00e9rtes\u00edt\u0151je m\u00e1r az els\u0151 h\u0151si halottr\u00f3l is sz\u00e1mot adott. Az 1896. j\u00fanius &hellip; <a href=\"https:\/\/rakosliget.hu\/wordpress\/index.php\/672-2\/\" class=\"more-link\"><span class=\"screen-reader-text\">R\u00e1kosliget, k\u00f6z\u00e9p\u00fcletek<\/span> r\u00e9szletei&#8230;<\/a><\/p>\n","protected":false},"author":1,"featured_media":0,"parent":0,"menu_order":0,"comment_status":"closed","ping_status":"closed","template":"","meta":{"footnotes":""},"class_list":["post-672","page","type-page","status-publish","hentry"],"_links":{"self":[{"href":"https:\/\/rakosliget.hu\/wordpress\/index.php\/wp-json\/wp\/v2\/pages\/672","targetHints":{"allow":["GET"]}}],"collection":[{"href":"https:\/\/rakosliget.hu\/wordpress\/index.php\/wp-json\/wp\/v2\/pages"}],"about":[{"href":"https:\/\/rakosliget.hu\/wordpress\/index.php\/wp-json\/wp\/v2\/types\/page"}],"author":[{"embeddable":true,"href":"https:\/\/rakosliget.hu\/wordpress\/index.php\/wp-json\/wp\/v2\/users\/1"}],"replies":[{"embeddable":true,"href":"https:\/\/rakosliget.hu\/wordpress\/index.php\/wp-json\/wp\/v2\/comments?post=672"}],"version-history":[{"count":5,"href":"https:\/\/rakosliget.hu\/wordpress\/index.php\/wp-json\/wp\/v2\/pages\/672\/revisions"}],"predecessor-version":[{"id":23904,"href":"https:\/\/rakosliget.hu\/wordpress\/index.php\/wp-json\/wp\/v2\/pages\/672\/revisions\/23904"}],"wp:attachment":[{"href":"https:\/\/rakosliget.hu\/wordpress\/index.php\/wp-json\/wp\/v2\/media?parent=672"}],"curies":[{"name":"wp","href":"https:\/\/api.w.org\/{rel}","templated":true}]}}