{"id":669,"date":"2018-03-11T18:27:48","date_gmt":"2018-03-11T17:27:48","guid":{"rendered":"http:\/\/rakosliget.hu\/wordpress\/?page_id=669"},"modified":"2023-02-27T18:40:42","modified_gmt":"2023-02-27T17:40:42","slug":"egyedi-tervezesu-lakoepuletek","status":"publish","type":"page","link":"https:\/\/rakosliget.hu\/wordpress\/index.php\/egyedi-tervezesu-lakoepuletek\/","title":{"rendered":"Egyedi tervez\u00e9s\u0171 lak\u00f3\u00e9p\u00fcletek"},"content":{"rendered":"\n<h2 class=\"wp-block-heading\">Egyedi tervez\u00e9s\u0171 lak\u00f3\u00e9p\u00fcletek<\/h2>\n\n\n\n<p>Az o<em>ldal friss\u00edtve: 2021.10.29.<\/em><\/p>\n\n\n\n<h3 class=\"wp-block-heading\"><a id=\"XVII24\" name=\"XVII24\"><\/a>XVII. utca 24. Szecesszi\u00f3s villa<\/h3>\n\n\n\n<figure class=\"wp-block-image\"><img decoding=\"async\" src=\"http:\/\/rakosliget.hu\/epitett%20kornyezet\/epuletek\/szecesszios villa90.jpg\" alt=\"\"\/><\/figure>\n\n\n\n<p><\/p>\n\n\n\n<p>Szecesszi\u00f3s st\u00edlusban \u00e9p\u00fclt villa. Helyi v\u00e9detts\u00e9g\u0171 \u00e9p\u00fclet.<\/p>\n\n\n\n<hr class=\"wp-block-separator has-css-opacity\"\/>\n\n\n\n<h3 class=\"wp-block-heading\"><a id=\"XIX29\" name=\"XIX29\"><\/a>XIX. utca 29. (XIX. utca 28.) Lak\u00f3h\u00e1z<\/h3>\n\n\n\n<figure class=\"wp-block-image\"><img decoding=\"async\" src=\"http:\/\/rakosliget.hu\/epitett%20kornyezet\/epuletek\/XIX29_500.jpg\" alt=\"\"\/><\/figure>\n\n\n\n<p><\/p>\n\n\n\n<p>Kner Piroska (Kner Izidor legfiatalabb le\u00e1nya) \u00e9s Beczk\u00f3y Mikl\u00f3s megrendel\u00e9s\u00e9re k\u00e9sz\u00fclt lak\u00f3h\u00e1z.<\/p>\n\n\n\n<figure class=\"wp-block-image\"><img decoding=\"async\" src=\"https:\/\/static1.lira.hu\/upload\/M_28\/rek1\/441\/2788441.jpg\" alt=\"\"\/><\/figure>\n\n\n\n<p>&nbsp;<\/p>\n\n\n\n<hr class=\"wp-block-separator has-css-opacity\"\/>\n\n\n\n<h3 class=\"wp-block-heading\"><a id=\"XIX31\" name=\"XIX31\"><\/a>XIX. utca 31. (r\u00e9gi: XIX. utca 32.) Lak\u00f3h\u00e1z<\/h3>\n\n\n\n<figure class=\"wp-block-image\"><img decoding=\"async\" src=\"http:\/\/rakosliget.hu\/epitett%20kornyezet\/epuletek\/XIX31_1_500.jpg\" alt=\"\"\/><\/figure>\n\n\n\n<p><a href=\"http:\/\/rakosliget0.uw.hu\/juhasz.html\" target=\"_new\" rel=\"noopener\">Juh\u00e1sz J\u00f3zsef <\/a>tervei alapj\u00e1n a kivitelez\u00e9s is az \u0151 nev\u00e9hez f\u0171z\u0151dik (1930-as \u00e9vek eleje). \u00c9p\u00edttet\u0151: Tell\u00e9r J\u00e1nos M\u00c1V f\u0151tan\u00e1csos.<\/p>\n\n\n\n<hr class=\"wp-block-separator has-css-opacity\"\/>\n\n\n\n<h3 class=\"wp-block-heading\"><a id=\"ferihegyi8\" name=\"ferihegyi8\"><\/a>Ferihegyi \u00fat 8. Lak\u00f3h\u00e1z<\/h3>\n\n\n\n<figure class=\"wp-block-image\"><img decoding=\"async\" src=\"http:\/\/rakosliget.hu\/epitett%20kornyezet\/epuletek\/ferihegyi8.jpg\" alt=\"\"\/><\/figure>\n\n\n\n<hr class=\"wp-block-separator has-css-opacity\"\/>\n\n\n\n<h3 class=\"wp-block-heading\"><a id=\"XXI13\" name=\"XXI13\"><\/a>XXI. utca 13. Lak\u00f3h\u00e1z<\/h3>\n\n\n\n<figure class=\"wp-block-image\"><img decoding=\"async\" src=\"http:\/\/rakosliget.hu\/epitett%20kornyezet\/epuletek\/XXi13.jpg\" alt=\"\"\/><\/figure>\n\n\n\n<hr class=\"wp-block-separator has-css-opacity\"\/>\n\n\n\n<h3 class=\"wp-block-heading\"><a id=\"XXI17\" name=\"XXI17\"><\/a>XXI. utca 17. Lak\u00f3h\u00e1z<\/h3>\n\n\n\n<figure class=\"wp-block-image\"><img decoding=\"async\" src=\"http:\/\/rakosliget.hu\/epitett%20kornyezet\/epuletek\/XXI17.jpg\" alt=\"\"\/><\/figure>\n\n\n\n<hr class=\"wp-block-separator has-css-opacity\"\/>\n\n\n\n<h3 class=\"wp-block-heading\"><a id=\"XXI14\" name=\"XXI14\"><\/a>XXI. utca 14. Lak\u00f3h\u00e1z<\/h3>\n\n\n\n<p>Lebontott\u00e1k 2014-ben.<\/p>\n\n\n\n<figure class=\"wp-block-image\"><img decoding=\"async\" src=\"http:\/\/rakosliget.hu\/epitett%20kornyezet\/epuletek\/XXI14.jpg\" alt=\"\"\/><\/figure>\n\n\n\n<hr class=\"wp-block-separator has-css-opacity\"\/>\n\n\n\n<h3 class=\"wp-block-heading\"><a id=\"XXI29\" name=\"XXI29\"><\/a>XXI. utca 29. Lak\u00f3h\u00e1z<\/h3>\n\n\n\n<figure class=\"wp-block-image\"><img decoding=\"async\" src=\"http:\/\/rakosliget.hu\/epitett%20kornyezet\/epuletek\/XXI29.jpg\" alt=\"\"\/><\/figure>\n\n\n\n<figure class=\"wp-block-image\"><img decoding=\"async\" src=\"http:\/\/rakosliget.hu\/epitett%20kornyezet\/epuletek\/XXI29kerites.jpg\" alt=\"\"\/><\/figure>\n\n\n\n<hr class=\"wp-block-separator has-css-opacity\"\/>\n\n\n\n<h3 class=\"wp-block-heading\"><a id=\"XXII4\" name=\"XXII4\"><\/a>XXII. utca 4. Lak\u00f3h\u00e1z, nyaral\u00f3<\/h3>\n\n\n\n<figure class=\"wp-block-image\"><img decoding=\"async\" src=\"http:\/\/rakosliget.hu\/epitett%20kornyezet\/epuletek\/XXII4.jpg\" alt=\"\"\/><\/figure>\n\n\n\n<hr class=\"wp-block-separator has-css-opacity\"\/>\n\n\n\n<h3 class=\"wp-block-heading\"><a id=\"XXIII3\" name=\"XXIII3\"><\/a>XXIII. utca 3. (r\u00e9gi: XXIII. utca 2.) Lak\u00f3h\u00e1z<\/h3>\n\n\n\n<figure class=\"wp-block-image\"><img decoding=\"async\" src=\"http:\/\/rakosliget.hu\/epitett%20kornyezet\/epuletek\/XXIII3.jpg\" alt=\"\"\/><\/figure>\n\n\n\n<p><\/p>\n\n\n\n<p>Richter P\u00e1l (R\u00e1koscsabai \u00e9p\u00edt\u00e9sz) kivitelez\u00e9s\u00e9ben k\u00e9sz\u00fclt lak\u00f3h\u00e1z.Sajnos a fel\u00faj\u00edt\u00e1si, szigetel\u00e9si munk\u00e1k \u00e1ldozata lett Richter \u00e9p\u00edt\u0151mester t\u00e1bl\u00e1ja, valamint az utcat\u00e1bla is. A &#8222;napsugarakat&#8221; id\u00e9z\u0151, itt m\u00e9g l\u00e1that\u00f3 ablak helyett is m\u0171anyag keret ker\u00fclt be\u00e9p\u00edt\u00e9sre.<\/p>\n\n\n\n<p>&nbsp;<\/p>\n\n\n\n<hr class=\"wp-block-separator has-css-opacity\"\/>\n\n\n\n<h3 class=\"wp-block-heading\"><a id=\"XXIV3\" name=\"XXIV3\"><\/a>XXIV. utca 3. Lak\u00f3h\u00e1z<\/h3>\n\n\n\n<figure class=\"wp-block-image\"><img decoding=\"async\" src=\"http:\/\/rakosliget.hu\/epitett%20kornyezet\/epuletek\/XXIV3.jpg\" alt=\"\"\/><\/figure>\n\n\n\n<hr class=\"wp-block-separator has-css-opacity\"\/>\n\n\n\n<h3 class=\"wp-block-heading\"><a id=\"XXIV7\" name=\"XXIV7\"><\/a>XXIV. utca 7. Lak\u00f3h\u00e1z<\/h3>\n\n\n\n<figure class=\"wp-block-image\"><img decoding=\"async\" src=\"http:\/\/rakosliget.hu\/epitett%20kornyezet\/epuletek\/XXIV7.jpg\" alt=\"\"\/><\/figure>\n\n\n\n<p><a href=\"http:\/\/rakosliget.hu\/epitett%20kornyezet\/egyedi.html#teteje\">Lap teteje<\/a><\/p>\n\n\n\n<hr class=\"wp-block-separator has-css-opacity\"\/>\n\n\n\n<h3 class=\"wp-block-heading\"><a id=\"IV30\" name=\"IV30\"><\/a>IV. utca 30. Lak\u00f3h\u00e1z<\/h3>\n\n\n\n<figure class=\"wp-block-image\"><img decoding=\"async\" src=\"http:\/\/rakosliget.hu\/epitett%20kornyezet\/epuletek\/IV30.jpg\" alt=\"\"\/><\/figure>\n\n\n\n<p>Juh\u00e1sz J\u00f3zsef tervei alapj\u00e1n saj\u00e1t kivitelez\u00e9s\u0171 lak\u00f3h\u00e1za. 1930-as \u00e9vek.<\/p>\n","protected":false},"excerpt":{"rendered":"<p>Egyedi tervez\u00e9s\u0171 lak\u00f3\u00e9p\u00fcletek Az oldal friss\u00edtve: 2021.10.29. XVII. utca 24. Szecesszi\u00f3s villa Szecesszi\u00f3s st\u00edlusban \u00e9p\u00fclt villa. Helyi v\u00e9detts\u00e9g\u0171 \u00e9p\u00fclet. XIX. utca 29. (XIX. utca 28.) Lak\u00f3h\u00e1z Kner Piroska (Kner Izidor legfiatalabb le\u00e1nya) \u00e9s Beczk\u00f3y Mikl\u00f3s megrendel\u00e9s\u00e9re k\u00e9sz\u00fclt lak\u00f3h\u00e1z. &nbsp; XIX. utca 31. (r\u00e9gi: XIX. utca 32.) Lak\u00f3h\u00e1z Juh\u00e1sz J\u00f3zsef tervei alapj\u00e1n a kivitelez\u00e9s is az &hellip; <a href=\"https:\/\/rakosliget.hu\/wordpress\/index.php\/egyedi-tervezesu-lakoepuletek\/\" class=\"more-link\"><span class=\"screen-reader-text\">Egyedi tervez\u00e9s\u0171 lak\u00f3\u00e9p\u00fcletek<\/span> r\u00e9szletei&#8230;<\/a><\/p>\n","protected":false},"author":1,"featured_media":0,"parent":0,"menu_order":0,"comment_status":"closed","ping_status":"closed","template":"","meta":{"footnotes":""},"class_list":["post-669","page","type-page","status-publish","hentry"],"_links":{"self":[{"href":"https:\/\/rakosliget.hu\/wordpress\/index.php\/wp-json\/wp\/v2\/pages\/669","targetHints":{"allow":["GET"]}}],"collection":[{"href":"https:\/\/rakosliget.hu\/wordpress\/index.php\/wp-json\/wp\/v2\/pages"}],"about":[{"href":"https:\/\/rakosliget.hu\/wordpress\/index.php\/wp-json\/wp\/v2\/types\/page"}],"author":[{"embeddable":true,"href":"https:\/\/rakosliget.hu\/wordpress\/index.php\/wp-json\/wp\/v2\/users\/1"}],"replies":[{"embeddable":true,"href":"https:\/\/rakosliget.hu\/wordpress\/index.php\/wp-json\/wp\/v2\/comments?post=669"}],"version-history":[{"count":8,"href":"https:\/\/rakosliget.hu\/wordpress\/index.php\/wp-json\/wp\/v2\/pages\/669\/revisions"}],"predecessor-version":[{"id":11175,"href":"https:\/\/rakosliget.hu\/wordpress\/index.php\/wp-json\/wp\/v2\/pages\/669\/revisions\/11175"}],"wp:attachment":[{"href":"https:\/\/rakosliget.hu\/wordpress\/index.php\/wp-json\/wp\/v2\/media?parent=669"}],"curies":[{"name":"wp","href":"https:\/\/api.w.org\/{rel}","templated":true}]}}