{"id":666,"date":"2018-03-11T18:23:30","date_gmt":"2018-03-11T17:23:30","guid":{"rendered":"http:\/\/rakosliget.hu\/wordpress\/?page_id=666"},"modified":"2020-10-29T14:49:52","modified_gmt":"2020-10-29T13:49:52","slug":"a-negyszobas-munkaslakas","status":"publish","type":"page","link":"https:\/\/rakosliget.hu\/wordpress\/index.php\/a-negyszobas-munkaslakas\/","title":{"rendered":"A n\u00e9gyszob\u00e1s munk\u00e1slak\u00e1s"},"content":{"rendered":"<h2>A n\u00e9gyszob\u00e1s munk\u00e1slak\u00e1s<\/h2>\n<p align=\"justify\"><a href=\"http:\/\/rakosliget.hu\/epuletek\/lakastipusok.png\" target=\"_blank\" rel=\"noopener noreferrer\"><img loading=\"lazy\" decoding=\"async\" src=\"http:\/\/rakosliget.hu\/epitett%20kornyezet\/epuletek\/lakastipusok_600.png\" width=\"500\" height=\"155\"><\/a><\/p>\n<p align=\"justify\">\n<\/p><p align=\"justify\">\n<\/p><hr>\n<h2 align=\"justify\"><a href=\"http:\/\/rakosliget.hu\/epitett%20kornyezet\/epuletek\/4szobasalaprajz.jpg\"><img loading=\"lazy\" decoding=\"async\" src=\"http:\/\/rakosliget.hu\/epitett%20kornyezet\/epuletek\/4szobasalaprajz500.jpg\" width=\"500\" height=\"393\"><\/a><\/h2>\n\n\n<p><a href=\"http:\/\/rakosliget.hu\/wordpress\/index.php\/ketszobas-munkaslakas\/\">K\u00e9tszob\u00e1s munk\u00e1slak\u00e1s<\/a><\/p>\n\n\n\n<p><a href=\"http:\/\/rakosliget.hu\/wordpress\/index.php\/a-haromszobas-munkaslakas\/\">A h\u00e1romszob\u00e1s munk\u00e1slak\u00e1s<\/a><\/p>\n\n\n\n<p><a href=\"http:\/\/rakosliget.hu\/wordpress\/index.php\/egyedi-tervezesu-lakoepuletek\/\">Egyedi tervez\u00e9s\u0171 lak\u00f3\u00e9p\u00fcletek<\/a><\/p>\n\n\n\n<p><a href=\"http:\/\/rakosliget.hu\/wordpress\/index.php\/672-2\/\">R\u00e1kosliget, k\u00f6z\u00e9p\u00fcletek<\/a><\/p>\n\n\n\n<p><em>Friss\u00edtve: 2018. 03. 11.<\/em><\/p>\n","protected":false},"excerpt":{"rendered":"<p>A n\u00e9gyszob\u00e1s munk\u00e1slak\u00e1s K\u00e9tszob\u00e1s munk\u00e1slak\u00e1s A h\u00e1romszob\u00e1s munk\u00e1slak\u00e1s Egyedi tervez\u00e9s\u0171 lak\u00f3\u00e9p\u00fcletek R\u00e1kosliget, k\u00f6z\u00e9p\u00fcletek Friss\u00edtve: 2018. 03. 11.<\/p>\n","protected":false},"author":1,"featured_media":0,"parent":0,"menu_order":0,"comment_status":"closed","ping_status":"closed","template":"","meta":{"footnotes":""},"class_list":["post-666","page","type-page","status-publish","hentry"],"_links":{"self":[{"href":"https:\/\/rakosliget.hu\/wordpress\/index.php\/wp-json\/wp\/v2\/pages\/666","targetHints":{"allow":["GET"]}}],"collection":[{"href":"https:\/\/rakosliget.hu\/wordpress\/index.php\/wp-json\/wp\/v2\/pages"}],"about":[{"href":"https:\/\/rakosliget.hu\/wordpress\/index.php\/wp-json\/wp\/v2\/types\/page"}],"author":[{"embeddable":true,"href":"https:\/\/rakosliget.hu\/wordpress\/index.php\/wp-json\/wp\/v2\/users\/1"}],"replies":[{"embeddable":true,"href":"https:\/\/rakosliget.hu\/wordpress\/index.php\/wp-json\/wp\/v2\/comments?post=666"}],"version-history":[{"count":4,"href":"https:\/\/rakosliget.hu\/wordpress\/index.php\/wp-json\/wp\/v2\/pages\/666\/revisions"}],"predecessor-version":[{"id":5497,"href":"https:\/\/rakosliget.hu\/wordpress\/index.php\/wp-json\/wp\/v2\/pages\/666\/revisions\/5497"}],"wp:attachment":[{"href":"https:\/\/rakosliget.hu\/wordpress\/index.php\/wp-json\/wp\/v2\/media?parent=666"}],"curies":[{"name":"wp","href":"https:\/\/api.w.org\/{rel}","templated":true}]}}