{"id":655,"date":"2018-03-11T17:31:53","date_gmt":"2018-03-11T16:31:53","guid":{"rendered":"http:\/\/rakosliget.hu\/wordpress\/?page_id=655"},"modified":"2026-03-22T18:31:30","modified_gmt":"2026-03-22T17:31:30","slug":"epiteszet","status":"publish","type":"page","link":"https:\/\/rakosliget.hu\/wordpress\/index.php\/epiteszet\/","title":{"rendered":"\u00c9P\u00cdT\u00c9SZET"},"content":{"rendered":"<h1>R\u00e1kosliget jellegzetes \u00e9p\u00fclett\u00edpusai<\/h1>\n<p align=\"justify\">Ezen a lapon R\u00e1kosliget \u00e9p\u00fcleteinek t\u00f6rt\u00e9net\u00e9t szeretn\u00e9m \u00f6sszegy\u0171jteni. Minden olyan adat \u00e9rdekel, amely \u00f6sszef\u00fcgg\u00e9sben \u00e1ll a ma is l\u00e1that\u00f3 (esetleg \u00e1talak\u00edtott, vagy lebontott) h\u00e1zakkal (tervez\u0151, \u00e9p\u00edttet\u0151, tulajdonos stb.) .<\/p>\n<h6 align=\"justify\">R\u00e1kosliget kialak\u00edt\u00e1sa sor\u00e1n az al\u00e1bbi h\u00e1zt\u00edpusokat \u00e9p\u00edtett\u00e9k:<\/h6>\n<p align=\"justify\"><a href=\"http:\/\/rakosliget.hu\/epitett%20kornyezet\/epuletek\/lakastipusok.png\" target=\"_blank\" rel=\"noopener\"><img loading=\"lazy\" decoding=\"async\" src=\"http:\/\/rakosliget.hu\/epitett%20kornyezet\/epuletek\/lakastipusok_600.png\" width=\"500\" height=\"100\"><\/a><\/p>\n<div align=\"justify\"><a href=\"http:\/\/rakosliget.hu\/wordpress\/index.php\/ketszobas-munkaslakas\/\">K\u00e9tszob\u00e1s munk\u00e1slak\u00e1s<\/a><\/div>\n<div align=\"justify\"><a href=\"http:\/\/rakosliget.hu\/wordpress\/index.php\/a-haromszobas-munkaslakas\/\">H\u00e1romszob\u00e1s munk\u00e1slak\u00e1s<\/a><\/div>\n<div align=\"justify\"><a href=\"http:\/\/rakosliget.hu\/wordpress\/index.php\/a-negyszobas-munkaslakas\/\">N\u00e9gyszob\u00e1s munk\u00e1slak\u00e1s<\/a><\/div>\n<div align=\"justify\"><a href=\"http:\/\/rakosliget.hu\/wordpress\/index.php\/egyedi-tervezesu-lakoepuletek\/\">Egyedi tervez\u00e9s\u0171 \u00e9p\u00fcletek<\/a><\/div>\n<div align=\"justify\">\n<p><a href=\"http:\/\/rakosliget.hu\/wordpress\/index.php\/672-2\/\">R\u00e1kosliget, k\u00f6z\u00e9p\u00fcletek<\/a><\/p>\n<\/div>\n<div align=\"justify\">\n<figure style=\"width: 584px\" class=\"wp-caption alignnone\"><img loading=\"lazy\" decoding=\"async\" class=\"size-medium\" src=\"\/doku\/vedett1.jpg\" width=\"584\" height=\"477\"><figcaption class=\"wp-caption-text\">R\u00e1kosliget 1995-ben helyi v\u00e9detts\u00e9get kapott \u00e9p\u00edtm\u00e9nyei.<\/figcaption><\/figure><\/p>\n<\/p>\n<p>A jogszab\u00e1lyi v\u00e1ltoz\u00e1sok miatt azonban ezt a list\u00e1t&nbsp; hat\u00e1lyon k\u00edv\u00fcl helyezt\u00e9k. Ez\u00e9rt is ker\u00fclhetett lebont\u00e1sra a vas\u00fat\u00e1llom\u00e1s fel\u00fclj\u00e1r\u00f3ja.<\/p>\n<\/p>\n<\/div>\n\n\n<figure class=\"wp-block-image\"><img loading=\"lazy\" decoding=\"async\" width=\"768\" height=\"1024\" src=\"http:\/\/rakosliget.hu\/wordpress\/wp-content\/uploads\/2018\/12\/2014-11-03-06.57.42-768x1024.jpg\" alt=\"\" class=\"wp-image-2352\" srcset=\"https:\/\/rakosliget.hu\/wordpress\/wp-content\/uploads\/2018\/12\/2014-11-03-06.57.42-768x1024.jpg 768w, https:\/\/rakosliget.hu\/wordpress\/wp-content\/uploads\/2018\/12\/2014-11-03-06.57.42-225x300.jpg 225w, https:\/\/rakosliget.hu\/wordpress\/wp-content\/uploads\/2018\/12\/2014-11-03-06.57.42.jpg 1200w\" sizes=\"auto, (max-width: 768px) 100vw, 768px\" \/><figcaption class=\"wp-element-caption\">A fel\u00fclj\u00e1r\u00f3 2014.11.03-ban.<\/figcaption><\/figure>\n\n\n\n<figure class=\"wp-block-image\"><img loading=\"lazy\" decoding=\"async\" width=\"1746\" height=\"1244\" src=\"http:\/\/rakosliget.hu\/wordpress\/wp-content\/uploads\/2018\/12\/Untitled-1.jpg\" alt=\"\" class=\"wp-image-2451\" srcset=\"https:\/\/rakosliget.hu\/wordpress\/wp-content\/uploads\/2018\/12\/Untitled-1.jpg 1746w, https:\/\/rakosliget.hu\/wordpress\/wp-content\/uploads\/2018\/12\/Untitled-1-300x214.jpg 300w, https:\/\/rakosliget.hu\/wordpress\/wp-content\/uploads\/2018\/12\/Untitled-1-768x547.jpg 768w, https:\/\/rakosliget.hu\/wordpress\/wp-content\/uploads\/2018\/12\/Untitled-1-1024x730.jpg 1024w\" sizes=\"auto, (max-width: 1746px) 100vw, 1746px\" \/><figcaption class=\"wp-element-caption\">Helyi egyedi v\u00e9delem<br> I. \u00c9p\u00fcletek<br> Liget sor 41.  Villa <a href=\"http:\/\/rakosliget.hu\/epitett%20kornyezet\/epuletek\/2011\/XI.6..jpg\"><br> XI. utca 6.  R\u00e1kosligeti \u201eMunk\u00e1s-otthon\u201d t\u00edpush\u00e1z<\/a> <br><br><br><br><\/figcaption><\/figure>\n\n\n\n<p><br>Forr\u00e1s: <strong>Hidv\u00e9gi Violetta<\/strong>: Pest v\u00e1ros \u00c9p\u00edt\u0151 Bizottm\u00e1ny\u00e1nak iratai. Repert\u00f3rium 2. 1870-1873 &#8211; Lev\u00e9lt\u00e1ri dokument\u00e1ci\u00f3 11. &#8211; Lev\u00e9lt\u00e1ri seg\u00e9dletek 4. (Budapest, 2004)Adatt\u00e1r 1870-1873<\/p>\n\n\n\n<figure class=\"wp-block-image size-large\"><img loading=\"lazy\" decoding=\"async\" width=\"2048\" height=\"71\" src=\"https:\/\/rakosliget.hu\/wordpress\/wp-content\/uploads\/2026\/03\/1-1-2048x71.jpg\" alt=\"\" class=\"wp-image-23879\" srcset=\"https:\/\/rakosliget.hu\/wordpress\/wp-content\/uploads\/2026\/03\/1-1-2048x71.jpg 2048w, https:\/\/rakosliget.hu\/wordpress\/wp-content\/uploads\/2026\/03\/1-1-300x10.jpg 300w, https:\/\/rakosliget.hu\/wordpress\/wp-content\/uploads\/2026\/03\/1-1-768x27.jpg 768w, https:\/\/rakosliget.hu\/wordpress\/wp-content\/uploads\/2026\/03\/1-1-1536x53.jpg 1536w\" sizes=\"auto, (max-width: 2048px) 100vw, 2048px\" \/><\/figure>\n\n\n\n<figure class=\"wp-block-image size-large\"><img loading=\"lazy\" decoding=\"async\" width=\"2048\" height=\"77\" src=\"https:\/\/rakosliget.hu\/wordpress\/wp-content\/uploads\/2026\/03\/2-2048x77.jpg\" alt=\"\" class=\"wp-image-23880\" srcset=\"https:\/\/rakosliget.hu\/wordpress\/wp-content\/uploads\/2026\/03\/2-2048x77.jpg 2048w, https:\/\/rakosliget.hu\/wordpress\/wp-content\/uploads\/2026\/03\/2-300x11.jpg 300w, https:\/\/rakosliget.hu\/wordpress\/wp-content\/uploads\/2026\/03\/2-768x29.jpg 768w, https:\/\/rakosliget.hu\/wordpress\/wp-content\/uploads\/2026\/03\/2-1536x58.jpg 1536w\" sizes=\"auto, (max-width: 2048px) 100vw, 2048px\" \/><\/figure>\n\n\n\n<p><\/p>\n","protected":false},"excerpt":{"rendered":"<p>R\u00e1kosliget jellegzetes \u00e9p\u00fclett\u00edpusai Ezen a lapon R\u00e1kosliget \u00e9p\u00fcleteinek t\u00f6rt\u00e9net\u00e9t szeretn\u00e9m \u00f6sszegy\u0171jteni. Minden olyan adat \u00e9rdekel, amely \u00f6sszef\u00fcgg\u00e9sben \u00e1ll a ma is l\u00e1that\u00f3 (esetleg \u00e1talak\u00edtott, vagy lebontott) h\u00e1zakkal (tervez\u0151, \u00e9p\u00edttet\u0151, tulajdonos stb.) . R\u00e1kosliget kialak\u00edt\u00e1sa sor\u00e1n az al\u00e1bbi h\u00e1zt\u00edpusokat \u00e9p\u00edtett\u00e9k: K\u00e9tszob\u00e1s munk\u00e1slak\u00e1s H\u00e1romszob\u00e1s munk\u00e1slak\u00e1s N\u00e9gyszob\u00e1s munk\u00e1slak\u00e1s Egyedi tervez\u00e9s\u0171 \u00e9p\u00fcletek R\u00e1kosliget, k\u00f6z\u00e9p\u00fcletek A jogszab\u00e1lyi v\u00e1ltoz\u00e1sok miatt azonban &hellip; <a href=\"https:\/\/rakosliget.hu\/wordpress\/index.php\/epiteszet\/\" class=\"more-link\"><span class=\"screen-reader-text\">\u00c9P\u00cdT\u00c9SZET<\/span> r\u00e9szletei&#8230;<\/a><\/p>\n","protected":false},"author":1,"featured_media":0,"parent":0,"menu_order":0,"comment_status":"closed","ping_status":"closed","template":"","meta":{"footnotes":""},"class_list":["post-655","page","type-page","status-publish","hentry"],"_links":{"self":[{"href":"https:\/\/rakosliget.hu\/wordpress\/index.php\/wp-json\/wp\/v2\/pages\/655","targetHints":{"allow":["GET"]}}],"collection":[{"href":"https:\/\/rakosliget.hu\/wordpress\/index.php\/wp-json\/wp\/v2\/pages"}],"about":[{"href":"https:\/\/rakosliget.hu\/wordpress\/index.php\/wp-json\/wp\/v2\/types\/page"}],"author":[{"embeddable":true,"href":"https:\/\/rakosliget.hu\/wordpress\/index.php\/wp-json\/wp\/v2\/users\/1"}],"replies":[{"embeddable":true,"href":"https:\/\/rakosliget.hu\/wordpress\/index.php\/wp-json\/wp\/v2\/comments?post=655"}],"version-history":[{"count":15,"href":"https:\/\/rakosliget.hu\/wordpress\/index.php\/wp-json\/wp\/v2\/pages\/655\/revisions"}],"predecessor-version":[{"id":23881,"href":"https:\/\/rakosliget.hu\/wordpress\/index.php\/wp-json\/wp\/v2\/pages\/655\/revisions\/23881"}],"wp:attachment":[{"href":"https:\/\/rakosliget.hu\/wordpress\/index.php\/wp-json\/wp\/v2\/media?parent=655"}],"curies":[{"name":"wp","href":"https:\/\/api.w.org\/{rel}","templated":true}]}}