{"id":6530,"date":"2020-11-12T05:45:56","date_gmt":"2020-11-12T04:45:56","guid":{"rendered":"http:\/\/rakosliget.hu\/wordpress\/?page_id=6530"},"modified":"2026-01-28T19:10:07","modified_gmt":"2026-01-28T18:10:07","slug":"kozigazgatas","status":"publish","type":"page","link":"https:\/\/rakosliget.hu\/wordpress\/index.php\/kozigazgatas\/","title":{"rendered":"K\u00d6ZIGAZGAT\u00c1S"},"content":{"rendered":"\n<p><em>Az oldal friss\u00edtve: 2026. 01. 18.<\/em><\/p>\n\n\n\n<div class=\"wp-block-buttons is-layout-flex wp-block-buttons-is-layout-flex\">\n<div class=\"wp-block-button\"><a class=\"wp-block-button__link wp-element-button\" href=\"https:\/\/rakosliget.hu\/wordpress\/index.php\/rakosliget-biroi\/\">B\u00cdR\u00d3K<\/a><\/div>\n<\/div>\n\n\n\n<p><\/p>\n\n\n\n<div class=\"wp-block-buttons is-layout-flex wp-block-buttons-is-layout-flex\">\n<div class=\"wp-block-button\"><a class=\"wp-block-button__link wp-element-button\" href=\"https:\/\/rakosliget.hu\/wordpress\/index.php\/rakosliget-jegyzoi\/\">JEGYZ\u0150K<\/a><\/div>\n<\/div>\n\n\n\n<p><\/p>\n\n\n\n<div class=\"wp-block-buttons is-layout-flex wp-block-buttons-is-layout-flex\">\n<div class=\"wp-block-button\"><a class=\"wp-block-button__link wp-element-button\" href=\"https:\/\/rakosliget.hu\/wordpress\/index.php\/eskudtbirak\/\">ESK\u00dcDTB\u00cdR\u00c1K<\/a><\/div>\n<\/div>\n\n\n\n<p><\/p>\n\n\n\n<div class=\"wp-block-buttons is-layout-flex wp-block-buttons-is-layout-flex\">\n<div class=\"wp-block-button\"><a class=\"wp-block-button__link wp-element-button\" href=\"https:\/\/rakosliget.hu\/wordpress\/index.php\/torvenybirok\/\">T\u00d6RV\u00c9NYB\u00cdR\u00c1K<\/a><\/div>\n<\/div>\n\n\n\n<p><\/p>\n\n\n\n<div class=\"wp-block-buttons is-layout-flex wp-block-buttons-is-layout-flex\">\n<div class=\"wp-block-button\"><a class=\"wp-block-button__link wp-element-button\" href=\"https:\/\/rakosliget.hu\/wordpress\/index.php\/kepviselok-1907-1949\/\">K\u00c9PVISEL\u0150K 1907 \u2013 1949<\/a><\/div>\n<\/div>\n\n\n\n<p><\/p>\n\n\n\n<div class=\"wp-block-buttons is-layout-flex wp-block-buttons-is-layout-flex\">\n<div class=\"wp-block-button\"><a class=\"wp-block-button__link wp-element-button\" href=\"https:\/\/rakosliget.hu\/wordpress\/index.php\/virilis-kepviselok\/\">VIRILIS K\u00c9PVISEL\u0150K<\/a><\/div>\n<\/div>\n\n\n\n<p><\/p>\n\n\n\n<div class=\"wp-block-buttons is-layout-flex wp-block-buttons-is-layout-flex\">\n<div class=\"wp-block-button\"><a class=\"wp-block-button__link wp-element-button\" href=\"https:\/\/rakosliget.hu\/wordpress\/index.php\/pest-pilis-solt-kiskun-varmegye-hivatalos-lapjai-1907\/\">PEST-PILIS-SOLT-KISKUN V\u00c1RMEGYE HIVATALOS LAPJAI 1907 \u2013<\/a><\/div>\n<\/div>\n\n\n\n<p><\/p>\n\n\n\n<div class=\"wp-block-buttons is-layout-flex wp-block-buttons-is-layout-flex\">\n<div class=\"wp-block-button\"><a class=\"wp-block-button__link wp-element-button\" href=\"https:\/\/rakosliget.hu\/wordpress\/index.php\/megyebizottsagi-tagok\/\">megyebizotts\u00e1gi tagok 1907 &#8211; 1910<\/a><\/div>\n<\/div>\n\n\n\n<p><\/p>\n\n\n\n<div class=\"wp-block-buttons is-layout-flex wp-block-buttons-is-layout-flex\">\n<div class=\"wp-block-button\"><a class=\"wp-block-button__link wp-element-button\" href=\"https:\/\/rakosliget.hu\/wordpress\/index.php\/kozigazgatas-a-napi-sajtoban\/\">K\u00d6ZIGAZGAT\u00c1S A NAPI SAJT\u00d3BAN v\u00e1laszt\u00f3ker\u00fclet v\u00e1ltoz\u00e1sok<\/a><\/div>\n<\/div>\n\n\n\n<p><\/p>\n\n\n\n<div class=\"wp-block-buttons is-layout-flex wp-block-buttons-is-layout-flex\">\n<div class=\"wp-block-button\"><a class=\"wp-block-button__link wp-element-button\" href=\"https:\/\/rakosliget.hu\/wordpress\/index.php\/hirdetmenyek\/\">H\u00cdRDETM\u00c9NYEK<\/a><\/div>\n<\/div>\n\n\n\n<hr class=\"wp-block-separator has-alpha-channel-opacity\"\/>\n\n\n\n<div class=\"wp-block-buttons is-layout-flex wp-block-buttons-is-layout-flex\">\n<div class=\"wp-block-button\"><a class=\"wp-block-button__link wp-element-button\" href=\"https:\/\/rakosliget.hu\/wordpress\/index.php\/a-rakosligeti-eloljarosag-tagjai\/\">A R\u00c1KOSLIGETI EL\u00d6LJ\u00c1R\u00d3S\u00c1G TAGJAI 1945 \u2013 1949<\/a><\/div>\n<\/div>\n\n\n<div class=\"wp-block-image\">\n<figure class=\"aligncenter size-full\"><img loading=\"lazy\" decoding=\"async\" width=\"1594\" height=\"2560\" src=\"https:\/\/rakosliget.hu\/wordpress\/wp-content\/uploads\/2026\/01\/Pest-Pilis-Solt-Kiskun_county_administrative_map-scaled.jpg\" alt=\"\" class=\"wp-image-22505\" srcset=\"https:\/\/rakosliget.hu\/wordpress\/wp-content\/uploads\/2026\/01\/Pest-Pilis-Solt-Kiskun_county_administrative_map-scaled.jpg 1594w, https:\/\/rakosliget.hu\/wordpress\/wp-content\/uploads\/2026\/01\/Pest-Pilis-Solt-Kiskun_county_administrative_map-187x300.jpg 187w, https:\/\/rakosliget.hu\/wordpress\/wp-content\/uploads\/2026\/01\/Pest-Pilis-Solt-Kiskun_county_administrative_map-768x1233.jpg 768w, https:\/\/rakosliget.hu\/wordpress\/wp-content\/uploads\/2026\/01\/Pest-Pilis-Solt-Kiskun_county_administrative_map-957x1536.jpg 957w, https:\/\/rakosliget.hu\/wordpress\/wp-content\/uploads\/2026\/01\/Pest-Pilis-Solt-Kiskun_county_administrative_map-1275x2048.jpg 1275w\" sizes=\"auto, (max-width: 1594px) 100vw, 1594px\" \/><figcaption class=\"wp-element-caption\">R\u00e1kosliget, mint a K\u00f6zponti j\u00e1r\u00e1s r\u00e9sze.  Forr\u00e1s: Wikimedia<\/figcaption><\/figure>\n<\/div>","protected":false},"excerpt":{"rendered":"<p>Az oldal friss\u00edtve: 2026. 01. 18.<\/p>\n","protected":false},"author":1,"featured_media":0,"parent":0,"menu_order":0,"comment_status":"closed","ping_status":"closed","template":"","meta":{"footnotes":""},"class_list":["post-6530","page","type-page","status-publish","hentry"],"_links":{"self":[{"href":"https:\/\/rakosliget.hu\/wordpress\/index.php\/wp-json\/wp\/v2\/pages\/6530","targetHints":{"allow":["GET"]}}],"collection":[{"href":"https:\/\/rakosliget.hu\/wordpress\/index.php\/wp-json\/wp\/v2\/pages"}],"about":[{"href":"https:\/\/rakosliget.hu\/wordpress\/index.php\/wp-json\/wp\/v2\/types\/page"}],"author":[{"embeddable":true,"href":"https:\/\/rakosliget.hu\/wordpress\/index.php\/wp-json\/wp\/v2\/users\/1"}],"replies":[{"embeddable":true,"href":"https:\/\/rakosliget.hu\/wordpress\/index.php\/wp-json\/wp\/v2\/comments?post=6530"}],"version-history":[{"count":36,"href":"https:\/\/rakosliget.hu\/wordpress\/index.php\/wp-json\/wp\/v2\/pages\/6530\/revisions"}],"predecessor-version":[{"id":22509,"href":"https:\/\/rakosliget.hu\/wordpress\/index.php\/wp-json\/wp\/v2\/pages\/6530\/revisions\/22509"}],"wp:attachment":[{"href":"https:\/\/rakosliget.hu\/wordpress\/index.php\/wp-json\/wp\/v2\/media?parent=6530"}],"curies":[{"name":"wp","href":"https:\/\/api.w.org\/{rel}","templated":true}]}}