{"id":6454,"date":"2020-11-11T06:19:53","date_gmt":"2020-11-11T05:19:53","guid":{"rendered":"http:\/\/rakosliget.hu\/wordpress\/?page_id=6454"},"modified":"2024-11-16T16:31:56","modified_gmt":"2024-11-16T15:31:56","slug":"muveszet-1950","status":"publish","type":"page","link":"https:\/\/rakosliget.hu\/wordpress\/index.php\/muveszet-1950\/","title":{"rendered":"FESTM\u00c9NYEK R\u00c1KOSLIGETR\u0150L"},"content":{"rendered":"\n<p><em>Friss\u00edtve: 2021.04.17.<\/em><\/p>\n\n\n<div class=\"wp-block-image\">\n<figure class=\"aligncenter size-large\"><a href=\"http:\/\/rakosliget.hu\/wordpress\/wp-content\/uploads\/2021\/04\/Salamon-Gyorgy-Rakosliget-vasut_1024.jpg\"><img loading=\"lazy\" decoding=\"async\" width=\"1024\" height=\"710\" src=\"http:\/\/rakosliget.hu\/wordpress\/wp-content\/uploads\/2021\/04\/Salamon-Gyorgy-Rakosliget-vasut_1024.jpg\" alt=\"\" class=\"wp-image-9314\" srcset=\"https:\/\/rakosliget.hu\/wordpress\/wp-content\/uploads\/2021\/04\/Salamon-Gyorgy-Rakosliget-vasut_1024.jpg 1024w, https:\/\/rakosliget.hu\/wordpress\/wp-content\/uploads\/2021\/04\/Salamon-Gyorgy-Rakosliget-vasut_1024-300x208.jpg 300w, https:\/\/rakosliget.hu\/wordpress\/wp-content\/uploads\/2021\/04\/Salamon-Gyorgy-Rakosliget-vasut_1024-768x533.jpg 768w\" sizes=\"auto, (max-width: 1024px) 100vw, 1024px\" \/><\/a><figcaption class=\"wp-element-caption\">Salamon Gy\u00f6rgy R\u00e1kosliget fel\u00fclj\u00e1r\u00f3<\/figcaption><\/figure>\n<\/div>\n\n\n<p class=\"has-text-align-center\">Budapest F\u0151v\u00e1ros XVII. Ker\u00fclet R\u00e1kosmente \u00d6nkorm\u00e1nyzata tulajdona<\/p>\n\n\n<div class=\"wp-block-image\">\n<figure class=\"aligncenter size-large\"><img loading=\"lazy\" decoding=\"async\" width=\"828\" height=\"1024\" src=\"https:\/\/rakosliget.hu\/wordpress\/wp-content\/uploads\/2022\/09\/Balonyi_-828x1024.png\" alt=\"\" class=\"wp-image-10262\" srcset=\"https:\/\/rakosliget.hu\/wordpress\/wp-content\/uploads\/2022\/09\/Balonyi_-828x1024.png 828w, https:\/\/rakosliget.hu\/wordpress\/wp-content\/uploads\/2022\/09\/Balonyi_-243x300.png 243w, https:\/\/rakosliget.hu\/wordpress\/wp-content\/uploads\/2022\/09\/Balonyi_-768x950.png 768w, https:\/\/rakosliget.hu\/wordpress\/wp-content\/uploads\/2022\/09\/Balonyi_.png 1024w\" sizes=\"auto, (max-width: 828px) 100vw, 828px\" \/><figcaption class=\"wp-element-caption\">Ballonyi P\u00e1l Margit: R\u00e1kosliget evang\u00e9likus templom<br>Mag\u00e1ntulajdon<\/figcaption><\/figure>\n<\/div>\n\n<div class=\"wp-block-image\">\n<figure class=\"aligncenter size-full\"><img loading=\"lazy\" decoding=\"async\" width=\"500\" height=\"418\" src=\"https:\/\/rakosliget.hu\/wordpress\/wp-content\/uploads\/2022\/09\/H3883-L05610374.jpg\" alt=\"\" class=\"wp-image-10271\" srcset=\"https:\/\/rakosliget.hu\/wordpress\/wp-content\/uploads\/2022\/09\/H3883-L05610374.jpg 500w, https:\/\/rakosliget.hu\/wordpress\/wp-content\/uploads\/2022\/09\/H3883-L05610374-300x251.jpg 300w\" sizes=\"auto, (max-width: 500px) 100vw, 500px\" \/><figcaption class=\"wp-element-caption\">Czimra Gyula<\/figcaption><\/figure>\n<\/div>\n\n\n<figure class=\"wp-block-image size-large\"><img loading=\"lazy\" decoding=\"async\" width=\"717\" height=\"1024\" src=\"https:\/\/rakosliget.hu\/wordpress\/wp-content\/uploads\/2023\/02\/MaiMagazin_1984--717x1024.jpg\" alt=\"\" class=\"wp-image-11107\" srcset=\"https:\/\/rakosliget.hu\/wordpress\/wp-content\/uploads\/2023\/02\/MaiMagazin_1984--717x1024.jpg 717w, https:\/\/rakosliget.hu\/wordpress\/wp-content\/uploads\/2023\/02\/MaiMagazin_1984--210x300.jpg 210w, https:\/\/rakosliget.hu\/wordpress\/wp-content\/uploads\/2023\/02\/MaiMagazin_1984--768x1097.jpg 768w, https:\/\/rakosliget.hu\/wordpress\/wp-content\/uploads\/2023\/02\/MaiMagazin_1984--1075x1536.jpg 1075w, https:\/\/rakosliget.hu\/wordpress\/wp-content\/uploads\/2023\/02\/MaiMagazin_1984--1433x2048.jpg 1433w, https:\/\/rakosliget.hu\/wordpress\/wp-content\/uploads\/2023\/02\/MaiMagazin_1984--scaled.jpg 1792w\" sizes=\"auto, (max-width: 717px) 100vw, 717px\" \/><figcaption class=\"wp-element-caption\">Mai Magazin 1984 <\/figcaption><\/figure>\n\n\n<div class=\"wp-block-image\">\n<figure class=\"aligncenter size-large\"><img loading=\"lazy\" decoding=\"async\" width=\"1024\" height=\"625\" src=\"https:\/\/rakosliget.hu\/wordpress\/wp-content\/uploads\/2022\/09\/234895-1024x625.jpg\" alt=\"\" class=\"wp-image-10270\" srcset=\"https:\/\/rakosliget.hu\/wordpress\/wp-content\/uploads\/2022\/09\/234895-1024x625.jpg 1024w, https:\/\/rakosliget.hu\/wordpress\/wp-content\/uploads\/2022\/09\/234895-300x183.jpg 300w, https:\/\/rakosliget.hu\/wordpress\/wp-content\/uploads\/2022\/09\/234895-768x469.jpg 768w, https:\/\/rakosliget.hu\/wordpress\/wp-content\/uploads\/2022\/09\/234895.jpg 1200w\" sizes=\"auto, (max-width: 1024px) 100vw, 1024px\" \/><\/figure>\n<\/div>","protected":false},"excerpt":{"rendered":"<p>Friss\u00edtve: 2021.04.17. Budapest F\u0151v\u00e1ros XVII. Ker\u00fclet R\u00e1kosmente \u00d6nkorm\u00e1nyzata tulajdona<\/p>\n","protected":false},"author":1,"featured_media":0,"parent":0,"menu_order":0,"comment_status":"closed","ping_status":"closed","template":"","meta":{"footnotes":""},"class_list":["post-6454","page","type-page","status-publish","hentry"],"_links":{"self":[{"href":"https:\/\/rakosliget.hu\/wordpress\/index.php\/wp-json\/wp\/v2\/pages\/6454","targetHints":{"allow":["GET"]}}],"collection":[{"href":"https:\/\/rakosliget.hu\/wordpress\/index.php\/wp-json\/wp\/v2\/pages"}],"about":[{"href":"https:\/\/rakosliget.hu\/wordpress\/index.php\/wp-json\/wp\/v2\/types\/page"}],"author":[{"embeddable":true,"href":"https:\/\/rakosliget.hu\/wordpress\/index.php\/wp-json\/wp\/v2\/users\/1"}],"replies":[{"embeddable":true,"href":"https:\/\/rakosliget.hu\/wordpress\/index.php\/wp-json\/wp\/v2\/comments?post=6454"}],"version-history":[{"count":13,"href":"https:\/\/rakosliget.hu\/wordpress\/index.php\/wp-json\/wp\/v2\/pages\/6454\/revisions"}],"predecessor-version":[{"id":12438,"href":"https:\/\/rakosliget.hu\/wordpress\/index.php\/wp-json\/wp\/v2\/pages\/6454\/revisions\/12438"}],"wp:attachment":[{"href":"https:\/\/rakosliget.hu\/wordpress\/index.php\/wp-json\/wp\/v2\/media?parent=6454"}],"curies":[{"name":"wp","href":"https:\/\/api.w.org\/{rel}","templated":true}]}}