{"id":6447,"date":"2020-11-11T06:11:20","date_gmt":"2020-11-11T05:11:20","guid":{"rendered":"http:\/\/rakosliget.hu\/wordpress\/?page_id=6447"},"modified":"2026-01-23T07:15:31","modified_gmt":"2026-01-23T06:15:31","slug":"berky-lili","status":"publish","type":"page","link":"https:\/\/rakosliget.hu\/wordpress\/index.php\/berky-lili\/","title":{"rendered":"BERKY LILI szinm\u0171v\u00e9sz"},"content":{"rendered":"\n<div class=\"wp-block-buttons is-content-justification-center is-layout-flex wp-container-core-buttons-is-layout-16018d1d wp-block-buttons-is-layout-flex\">\n<div class=\"wp-block-button\"><a class=\"wp-block-button__link wp-element-button\" href=\"https:\/\/rakosliget.hu\/wordpress\/index.php\/muveszet\/\">VISSZA A M\u0170V\u00c9SZET LAPRA<\/a><\/div>\n<\/div>\n\n\n\n<h2 class=\"wp-block-heading\">1935<\/h2>\n\n\n<div class=\"wp-block-image\">\n<figure class=\"aligncenter size-large\"><img loading=\"lazy\" decoding=\"async\" width=\"297\" height=\"1024\" src=\"http:\/\/rakosliget.hu\/wordpress\/wp-content\/uploads\/2020\/11\/1935-majus-19-Gozon-hazavato-297x1024.jpg\" alt=\"\" class=\"wp-image-6511\" srcset=\"https:\/\/rakosliget.hu\/wordpress\/wp-content\/uploads\/2020\/11\/1935-majus-19-Gozon-hazavato-297x1024.jpg 297w, https:\/\/rakosliget.hu\/wordpress\/wp-content\/uploads\/2020\/11\/1935-majus-19-Gozon-hazavato-87x300.jpg 87w, https:\/\/rakosliget.hu\/wordpress\/wp-content\/uploads\/2020\/11\/1935-majus-19-Gozon-hazavato-445x1536.jpg 445w, https:\/\/rakosliget.hu\/wordpress\/wp-content\/uploads\/2020\/11\/1935-majus-19-Gozon-hazavato.jpg 473w\" sizes=\"auto, (max-width: 297px) 100vw, 297px\" \/><figcaption class=\"wp-element-caption\">H\u00e1zavat\u00f3. 1935. m\u00e1jus 19. Az Ujs\u00e1g<\/figcaption><\/figure>\n<\/div>\n\n\n<h2 class=\"wp-block-heading\">1958<\/h2>\n\n\n<div class=\"wp-block-image\">\n<figure class=\"aligncenter size-large\"><a href=\"http:\/\/rakosliget.hu\/wordpress\/wp-content\/uploads\/2019\/11\/berky1.jpg\"><img loading=\"lazy\" decoding=\"async\" width=\"356\" height=\"376\" src=\"http:\/\/rakosliget.hu\/wordpress\/wp-content\/uploads\/2019\/11\/berky1.jpg\" alt=\"\" class=\"wp-image-2860\" srcset=\"https:\/\/rakosliget.hu\/wordpress\/wp-content\/uploads\/2019\/11\/berky1.jpg 356w, https:\/\/rakosliget.hu\/wordpress\/wp-content\/uploads\/2019\/11\/berky1-284x300.jpg 284w\" sizes=\"auto, (max-width: 356px) 100vw, 356px\" \/><\/a><figcaption class=\"wp-element-caption\">1958. janu\u00e1r 25. Esti H\u00edrlap<\/figcaption><\/figure>\n<\/div>\n\n<div class=\"wp-block-image\">\n<figure class=\"aligncenter size-large\"><img loading=\"lazy\" decoding=\"async\" width=\"237\" height=\"1024\" src=\"http:\/\/rakosliget.hu\/wordpress\/wp-content\/uploads\/2019\/11\/berky-237x1024.jpg\" alt=\"\" class=\"wp-image-2861\" srcset=\"https:\/\/rakosliget.hu\/wordpress\/wp-content\/uploads\/2019\/11\/berky-237x1024.jpg 237w, https:\/\/rakosliget.hu\/wordpress\/wp-content\/uploads\/2019\/11\/berky.jpg 350w\" sizes=\"auto, (max-width: 237px) 100vw, 237px\" \/><\/figure>\n<\/div>\n\n<div class=\"wp-block-image\">\n<figure class=\"aligncenter size-large\"><img loading=\"lazy\" decoding=\"async\" width=\"474\" height=\"600\" src=\"http:\/\/rakosliget.hu\/wordpress\/wp-content\/uploads\/2019\/08\/32.jpg\" alt=\"\" class=\"wp-image-2533\" srcset=\"https:\/\/rakosliget.hu\/wordpress\/wp-content\/uploads\/2019\/08\/32.jpg 474w, https:\/\/rakosliget.hu\/wordpress\/wp-content\/uploads\/2019\/08\/32-237x300.jpg 237w\" sizes=\"auto, (max-width: 474px) 100vw, 474px\" \/><figcaption class=\"wp-element-caption\">Berky Lili eml\u00e9kt\u00e1bl\u00e1ja r\u00e1kosligeti h\u00e1za fal\u00e1n, a G\u00f3zon Gyula utc\u00e1ban.<\/figcaption><\/figure>\n<\/div>\n\n\n<figure class=\"wp-block-image size-large\"><img loading=\"lazy\" decoding=\"async\" width=\"726\" height=\"1024\" src=\"https:\/\/rakosliget.hu\/wordpress\/wp-content\/uploads\/2025\/03\/RFE_MonitoringHungarian_054-1730498701__pages366-366-726x1024.jpg\" alt=\"\" class=\"wp-image-16983\" srcset=\"https:\/\/rakosliget.hu\/wordpress\/wp-content\/uploads\/2025\/03\/RFE_MonitoringHungarian_054-1730498701__pages366-366-726x1024.jpg 726w, https:\/\/rakosliget.hu\/wordpress\/wp-content\/uploads\/2025\/03\/RFE_MonitoringHungarian_054-1730498701__pages366-366-213x300.jpg 213w, https:\/\/rakosliget.hu\/wordpress\/wp-content\/uploads\/2025\/03\/RFE_MonitoringHungarian_054-1730498701__pages366-366-768x1083.jpg 768w, https:\/\/rakosliget.hu\/wordpress\/wp-content\/uploads\/2025\/03\/RFE_MonitoringHungarian_054-1730498701__pages366-366-1089x1536.jpg 1089w, https:\/\/rakosliget.hu\/wordpress\/wp-content\/uploads\/2025\/03\/RFE_MonitoringHungarian_054-1730498701__pages366-366-1452x2048.jpg 1452w, https:\/\/rakosliget.hu\/wordpress\/wp-content\/uploads\/2025\/03\/RFE_MonitoringHungarian_054-1730498701__pages366-366-scaled.jpg 1815w\" sizes=\"auto, (max-width: 726px) 100vw, 726px\" \/><figcaption class=\"wp-element-caption\">RFE Hungarian Monitoring 1958 349. oldal<\/figcaption><\/figure>\n\n\n\n<div class=\"wp-block-buttons is-content-justification-center is-layout-flex wp-container-core-buttons-is-layout-16018d1d wp-block-buttons-is-layout-flex\">\n<div class=\"wp-block-button\"><a class=\"wp-block-button__link wp-element-button\" href=\"https:\/\/rakosliget.hu\/wordpress\/index.php\/muveszet\/\">VISSZA A M\u0170V\u00c9SZET LAPRA<\/a><\/div>\n<\/div>\n","protected":false},"excerpt":{"rendered":"<p>1935 1958<\/p>\n","protected":false},"author":1,"featured_media":12088,"parent":0,"menu_order":0,"comment_status":"closed","ping_status":"closed","template":"","meta":{"footnotes":""},"class_list":["post-6447","page","type-page","status-publish","has-post-thumbnail","hentry"],"_links":{"self":[{"href":"https:\/\/rakosliget.hu\/wordpress\/index.php\/wp-json\/wp\/v2\/pages\/6447","targetHints":{"allow":["GET"]}}],"collection":[{"href":"https:\/\/rakosliget.hu\/wordpress\/index.php\/wp-json\/wp\/v2\/pages"}],"about":[{"href":"https:\/\/rakosliget.hu\/wordpress\/index.php\/wp-json\/wp\/v2\/types\/page"}],"author":[{"embeddable":true,"href":"https:\/\/rakosliget.hu\/wordpress\/index.php\/wp-json\/wp\/v2\/users\/1"}],"replies":[{"embeddable":true,"href":"https:\/\/rakosliget.hu\/wordpress\/index.php\/wp-json\/wp\/v2\/comments?post=6447"}],"version-history":[{"count":8,"href":"https:\/\/rakosliget.hu\/wordpress\/index.php\/wp-json\/wp\/v2\/pages\/6447\/revisions"}],"predecessor-version":[{"id":22096,"href":"https:\/\/rakosliget.hu\/wordpress\/index.php\/wp-json\/wp\/v2\/pages\/6447\/revisions\/22096"}],"wp:featuredmedia":[{"embeddable":true,"href":"https:\/\/rakosliget.hu\/wordpress\/index.php\/wp-json\/wp\/v2\/media\/12088"}],"wp:attachment":[{"href":"https:\/\/rakosliget.hu\/wordpress\/index.php\/wp-json\/wp\/v2\/media?parent=6447"}],"curies":[{"name":"wp","href":"https:\/\/api.w.org\/{rel}","templated":true}]}}