{"id":64,"date":"2017-12-10T10:52:50","date_gmt":"2017-12-10T10:52:50","guid":{"rendered":"http:\/\/rakosliget.hu\/wordpress\/?page_id=64"},"modified":"2026-01-24T15:44:27","modified_gmt":"2026-01-24T14:44:27","slug":"dokumentumok","status":"publish","type":"page","link":"https:\/\/rakosliget.hu\/wordpress\/index.php\/dokumentumok\/","title":{"rendered":"FORR\u00c1SOK"},"content":{"rendered":"\n<p><em>&nbsp;Az oldal friss\u00edtve: 2020. 12. 19.<\/em><\/p>\n\n\n\n<h5 class=\"wp-block-heading\">Egyh\u00e1zt\u00f6rt\u00e9neti \u00edr\u00e1sok<\/h5>\n\n\n<div class=\"wp-block-image\">\n<figure class=\"aligncenter\"><img loading=\"lazy\" decoding=\"async\" width=\"190\" height=\"300\" src=\"http:\/\/rakosliget.hu\/wordpress\/wp-content\/uploads\/2017\/12\/arkosligetighitvevanglikustemplomsndygyulaptsztervrajza-190x300.jpg\" alt=\"\" class=\"wp-image-82\" srcset=\"https:\/\/rakosliget.hu\/wordpress\/wp-content\/uploads\/2017\/12\/arkosligetighitvevanglikustemplomsndygyulaptsztervrajza-190x300.jpg 190w, https:\/\/rakosliget.hu\/wordpress\/wp-content\/uploads\/2017\/12\/arkosligetighitvevanglikustemplomsndygyulaptsztervrajza.jpg 379w\" sizes=\"auto, (max-width: 190px) 100vw, 190px\" \/><\/figure>\n<\/div>\n\n\n<ol class=\"wp-block-list\">\n<li><a href=\"http:\/\/rakosliget.hu\/pdf\/ev tort.pdf\" target=\"_new\" rel=\"noopener noreferrer\" class=\"navText\">R\u00e1kosligeti evang\u00e9likus templom \u00e9p\u00edt\u00e9st\u00f6rt\u00e9nete<\/a><\/li>\n\n\n\n<li><a href=\"http:\/\/rakosliget.hu\/pdf\/kiadashoz.pdf\" target=\"_new\" rel=\"noopener noreferrer\" class=\"navText\">Kov\u00e1csovics J\u00e1nos<\/a><a href=\"http:\/\/rakosliget.hu\/pdf\/kiadashoz.pdf\">:<\/a><a href=\"http:\/\/rakosliget.hu\/pdf\/kiadashoz.pdf\" target=\"_new\" rel=\"noopener noreferrer\" class=\"navText\">A r\u00e1kosligeti \u00e1gostai hitvall\u00e1s\u00fa gy\u00fclekezet <\/a> <a href=\"http:\/\/rakosliget.hu\/pdf\/kiadashoz.pdf\" target=\"_new\" rel=\"noopener noreferrer\" class=\"navText\">t\u00f6rt\u00e9nete 1903.<\/a><\/li>\n\n\n\n<li><a href=\"http:\/\/rakosliget.hu\/pdf\/Huzlicska.pdf\">Huzlicska K\u00e1roly: Eml\u00e9keim. Helyt\u00f6rt\u00e9neti monogr\u00e1fia. Munk\u00e1s-otthon. R\u00e1kosliget. K\u00e9zirat.<\/a><\/li>\n\n\n\n<li><a href=\"http:\/\/rakosliget.hu\/pdf\/Templomepites 80 eves.pdf\" target=\"_new\" rel=\"noopener noreferrer\" class=\"navText\">80 \u00e9ves a r\u00e1kosligeti evang\u00e9likus templom. Visszan\u00e9z\u00e9s a jegyz\u0151k\u00f6nyvekben.<\/a><\/li>\n\n\n\n<li><a href=\"http:\/\/rakosliget.hu\/pdf\/hitelet.pdf\" target=\"_new\" rel=\"noopener noreferrer\" class=\"navText\">Dr. Domb\u00f3v\u00e1ri Antal: Hit\u00e9let R\u00e1kos<\/a><a href=\"http:\/\/rakosliget.hu\/pdf\/hitelet.pdf\" target=\"_new\" rel=\"noopener noreferrer\" class=\"navText\">ligeten <\/a><\/li>\n<\/ol>\n\n\n\n<h5 class=\"wp-block-heading\">M\u0171v\u00e9szeti \u00edr\u00e1sok:<\/h5>\n\n\n\n<ol class=\"wp-block-list\">\n<li><a href=\"http:\/\/rakosliget.hu\/pdf\/zart kor.pdf\" target=\"_new\" rel=\"noopener noreferrer\" class=\"navText\">Kelemen S\u00e1ndor: Z\u00e1rt k\u00f6r. A M\u0171v\u00e9szetbar\u00e1tok K\u00f6r\u00e9nek m\u0171k\u00f6d\u00e9se R\u00e1kosligeten (1962-1969)<\/a> Copyright 2010. M\u00e1sol\u00e1s \u00e9s tov\u00e1bbi felhaszn\u00e1l\u00e1s a szerz\u0151 enged\u00e9ly\u00e9hez k\u00f6t\u00f6tt! <a href=\"http:\/\/rakosliget.hu\/kelemen%20lapozhato\/index.html\">Kiz\u00e1r\u00f3lag olvas\u00e1sra<\/a>!<\/li>\n<\/ol>\n\n\n\n<h5 class=\"wp-block-heading\">Helyt\u00f6rt\u00e9neti \u00edr\u00e1sok:<\/h5>\n\n\n\n<ol class=\"wp-block-list\">\n<li><a href=\"http:\/\/rakosliget.hu\/pdf\/szanyi szakdolgozat.pdf\" target=\"_new\" rel=\"noopener noreferrer\" class=\"navText\">Szanyi Dezs\u0151: R\u00e1kosliget els\u0151 negyedsz\u00e1zada 1899 &#8211; 1924. <\/a><\/li>\n\n\n\n<li><a href=\"http:\/\/epa.oszk.hu\/02100\/02120\/00030\/pdf\/ORSZ_BPTM_TBM_30_233.pdf\" target=\"_new\" rel=\"noopener noreferrer\" class=\"navText\">Dr. Domb\u00f3v\u00e1ri Antal: R\u00e1kosliget kr\u00f3nik\u00e1ja 1899 &#8211; 1949<\/a><\/li>\n\n\n\n<li><a href=\"http:\/\/rakosliget.hu\/pdf\/Rakosliget epitomesterei.pdf\" target=\"_new\" rel=\"noopener noreferrer\" class=\"navText\">R\u00e1kosliget \u00e9p\u00edt\u0151mesterei<\/a><\/li>\n\n\n\n<li><a href=\"http:\/\/rakosliget.hu\/pdf\/rakosliget%20mti.pdf\">R\u00e1kosliget az MTI h\u00edreiben<\/a><\/li>\n\n\n\n<li><a href=\"http:\/\/rakosliget.hu\/wordpress\/wp-content\/uploads\/2020\/06\/Szabo-Endre-Rakosliget-meltatlanul-feledesbe-merult-biraja_szamozott_9-vizjeles.pdf\">Szab\u00f3 Endre k\u00f6lt\u0151,m\u0171ford\u00edt\u00f3, R\u00e1kosliget els\u0151 k\u00f6zs\u00e9gi b\u00edr\u00f3ja<\/a><\/li>\n<\/ol>\n\n\n<div class=\"wp-block-image\">\n<figure class=\"aligncenter\"><img loading=\"lazy\" decoding=\"async\" width=\"300\" height=\"195\" src=\"http:\/\/rakosliget.hu\/wordpress\/wp-content\/uploads\/2017\/12\/dvzletmunksotthonrliutcza29sz-300x195.jpg\" alt=\"\" class=\"wp-image-84\" srcset=\"https:\/\/rakosliget.hu\/wordpress\/wp-content\/uploads\/2017\/12\/dvzletmunksotthonrliutcza29sz-300x195.jpg 300w, https:\/\/rakosliget.hu\/wordpress\/wp-content\/uploads\/2017\/12\/dvzletmunksotthonrliutcza29sz-768x498.jpg 768w, https:\/\/rakosliget.hu\/wordpress\/wp-content\/uploads\/2017\/12\/dvzletmunksotthonrliutcza29sz.jpg 800w\" sizes=\"auto, (max-width: 300px) 100vw, 300px\" \/><\/figure>\n<\/div>\n\n\n<h5 class=\"wp-block-heading\">R\u00e1kosliget k\u00f6zleked\u00e9s\u00e9r\u0151l:<\/h5>\n\n\n\n<ol class=\"wp-block-list\">\n<li><a href=\"http:\/\/rakosliget.hu\/pdf\/Vonatkozlekedes_2014_12_16.pdf\" target=\"_new\" rel=\"noopener noreferrer\" class=\"navText\">R\u00e1kosliget k\u00f6zleked\u00e9se. Vas\u00fat<\/a><\/li>\n\n\n\n<li><a href=\"http:\/\/rakosliget.hu\/pdf\/Az autobusz kozlekedes_01_17.pdf\" target=\"_new\" rel=\"noopener noreferrer\" class=\"navText\">R\u00e1kosliget k\u00f6zleked\u00e9se. Aut\u00f3busz<\/a><\/li>\n\n\n\n<li><a href=\"http:\/\/epa.oszk.hu\/02200\/02251\/00006\/pdf\/EPA02251_Ter_es_tarsadalom1645.pdf\" target=\"_new\" rel=\"noopener noreferrer\" class=\"navText\">Busk\u00f3 Tibor L\u00e1szl\u00f3: A centrum-perif\u00e9ria rel\u00e1ci\u00f3k Budapest \u00e9s R\u00e1kos-vid\u00e9k k\u00f6z\u00f6tt (1872-1990) avagy egy integr\u00e1ci\u00f3s folyamat tanuls\u00e1gai <\/a><\/li>\n\n\n\n<li><a href=\"http:\/\/rakosliget.hu\/wordpress\/wp-content\/uploads\/2020\/07\/K\u00f6t\u00f6ttp\u00e1ly\u00e1s-k\u00f6zleked\u00e9si-tervek-R\u00e1kosment\u00e9n_v\u00edzjeles.pdf\">Debn\u00e1r L\u00e1szl\u00f3: K\u00f6t\u00f6ttp\u00e1ly\u00e1s k\u00f6zleked\u00e9si tervek R\u00e1kosment\u00e9n<\/a><\/li>\n<\/ol>\n\n\n\n<div class=\"wp-block-buttons is-content-justification-center is-layout-flex wp-container-core-buttons-is-layout-16018d1d wp-block-buttons-is-layout-flex\">\n<div class=\"wp-block-button\"><a class=\"wp-block-button__link wp-element-button\" href=\"https:\/\/rakosliget.hu\/wordpress\/index.php\/tanulmanyok-rakosligetrol\/\">Tanulm\u00e1nyok R\u00e1kosligetr\u0151l<\/a><\/div>\n<\/div>\n\n\n\n<p><\/p>\n","protected":false},"excerpt":{"rendered":"<p>&nbsp;Az oldal friss\u00edtve: 2020. 12. 19. Egyh\u00e1zt\u00f6rt\u00e9neti \u00edr\u00e1sok M\u0171v\u00e9szeti \u00edr\u00e1sok: Helyt\u00f6rt\u00e9neti \u00edr\u00e1sok: R\u00e1kosliget k\u00f6zleked\u00e9s\u00e9r\u0151l:<\/p>\n","protected":false},"author":1,"featured_media":0,"parent":0,"menu_order":0,"comment_status":"closed","ping_status":"closed","template":"","meta":{"footnotes":""},"class_list":["post-64","page","type-page","status-publish","hentry"],"_links":{"self":[{"href":"https:\/\/rakosliget.hu\/wordpress\/index.php\/wp-json\/wp\/v2\/pages\/64","targetHints":{"allow":["GET"]}}],"collection":[{"href":"https:\/\/rakosliget.hu\/wordpress\/index.php\/wp-json\/wp\/v2\/pages"}],"about":[{"href":"https:\/\/rakosliget.hu\/wordpress\/index.php\/wp-json\/wp\/v2\/types\/page"}],"author":[{"embeddable":true,"href":"https:\/\/rakosliget.hu\/wordpress\/index.php\/wp-json\/wp\/v2\/users\/1"}],"replies":[{"embeddable":true,"href":"https:\/\/rakosliget.hu\/wordpress\/index.php\/wp-json\/wp\/v2\/comments?post=64"}],"version-history":[{"count":19,"href":"https:\/\/rakosliget.hu\/wordpress\/index.php\/wp-json\/wp\/v2\/pages\/64\/revisions"}],"predecessor-version":[{"id":22211,"href":"https:\/\/rakosliget.hu\/wordpress\/index.php\/wp-json\/wp\/v2\/pages\/64\/revisions\/22211"}],"wp:attachment":[{"href":"https:\/\/rakosliget.hu\/wordpress\/index.php\/wp-json\/wp\/v2\/media?parent=64"}],"curies":[{"name":"wp","href":"https:\/\/api.w.org\/{rel}","templated":true}]}}