{"id":635,"date":"2018-03-11T05:50:48","date_gmt":"2018-03-11T04:50:48","guid":{"rendered":"http:\/\/rakosliget.hu\/wordpress\/?page_id=635"},"modified":"2019-11-05T10:05:37","modified_gmt":"2019-11-05T09:05:37","slug":"1945-januar-10","status":"publish","type":"page","link":"https:\/\/rakosliget.hu\/wordpress\/index.php\/1945-januar-10\/","title":{"rendered":"1945. janu\u00e1r 10."},"content":{"rendered":"<h3>1945. janu\u00e1r 10.<\/h3>\n<p>I. Pesti hidf\u0151 elfoglal\u00e1s\u00e1t elg. (ellens\u00e9g) er\u0151s tartal\u00e9kok bevet\u00e9s\u00e9vel igyekszik gyors\u00edtani. Pestszenterzs\u00e9bet \u00c9ny-on \u00e9s R\u00e1kosliget \u00c9k-i r\u00e9sz\u00e9n az elg-nek (ellens\u00e9gnek) siker\u00fclt 1200 m-re bet\u00f6rnie.<\/p>\n<p><em>Forr\u00e1s: HL VKF Budapesti helyzetjelent\u00e9sek gy\u0171jt\u0151je, 1025.\/I.hdt.I\/a. R\u00e1di\u00f3t\u00e1virat<\/em><\/p>\n<p><strong>A z\u00e1r\u00f3jeles r\u00e9szek a szerk. kieg\u00e9sz\u00edt\u00e9sei.<\/strong><\/p>\n<p><em>Forr\u00e1sok: <\/em><\/p>\n<p><em>Er\u0151d a Duna ment\u00e9n \u0096<\/em> http:\/\/www.mek.iif.hu\/porta\/szint\/tarsad\/tortenel\/mo_1918\/erod\/html\/<\/p>\n<p><em>Budapest ostrom\u00e1nak (1944-45) kartogr\u00e1fiai feldolgoz\u00e1sa http:\/\/lazarus.elte.hu\/hun\/digkonyv\/szakdolg\/mihalyi\/mihalyi.htm#melleklet3<\/em><\/p>\n","protected":false},"excerpt":{"rendered":"<p>1945. janu\u00e1r 10. I. Pesti hidf\u0151 elfoglal\u00e1s\u00e1t elg. (ellens\u00e9g) er\u0151s tartal\u00e9kok bevet\u00e9s\u00e9vel igyekszik gyors\u00edtani. Pestszenterzs\u00e9bet \u00c9ny-on \u00e9s R\u00e1kosliget \u00c9k-i r\u00e9sz\u00e9n az elg-nek (ellens\u00e9gnek) siker\u00fclt 1200 m-re bet\u00f6rnie. Forr\u00e1s: HL VKF Budapesti helyzetjelent\u00e9sek gy\u0171jt\u0151je, 1025.\/I.hdt.I\/a. R\u00e1di\u00f3t\u00e1virat A z\u00e1r\u00f3jeles r\u00e9szek a szerk. kieg\u00e9sz\u00edt\u00e9sei. Forr\u00e1sok: Er\u0151d a Duna ment\u00e9n \u0096 http:\/\/www.mek.iif.hu\/porta\/szint\/tarsad\/tortenel\/mo_1918\/erod\/html\/ Budapest ostrom\u00e1nak (1944-45) kartogr\u00e1fiai feldolgoz\u00e1sa http:\/\/lazarus.elte.hu\/hun\/digkonyv\/szakdolg\/mihalyi\/mihalyi.htm#melleklet3<\/p>\n","protected":false},"author":1,"featured_media":0,"parent":0,"menu_order":0,"comment_status":"closed","ping_status":"closed","template":"","meta":{"footnotes":""},"class_list":["post-635","page","type-page","status-publish","hentry"],"_links":{"self":[{"href":"https:\/\/rakosliget.hu\/wordpress\/index.php\/wp-json\/wp\/v2\/pages\/635","targetHints":{"allow":["GET"]}}],"collection":[{"href":"https:\/\/rakosliget.hu\/wordpress\/index.php\/wp-json\/wp\/v2\/pages"}],"about":[{"href":"https:\/\/rakosliget.hu\/wordpress\/index.php\/wp-json\/wp\/v2\/types\/page"}],"author":[{"embeddable":true,"href":"https:\/\/rakosliget.hu\/wordpress\/index.php\/wp-json\/wp\/v2\/users\/1"}],"replies":[{"embeddable":true,"href":"https:\/\/rakosliget.hu\/wordpress\/index.php\/wp-json\/wp\/v2\/comments?post=635"}],"version-history":[{"count":2,"href":"https:\/\/rakosliget.hu\/wordpress\/index.php\/wp-json\/wp\/v2\/pages\/635\/revisions"}],"predecessor-version":[{"id":2770,"href":"https:\/\/rakosliget.hu\/wordpress\/index.php\/wp-json\/wp\/v2\/pages\/635\/revisions\/2770"}],"wp:attachment":[{"href":"https:\/\/rakosliget.hu\/wordpress\/index.php\/wp-json\/wp\/v2\/media?parent=635"}],"curies":[{"name":"wp","href":"https:\/\/api.w.org\/{rel}","templated":true}]}}